{"id":7417,"date":"2021-10-21T14:34:20","date_gmt":"2021-10-21T14:34:20","guid":{"rendered":"https:\/\/mooi-kliniek.nl\/korrekturen-an-der-brust\/ersetzen-oder-entfernen-von-brustimplantaten\/prothesenaustausch-wird-von-der-krankenkasse-erstattet\/"},"modified":"2024-02-20T13:03:54","modified_gmt":"2024-02-20T13:03:54","slug":"prothesenaustausch-wird-von-der-krankenkasse-erstattet","status":"publish","type":"page","link":"https:\/\/mooi-kliniek.nl\/de\/korrekturen-an-der-brust\/ersetzen-oder-entfernen-von-brustimplantaten\/prothesenaustausch-wird-von-der-krankenkasse-erstattet\/","title":{"rendered":"Prothesenaustausch wird von der Krankenkasse erstattet"},"content":{"rendered":"<div class=\"fusion-fullwidth fullwidth-box fusion-builder-row-1 fusion-flex-container nonhundred-percent-fullwidth non-hundred-percent-height-scrolling fusion-animated\" style=\"--awb-border-radius-top-left:0px;--awb-border-radius-top-right:0px;--awb-border-radius-bottom-right:0px;--awb-border-radius-bottom-left:0px;--awb-padding-top:60px;--awb-padding-bottom:60px;--awb-padding-top-small:0px;--awb-padding-right-small:12vw;--awb-padding-bottom-small:12vw;--awb-padding-left-small:12vw;--awb-flex-wrap:wrap;\" data-animationType=\"fadeInUp\" data-animationDuration=\"1.2\" data-animationOffset=\"top-into-view\" ><div class=\"fusion-builder-row fusion-row fusion-flex-align-items-flex-start fusion-flex-content-wrap\" style=\"max-width:1207.5px;margin-left: calc(-5% \/ 2 );margin-right: calc(-5% \/ 2 );\"><div class=\"fusion-layout-column fusion_builder_column fusion-builder-column-0 fusion_builder_column_1_6 1_6 fusion-flex-column\" style=\"--awb-bg-size:cover;--awb-width-large:16.666666666667%;--awb-margin-top-large:0px;--awb-spacing-right-large:11.4%;--awb-margin-bottom-large:0px;--awb-spacing-left-large:28.5%;--awb-width-medium:16.666666666667%;--awb-order-medium:0;--awb-spacing-right-medium:11.4%;--awb-spacing-left-medium:28.5%;--awb-width-small:100%;--awb-order-small:0;--awb-spacing-right-small:2.375%;--awb-spacing-left-small:2.375%;\"><div class=\"fusion-column-wrapper fusion-column-has-shadow fusion-flex-justify-content-flex-start fusion-content-layout-column\"><\/div><\/div><div class=\"fusion-layout-column fusion_builder_column fusion-builder-column-1 fusion_builder_column_2_3 2_3 fusion-flex-column\" style=\"--awb-padding-top:10px;--awb-bg-size:cover;--awb-width-large:66.666666666667%;--awb-margin-top-large:0px;--awb-spacing-right-large:7.125%;--awb-margin-bottom-large:0px;--awb-spacing-left-large:2.85%;--awb-width-medium:66.666666666667%;--awb-order-medium:0;--awb-spacing-right-medium:7.125%;--awb-spacing-left-medium:2.85%;--awb-width-small:100%;--awb-order-small:0;--awb-spacing-right-small:2.375%;--awb-spacing-left-small:2.375%;\"><div class=\"fusion-column-wrapper fusion-column-has-shadow fusion-flex-justify-content-flex-start fusion-content-layout-column\"><div class=\"fusion-title title fusion-title-1 fusion-sep-none fusion-title-text fusion-title-size-two\"><h2 class=\"fusion-title-heading title-heading-left\" style=\"margin:0;line-height:1.3em;\">Erstattet die Versicherung den Zahnersatz?<\/h2><\/div><div class=\"fusion-text fusion-text-1\" style=\"--awb-font-size:18px;--awb-text-color:#003438;\"><p>Wenn Ihre <a href=\"https:\/\/mooi-kliniek.nl\/de\/brustvergroesserung-mit-brustimplantaten\/\">Brustvergr\u00f6\u00dferung mit Implantaten<\/a> mehr als 10 Jahre zur\u00fcckliegt, ist es ratsam, Ihre Brustimplantate \u00fcberpr\u00fcfen zu lassen. Obwohl die Brustprothesen immer besser werden und daher nicht mehr so h\u00e4ufig ersetzt werden m\u00fcssen, besteht die M\u00f6glichkeit, dass Sie die Prothesen austauschen oder entfernen m\u00fcssen.<\/p>\n<p>In den meisten F\u00e4llen wird ein<a href=\"https:\/\/mooi-kliniek.nl\/de\/korrekturen-an-der-brust\/ersetzen-oder-entfernen-von-brustimplantaten\/\"> Zahnersatzwechsel<\/a> nicht von Ihrer Krankenkasse \u00fcbernommen. Es gibt jedoch einige Ausnahmen, in denen Brustoperationen teilweise von der Krankenkasse erstattet werden.<\/p>\n<\/div><\/div><\/div><div class=\"fusion-layout-column fusion_builder_column fusion-builder-column-2 fusion_builder_column_1_6 1_6 fusion-flex-column fusion-no-small-visibility\" style=\"--awb-bg-size:cover;--awb-width-large:16.666666666667%;--awb-margin-top-large:0px;--awb-spacing-right-large:11.4%;--awb-margin-bottom-large:0px;--awb-spacing-left-large:28.5%;--awb-width-medium:16.666666666667%;--awb-order-medium:0;--awb-spacing-right-medium:11.4%;--awb-spacing-left-medium:28.5%;--awb-width-small:100%;--awb-order-small:0;--awb-spacing-right-small:2.375%;--awb-spacing-left-small:2.375%;\"><div class=\"fusion-column-wrapper fusion-column-has-shadow fusion-flex-justify-content-flex-start fusion-content-layout-column\"><\/div><\/div><div class=\"fusion-layout-column fusion_builder_column fusion-builder-column-3 fusion_builder_column_1_6 1_6 fusion-flex-column fusion-no-small-visibility\" style=\"--awb-bg-size:cover;--awb-width-large:16.666666666667%;--awb-margin-top-large:0px;--awb-spacing-right-large:28.5%;--awb-margin-bottom-large:0px;--awb-spacing-left-large:11.4%;--awb-width-medium:16.666666666667%;--awb-order-medium:0;--awb-spacing-right-medium:28.5%;--awb-spacing-left-medium:11.4%;--awb-width-small:100%;--awb-order-small:0;--awb-spacing-right-small:2.375%;--awb-spacing-left-small:2.375%;\"><div class=\"fusion-column-wrapper fusion-column-has-shadow fusion-flex-justify-content-flex-start fusion-content-layout-column\"><\/div><\/div><div class=\"fusion-layout-column fusion_builder_column fusion-builder-column-4 fusion_builder_column_2_3 2_3 fusion-flex-column\" style=\"--awb-bg-size:cover;--awb-width-large:66.666666666667%;--awb-margin-top-large:0px;--awb-spacing-right-large:7.125%;--awb-margin-bottom-large:0px;--awb-spacing-left-large:2.85%;--awb-width-medium:66.666666666667%;--awb-order-medium:0;--awb-spacing-right-medium:7.125%;--awb-spacing-left-medium:2.85%;--awb-width-small:100%;--awb-order-small:0;--awb-spacing-right-small:2.375%;--awb-spacing-left-small:2.375%;\"><div class=\"fusion-column-wrapper fusion-column-has-shadow fusion-flex-justify-content-flex-start fusion-content-layout-column\"><div class=\"fusion-text fusion-text-2\"><h2>Entsch\u00e4digung bei \u00fcberm\u00e4\u00dfiger Kapselkontraktur und Kapselkontraktur<\/h2>\n<p>Bei \u00fcberm\u00e4\u00dfiger Kapselkontraktur und Kapselkontraktur kann Ihre Krankenkasse einen Teil der Kosten f\u00fcr die Operation \u00fcbernehmen. Ob Sie eine Entsch\u00e4digung erhalten, h\u00e4ngt davon ab, in welchem Ma\u00dfe eine Kapselkontraktur aufgetreten ist. Die <strong>Baker-Klassifikation<\/strong> wird h\u00e4ufig verwendet, um das Ausma\u00df der Kapselkontraktion anzugeben. Die Baker-Klassifikation besteht aus vier Stufen:<\/p>\n<ul>\n<li>B\u00e4cker 1 &#8211; es gibt keine Abweichung. Eine Kapselbildung tritt bei allen Patientinnen mit einer Brustvergr\u00f6\u00dferung mit Implantaten auf.<\/li>\n<li>Baker 2 &#8211; die Brust f\u00fchlt sich ein wenig hart an, aber die nat\u00fcrliche Form bleibt erhalten<\/li>\n<li>Baker 3 &#8211; die Brust f\u00fchlt sich hart an und die Verformung ist sichtbar. Noch gibt es keine Schmerzen.<\/li>\n<li>Baker 4 &#8211; die Brust f\u00fchlt sich hart an, die Verformung ist sichtbar und die Brust ist schmerzhaft<\/li>\n<\/ul>\n<p><strong>Die Grundversicherung erstattet* die Kosten f\u00fcr die Entfernung von Brustprothesen nur, wenn eine medizinische Notwendigkeit daf\u00fcr besteht. Eine medizinische Notwendigkeit liegt vor bei:<\/strong><\/p>\n<ul>\n<li>Kapselb\u00e4cker 4<\/li>\n<li>eine nachweisbare Undichtigkeit (durch Ultraschall oder Mammographie) der Silikonprothese oder<\/li>\n<li>Eine anhaltende oder wiederkehrende Infektion durch die Prothesen.<\/li>\n<\/ul>\n<p>Der Ersatz oder das Einsetzen neuer Implantate wird daher von der Grundversicherung nicht \u00fcbernommen.<\/p>\n<h2>Kombination von versicherter und nicht versicherter Versorgung<\/h2>\n<p>Eine blo\u00dfe <a href=\"https:\/\/mooi-kliniek.nl\/de\/korrekturen-an-der-brust\/ersetzen-oder-entfernen-von-brustimplantaten\/\">Entfernung der Brustprothesen<\/a> ohne Ersatz oder Aufpolsterung ist in der Regel nicht erw\u00fcnscht. H\u00e4ufig entscheiden sich Frauen daf\u00fcr, die alte Prothese zu entfernen und in derselben Operation neue Implantate einsetzen zu lassen. Eine Alternative zu Implantaten ist die <a href=\"https:\/\/mooi-kliniek.nl\/de\/brustvergroserung-mit-eigenfett\/\">Brustvergr\u00f6\u00dferung mit Eigenfett (Lipofilling)<\/a>.<\/p>\n<p><a href=\"https:\/\/mooi-kliniek.nl\/de\/brustvergroesserung-mit-brustimplantaten\/\">Neue Implantate<\/a>, ihr Einsetzen und\/oder das Auff\u00fcllen der Brust mit Eigenfett werden fast nie von der Versicherung \u00fcbernommen.<\/p>\n<p>In der MOOI-Klinik bieten wir Ihnen die einzigartige M\u00f6glichkeit, Ihre Behandlung (zum Teil) erstattungsf\u00e4hig zu machen. Im Krankenhaus kann der plastische Chirurg bei Ihrer Krankenkasse eine Genehmigung beantragen. Wenn die Krankenkasse der Genehmigung zustimmt, werden die Kosten f\u00fcr die Entfernung der Implantate von der Krankenkasse erstattet. Das Einsetzen neuer Prothesen oder eine Lipofilling-Behandlung wird nicht erstattet.<\/p>\n<h3>Was sollten Sie tun?<\/h3>\n<ul>\n<li>Konsultieren Sie Ihre Krankenversicherung.<\/li>\n<li>Sie glauben, dass Sie Anspruch auf versicherte Pflege haben? Bitten Sie dann Ihren Hausarzt um eine \u00dcberweisung an den plastischen Chirurgen im Krankenhaus.<\/li>\n<li>Vom Hausarzt \u00fcberwiesen? Kontaktieren Sie das Krankenhaus. Die Behandlung durch einen unserer plastischen Chirurgen findet in folgenden Krankenh\u00e4usern statt: Zuyderland in Sittard oder Heerlen, MUMC+ in Maastricht oder VieCuri in Venlo.<\/li>\n<li>Keine \u00dcberweisung oder Genehmigung? Sie haben dann keinen Anspruch auf eine (teilweise) erstattete Versorgung. In diesem Fall k\u00f6nnen wir die gesamte Behandlung in der MOOI-Klinik durchf\u00fchren. <a href=\"https:\/\/mooi-kliniek.nl\/de\/kontakt\/\">Wenden Sie sich in diesem Fall an die MOOI-Klinik<\/a>.<\/li>\n<\/ul>\n<p><img decoding=\"async\" class=\"lazyload alignnone size-full wp-image-3861\" src=\"https:\/\/mooi-kliniek.nl\/wp-content\/uploads\/2021\/10\/vergoeding-zorgverzekering-borstimplantaten.jpg\" data-orig-src=\"https:\/\/mooi-kliniek.nl\/wp-content\/uploads\/2021\/10\/vergoeding-zorgverzekering-borstimplantaten.jpg\" alt=\"erstattung krankenversicherung brustimplantate\" width=\"780\" height=\"430\" srcset=\"data:image\/svg+xml,%3Csvg%20xmlns%3D%27http%3A%2F%2Fwww.w3.org%2F2000%2Fsvg%27%20width%3D%27780%27%20height%3D%27430%27%20viewBox%3D%270%200%20780%20430%27%3E%3Crect%20width%3D%27780%27%20height%3D%27430%27%20fill-opacity%3D%220%22%2F%3E%3C%2Fsvg%3E\" data-srcset=\"https:\/\/mooi-kliniek.nl\/wp-content\/uploads\/2021\/10\/vergoeding-zorgverzekering-borstimplantaten-200x110.jpg 200w, https:\/\/mooi-kliniek.nl\/wp-content\/uploads\/2021\/10\/vergoeding-zorgverzekering-borstimplantaten-300x165.jpg 300w, https:\/\/mooi-kliniek.nl\/wp-content\/uploads\/2021\/10\/vergoeding-zorgverzekering-borstimplantaten-400x221.jpg 400w, https:\/\/mooi-kliniek.nl\/wp-content\/uploads\/2021\/10\/vergoeding-zorgverzekering-borstimplantaten-600x331.jpg 600w, https:\/\/mooi-kliniek.nl\/wp-content\/uploads\/2021\/10\/vergoeding-zorgverzekering-borstimplantaten-768x423.jpg 768w, https:\/\/mooi-kliniek.nl\/wp-content\/uploads\/2021\/10\/vergoeding-zorgverzekering-borstimplantaten.jpg 780w\" data-sizes=\"auto\" data-orig-sizes=\"(max-width: 780px) 100vw, 780px\" \/><\/p>\n<p><em>* Konsultieren Sie Ihre Krankenversicherungspolice. Um f\u00fcr eine Erstattung in Frage zu kommen, muss Ihre Situation bestimmte Kriterien erf\u00fcllen. Au\u00dferdem kann ein H\u00f6chstbetrag f\u00fcr die Erstattung und die Zahlung der obligatorischen Selbstbeteiligung festgelegt werden.<\/em><\/p>\n<\/div><\/div><\/div><\/div><\/div>\n","protected":false},"excerpt":{"rendered":"","protected":false},"author":2,"featured_media":7068,"parent":7408,"menu_order":0,"comment_status":"closed","ping_status":"closed","template":"100-width.php","meta":{"_glsr_average":0,"_glsr_ranking":0,"_glsr_reviews":0,"footnotes":""},"class_list":["post-7417","page","type-page","status-publish","has-post-thumbnail","hentry"],"yoast_head":"<!-- This site is optimized with the Yoast SEO plugin v26.8 - https:\/\/yoast.com\/product\/yoast-seo-wordpress\/ -->\n<title>Erstattet die Versicherung den Wechsel einer Zahnprothese oder die Entfernung eines Implantats?<\/title>\n<meta name=\"description\" content=\"Wird ein Zahnersatzwechsel von der Versicherung \u00fcbernommen? Es gibt einige Ausnahmen, in denen Brustoperationen teilweise erstattet werden.\" \/>\n<meta name=\"robots\" content=\"index, follow, max-snippet:-1, max-image-preview:large, max-video-preview:-1\" \/>\n<link rel=\"canonical\" href=\"https:\/\/mooi-kliniek.nl\/de\/korrekturen-an-der-brust\/ersetzen-oder-entfernen-von-brustimplantaten\/prothesenaustausch-wird-von-der-krankenkasse-erstattet\/\" \/>\n<meta property=\"og:locale\" content=\"de_DE\" \/>\n<meta property=\"og:type\" content=\"article\" \/>\n<meta property=\"og:title\" content=\"Erstattet die Versicherung den Wechsel einer Zahnprothese oder die Entfernung eines Implantats?\" \/>\n<meta property=\"og:description\" content=\"Wird ein Zahnersatzwechsel von der Versicherung \u00fcbernommen? Es gibt einige Ausnahmen, in denen Brustoperationen teilweise erstattet werden.\" \/>\n<meta property=\"og:url\" content=\"https:\/\/mooi-kliniek.nl\/de\/korrekturen-an-der-brust\/ersetzen-oder-entfernen-von-brustimplantaten\/prothesenaustausch-wird-von-der-krankenkasse-erstattet\/\" \/>\n<meta property=\"og:site_name\" content=\"Mooi Kliniek\" \/>\n<meta property=\"article:publisher\" content=\"https:\/\/www.facebook.com\/mooikliniek\" \/>\n<meta property=\"article:modified_time\" content=\"2024-02-20T13:03:54+00:00\" \/>\n<meta property=\"og:image\" content=\"https:\/\/mooi-kliniek.nl\/wp-content\/uploads\/2021\/10\/zorgverzekering-vergoeding-ooglidcorrectie.jpeg\" \/>\n\t<meta property=\"og:image:width\" content=\"1500\" \/>\n\t<meta property=\"og:image:height\" content=\"700\" \/>\n\t<meta property=\"og:image:type\" content=\"image\/jpeg\" \/>\n<meta name=\"twitter:card\" content=\"summary_large_image\" \/>\n<meta name=\"twitter:label1\" content=\"Gesch\u00e4tzte Lesezeit\" \/>\n\t<meta name=\"twitter:data1\" content=\"13\u00a0Minuten\" \/>\n<script type=\"application\/ld+json\" class=\"yoast-schema-graph\">{\"@context\":\"https:\/\/schema.org\",\"@graph\":[{\"@type\":\"WebPage\",\"@id\":\"https:\/\/mooi-kliniek.nl\/de\/korrekturen-an-der-brust\/ersetzen-oder-entfernen-von-brustimplantaten\/prothesenaustausch-wird-von-der-krankenkasse-erstattet\/\",\"url\":\"https:\/\/mooi-kliniek.nl\/de\/korrekturen-an-der-brust\/ersetzen-oder-entfernen-von-brustimplantaten\/prothesenaustausch-wird-von-der-krankenkasse-erstattet\/\",\"name\":\"Erstattet die Versicherung den Wechsel einer Zahnprothese oder die Entfernung eines Implantats?\",\"isPartOf\":{\"@id\":\"https:\/\/mooi-kliniek.nl\/de\/#website\"},\"primaryImageOfPage\":{\"@id\":\"https:\/\/mooi-kliniek.nl\/de\/korrekturen-an-der-brust\/ersetzen-oder-entfernen-von-brustimplantaten\/prothesenaustausch-wird-von-der-krankenkasse-erstattet\/#primaryimage\"},\"image\":{\"@id\":\"https:\/\/mooi-kliniek.nl\/de\/korrekturen-an-der-brust\/ersetzen-oder-entfernen-von-brustimplantaten\/prothesenaustausch-wird-von-der-krankenkasse-erstattet\/#primaryimage\"},\"thumbnailUrl\":\"https:\/\/mooi-kliniek.nl\/wp-content\/uploads\/2021\/10\/zorgverzekering-vergoeding-ooglidcorrectie.jpeg\",\"datePublished\":\"2021-10-21T14:34:20+00:00\",\"dateModified\":\"2024-02-20T13:03:54+00:00\",\"description\":\"Wird ein Zahnersatzwechsel von der Versicherung \u00fcbernommen? Es gibt einige Ausnahmen, in denen Brustoperationen teilweise erstattet werden.\",\"breadcrumb\":{\"@id\":\"https:\/\/mooi-kliniek.nl\/de\/korrekturen-an-der-brust\/ersetzen-oder-entfernen-von-brustimplantaten\/prothesenaustausch-wird-von-der-krankenkasse-erstattet\/#breadcrumb\"},\"inLanguage\":\"de\",\"potentialAction\":[{\"@type\":\"ReadAction\",\"target\":[\"https:\/\/mooi-kliniek.nl\/de\/korrekturen-an-der-brust\/ersetzen-oder-entfernen-von-brustimplantaten\/prothesenaustausch-wird-von-der-krankenkasse-erstattet\/\"]}]},{\"@type\":\"ImageObject\",\"inLanguage\":\"de\",\"@id\":\"https:\/\/mooi-kliniek.nl\/de\/korrekturen-an-der-brust\/ersetzen-oder-entfernen-von-brustimplantaten\/prothesenaustausch-wird-von-der-krankenkasse-erstattet\/#primaryimage\",\"url\":\"https:\/\/mooi-kliniek.nl\/wp-content\/uploads\/2021\/10\/zorgverzekering-vergoeding-ooglidcorrectie.jpeg\",\"contentUrl\":\"https:\/\/mooi-kliniek.nl\/wp-content\/uploads\/2021\/10\/zorgverzekering-vergoeding-ooglidcorrectie.jpeg\",\"width\":1500,\"height\":700},{\"@type\":\"BreadcrumbList\",\"@id\":\"https:\/\/mooi-kliniek.nl\/de\/korrekturen-an-der-brust\/ersetzen-oder-entfernen-von-brustimplantaten\/prothesenaustausch-wird-von-der-krankenkasse-erstattet\/#breadcrumb\",\"itemListElement\":[{\"@type\":\"ListItem\",\"position\":1,\"name\":\"Home\",\"item\":\"https:\/\/mooi-kliniek.nl\/de\/\"},{\"@type\":\"ListItem\",\"position\":2,\"name\":\"Korrekturen an der Brust\",\"item\":\"https:\/\/mooi-kliniek.nl\/de\/korrekturen-an-der-brust\/\"},{\"@type\":\"ListItem\",\"position\":3,\"name\":\"Ersetzen oder Entfernen von Brustimplantaten\",\"item\":\"https:\/\/mooi-kliniek.nl\/de\/korrekturen-an-der-brust\/ersetzen-oder-entfernen-von-brustimplantaten\/\"},{\"@type\":\"ListItem\",\"position\":4,\"name\":\"Prothesenaustausch wird von der Krankenkasse erstattet\"}]},{\"@type\":\"WebSite\",\"@id\":\"https:\/\/mooi-kliniek.nl\/de\/#website\",\"url\":\"https:\/\/mooi-kliniek.nl\/de\/\",\"name\":\"Mooi Kliniek\",\"description\":\"\",\"publisher\":{\"@id\":\"https:\/\/mooi-kliniek.nl\/de\/#organization\"},\"potentialAction\":[{\"@type\":\"SearchAction\",\"target\":{\"@type\":\"EntryPoint\",\"urlTemplate\":\"https:\/\/mooi-kliniek.nl\/de\/?s={search_term_string}\"},\"query-input\":{\"@type\":\"PropertyValueSpecification\",\"valueRequired\":true,\"valueName\":\"search_term_string\"}}],\"inLanguage\":\"de\"},{\"@type\":\"Organization\",\"@id\":\"https:\/\/mooi-kliniek.nl\/de\/#organization\",\"name\":\"MOOI kliniek\",\"url\":\"https:\/\/mooi-kliniek.nl\/de\/\",\"logo\":{\"@type\":\"ImageObject\",\"inLanguage\":\"de\",\"@id\":\"https:\/\/mooi-kliniek.nl\/de\/#\/schema\/logo\/image\/\",\"url\":\"https:\/\/mooi-kliniek.nl\/wp-content\/uploads\/2021\/12\/Mooi-kliniek-maastricht-logo.png\",\"contentUrl\":\"https:\/\/mooi-kliniek.nl\/wp-content\/uploads\/2021\/12\/Mooi-kliniek-maastricht-logo.png\",\"width\":250,\"height\":119,\"caption\":\"MOOI kliniek\"},\"image\":{\"@id\":\"https:\/\/mooi-kliniek.nl\/de\/#\/schema\/logo\/image\/\"},\"sameAs\":[\"https:\/\/www.facebook.com\/mooikliniek\",\"https:\/\/www.linkedin.com\/company\/mooi-kliniek\"]}]}<\/script>\n<!-- \/ Yoast SEO plugin. -->","yoast_head_json":{"title":"Erstattet die Versicherung den Wechsel einer Zahnprothese oder die Entfernung eines Implantats?","description":"Wird ein Zahnersatzwechsel von der Versicherung \u00fcbernommen? Es gibt einige Ausnahmen, in denen Brustoperationen teilweise erstattet werden.","robots":{"index":"index","follow":"follow","max-snippet":"max-snippet:-1","max-image-preview":"max-image-preview:large","max-video-preview":"max-video-preview:-1"},"canonical":"https:\/\/mooi-kliniek.nl\/de\/korrekturen-an-der-brust\/ersetzen-oder-entfernen-von-brustimplantaten\/prothesenaustausch-wird-von-der-krankenkasse-erstattet\/","og_locale":"de_DE","og_type":"article","og_title":"Erstattet die Versicherung den Wechsel einer Zahnprothese oder die Entfernung eines Implantats?","og_description":"Wird ein Zahnersatzwechsel von der Versicherung \u00fcbernommen? Es gibt einige Ausnahmen, in denen Brustoperationen teilweise erstattet werden.","og_url":"https:\/\/mooi-kliniek.nl\/de\/korrekturen-an-der-brust\/ersetzen-oder-entfernen-von-brustimplantaten\/prothesenaustausch-wird-von-der-krankenkasse-erstattet\/","og_site_name":"Mooi Kliniek","article_publisher":"https:\/\/www.facebook.com\/mooikliniek","article_modified_time":"2024-02-20T13:03:54+00:00","og_image":[{"width":1500,"height":700,"url":"https:\/\/mooi-kliniek.nl\/wp-content\/uploads\/2021\/10\/zorgverzekering-vergoeding-ooglidcorrectie.jpeg","type":"image\/jpeg"}],"twitter_card":"summary_large_image","twitter_misc":{"Gesch\u00e4tzte Lesezeit":"13\u00a0Minuten"},"schema":{"@context":"https:\/\/schema.org","@graph":[{"@type":"WebPage","@id":"https:\/\/mooi-kliniek.nl\/de\/korrekturen-an-der-brust\/ersetzen-oder-entfernen-von-brustimplantaten\/prothesenaustausch-wird-von-der-krankenkasse-erstattet\/","url":"https:\/\/mooi-kliniek.nl\/de\/korrekturen-an-der-brust\/ersetzen-oder-entfernen-von-brustimplantaten\/prothesenaustausch-wird-von-der-krankenkasse-erstattet\/","name":"Erstattet die Versicherung den Wechsel einer Zahnprothese oder die Entfernung eines Implantats?","isPartOf":{"@id":"https:\/\/mooi-kliniek.nl\/de\/#website"},"primaryImageOfPage":{"@id":"https:\/\/mooi-kliniek.nl\/de\/korrekturen-an-der-brust\/ersetzen-oder-entfernen-von-brustimplantaten\/prothesenaustausch-wird-von-der-krankenkasse-erstattet\/#primaryimage"},"image":{"@id":"https:\/\/mooi-kliniek.nl\/de\/korrekturen-an-der-brust\/ersetzen-oder-entfernen-von-brustimplantaten\/prothesenaustausch-wird-von-der-krankenkasse-erstattet\/#primaryimage"},"thumbnailUrl":"https:\/\/mooi-kliniek.nl\/wp-content\/uploads\/2021\/10\/zorgverzekering-vergoeding-ooglidcorrectie.jpeg","datePublished":"2021-10-21T14:34:20+00:00","dateModified":"2024-02-20T13:03:54+00:00","description":"Wird ein Zahnersatzwechsel von der Versicherung \u00fcbernommen? Es gibt einige Ausnahmen, in denen Brustoperationen teilweise erstattet werden.","breadcrumb":{"@id":"https:\/\/mooi-kliniek.nl\/de\/korrekturen-an-der-brust\/ersetzen-oder-entfernen-von-brustimplantaten\/prothesenaustausch-wird-von-der-krankenkasse-erstattet\/#breadcrumb"},"inLanguage":"de","potentialAction":[{"@type":"ReadAction","target":["https:\/\/mooi-kliniek.nl\/de\/korrekturen-an-der-brust\/ersetzen-oder-entfernen-von-brustimplantaten\/prothesenaustausch-wird-von-der-krankenkasse-erstattet\/"]}]},{"@type":"ImageObject","inLanguage":"de","@id":"https:\/\/mooi-kliniek.nl\/de\/korrekturen-an-der-brust\/ersetzen-oder-entfernen-von-brustimplantaten\/prothesenaustausch-wird-von-der-krankenkasse-erstattet\/#primaryimage","url":"https:\/\/mooi-kliniek.nl\/wp-content\/uploads\/2021\/10\/zorgverzekering-vergoeding-ooglidcorrectie.jpeg","contentUrl":"https:\/\/mooi-kliniek.nl\/wp-content\/uploads\/2021\/10\/zorgverzekering-vergoeding-ooglidcorrectie.jpeg","width":1500,"height":700},{"@type":"BreadcrumbList","@id":"https:\/\/mooi-kliniek.nl\/de\/korrekturen-an-der-brust\/ersetzen-oder-entfernen-von-brustimplantaten\/prothesenaustausch-wird-von-der-krankenkasse-erstattet\/#breadcrumb","itemListElement":[{"@type":"ListItem","position":1,"name":"Home","item":"https:\/\/mooi-kliniek.nl\/de\/"},{"@type":"ListItem","position":2,"name":"Korrekturen an der Brust","item":"https:\/\/mooi-kliniek.nl\/de\/korrekturen-an-der-brust\/"},{"@type":"ListItem","position":3,"name":"Ersetzen oder Entfernen von Brustimplantaten","item":"https:\/\/mooi-kliniek.nl\/de\/korrekturen-an-der-brust\/ersetzen-oder-entfernen-von-brustimplantaten\/"},{"@type":"ListItem","position":4,"name":"Prothesenaustausch wird von der Krankenkasse erstattet"}]},{"@type":"WebSite","@id":"https:\/\/mooi-kliniek.nl\/de\/#website","url":"https:\/\/mooi-kliniek.nl\/de\/","name":"Mooi Kliniek","description":"","publisher":{"@id":"https:\/\/mooi-kliniek.nl\/de\/#organization"},"potentialAction":[{"@type":"SearchAction","target":{"@type":"EntryPoint","urlTemplate":"https:\/\/mooi-kliniek.nl\/de\/?s={search_term_string}"},"query-input":{"@type":"PropertyValueSpecification","valueRequired":true,"valueName":"search_term_string"}}],"inLanguage":"de"},{"@type":"Organization","@id":"https:\/\/mooi-kliniek.nl\/de\/#organization","name":"MOOI kliniek","url":"https:\/\/mooi-kliniek.nl\/de\/","logo":{"@type":"ImageObject","inLanguage":"de","@id":"https:\/\/mooi-kliniek.nl\/de\/#\/schema\/logo\/image\/","url":"https:\/\/mooi-kliniek.nl\/wp-content\/uploads\/2021\/12\/Mooi-kliniek-maastricht-logo.png","contentUrl":"https:\/\/mooi-kliniek.nl\/wp-content\/uploads\/2021\/12\/Mooi-kliniek-maastricht-logo.png","width":250,"height":119,"caption":"MOOI kliniek"},"image":{"@id":"https:\/\/mooi-kliniek.nl\/de\/#\/schema\/logo\/image\/"},"sameAs":["https:\/\/www.facebook.com\/mooikliniek","https:\/\/www.linkedin.com\/company\/mooi-kliniek"]}]}},"_links":{"self":[{"href":"https:\/\/mooi-kliniek.nl\/de\/wp-json\/wp\/v2\/pages\/7417","targetHints":{"allow":["GET"]}}],"collection":[{"href":"https:\/\/mooi-kliniek.nl\/de\/wp-json\/wp\/v2\/pages"}],"about":[{"href":"https:\/\/mooi-kliniek.nl\/de\/wp-json\/wp\/v2\/types\/page"}],"author":[{"embeddable":true,"href":"https:\/\/mooi-kliniek.nl\/de\/wp-json\/wp\/v2\/users\/2"}],"replies":[{"embeddable":true,"href":"https:\/\/mooi-kliniek.nl\/de\/wp-json\/wp\/v2\/comments?post=7417"}],"version-history":[{"count":3,"href":"https:\/\/mooi-kliniek.nl\/de\/wp-json\/wp\/v2\/pages\/7417\/revisions"}],"predecessor-version":[{"id":11459,"href":"https:\/\/mooi-kliniek.nl\/de\/wp-json\/wp\/v2\/pages\/7417\/revisions\/11459"}],"up":[{"embeddable":true,"href":"https:\/\/mooi-kliniek.nl\/de\/wp-json\/wp\/v2\/pages\/7408"}],"wp:featuredmedia":[{"embeddable":true,"href":"https:\/\/mooi-kliniek.nl\/de\/wp-json\/wp\/v2\/media\/7068"}],"wp:attachment":[{"href":"https:\/\/mooi-kliniek.nl\/de\/wp-json\/wp\/v2\/media?parent=7417"}],"curies":[{"name":"wp","href":"https:\/\/api.w.org\/{rel}","templated":true}]}}