{"id":7465,"date":"2021-06-29T10:53:44","date_gmt":"2021-06-29T10:53:44","guid":{"rendered":"https:\/\/mooi-kliniek.nl\/brustvergroesserung-mit-brustimplantaten\/kapselbildung-und-kapselkontraktion\/"},"modified":"2024-01-23T12:47:31","modified_gmt":"2024-01-23T12:47:31","slug":"kapselbildung-und-kapselkontraktion","status":"publish","type":"page","link":"https:\/\/mooi-kliniek.nl\/de\/brustvergroesserung-mit-brustimplantaten\/kapselbildung-und-kapselkontraktion\/","title":{"rendered":"Kapselbildung und Kapselkontraktion"},"content":{"rendered":"<div class=\"fusion-fullwidth fullwidth-box fusion-builder-row-1 fusion-flex-container nonhundred-percent-fullwidth non-hundred-percent-height-scrolling fusion-animated\" style=\"--awb-border-radius-top-left:0px;--awb-border-radius-top-right:0px;--awb-border-radius-bottom-right:0px;--awb-border-radius-bottom-left:0px;--awb-padding-top:60px;--awb-padding-bottom:60px;--awb-padding-top-small:0px;--awb-padding-right-small:12vw;--awb-padding-bottom-small:12vw;--awb-padding-left-small:12vw;--awb-flex-wrap:wrap;\" data-animationType=\"fadeInUp\" data-animationDuration=\"1.2\" data-animationOffset=\"top-into-view\" ><div class=\"fusion-builder-row fusion-row fusion-flex-align-items-flex-start fusion-flex-content-wrap\" style=\"max-width:1207.5px;margin-left: calc(-5% \/ 2 );margin-right: calc(-5% \/ 2 );\"><div class=\"fusion-layout-column fusion_builder_column fusion-builder-column-0 fusion_builder_column_1_6 1_6 fusion-flex-column\" style=\"--awb-bg-size:cover;--awb-width-large:16.666666666667%;--awb-margin-top-large:0px;--awb-spacing-right-large:11.4%;--awb-margin-bottom-large:0px;--awb-spacing-left-large:28.5%;--awb-width-medium:16.666666666667%;--awb-order-medium:0;--awb-spacing-right-medium:11.4%;--awb-spacing-left-medium:28.5%;--awb-width-small:100%;--awb-order-small:0;--awb-spacing-right-small:2.375%;--awb-spacing-left-small:2.375%;\"><div class=\"fusion-column-wrapper fusion-column-has-shadow fusion-flex-justify-content-flex-start fusion-content-layout-column\"><\/div><\/div><div class=\"fusion-layout-column fusion_builder_column fusion-builder-column-1 fusion_builder_column_2_3 2_3 fusion-flex-column\" style=\"--awb-padding-top:10px;--awb-bg-size:cover;--awb-width-large:66.666666666667%;--awb-margin-top-large:0px;--awb-spacing-right-large:7.125%;--awb-margin-bottom-large:0px;--awb-spacing-left-large:2.85%;--awb-width-medium:66.666666666667%;--awb-order-medium:0;--awb-spacing-right-medium:7.125%;--awb-spacing-left-medium:2.85%;--awb-width-small:100%;--awb-order-small:0;--awb-spacing-right-small:2.375%;--awb-spacing-left-small:2.375%;\"><div class=\"fusion-column-wrapper fusion-column-has-shadow fusion-flex-justify-content-flex-start fusion-content-layout-column\"><div class=\"fusion-title title fusion-title-1 fusion-sep-none fusion-title-text fusion-title-size-two\"><h2 class=\"fusion-title-heading title-heading-left\" style=\"margin:0;line-height:1.3em;\">Kapselkontraktur und Kapselkontraktur nach Brustvergr\u00f6\u00dferung<\/h2><\/div><div class=\"fusion-text fusion-text-1\" style=\"--awb-font-size:18px;--awb-text-color:#003438;\"><p>Beim Einsetzen von Brustimplantaten (auch als Brustprothesen bezeichnet) kommt es zu einem nat\u00fcrlichen Prozess, der als Kapselkontraktur bezeichnet wird. Die Kapselbildung ist ein normales Ph\u00e4nomen, das auftritt, weil ein Fremdk\u00f6rper (die Implantate) in Ihren K\u00f6rper eingesetzt wurde. Ihr K\u00f6rper reagiert darauf, indem er eine Bindegewebsschicht um das Implantat herum bildet. Dadurch wird das Implantat zu einem Teil Ihres K\u00f6rpers und kann nicht einfach verrutschen.<\/p>\n<\/div><\/div><\/div><div class=\"fusion-layout-column fusion_builder_column fusion-builder-column-2 fusion_builder_column_1_6 1_6 fusion-flex-column fusion-no-small-visibility\" style=\"--awb-bg-size:cover;--awb-width-large:16.666666666667%;--awb-margin-top-large:0px;--awb-spacing-right-large:11.4%;--awb-margin-bottom-large:0px;--awb-spacing-left-large:28.5%;--awb-width-medium:16.666666666667%;--awb-order-medium:0;--awb-spacing-right-medium:11.4%;--awb-spacing-left-medium:28.5%;--awb-width-small:100%;--awb-order-small:0;--awb-spacing-right-small:2.375%;--awb-spacing-left-small:2.375%;\"><div class=\"fusion-column-wrapper fusion-column-has-shadow fusion-flex-justify-content-flex-start fusion-content-layout-column\"><\/div><\/div><div class=\"fusion-layout-column fusion_builder_column fusion-builder-column-3 fusion_builder_column_1_6 1_6 fusion-flex-column fusion-no-small-visibility\" style=\"--awb-bg-size:cover;--awb-width-large:16.666666666667%;--awb-margin-top-large:0px;--awb-spacing-right-large:28.5%;--awb-margin-bottom-large:0px;--awb-spacing-left-large:11.4%;--awb-width-medium:16.666666666667%;--awb-order-medium:0;--awb-spacing-right-medium:28.5%;--awb-spacing-left-medium:11.4%;--awb-width-small:100%;--awb-order-small:0;--awb-spacing-right-small:2.375%;--awb-spacing-left-small:2.375%;\"><div class=\"fusion-column-wrapper fusion-column-has-shadow fusion-flex-justify-content-flex-start fusion-content-layout-column\"><\/div><\/div><div class=\"fusion-layout-column fusion_builder_column fusion-builder-column-4 fusion_builder_column_2_3 2_3 fusion-flex-column\" style=\"--awb-bg-size:cover;--awb-width-large:66.666666666667%;--awb-margin-top-large:0px;--awb-spacing-right-large:7.125%;--awb-margin-bottom-large:0px;--awb-spacing-left-large:2.85%;--awb-width-medium:66.666666666667%;--awb-order-medium:0;--awb-spacing-right-medium:7.125%;--awb-spacing-left-medium:2.85%;--awb-width-small:100%;--awb-order-small:0;--awb-spacing-right-small:2.375%;--awb-spacing-left-small:2.375%;\"><div class=\"fusion-column-wrapper fusion-column-has-shadow fusion-flex-justify-content-flex-start fusion-content-layout-column\"><div class=\"fusion-text fusion-text-2\"><h2>\u00dcberm\u00e4\u00dfige Kapselkontraktur und Kontraktion<\/h2>\n<p>Bei einem kleinen Prozentsatz von Frauen mit Brustimplantaten kommt es jedoch zu <strong>\u00fcberm\u00e4\u00dfiger Kapselkontraktur<\/strong> und <strong>Kapselschrumpfung. <\/strong>Ihr K\u00f6rper bildet das <strong>\u00fcbersch\u00fcssige Bindegewebe<\/strong> um die Prothese herum, was zu Schmerzen und Ver\u00e4nderungen der Brustform f\u00fchren kann. Ihre Br\u00fcste k\u00f6nnen sich auch h\u00e4rter anf\u00fchlen und weniger attraktiv aussehen.<\/p>\n<p>Wenn bei Ihnen eine \u00fcberm\u00e4\u00dfige Kapselkontraktur auftritt, kommen Sie m\u00f6glicherweise f\u00fcr eine Behandlung zur Entfernung der Kapsel in Frage. Eine weitere M\u00f6glichkeit besteht darin, sowohl die Kapsel als auch das Brustimplantat entfernen zu lassen.<\/p>\n<h2>Erkennen der Kapselkontraktur: Die Symptome<\/h2>\n<p>Es gibt verschiedene Grade der Kapselkontraktur. Wie bereits erw\u00e4hnt, entsteht nach einer Brustvergr\u00f6\u00dferung <u>immer eine Kapsel<\/u>, und das ist n\u00fctzlich. Wenn jedoch eine \u00fcberm\u00e4\u00dfige Kapselbildung auftritt, kann dies zu Schmerzsymptomen f\u00fchren. Je nach dem Ausma\u00df der vom plastischen Chirurgen auf der Grundlage einer k\u00f6rperlichen Untersuchung vorgenommenen Kapselbildung werden vier Grade der Kapselbildung unterschieden. Grad 1 ist die normale Kapsel und Grad 4 ist die am weitesten fortgeschrittene Form der Kapselbildung.<\/p>\n<p>Bei Grad 1 ist die Brust weich und nat\u00fcrlich geformt, bei Grad 2 f\u00fchlt sich die Brust etwas fester an, bei Grad 3 ver\u00e4ndert sich die Form und bei Grad 4 ist die Brust hart und schmerzhaft. Wenn alles gut ist, handelt es sich also immer um eine Kapselbildung Grad 1. Au\u00dferdem kann sich eine Brust am Anfang etwas fester anf\u00fchlen, was nach einer <a href=\"https:\/\/mooi-kliniek.nl\/de\/brustvergroesserung-mit-brustimplantaten\/\">Brustvergr\u00f6\u00dferung mit Implantaten<\/a> normal ist. Wenn sich die Brust mit der Zeit immer fester anf\u00fchlt und auch ihre Form ver\u00e4ndert, k\u00f6nnte es sein, dass sich mehr Kapsel bildet als normal. Dieser Prozess muss nicht immer zu einer Kapsel des Grades 4 f\u00fchren, die in der Regel eine weitere Operation erfordert. Die Versicherer in den Niederlanden erstatten derzeit die Kosten f\u00fcr die Entfernung von Prothesen bei einer Kapselkontraktur des Grades 4.<\/p>\n<h2>Behandlung der Kapselkontraktur<\/h2>\n<p>Es gibt mehrere M\u00f6glichkeiten, eine \u00fcberm\u00e4\u00dfige Kapselkontraktur zu behandeln:<\/p>\n<ul>\n<li>Spaltung der Brustkapsel (Kapsulotomie).<\/li>\n<li>Entfernung der Brustkapsel (Kapsulektomie).<\/li>\n<\/ul>\n<p>Der plastische Chirurg sollte Sie zuerst untersuchen und kann Sie dann \u00fcber die beste Behandlung f\u00fcr Sie beraten. H\u00e4ufig ist die vollst\u00e4ndige Entfernung der Kapsel um die Brustprothese (oder Kapsulektomie) die geeignetste Behandlung, um die erneute Bildung von Kapselkontrakturen zu verhindern. Dazu geh\u00f6rt auch das Einsetzen eines neuen Implantats.<\/p>\n<p>Bei der Kapsulotomie wird lediglich die Kapsel eingeschnitten. In diesem Fall ist es wahrscheinlicher, dass das Problem erneut auftritt.<\/p>\n<h3>Wechsel der Prothesen<\/h3>\n<p>Sie k\u00f6nnen bei der Entnahme der Kapsel w\u00e4hlen, ob Sie sofort <strong><a href=\"https:\/\/mooi-kliniek.nl\/de\/korrekturen-an-der-brust\/ersetzen-oder-entfernen-von-brustimplantaten\/\">die Brustimplantate austauschen<\/a>. <\/strong><\/p>\n<p>Die Kapsel wird entfernt und Ihre Br\u00fcste sehen wieder sch\u00f6n aus. Nat\u00fcrlich wird vor der Operation mit Ihnen besprochen, welche M\u00f6glichkeiten es gibt und welche Prothesen (in Bezug auf Material, Volumen und Form) f\u00fcr Sie geeignet sind.<\/p>\n<h3>Entfernung von Prothesen<\/h3>\n<p>Wenn Sie Ihre<a href=\"https:\/\/mooi-kliniek.nl\/de\/korrekturen-an-der-brust\/ersetzen-oder-entfernen-von-brustimplantaten\/\"><strong> Brustimplantate entfernen<\/strong><\/a> ohne sie zu ersetzen, ist oft ein gr\u00f6\u00dferer chirurgischer Eingriff erforderlich. Es ist sogar wahrscheinlich, dass Ihre Haut gedehnt wurde und Sie ohne Implantate kleinere und schlaffere Br\u00fcste haben werden.<br \/>\n<strong><a href=\"https:\/\/mooi-kliniek.nl\/de\/brustvergroserung-mit-eigenfett\/\">Brustvergr\u00f6\u00dferung mit Eigenfett<\/a> <\/strong>ist eine m\u00f6gliche Alternative. Hier arbeitet der plastische Chirurg mit Ihrem eigenen K\u00f6rperfett, um ein \u00e4sthetisch ansprechendes Ergebnis zu erzielen. Dies kann z. B. mit einer Bruststraffung kombiniert werden.<\/p>\n<h2>Kombination mit versicherter Pflege!<\/h2>\n<p>In der MOOI-Klinik bieten wir Ihnen die einzigartige M\u00f6glichkeit, Ihre Behandlung (teilweise) erstattungsf\u00e4hig zu machen. In einigen F\u00e4llen von Kapselkontrakturen deckt <strong>Ihr (niederl\u00e4ndischer) Krankenversicherer <\/strong>die Behandlung (teilweise) ab. Zum Beispiel das Entfernen der Kapsel und der Prothesen. Erkundigen Sie sich bei Ihrer Krankenkasse nach den M\u00f6glichkeiten, die Sie haben. Sie sollten dann ein <strong>\u00dcberweisungsschreiben von Ihrem Hausarzt<\/strong>\u00a0 mitbringen.<\/p>\n<p>Platzierung von<strong> neuen Prothesen <\/strong>oder eine Brustvergr\u00f6\u00dferung mit Eigenfett (Lipofilling) und\/oder in Kombination mit einer Bruststraffung wird nie von der Krankenkasse \u00fcbernommen.<\/p>\n<p>Der Vorteil der MOOI-Klinik besteht darin, dass Ihr plastischer Chirurg sowohl den versicherten als auch den nicht versicherten Teil der Behandlung gleichzeitig durchf\u00fchren kann.<\/p>\n<\/div><\/div><\/div><\/div><\/div>\n","protected":false},"excerpt":{"rendered":"","protected":false},"author":2,"featured_media":6988,"parent":7386,"menu_order":0,"comment_status":"closed","ping_status":"closed","template":"100-width.php","meta":{"_glsr_average":0,"_glsr_ranking":0,"_glsr_reviews":0,"footnotes":""},"class_list":["post-7465","page","type-page","status-publish","has-post-thumbnail","hentry"],"yoast_head":"<!-- This site is optimized with the Yoast SEO plugin v27.4 - https:\/\/yoast.com\/product\/yoast-seo-wordpress\/ -->\n<title>\u00dcberm\u00e4\u00dfige Kapselbildung nach Brustimplantaten | Treatment Mooi Kliniek<\/title>\n<meta name=\"description\" content=\"\u00dcberm\u00e4\u00dfige Kapselbildung nach einer Brustvergr\u00f6\u00dferung: Was sind die Symptome und was ist normal? Lesen Sie mehr \u00fcber die Kapselkontraktur und ihre Behandlung.\" \/>\n<meta name=\"robots\" content=\"index, follow, max-snippet:-1, max-image-preview:large, max-video-preview:-1\" \/>\n<link rel=\"canonical\" href=\"https:\/\/mooi-kliniek.nl\/de\/brustvergroesserung-mit-brustimplantaten\/kapselbildung-und-kapselkontraktion\/\" \/>\n<meta property=\"og:locale\" content=\"de_DE\" \/>\n<meta property=\"og:type\" content=\"article\" \/>\n<meta property=\"og:title\" content=\"\u00dcberm\u00e4\u00dfige Kapselbildung nach Brustimplantaten | Treatment Mooi Kliniek\" \/>\n<meta property=\"og:description\" content=\"\u00dcberm\u00e4\u00dfige Kapselbildung nach einer Brustvergr\u00f6\u00dferung: Was sind die Symptome und was ist normal? Lesen Sie mehr \u00fcber die Kapselkontraktur und ihre Behandlung.\" \/>\n<meta property=\"og:url\" content=\"https:\/\/mooi-kliniek.nl\/de\/brustvergroesserung-mit-brustimplantaten\/kapselbildung-und-kapselkontraktion\/\" \/>\n<meta property=\"og:site_name\" content=\"Mooi Kliniek\" \/>\n<meta property=\"article:publisher\" content=\"https:\/\/www.facebook.com\/mooikliniek\" \/>\n<meta property=\"article:modified_time\" content=\"2024-01-23T12:47:31+00:00\" \/>\n<meta property=\"og:image\" content=\"https:\/\/mooi-kliniek.nl\/wp-content\/uploads\/2021\/06\/borstimplantaten-welke.jpeg\" \/>\n\t<meta property=\"og:image:width\" content=\"900\" \/>\n\t<meta property=\"og:image:height\" content=\"525\" \/>\n\t<meta property=\"og:image:type\" content=\"image\/jpeg\" \/>\n<meta name=\"twitter:card\" content=\"summary_large_image\" \/>\n<meta name=\"twitter:label1\" content=\"Gesch\u00e4tzte Lesezeit\" \/>\n\t<meta name=\"twitter:data1\" content=\"14\u00a0Minuten\" \/>\n<script type=\"application\/ld+json\" class=\"yoast-schema-graph\">{\"@context\":\"https:\\\/\\\/schema.org\",\"@graph\":[{\"@type\":\"WebPage\",\"@id\":\"https:\\\/\\\/mooi-kliniek.nl\\\/de\\\/brustvergroesserung-mit-brustimplantaten\\\/kapselbildung-und-kapselkontraktion\\\/\",\"url\":\"https:\\\/\\\/mooi-kliniek.nl\\\/de\\\/brustvergroesserung-mit-brustimplantaten\\\/kapselbildung-und-kapselkontraktion\\\/\",\"name\":\"\u00dcberm\u00e4\u00dfige Kapselbildung nach Brustimplantaten | Treatment Mooi Kliniek\",\"isPartOf\":{\"@id\":\"https:\\\/\\\/mooi-kliniek.nl\\\/de\\\/#website\"},\"primaryImageOfPage\":{\"@id\":\"https:\\\/\\\/mooi-kliniek.nl\\\/de\\\/brustvergroesserung-mit-brustimplantaten\\\/kapselbildung-und-kapselkontraktion\\\/#primaryimage\"},\"image\":{\"@id\":\"https:\\\/\\\/mooi-kliniek.nl\\\/de\\\/brustvergroesserung-mit-brustimplantaten\\\/kapselbildung-und-kapselkontraktion\\\/#primaryimage\"},\"thumbnailUrl\":\"https:\\\/\\\/mooi-kliniek.nl\\\/wp-content\\\/uploads\\\/2021\\\/06\\\/borstimplantaten-welke.jpeg\",\"datePublished\":\"2021-06-29T10:53:44+00:00\",\"dateModified\":\"2024-01-23T12:47:31+00:00\",\"description\":\"\u00dcberm\u00e4\u00dfige Kapselbildung nach einer Brustvergr\u00f6\u00dferung: Was sind die Symptome und was ist normal? Lesen Sie mehr \u00fcber die Kapselkontraktur und ihre Behandlung.\",\"breadcrumb\":{\"@id\":\"https:\\\/\\\/mooi-kliniek.nl\\\/de\\\/brustvergroesserung-mit-brustimplantaten\\\/kapselbildung-und-kapselkontraktion\\\/#breadcrumb\"},\"inLanguage\":\"de\",\"potentialAction\":[{\"@type\":\"ReadAction\",\"target\":[\"https:\\\/\\\/mooi-kliniek.nl\\\/de\\\/brustvergroesserung-mit-brustimplantaten\\\/kapselbildung-und-kapselkontraktion\\\/\"]}]},{\"@type\":\"ImageObject\",\"inLanguage\":\"de\",\"@id\":\"https:\\\/\\\/mooi-kliniek.nl\\\/de\\\/brustvergroesserung-mit-brustimplantaten\\\/kapselbildung-und-kapselkontraktion\\\/#primaryimage\",\"url\":\"https:\\\/\\\/mooi-kliniek.nl\\\/wp-content\\\/uploads\\\/2021\\\/06\\\/borstimplantaten-welke.jpeg\",\"contentUrl\":\"https:\\\/\\\/mooi-kliniek.nl\\\/wp-content\\\/uploads\\\/2021\\\/06\\\/borstimplantaten-welke.jpeg\",\"width\":900,\"height\":525},{\"@type\":\"BreadcrumbList\",\"@id\":\"https:\\\/\\\/mooi-kliniek.nl\\\/de\\\/brustvergroesserung-mit-brustimplantaten\\\/kapselbildung-und-kapselkontraktion\\\/#breadcrumb\",\"itemListElement\":[{\"@type\":\"ListItem\",\"position\":1,\"name\":\"Home\",\"item\":\"https:\\\/\\\/mooi-kliniek.nl\\\/de\\\/\"},{\"@type\":\"ListItem\",\"position\":2,\"name\":\"Brustvergr\u00f6\u00dferung mit Brustimplantaten\",\"item\":\"https:\\\/\\\/mooi-kliniek.nl\\\/de\\\/brustvergroesserung-mit-brustimplantaten\\\/\"},{\"@type\":\"ListItem\",\"position\":3,\"name\":\"Kapselbildung und Kapselkontraktion\"}]},{\"@type\":\"WebSite\",\"@id\":\"https:\\\/\\\/mooi-kliniek.nl\\\/de\\\/#website\",\"url\":\"https:\\\/\\\/mooi-kliniek.nl\\\/de\\\/\",\"name\":\"Mooi Kliniek\",\"description\":\"\",\"publisher\":{\"@id\":\"https:\\\/\\\/mooi-kliniek.nl\\\/de\\\/#organization\"},\"potentialAction\":[{\"@type\":\"SearchAction\",\"target\":{\"@type\":\"EntryPoint\",\"urlTemplate\":\"https:\\\/\\\/mooi-kliniek.nl\\\/de\\\/?s={search_term_string}\"},\"query-input\":{\"@type\":\"PropertyValueSpecification\",\"valueRequired\":true,\"valueName\":\"search_term_string\"}}],\"inLanguage\":\"de\"},{\"@type\":\"Organization\",\"@id\":\"https:\\\/\\\/mooi-kliniek.nl\\\/de\\\/#organization\",\"name\":\"MOOI kliniek\",\"url\":\"https:\\\/\\\/mooi-kliniek.nl\\\/de\\\/\",\"logo\":{\"@type\":\"ImageObject\",\"inLanguage\":\"de\",\"@id\":\"https:\\\/\\\/mooi-kliniek.nl\\\/de\\\/#\\\/schema\\\/logo\\\/image\\\/\",\"url\":\"https:\\\/\\\/mooi-kliniek.nl\\\/wp-content\\\/uploads\\\/2021\\\/12\\\/Mooi-kliniek-maastricht-logo.png\",\"contentUrl\":\"https:\\\/\\\/mooi-kliniek.nl\\\/wp-content\\\/uploads\\\/2021\\\/12\\\/Mooi-kliniek-maastricht-logo.png\",\"width\":250,\"height\":119,\"caption\":\"MOOI kliniek\"},\"image\":{\"@id\":\"https:\\\/\\\/mooi-kliniek.nl\\\/de\\\/#\\\/schema\\\/logo\\\/image\\\/\"},\"sameAs\":[\"https:\\\/\\\/www.facebook.com\\\/mooikliniek\",\"https:\\\/\\\/www.linkedin.com\\\/company\\\/mooi-kliniek\"]}]}<\/script>\n<!-- \/ Yoast SEO plugin. -->","yoast_head_json":{"title":"\u00dcberm\u00e4\u00dfige Kapselbildung nach Brustimplantaten | Treatment Mooi Kliniek","description":"\u00dcberm\u00e4\u00dfige Kapselbildung nach einer Brustvergr\u00f6\u00dferung: Was sind die Symptome und was ist normal? Lesen Sie mehr \u00fcber die Kapselkontraktur und ihre Behandlung.","robots":{"index":"index","follow":"follow","max-snippet":"max-snippet:-1","max-image-preview":"max-image-preview:large","max-video-preview":"max-video-preview:-1"},"canonical":"https:\/\/mooi-kliniek.nl\/de\/brustvergroesserung-mit-brustimplantaten\/kapselbildung-und-kapselkontraktion\/","og_locale":"de_DE","og_type":"article","og_title":"\u00dcberm\u00e4\u00dfige Kapselbildung nach Brustimplantaten | Treatment Mooi Kliniek","og_description":"\u00dcberm\u00e4\u00dfige Kapselbildung nach einer Brustvergr\u00f6\u00dferung: Was sind die Symptome und was ist normal? Lesen Sie mehr \u00fcber die Kapselkontraktur und ihre Behandlung.","og_url":"https:\/\/mooi-kliniek.nl\/de\/brustvergroesserung-mit-brustimplantaten\/kapselbildung-und-kapselkontraktion\/","og_site_name":"Mooi Kliniek","article_publisher":"https:\/\/www.facebook.com\/mooikliniek","article_modified_time":"2024-01-23T12:47:31+00:00","og_image":[{"width":900,"height":525,"url":"https:\/\/mooi-kliniek.nl\/wp-content\/uploads\/2021\/06\/borstimplantaten-welke.jpeg","type":"image\/jpeg"}],"twitter_card":"summary_large_image","twitter_misc":{"Gesch\u00e4tzte Lesezeit":"14\u00a0Minuten"},"schema":{"@context":"https:\/\/schema.org","@graph":[{"@type":"WebPage","@id":"https:\/\/mooi-kliniek.nl\/de\/brustvergroesserung-mit-brustimplantaten\/kapselbildung-und-kapselkontraktion\/","url":"https:\/\/mooi-kliniek.nl\/de\/brustvergroesserung-mit-brustimplantaten\/kapselbildung-und-kapselkontraktion\/","name":"\u00dcberm\u00e4\u00dfige Kapselbildung nach Brustimplantaten | Treatment Mooi Kliniek","isPartOf":{"@id":"https:\/\/mooi-kliniek.nl\/de\/#website"},"primaryImageOfPage":{"@id":"https:\/\/mooi-kliniek.nl\/de\/brustvergroesserung-mit-brustimplantaten\/kapselbildung-und-kapselkontraktion\/#primaryimage"},"image":{"@id":"https:\/\/mooi-kliniek.nl\/de\/brustvergroesserung-mit-brustimplantaten\/kapselbildung-und-kapselkontraktion\/#primaryimage"},"thumbnailUrl":"https:\/\/mooi-kliniek.nl\/wp-content\/uploads\/2021\/06\/borstimplantaten-welke.jpeg","datePublished":"2021-06-29T10:53:44+00:00","dateModified":"2024-01-23T12:47:31+00:00","description":"\u00dcberm\u00e4\u00dfige Kapselbildung nach einer Brustvergr\u00f6\u00dferung: Was sind die Symptome und was ist normal? Lesen Sie mehr \u00fcber die Kapselkontraktur und ihre Behandlung.","breadcrumb":{"@id":"https:\/\/mooi-kliniek.nl\/de\/brustvergroesserung-mit-brustimplantaten\/kapselbildung-und-kapselkontraktion\/#breadcrumb"},"inLanguage":"de","potentialAction":[{"@type":"ReadAction","target":["https:\/\/mooi-kliniek.nl\/de\/brustvergroesserung-mit-brustimplantaten\/kapselbildung-und-kapselkontraktion\/"]}]},{"@type":"ImageObject","inLanguage":"de","@id":"https:\/\/mooi-kliniek.nl\/de\/brustvergroesserung-mit-brustimplantaten\/kapselbildung-und-kapselkontraktion\/#primaryimage","url":"https:\/\/mooi-kliniek.nl\/wp-content\/uploads\/2021\/06\/borstimplantaten-welke.jpeg","contentUrl":"https:\/\/mooi-kliniek.nl\/wp-content\/uploads\/2021\/06\/borstimplantaten-welke.jpeg","width":900,"height":525},{"@type":"BreadcrumbList","@id":"https:\/\/mooi-kliniek.nl\/de\/brustvergroesserung-mit-brustimplantaten\/kapselbildung-und-kapselkontraktion\/#breadcrumb","itemListElement":[{"@type":"ListItem","position":1,"name":"Home","item":"https:\/\/mooi-kliniek.nl\/de\/"},{"@type":"ListItem","position":2,"name":"Brustvergr\u00f6\u00dferung mit Brustimplantaten","item":"https:\/\/mooi-kliniek.nl\/de\/brustvergroesserung-mit-brustimplantaten\/"},{"@type":"ListItem","position":3,"name":"Kapselbildung und Kapselkontraktion"}]},{"@type":"WebSite","@id":"https:\/\/mooi-kliniek.nl\/de\/#website","url":"https:\/\/mooi-kliniek.nl\/de\/","name":"Mooi Kliniek","description":"","publisher":{"@id":"https:\/\/mooi-kliniek.nl\/de\/#organization"},"potentialAction":[{"@type":"SearchAction","target":{"@type":"EntryPoint","urlTemplate":"https:\/\/mooi-kliniek.nl\/de\/?s={search_term_string}"},"query-input":{"@type":"PropertyValueSpecification","valueRequired":true,"valueName":"search_term_string"}}],"inLanguage":"de"},{"@type":"Organization","@id":"https:\/\/mooi-kliniek.nl\/de\/#organization","name":"MOOI kliniek","url":"https:\/\/mooi-kliniek.nl\/de\/","logo":{"@type":"ImageObject","inLanguage":"de","@id":"https:\/\/mooi-kliniek.nl\/de\/#\/schema\/logo\/image\/","url":"https:\/\/mooi-kliniek.nl\/wp-content\/uploads\/2021\/12\/Mooi-kliniek-maastricht-logo.png","contentUrl":"https:\/\/mooi-kliniek.nl\/wp-content\/uploads\/2021\/12\/Mooi-kliniek-maastricht-logo.png","width":250,"height":119,"caption":"MOOI kliniek"},"image":{"@id":"https:\/\/mooi-kliniek.nl\/de\/#\/schema\/logo\/image\/"},"sameAs":["https:\/\/www.facebook.com\/mooikliniek","https:\/\/www.linkedin.com\/company\/mooi-kliniek"]}]}},"_links":{"self":[{"href":"https:\/\/mooi-kliniek.nl\/de\/wp-json\/wp\/v2\/pages\/7465","targetHints":{"allow":["GET"]}}],"collection":[{"href":"https:\/\/mooi-kliniek.nl\/de\/wp-json\/wp\/v2\/pages"}],"about":[{"href":"https:\/\/mooi-kliniek.nl\/de\/wp-json\/wp\/v2\/types\/page"}],"author":[{"embeddable":true,"href":"https:\/\/mooi-kliniek.nl\/de\/wp-json\/wp\/v2\/users\/2"}],"replies":[{"embeddable":true,"href":"https:\/\/mooi-kliniek.nl\/de\/wp-json\/wp\/v2\/comments?post=7465"}],"version-history":[{"count":5,"href":"https:\/\/mooi-kliniek.nl\/de\/wp-json\/wp\/v2\/pages\/7465\/revisions"}],"predecessor-version":[{"id":10818,"href":"https:\/\/mooi-kliniek.nl\/de\/wp-json\/wp\/v2\/pages\/7465\/revisions\/10818"}],"up":[{"embeddable":true,"href":"https:\/\/mooi-kliniek.nl\/de\/wp-json\/wp\/v2\/pages\/7386"}],"wp:featuredmedia":[{"embeddable":true,"href":"https:\/\/mooi-kliniek.nl\/de\/wp-json\/wp\/v2\/media\/6988"}],"wp:attachment":[{"href":"https:\/\/mooi-kliniek.nl\/de\/wp-json\/wp\/v2\/media?parent=7465"}],"curies":[{"name":"wp","href":"https:\/\/api.w.org\/{rel}","templated":true}]}}