{"id":7489,"date":"2020-10-21T19:25:05","date_gmt":"2020-10-21T19:25:05","guid":{"rendered":"https:\/\/mooi-kliniek.nl\/kontakt\/"},"modified":"2025-07-08T09:29:34","modified_gmt":"2025-07-08T09:29:34","slug":"kontakt","status":"publish","type":"page","link":"https:\/\/mooi-kliniek.nl\/de\/kontakt\/","title":{"rendered":"Kontakt"},"content":{"rendered":"<p><div class=\"fusion-fullwidth fullwidth-box fusion-builder-row-1 fusion-flex-container nonhundred-percent-fullwidth non-hundred-percent-height-scrolling\" style=\"--awb-background-position:center top;--awb-background-repeat:repeat-x;--awb-border-sizes-left:3vw;--awb-border-sizes-right:3vw;--awb-border-color:#ffffff;--awb-border-radius-top-left:0px;--awb-border-radius-top-right:0px;--awb-border-radius-bottom-right:0px;--awb-border-radius-bottom-left:0px;--awb-padding-top:6px;--awb-padding-right:7vw;--awb-padding-bottom:10vw;--awb-padding-left:7vw;--awb-padding-bottom-medium:8vw;--awb-padding-bottom-small:14vw;--awb-margin-bottom:0px;--awb-background-color:rgba(113,132,114,0.5);--awb-flex-wrap:wrap;\" ><div class=\"fusion-builder-row fusion-row fusion-flex-align-items-flex-start fusion-flex-content-wrap\" style=\"max-width:calc( 1150px + 7vw );margin-left: calc(-7vw \/ 2 );margin-right: calc(-7vw \/ 2 );\"><div class=\"fusion-layout-column fusion_builder_column fusion-builder-column-0 fusion_builder_column_3_5 3_5 fusion-flex-column fusion-animated\" style=\"--awb-bg-size:cover;--awb-width-large:60%;--awb-margin-top-large:50px;--awb-spacing-right-large:calc( 0.083333333333333 * calc( 100% - 7vw ) );--awb-margin-bottom-large:0px;--awb-spacing-left-large:3.5vw;--awb-width-medium:60%;--awb-order-medium:0;--awb-spacing-right-medium:calc( 0.083333333333333 * calc( 100% - 7vw ) );--awb-spacing-left-medium:3.5vw;--awb-width-small:100%;--awb-order-small:0;--awb-spacing-right-small:3.5vw;--awb-margin-bottom-small:9vw;--awb-spacing-left-small:3.5vw;\" data-animationType=\"fadeInUp\" data-animationDuration=\"1.3\" data-animationOffset=\"top-into-view\"><div class=\"fusion-column-wrapper fusion-column-has-shadow fusion-flex-justify-content-center fusion-content-layout-column\"><div class=\"fusion-text fusion-text-1\"><h1 class=\"fusion-responsive-typography-calculated\" style=\"--fontsize: 60; line-height: 1.2; --fontSize: 58;\" data-fontsize=\"58\" data-lineheight=\"69.599998px\">Kontakt und Fragen<\/h1>\n<p>Stellen Sie Ihre Frage f\u00fcr weitere Informationen, wir beraten Sie gerne. F\u00fcllen Sie hier unser Kontaktformular aus. Wir werden innerhalb eines Arbeitstages antworten. M\u00f6chten Sie einen Termin f\u00fcr eine Beratung oder Behandlung vereinbaren? Vereinbaren <a href=\"https:\/\/mooi-kliniek.nl\/de\/kontakt\/einen-termin-vereinbaren\/\">Sie hier einen Termin<\/a>.<\/p>\n<h3 class=\"fusion-responsive-typography-calculated\" style=\"--fontsize: 32; line-height: 1.3; --fontSize: 32;\" data-fontsize=\"32\" data-lineheight=\"41.599998px\">Kontakt-Formular<\/h3>\n<\/div><div class=\"wpforms-container wpforms-container-full wp-contact-form\" id=\"wpforms-8016\"><form id=\"wpforms-form-8016\" class=\"wpforms-validate wpforms-form wpforms-ajax-form\" data-formid=\"8016\" method=\"post\" enctype=\"multipart\/form-data\" action=\"\/de\/wp-json\/wp\/v2\/pages\/7489\" data-token=\"af2c9bd9fa6a43f4408aaa4b2107ce47\" data-token-time=\"1776851812\"><noscript class=\"wpforms-error-noscript\">Bitte aktiviere JavaScript in deinem Browser, um dieses Formular fertigzustellen.<\/noscript><div class=\"wpforms-field-container\"><div id=\"wpforms-8016-field_0-container\" class=\"wpforms-field wpforms-field-name\" data-field-id=\"0\"><label class=\"wpforms-field-label\" for=\"wpforms-8016-field_0\">Vorname und Nachname <span class=\"wpforms-required-label\">*<\/span><\/label><div class=\"wpforms-field-row wpforms-field-large\"><div class=\"wpforms-field-row-block wpforms-first wpforms-one-half\"><input type=\"text\" id=\"wpforms-8016-field_0\" class=\"wpforms-field-name-first wpforms-field-required\" name=\"wpforms[fields][0][first]\" required><label for=\"wpforms-8016-field_0\" class=\"wpforms-field-sublabel after wpforms-sublabel-hide\">Vornamen<\/label><\/div><div class=\"wpforms-field-row-block wpforms-one-half\"><input type=\"text\" id=\"wpforms-8016-field_0-last\" class=\"wpforms-field-name-last wpforms-field-required\" name=\"wpforms[fields][0][last]\" required><label for=\"wpforms-8016-field_0-last\" class=\"wpforms-field-sublabel after wpforms-sublabel-hide\">Nachname<\/label><\/div><\/div><\/div><div id=\"wpforms-8016-field_1-container\" class=\"wpforms-field wpforms-field-email\" data-field-id=\"1\"><label class=\"wpforms-field-label\" for=\"wpforms-8016-field_1\">E-Mail Adresse <span class=\"wpforms-required-label\">*<\/span><\/label><input type=\"email\" id=\"wpforms-8016-field_1\" class=\"wpforms-field-large wpforms-field-required\" name=\"wpforms[fields][1]\" spellcheck=\"false\" required><\/div><div id=\"wpforms-8016-field_3-container\" class=\"wpforms-field wpforms-field-phone\" data-field-id=\"3\"><label class=\"wpforms-field-label\" for=\"wpforms-8016-field_3\">Rufnummer<\/label><input type=\"tel\" id=\"wpforms-8016-field_3\" class=\"wpforms-field-large wpforms-smart-phone-field\" data-rule-smart-phone-field=\"true\" name=\"wpforms[fields][3]\" aria-label=\"Rufnummer\" ><\/div><div id=\"wpforms-8016-field_2-container\" class=\"wpforms-field wpforms-field-textarea\" data-field-id=\"2\"><label class=\"wpforms-field-label\" for=\"wpforms-8016-field_2\">Frage oder Nachricht <span class=\"wpforms-required-label\">*<\/span><\/label><textarea id=\"wpforms-8016-field_2\" class=\"wpforms-field-medium wpforms-field-required\" name=\"wpforms[fields][2]\" required><\/textarea><\/div><div id=\"wpforms-8016-field_7-container\" class=\"wpforms-field wpforms-field-content recaptcha-text\" data-field-id=\"7\"><div id=\"wpforms-8016-field_7\" class=\"wpforms-field-large wpforms-field-row\"><p class=\"text-muted small\">Diese Seite ist durch reCAPTCHA gesch\u00fctzt. Die Google&nbsp;<a href=\"https:\/\/policies.google.com\/privacy\">Datenschutzbestimmungen<\/a>&nbsp;und&nbsp;Es gelten die <a href=\"https:\/\/policies.google.com\/terms\">Nutzungsbedingungen<\/a>.<\/p>\n<div class=\"wpforms-field-content-display-frontend-clear\"><\/div><\/div><\/div><\/div><!-- .wpforms-field-container --><div class=\"wpforms-recaptcha-container wpforms-is-recaptcha wpforms-is-recaptcha-type-v3\" ><input type=\"hidden\" name=\"wpforms[recaptcha]\" value=\"\"><\/div><div class=\"wpforms-submit-container\" ><input type=\"hidden\" name=\"wpforms[id]\" value=\"8016\"><input type=\"hidden\" name=\"page_title\" value=\"\"><input type=\"hidden\" name=\"page_url\" value=\"https:\/\/mooi-kliniek.nl\/de\/wp-json\/wp\/v2\/pages\/7489\"><input type=\"hidden\" name=\"url_referer\" value=\"\"><button type=\"submit\" name=\"wpforms[submit]\" id=\"wpforms-submit-8016\" class=\"wpforms-submit wp-contact-form-btn\" data-alt-text=\"Versand...\" data-submit-text=\"Versand\" aria-live=\"assertive\" value=\"wpforms-submit\">Versand<\/button><img decoding=\"async\" src=\"data:image\/svg+xml,%3Csvg%20xmlns%3D%27http%3A%2F%2Fwww.w3.org%2F2000%2Fsvg%27%20width%3D%2726%27%20height%3D%2726%27%20viewBox%3D%270%200%2026%2026%27%3E%3Crect%20width%3D%2726%27%20height%3D%2726%27%20fill-opacity%3D%220%22%2F%3E%3C%2Fsvg%3E\" data-orig-src=\"https:\/\/mooi-kliniek.nl\/wp-content\/plugins\/wpforms\/assets\/images\/submit-spin.svg\" class=\"lazyload wpforms-submit-spinner\" style=\"display: none;\" width=\"26\" height=\"26\" alt=\"Wird geladen\"><\/div><\/form><\/div>  <!-- .wpforms-container -->\t<\/div><\/div><div class=\"fusion-layout-column fusion_builder_column fusion-builder-column-1 fusion_builder_column_2_5 2_5 fusion-flex-column fusion-animated\" style=\"--awb-bg-size:cover;--awb-width-large:40%;--awb-margin-top-large:50px;--awb-spacing-right-large:calc( 0.125 * calc( 100% - 7vw ) );--awb-margin-bottom-large:0px;--awb-spacing-left-large:3.5vw;--awb-width-medium:40%;--awb-order-medium:0;--awb-spacing-right-medium:calc( 0.125 * calc( 100% - 7vw ) );--awb-spacing-left-medium:3.5vw;--awb-width-small:100%;--awb-order-small:0;--awb-spacing-right-small:3.5vw;--awb-spacing-left-small:3.5vw;\" data-animationType=\"fadeInUp\" data-animationDuration=\"1.3\" data-animationOffset=\"top-into-view\"><div class=\"fusion-column-wrapper fusion-column-has-shadow fusion-flex-justify-content-center fusion-content-layout-column\"><div class=\"fusion-text fusion-text-2\" style=\"--awb-content-alignment:left;--awb-font-size:14px;--awb-letter-spacing:3px;--awb-text-color:#ffffff;\"><h3>Standort<\/h3>\n<p>MOOI Klinik<br \/>Sphinxcour 6C01<br \/>6211 XZ Maastricht<br \/><a href=\"https:\/\/www.google.nl\/maps\/place\/Sphinx\/@50.85595,5.685854,17z\/data=!3m1!4b1!4m5!3m4!1s0x47c0e9c8efe86cef:0x534ca675f22a0568!8m2!3d50.85595!4d5.6880427\" target=\"_blank\" rel=\"noopener\">Parken am Frontensingel (Google Maps)<\/a><\/p>\n<p><a href=\"https:\/\/mooi-kliniek.nl\/de\/informationen\/wegbeschreibung\/\">Weitere Informationen \u00fcber Zug\u00e4nglichkeit und Zugang zur Klinik<\/a><a href=\"https:\/\/mooi-kliniek.nl\/de\/informationen\/wegbeschreibung\/\"> <\/a><\/p>\n<\/div><div class=\"fusion-text fusion-text-3\" style=\"--awb-content-alignment:left;--awb-font-size:14px;--awb-letter-spacing:3px;--awb-text-color:#ffffff;\"><h3>Erreichbarkeit per Telefon<\/h3>\n<p><a href=\"tel:+31433118708\">043 311 8708<\/a><\/p>\n<p>Montag 9.00 &#8211; 17.00<br \/>Dienstag 9.00 &#8211; 17.00<br \/>Mittwoch 9.00 &#8211; 17.00<br \/>Donnerstag 9.00 &#8211; 17.00<br \/>Freitag 9.00 &#8211; 17.00<\/p>\n<\/div><div class=\"fusion-image-element \" style=\"--awb-caption-title-font-family:var(--h2_typography-font-family);--awb-caption-title-font-weight:var(--h2_typography-font-weight);--awb-caption-title-font-style:var(--h2_typography-font-style);--awb-caption-title-size:var(--h2_typography-font-size);--awb-caption-title-transform:var(--h2_typography-text-transform);--awb-caption-title-line-height:var(--h2_typography-line-height);--awb-caption-title-letter-spacing:var(--h2_typography-letter-spacing);\"><span class=\" fusion-imageframe imageframe-none imageframe-1 hover-type-none\"><img decoding=\"async\" width=\"521\" height=\"521\" alt=\"contact mooi kliniek\" title=\"contact mooi kliniek\" src=\"https:\/\/mooi-kliniek.nl\/wp-content\/uploads\/2024\/11\/contact-mooi-kliniek.jpg\" data-orig-src=\"https:\/\/mooi-kliniek.nl\/wp-content\/uploads\/2024\/11\/contact-mooi-kliniek.jpg\" class=\"lazyload img-responsive wp-image-12978\" srcset=\"data:image\/svg+xml,%3Csvg%20xmlns%3D%27http%3A%2F%2Fwww.w3.org%2F2000%2Fsvg%27%20width%3D%27521%27%20height%3D%27521%27%20viewBox%3D%270%200%20521%20521%27%3E%3Crect%20width%3D%27521%27%20height%3D%27521%27%20fill-opacity%3D%220%22%2F%3E%3C%2Fsvg%3E\" data-srcset=\"https:\/\/mooi-kliniek.nl\/wp-content\/uploads\/2024\/11\/contact-mooi-kliniek-200x200.jpg 200w, https:\/\/mooi-kliniek.nl\/wp-content\/uploads\/2024\/11\/contact-mooi-kliniek-400x400.jpg 400w, https:\/\/mooi-kliniek.nl\/wp-content\/uploads\/2024\/11\/contact-mooi-kliniek.jpg 521w\" data-sizes=\"auto\" data-orig-sizes=\"(max-width: 700px) 100vw, 521px\" \/><\/span><\/div><\/div><\/div><\/div><\/div><div class=\"fusion-fullwidth fullwidth-box fusion-builder-row-2 fusion-flex-container nonhundred-percent-fullwidth non-hundred-percent-height-scrolling\" style=\"--awb-border-radius-top-left:0px;--awb-border-radius-top-right:0px;--awb-border-radius-bottom-right:0px;--awb-border-radius-bottom-left:0px;--awb-flex-wrap:wrap;\" ><div class=\"fusion-builder-row fusion-row fusion-flex-align-items-flex-start fusion-flex-content-wrap\" style=\"max-width:1207.5px;margin-left: calc(-5% \/ 2 );margin-right: calc(-5% \/ 2 );\"><div class=\"fusion-layout-column fusion_builder_column fusion-builder-column-2 fusion_builder_column_1_1 1_1 fusion-flex-column\" style=\"--awb-bg-size:cover;--awb-width-large:100%;--awb-margin-top-large:0px;--awb-spacing-right-large:2.375%;--awb-margin-bottom-large:20px;--awb-spacing-left-large:2.375%;--awb-width-medium:100%;--awb-order-medium:0;--awb-spacing-right-medium:2.375%;--awb-spacing-left-medium:2.375%;--awb-width-small:100%;--awb-order-small:0;--awb-spacing-right-small:2.375%;--awb-spacing-left-small:2.375%;\"><div class=\"fusion-column-wrapper fusion-column-has-shadow fusion-flex-justify-content-flex-start fusion-content-layout-column\"><\/div><\/div><\/div><\/div><\/p>\n","protected":false},"excerpt":{"rendered":"","protected":false},"author":2,"featured_media":0,"parent":0,"menu_order":0,"comment_status":"closed","ping_status":"closed","template":"100-width.php","meta":{"_glsr_average":0,"_glsr_ranking":0,"_glsr_reviews":0,"footnotes":""},"class_list":["post-7489","page","type-page","status-publish","hentry"],"yoast_head":"<!-- This site is optimized with the Yoast SEO plugin v27.4 - https:\/\/yoast.com\/product\/yoast-seo-wordpress\/ -->\n<title>Kontakt: kontaktformular - Mooi Kliniek<\/title>\n<meta name=\"description\" content=\"Kontakt zur MOOI-Klinik: Adresse Sphinxcour 6-C01, 6211 XZ in Maastricht. Rufnummer 043 311 8708 oder f\u00fcllen Sie das Kontaktformular aus.\" \/>\n<meta name=\"robots\" content=\"index, follow, max-snippet:-1, max-image-preview:large, max-video-preview:-1\" \/>\n<link rel=\"canonical\" href=\"https:\/\/mooi-kliniek.nl\/de\/kontakt\/\" \/>\n<meta property=\"og:locale\" content=\"de_DE\" \/>\n<meta property=\"og:type\" content=\"article\" \/>\n<meta property=\"og:title\" content=\"Kontakt: kontaktformular - Mooi Kliniek\" \/>\n<meta property=\"og:description\" content=\"Kontakt zur MOOI-Klinik: Adresse Sphinxcour 6-C01, 6211 XZ in Maastricht. Rufnummer 043 311 8708 oder f\u00fcllen Sie das Kontaktformular aus.\" \/>\n<meta property=\"og:url\" content=\"https:\/\/mooi-kliniek.nl\/de\/kontakt\/\" \/>\n<meta property=\"og:site_name\" content=\"Mooi Kliniek\" \/>\n<meta property=\"article:publisher\" content=\"https:\/\/www.facebook.com\/mooikliniek\" \/>\n<meta property=\"article:modified_time\" content=\"2025-07-08T09:29:34+00:00\" \/>\n<meta name=\"twitter:card\" content=\"summary_large_image\" \/>\n<meta name=\"twitter:label1\" content=\"Gesch\u00e4tzte Lesezeit\" \/>\n\t<meta name=\"twitter:data1\" content=\"6\u00a0Minuten\" \/>\n<script type=\"application\/ld+json\" class=\"yoast-schema-graph\">{\"@context\":\"https:\\\/\\\/schema.org\",\"@graph\":[{\"@type\":\"WebPage\",\"@id\":\"https:\\\/\\\/mooi-kliniek.nl\\\/de\\\/kontakt\\\/\",\"url\":\"https:\\\/\\\/mooi-kliniek.nl\\\/de\\\/kontakt\\\/\",\"name\":\"Kontakt: kontaktformular - Mooi Kliniek\",\"isPartOf\":{\"@id\":\"https:\\\/\\\/mooi-kliniek.nl\\\/de\\\/#website\"},\"datePublished\":\"2020-10-21T19:25:05+00:00\",\"dateModified\":\"2025-07-08T09:29:34+00:00\",\"description\":\"Kontakt zur MOOI-Klinik: Adresse Sphinxcour 6-C01, 6211 XZ in Maastricht. Rufnummer 043 311 8708 oder f\u00fcllen Sie das Kontaktformular aus.\",\"breadcrumb\":{\"@id\":\"https:\\\/\\\/mooi-kliniek.nl\\\/de\\\/kontakt\\\/#breadcrumb\"},\"inLanguage\":\"de\",\"potentialAction\":[{\"@type\":\"ReadAction\",\"target\":[\"https:\\\/\\\/mooi-kliniek.nl\\\/de\\\/kontakt\\\/\"]}]},{\"@type\":\"BreadcrumbList\",\"@id\":\"https:\\\/\\\/mooi-kliniek.nl\\\/de\\\/kontakt\\\/#breadcrumb\",\"itemListElement\":[{\"@type\":\"ListItem\",\"position\":1,\"name\":\"Home\",\"item\":\"https:\\\/\\\/mooi-kliniek.nl\\\/de\\\/\"},{\"@type\":\"ListItem\",\"position\":2,\"name\":\"Kontakt\"}]},{\"@type\":\"WebSite\",\"@id\":\"https:\\\/\\\/mooi-kliniek.nl\\\/de\\\/#website\",\"url\":\"https:\\\/\\\/mooi-kliniek.nl\\\/de\\\/\",\"name\":\"Mooi Kliniek\",\"description\":\"\",\"publisher\":{\"@id\":\"https:\\\/\\\/mooi-kliniek.nl\\\/de\\\/#organization\"},\"potentialAction\":[{\"@type\":\"SearchAction\",\"target\":{\"@type\":\"EntryPoint\",\"urlTemplate\":\"https:\\\/\\\/mooi-kliniek.nl\\\/de\\\/?s={search_term_string}\"},\"query-input\":{\"@type\":\"PropertyValueSpecification\",\"valueRequired\":true,\"valueName\":\"search_term_string\"}}],\"inLanguage\":\"de\"},{\"@type\":\"Organization\",\"@id\":\"https:\\\/\\\/mooi-kliniek.nl\\\/de\\\/#organization\",\"name\":\"MOOI kliniek\",\"url\":\"https:\\\/\\\/mooi-kliniek.nl\\\/de\\\/\",\"logo\":{\"@type\":\"ImageObject\",\"inLanguage\":\"de\",\"@id\":\"https:\\\/\\\/mooi-kliniek.nl\\\/de\\\/#\\\/schema\\\/logo\\\/image\\\/\",\"url\":\"https:\\\/\\\/mooi-kliniek.nl\\\/wp-content\\\/uploads\\\/2021\\\/12\\\/Mooi-kliniek-maastricht-logo.png\",\"contentUrl\":\"https:\\\/\\\/mooi-kliniek.nl\\\/wp-content\\\/uploads\\\/2021\\\/12\\\/Mooi-kliniek-maastricht-logo.png\",\"width\":250,\"height\":119,\"caption\":\"MOOI kliniek\"},\"image\":{\"@id\":\"https:\\\/\\\/mooi-kliniek.nl\\\/de\\\/#\\\/schema\\\/logo\\\/image\\\/\"},\"sameAs\":[\"https:\\\/\\\/www.facebook.com\\\/mooikliniek\",\"https:\\\/\\\/www.linkedin.com\\\/company\\\/mooi-kliniek\"]}]}<\/script>\n<!-- \/ Yoast SEO plugin. -->","yoast_head_json":{"title":"Kontakt: kontaktformular - Mooi Kliniek","description":"Kontakt zur MOOI-Klinik: Adresse Sphinxcour 6-C01, 6211 XZ in Maastricht. Rufnummer 043 311 8708 oder f\u00fcllen Sie das Kontaktformular aus.","robots":{"index":"index","follow":"follow","max-snippet":"max-snippet:-1","max-image-preview":"max-image-preview:large","max-video-preview":"max-video-preview:-1"},"canonical":"https:\/\/mooi-kliniek.nl\/de\/kontakt\/","og_locale":"de_DE","og_type":"article","og_title":"Kontakt: kontaktformular - Mooi Kliniek","og_description":"Kontakt zur MOOI-Klinik: Adresse Sphinxcour 6-C01, 6211 XZ in Maastricht. Rufnummer 043 311 8708 oder f\u00fcllen Sie das Kontaktformular aus.","og_url":"https:\/\/mooi-kliniek.nl\/de\/kontakt\/","og_site_name":"Mooi Kliniek","article_publisher":"https:\/\/www.facebook.com\/mooikliniek","article_modified_time":"2025-07-08T09:29:34+00:00","twitter_card":"summary_large_image","twitter_misc":{"Gesch\u00e4tzte Lesezeit":"6\u00a0Minuten"},"schema":{"@context":"https:\/\/schema.org","@graph":[{"@type":"WebPage","@id":"https:\/\/mooi-kliniek.nl\/de\/kontakt\/","url":"https:\/\/mooi-kliniek.nl\/de\/kontakt\/","name":"Kontakt: kontaktformular - Mooi Kliniek","isPartOf":{"@id":"https:\/\/mooi-kliniek.nl\/de\/#website"},"datePublished":"2020-10-21T19:25:05+00:00","dateModified":"2025-07-08T09:29:34+00:00","description":"Kontakt zur MOOI-Klinik: Adresse Sphinxcour 6-C01, 6211 XZ in Maastricht. Rufnummer 043 311 8708 oder f\u00fcllen Sie das Kontaktformular aus.","breadcrumb":{"@id":"https:\/\/mooi-kliniek.nl\/de\/kontakt\/#breadcrumb"},"inLanguage":"de","potentialAction":[{"@type":"ReadAction","target":["https:\/\/mooi-kliniek.nl\/de\/kontakt\/"]}]},{"@type":"BreadcrumbList","@id":"https:\/\/mooi-kliniek.nl\/de\/kontakt\/#breadcrumb","itemListElement":[{"@type":"ListItem","position":1,"name":"Home","item":"https:\/\/mooi-kliniek.nl\/de\/"},{"@type":"ListItem","position":2,"name":"Kontakt"}]},{"@type":"WebSite","@id":"https:\/\/mooi-kliniek.nl\/de\/#website","url":"https:\/\/mooi-kliniek.nl\/de\/","name":"Mooi Kliniek","description":"","publisher":{"@id":"https:\/\/mooi-kliniek.nl\/de\/#organization"},"potentialAction":[{"@type":"SearchAction","target":{"@type":"EntryPoint","urlTemplate":"https:\/\/mooi-kliniek.nl\/de\/?s={search_term_string}"},"query-input":{"@type":"PropertyValueSpecification","valueRequired":true,"valueName":"search_term_string"}}],"inLanguage":"de"},{"@type":"Organization","@id":"https:\/\/mooi-kliniek.nl\/de\/#organization","name":"MOOI kliniek","url":"https:\/\/mooi-kliniek.nl\/de\/","logo":{"@type":"ImageObject","inLanguage":"de","@id":"https:\/\/mooi-kliniek.nl\/de\/#\/schema\/logo\/image\/","url":"https:\/\/mooi-kliniek.nl\/wp-content\/uploads\/2021\/12\/Mooi-kliniek-maastricht-logo.png","contentUrl":"https:\/\/mooi-kliniek.nl\/wp-content\/uploads\/2021\/12\/Mooi-kliniek-maastricht-logo.png","width":250,"height":119,"caption":"MOOI kliniek"},"image":{"@id":"https:\/\/mooi-kliniek.nl\/de\/#\/schema\/logo\/image\/"},"sameAs":["https:\/\/www.facebook.com\/mooikliniek","https:\/\/www.linkedin.com\/company\/mooi-kliniek"]}]}},"_links":{"self":[{"href":"https:\/\/mooi-kliniek.nl\/de\/wp-json\/wp\/v2\/pages\/7489","targetHints":{"allow":["GET"]}}],"collection":[{"href":"https:\/\/mooi-kliniek.nl\/de\/wp-json\/wp\/v2\/pages"}],"about":[{"href":"https:\/\/mooi-kliniek.nl\/de\/wp-json\/wp\/v2\/types\/page"}],"author":[{"embeddable":true,"href":"https:\/\/mooi-kliniek.nl\/de\/wp-json\/wp\/v2\/users\/2"}],"replies":[{"embeddable":true,"href":"https:\/\/mooi-kliniek.nl\/de\/wp-json\/wp\/v2\/comments?post=7489"}],"version-history":[{"count":10,"href":"https:\/\/mooi-kliniek.nl\/de\/wp-json\/wp\/v2\/pages\/7489\/revisions"}],"predecessor-version":[{"id":15105,"href":"https:\/\/mooi-kliniek.nl\/de\/wp-json\/wp\/v2\/pages\/7489\/revisions\/15105"}],"wp:attachment":[{"href":"https:\/\/mooi-kliniek.nl\/de\/wp-json\/wp\/v2\/media?parent=7489"}],"curies":[{"name":"wp","href":"https:\/\/api.w.org\/{rel}","templated":true}]}}