{"id":7551,"date":"2021-10-13T13:18:09","date_gmt":"2021-10-13T13:18:09","guid":{"rendered":"https:\/\/mooi-kliniek.nl\/haftungsausschluss\/"},"modified":"2024-01-25T14:59:03","modified_gmt":"2024-01-25T14:59:03","slug":"haftungsausschluss","status":"publish","type":"page","link":"https:\/\/mooi-kliniek.nl\/de\/haftungsausschluss\/","title":{"rendered":"Haftungsausschluss"},"content":{"rendered":"<p><div class=\"fusion-fullwidth fullwidth-box fusion-builder-row-1 fusion-flex-container nonhundred-percent-fullwidth non-hundred-percent-height-scrolling\" style=\"--awb-background-position:center top;--awb-background-repeat:repeat-x;--awb-border-sizes-left:3vw;--awb-border-sizes-right:3vw;--awb-border-color:#ffffff;--awb-border-radius-top-left:0px;--awb-border-radius-top-right:0px;--awb-border-radius-bottom-right:0px;--awb-border-radius-bottom-left:0px;--awb-padding-top:1vw;--awb-padding-right:7vw;--awb-padding-bottom:7vw;--awb-padding-left:7vw;--awb-padding-bottom-medium:8vw;--awb-padding-bottom-small:14vw;--awb-margin-bottom:0px;--awb-background-color:rgba(255,255,255,0.5);--awb-flex-wrap:wrap;\" ><div class=\"fusion-builder-row fusion-row fusion-flex-align-items-center fusion-flex-content-wrap\" style=\"max-width:calc( 1150px + 7vw );margin-left: calc(-7vw \/ 2 );margin-right: calc(-7vw \/ 2 );\"><div class=\"fusion-layout-column fusion_builder_column fusion-builder-column-0 fusion_builder_column_1_6 1_6 fusion-flex-column fusion-animated\" style=\"--awb-bg-size:cover;--awb-width-large:16.666666666667%;--awb-margin-top-large:30px;--awb-spacing-right-large:calc( 0.3 * calc( 100% - 7vw ) );--awb-margin-bottom-large:0px;--awb-spacing-left-large:3.5vw;--awb-width-medium:16.666666666667%;--awb-order-medium:0;--awb-spacing-right-medium:calc( 0.3 * calc( 100% - 7vw ) );--awb-spacing-left-medium:3.5vw;--awb-width-small:100%;--awb-order-small:0;--awb-spacing-right-small:3.5vw;--awb-margin-bottom-small:9vw;--awb-spacing-left-small:3.5vw;\" data-animationType=\"fadeInUp\" data-animationDuration=\"1.3\" data-animationOffset=\"top-into-view\"><div class=\"fusion-column-wrapper fusion-column-has-shadow fusion-flex-justify-content-center fusion-content-layout-column\"><\/div><\/div><div class=\"fusion-layout-column fusion_builder_column fusion-builder-column-1 fusion_builder_column_2_3 2_3 fusion-flex-column fusion-animated\" style=\"--awb-bg-size:cover;--awb-width-large:66.666666666667%;--awb-margin-top-large:30px;--awb-spacing-right-large:calc( 0.075 * calc( 100% - 7vw ) );--awb-margin-bottom-large:0px;--awb-spacing-left-large:3.5vw;--awb-width-medium:66.666666666667%;--awb-order-medium:0;--awb-spacing-right-medium:calc( 0.075 * calc( 100% - 7vw ) );--awb-spacing-left-medium:3.5vw;--awb-width-small:100%;--awb-order-small:0;--awb-spacing-right-small:3.5vw;--awb-margin-bottom-small:9vw;--awb-spacing-left-small:3.5vw;\" data-animationType=\"fadeInUp\" data-animationDuration=\"1.3\" data-animationOffset=\"top-into-view\"><div class=\"fusion-column-wrapper fusion-column-has-shadow fusion-flex-justify-content-center fusion-content-layout-column\"><div class=\"fusion-title title fusion-title-1 fusion-sep-none fusion-title-text fusion-title-size-one\" style=\"--awb-text-color:#003438;\"><h1 class=\"fusion-title-heading title-heading-left\" style=\"margin:0;\">Haftungsausschluss<\/h1><\/div><div class=\"fusion-text fusion-text-1\" style=\"--awb-content-alignment:left;--awb-font-size:17px;--awb-text-color:#000000;\"><h3><strong>Informationen auf dieser Website<\/strong><\/h3>\n<p>Wir gehen sehr sorgf\u00e4ltig mit unseren Informationen und mit dieser Website um. Die Informationen auf unserer Website stammen von Fachleuten der MOOI-Klinik. Wir sind stets bem\u00fcht, genaue und aktuelle Informationen zu liefern. Dennoch k\u00f6nnen wir nicht garantieren, dass alle Informationen zum Zeitpunkt ihres Eingangs immer korrekt sind. Aus den Informationen auf dieser Website k\u00f6nnen daher keine Rechte abgeleitet werden. MOOI Clinic \u00fcbernimmt keine Haftung f\u00fcr Sch\u00e4den, die aus angeblichen Ungenauigkeiten und\/oder veralteten Informationen resultieren.<\/p>\n<h3><strong>Erkl\u00e4rung zum Datenschutz <\/strong><\/h3>\n<p>Um eine gute und professionelle Betreuung zu gew\u00e4hrleisten, verarbeitet die MOOI-Klinik personenbezogene Daten. MOOI Clinic misst dem sorgf\u00e4ltigen Umgang mit Ihren pers\u00f6nlichen Daten gro\u00dfe Bedeutung bei. Ihre pers\u00f6nlichen Daten werden daher von uns sorgf\u00e4ltig verarbeitet und gesichert. Sie k\u00f6nnen sich darauf verlassen, dass die Daten bei MOOI Clinic sicher sind und wir die geltenden gesetzlichen Bestimmungen einhalten. <a href=\"https:\/\/mooi-kliniek.nl\/de\/erklarung-zum-datenschutz\/\">Die Datenschutzerkl\u00e4rung kann auf unserer Website eingesehen werden.<\/a><\/p>\n<h3><strong>Besuchen Sie unsere Website <\/strong><\/h3>\n<p>Wenn Sie unsere Website besuchen, erfassen wir Ihre IP-Adresse, Besucherdaten und Cookies.<\/p>\n<h3><strong>Was machen wir mit Ihrer IP-Adresse? <\/strong><\/h3>\n<p>Jeder, der das Internet nutzt, hat eine IP-Adresse. Auch wenn Sie \u00fcber ein Mobiltelefon im Internet sind. Ohne eine IP-Adresse k\u00f6nnen Sie nicht im Internet surfen. Ihre IP-Adresse ist bei uns registriert.<\/p>\n<h3><strong>Was machen wir mit Ihren Besucherdaten? <\/strong><\/h3>\n<p>Unsere Website verfolgt allgemeine Besucherdaten, wie z. B. die am h\u00e4ufigsten besuchten Seiten. Diese Informationen erm\u00f6glichen es uns, das Layout unserer Website weiter zu optimieren. Diese Daten k\u00f6nnen auch verwendet werden, um gezieltere Informationen auf die Website zu stellen. So k\u00f6nnen wir unsere Dienstleistungen weiter verbessern. Wir zeichnen auch auf, wie Besucher durch unsere Website klicken. Diese Daten werden nur intern gespeichert und verarbeitet. Sie werden f\u00fcr die statistische Analyse des Besucherverhaltens verwendet.<\/p>\n<h3><strong>Was machen wir mit Cookies? <\/strong><\/h3>\n<p>Wir verwenden Cookies auf dieser Website. Ein Cookie ist eine einfache kleine Datei, die mit den Seiten dieser Website verschickt und von Ihrem Browser auf Ihrer Festplatte gespeichert wird. Auf unserer Website wird ein Cookie von dem amerikanischen Unternehmen Google im Rahmen seines Dienstes &#8222;Analytics&#8220; gesetzt. Wir nutzen diesen Dienst, um zu verfolgen und Berichte dar\u00fcber zu erhalten, wie Besucher die Website nutzen. Auch wird Google diese Informationen gegebenenfalls an Dritte \u00fcbertragen, sofern dies gesetzlich vorgeschrieben oder soweit Dritte diese Daten im Auftrag von Google verarbeiten. Darauf haben wir keinen Einfluss. Die von Google gesammelten Informationen werden so weit wie m\u00f6glich anonymisiert. Ihre IP-Adresse ist ausdr\u00fccklich nicht enthalten. Die Informationen werden an Google \u00fcbertragen und von Google auf Servern in den Vereinigten Staaten gespeichert.<\/p>\n<h3><strong>Links zu anderen Websites<\/strong><\/h3>\n<p>Unsere Website enth\u00e4lt Links zu Websites anderer Organisationen. Andere Websites verlinken ebenfalls auf unsere Website. Diese Links zu und von Dritten liegen au\u00dferhalb unserer Kontrolle. MOOI Clinic kann daher niemals f\u00fcr die Websites anderer verantwortlich gemacht werden.<\/p>\n<h3><strong>Urheberrecht<\/strong><\/h3>\n<p>Die Daten auf dieser Website wie Texte, Fotos, Illustrationen und anderes grafisches Material sind Eigentum der MOOI kliniek oder von ihr lizenziert und daher ebenfalls urheberrechtlich gesch\u00fctzt. M\u00f6chten Sie Daten von der Website <a href=\"https:\/\/mooi-kliniek.nl\/de\/\">www.mooi-kliniek.nl<\/a> kopieren ? Wenn ja, kontaktieren Sie uns bitte unter <a href=\"mailto:info@mooi-kliniek.nl\">info@mooi-kliniek.nl<\/a><\/p>\n<aside id=\"cookiepaneel\" class=\"widget hoeken_5\">\n<div class=\"inhoud\"><\/div>\n<\/aside>\n<\/div><\/div><\/div><\/div><\/div><div class=\"fusion-fullwidth fullwidth-box fusion-builder-row-2 fusion-flex-container nonhundred-percent-fullwidth non-hundred-percent-height-scrolling\" style=\"--awb-border-radius-top-left:0px;--awb-border-radius-top-right:0px;--awb-border-radius-bottom-right:0px;--awb-border-radius-bottom-left:0px;--awb-flex-wrap:wrap;\" ><div class=\"fusion-builder-row fusion-row fusion-flex-align-items-flex-start fusion-flex-content-wrap\" style=\"max-width:1207.5px;margin-left: calc(-5% \/ 2 );margin-right: calc(-5% \/ 2 );\"><div class=\"fusion-layout-column fusion_builder_column fusion-builder-column-2 fusion_builder_column_1_1 1_1 fusion-flex-column\" style=\"--awb-bg-size:cover;--awb-width-large:100%;--awb-margin-top-large:0px;--awb-spacing-right-large:2.375%;--awb-margin-bottom-large:20px;--awb-spacing-left-large:2.375%;--awb-width-medium:100%;--awb-order-medium:0;--awb-spacing-right-medium:2.375%;--awb-spacing-left-medium:2.375%;--awb-width-small:100%;--awb-order-small:0;--awb-spacing-right-small:2.375%;--awb-spacing-left-small:2.375%;\"><div class=\"fusion-column-wrapper fusion-column-has-shadow fusion-flex-justify-content-flex-start fusion-content-layout-column\"><\/div><\/div><\/div><\/div><\/p>\n","protected":false},"excerpt":{"rendered":"","protected":false},"author":2,"featured_media":0,"parent":0,"menu_order":0,"comment_status":"closed","ping_status":"closed","template":"100-width.php","meta":{"_glsr_average":0,"_glsr_ranking":0,"_glsr_reviews":0,"footnotes":""},"class_list":["post-7551","page","type-page","status-publish","hentry"],"yoast_head":"<!-- This site is optimized with the Yoast SEO plugin v26.8 - https:\/\/yoast.com\/product\/yoast-seo-wordpress\/ -->\n<title>Haftungsausschluss - Mooi Kliniek<\/title>\n<meta name=\"description\" content=\"Wir gehen sehr sorgf\u00e4ltig mit unseren Informationen und mit dieser Website um. Die Informationen auf unserer Website stammen von Fachleuten der MOOI-Klinik. Wir sind stets bem\u00fcht, genaue und aktuelle Informationen zu liefern.\" \/>\n<meta name=\"robots\" content=\"index, follow, max-snippet:-1, max-image-preview:large, max-video-preview:-1\" \/>\n<link rel=\"canonical\" href=\"https:\/\/mooi-kliniek.nl\/de\/haftungsausschluss\/\" \/>\n<meta property=\"og:locale\" content=\"de_DE\" \/>\n<meta property=\"og:type\" content=\"article\" \/>\n<meta property=\"og:title\" content=\"Haftungsausschluss - Mooi Kliniek\" \/>\n<meta property=\"og:description\" content=\"Wir gehen sehr sorgf\u00e4ltig mit unseren Informationen und mit dieser Website um. Die Informationen auf unserer Website stammen von Fachleuten der MOOI-Klinik. Wir sind stets bem\u00fcht, genaue und aktuelle Informationen zu liefern.\" \/>\n<meta property=\"og:url\" content=\"https:\/\/mooi-kliniek.nl\/de\/haftungsausschluss\/\" \/>\n<meta property=\"og:site_name\" content=\"Mooi Kliniek\" \/>\n<meta property=\"article:publisher\" content=\"https:\/\/www.facebook.com\/mooikliniek\" \/>\n<meta property=\"article:modified_time\" content=\"2024-01-25T14:59:03+00:00\" \/>\n<meta name=\"twitter:card\" content=\"summary_large_image\" \/>\n<meta name=\"twitter:label1\" content=\"Gesch\u00e4tzte Lesezeit\" \/>\n\t<meta name=\"twitter:data1\" content=\"11\u00a0Minuten\" \/>\n<script type=\"application\/ld+json\" class=\"yoast-schema-graph\">{\"@context\":\"https:\/\/schema.org\",\"@graph\":[{\"@type\":\"WebPage\",\"@id\":\"https:\/\/mooi-kliniek.nl\/de\/haftungsausschluss\/\",\"url\":\"https:\/\/mooi-kliniek.nl\/de\/haftungsausschluss\/\",\"name\":\"Haftungsausschluss - Mooi Kliniek\",\"isPartOf\":{\"@id\":\"https:\/\/mooi-kliniek.nl\/de\/#website\"},\"datePublished\":\"2021-10-13T13:18:09+00:00\",\"dateModified\":\"2024-01-25T14:59:03+00:00\",\"description\":\"Wir gehen sehr sorgf\u00e4ltig mit unseren Informationen und mit dieser Website um. Die Informationen auf unserer Website stammen von Fachleuten der MOOI-Klinik. Wir sind stets bem\u00fcht, genaue und aktuelle Informationen zu liefern.\",\"breadcrumb\":{\"@id\":\"https:\/\/mooi-kliniek.nl\/de\/haftungsausschluss\/#breadcrumb\"},\"inLanguage\":\"de\",\"potentialAction\":[{\"@type\":\"ReadAction\",\"target\":[\"https:\/\/mooi-kliniek.nl\/de\/haftungsausschluss\/\"]}]},{\"@type\":\"BreadcrumbList\",\"@id\":\"https:\/\/mooi-kliniek.nl\/de\/haftungsausschluss\/#breadcrumb\",\"itemListElement\":[{\"@type\":\"ListItem\",\"position\":1,\"name\":\"Home\",\"item\":\"https:\/\/mooi-kliniek.nl\/de\/\"},{\"@type\":\"ListItem\",\"position\":2,\"name\":\"Haftungsausschluss\"}]},{\"@type\":\"WebSite\",\"@id\":\"https:\/\/mooi-kliniek.nl\/de\/#website\",\"url\":\"https:\/\/mooi-kliniek.nl\/de\/\",\"name\":\"Mooi Kliniek\",\"description\":\"\",\"publisher\":{\"@id\":\"https:\/\/mooi-kliniek.nl\/de\/#organization\"},\"potentialAction\":[{\"@type\":\"SearchAction\",\"target\":{\"@type\":\"EntryPoint\",\"urlTemplate\":\"https:\/\/mooi-kliniek.nl\/de\/?s={search_term_string}\"},\"query-input\":{\"@type\":\"PropertyValueSpecification\",\"valueRequired\":true,\"valueName\":\"search_term_string\"}}],\"inLanguage\":\"de\"},{\"@type\":\"Organization\",\"@id\":\"https:\/\/mooi-kliniek.nl\/de\/#organization\",\"name\":\"MOOI kliniek\",\"url\":\"https:\/\/mooi-kliniek.nl\/de\/\",\"logo\":{\"@type\":\"ImageObject\",\"inLanguage\":\"de\",\"@id\":\"https:\/\/mooi-kliniek.nl\/de\/#\/schema\/logo\/image\/\",\"url\":\"https:\/\/mooi-kliniek.nl\/wp-content\/uploads\/2021\/12\/Mooi-kliniek-maastricht-logo.png\",\"contentUrl\":\"https:\/\/mooi-kliniek.nl\/wp-content\/uploads\/2021\/12\/Mooi-kliniek-maastricht-logo.png\",\"width\":250,\"height\":119,\"caption\":\"MOOI kliniek\"},\"image\":{\"@id\":\"https:\/\/mooi-kliniek.nl\/de\/#\/schema\/logo\/image\/\"},\"sameAs\":[\"https:\/\/www.facebook.com\/mooikliniek\",\"https:\/\/www.linkedin.com\/company\/mooi-kliniek\"]}]}<\/script>\n<!-- \/ Yoast SEO plugin. -->","yoast_head_json":{"title":"Haftungsausschluss - Mooi Kliniek","description":"Wir gehen sehr sorgf\u00e4ltig mit unseren Informationen und mit dieser Website um. Die Informationen auf unserer Website stammen von Fachleuten der MOOI-Klinik. Wir sind stets bem\u00fcht, genaue und aktuelle Informationen zu liefern.","robots":{"index":"index","follow":"follow","max-snippet":"max-snippet:-1","max-image-preview":"max-image-preview:large","max-video-preview":"max-video-preview:-1"},"canonical":"https:\/\/mooi-kliniek.nl\/de\/haftungsausschluss\/","og_locale":"de_DE","og_type":"article","og_title":"Haftungsausschluss - Mooi Kliniek","og_description":"Wir gehen sehr sorgf\u00e4ltig mit unseren Informationen und mit dieser Website um. Die Informationen auf unserer Website stammen von Fachleuten der MOOI-Klinik. Wir sind stets bem\u00fcht, genaue und aktuelle Informationen zu liefern.","og_url":"https:\/\/mooi-kliniek.nl\/de\/haftungsausschluss\/","og_site_name":"Mooi Kliniek","article_publisher":"https:\/\/www.facebook.com\/mooikliniek","article_modified_time":"2024-01-25T14:59:03+00:00","twitter_card":"summary_large_image","twitter_misc":{"Gesch\u00e4tzte Lesezeit":"11\u00a0Minuten"},"schema":{"@context":"https:\/\/schema.org","@graph":[{"@type":"WebPage","@id":"https:\/\/mooi-kliniek.nl\/de\/haftungsausschluss\/","url":"https:\/\/mooi-kliniek.nl\/de\/haftungsausschluss\/","name":"Haftungsausschluss - Mooi Kliniek","isPartOf":{"@id":"https:\/\/mooi-kliniek.nl\/de\/#website"},"datePublished":"2021-10-13T13:18:09+00:00","dateModified":"2024-01-25T14:59:03+00:00","description":"Wir gehen sehr sorgf\u00e4ltig mit unseren Informationen und mit dieser Website um. Die Informationen auf unserer Website stammen von Fachleuten der MOOI-Klinik. Wir sind stets bem\u00fcht, genaue und aktuelle Informationen zu liefern.","breadcrumb":{"@id":"https:\/\/mooi-kliniek.nl\/de\/haftungsausschluss\/#breadcrumb"},"inLanguage":"de","potentialAction":[{"@type":"ReadAction","target":["https:\/\/mooi-kliniek.nl\/de\/haftungsausschluss\/"]}]},{"@type":"BreadcrumbList","@id":"https:\/\/mooi-kliniek.nl\/de\/haftungsausschluss\/#breadcrumb","itemListElement":[{"@type":"ListItem","position":1,"name":"Home","item":"https:\/\/mooi-kliniek.nl\/de\/"},{"@type":"ListItem","position":2,"name":"Haftungsausschluss"}]},{"@type":"WebSite","@id":"https:\/\/mooi-kliniek.nl\/de\/#website","url":"https:\/\/mooi-kliniek.nl\/de\/","name":"Mooi Kliniek","description":"","publisher":{"@id":"https:\/\/mooi-kliniek.nl\/de\/#organization"},"potentialAction":[{"@type":"SearchAction","target":{"@type":"EntryPoint","urlTemplate":"https:\/\/mooi-kliniek.nl\/de\/?s={search_term_string}"},"query-input":{"@type":"PropertyValueSpecification","valueRequired":true,"valueName":"search_term_string"}}],"inLanguage":"de"},{"@type":"Organization","@id":"https:\/\/mooi-kliniek.nl\/de\/#organization","name":"MOOI kliniek","url":"https:\/\/mooi-kliniek.nl\/de\/","logo":{"@type":"ImageObject","inLanguage":"de","@id":"https:\/\/mooi-kliniek.nl\/de\/#\/schema\/logo\/image\/","url":"https:\/\/mooi-kliniek.nl\/wp-content\/uploads\/2021\/12\/Mooi-kliniek-maastricht-logo.png","contentUrl":"https:\/\/mooi-kliniek.nl\/wp-content\/uploads\/2021\/12\/Mooi-kliniek-maastricht-logo.png","width":250,"height":119,"caption":"MOOI kliniek"},"image":{"@id":"https:\/\/mooi-kliniek.nl\/de\/#\/schema\/logo\/image\/"},"sameAs":["https:\/\/www.facebook.com\/mooikliniek","https:\/\/www.linkedin.com\/company\/mooi-kliniek"]}]}},"_links":{"self":[{"href":"https:\/\/mooi-kliniek.nl\/de\/wp-json\/wp\/v2\/pages\/7551","targetHints":{"allow":["GET"]}}],"collection":[{"href":"https:\/\/mooi-kliniek.nl\/de\/wp-json\/wp\/v2\/pages"}],"about":[{"href":"https:\/\/mooi-kliniek.nl\/de\/wp-json\/wp\/v2\/types\/page"}],"author":[{"embeddable":true,"href":"https:\/\/mooi-kliniek.nl\/de\/wp-json\/wp\/v2\/users\/2"}],"replies":[{"embeddable":true,"href":"https:\/\/mooi-kliniek.nl\/de\/wp-json\/wp\/v2\/comments?post=7551"}],"version-history":[{"count":3,"href":"https:\/\/mooi-kliniek.nl\/de\/wp-json\/wp\/v2\/pages\/7551\/revisions"}],"predecessor-version":[{"id":10850,"href":"https:\/\/mooi-kliniek.nl\/de\/wp-json\/wp\/v2\/pages\/7551\/revisions\/10850"}],"wp:attachment":[{"href":"https:\/\/mooi-kliniek.nl\/de\/wp-json\/wp\/v2\/media?parent=7551"}],"curies":[{"name":"wp","href":"https:\/\/api.w.org\/{rel}","templated":true}]}}