{"id":7554,"date":"2022-08-25T10:07:24","date_gmt":"2022-08-25T10:07:24","guid":{"rendered":"https:\/\/mooi-kliniek.nl\/verweis\/"},"modified":"2024-01-25T15:11:24","modified_gmt":"2024-01-25T15:11:24","slug":"ueberweisung","status":"publish","type":"page","link":"https:\/\/mooi-kliniek.nl\/de\/ueberweisung\/","title":{"rendered":"\u00dcberweisung"},"content":{"rendered":"<p><div class=\"fusion-fullwidth fullwidth-box fusion-builder-row-1 fusion-flex-container nonhundred-percent-fullwidth non-hundred-percent-height-scrolling\" style=\"--awb-background-position:center top;--awb-background-repeat:repeat-x;--awb-border-sizes-left:3vw;--awb-border-sizes-right:3vw;--awb-border-color:#ffffff;--awb-border-radius-top-left:0px;--awb-border-radius-top-right:0px;--awb-border-radius-bottom-right:0px;--awb-border-radius-bottom-left:0px;--awb-padding-top:6px;--awb-padding-right:7vw;--awb-padding-bottom:6vw;--awb-padding-left:7vw;--awb-padding-bottom-medium:8vw;--awb-padding-bottom-small:14vw;--awb-margin-bottom:0px;--awb-background-color:rgba(113,132,114,0.5);--awb-flex-wrap:wrap;\" ><div class=\"fusion-builder-row fusion-row fusion-flex-align-items-flex-start fusion-flex-content-wrap\" style=\"max-width:calc( 1150px + 7vw );margin-left: calc(-7vw \/ 2 );margin-right: calc(-7vw \/ 2 );\"><div class=\"fusion-layout-column fusion_builder_column fusion-builder-column-0 fusion_builder_column_2_3 2_3 fusion-flex-column fusion-animated\" style=\"--awb-bg-size:cover;--awb-width-large:66.666666666667%;--awb-margin-top-large:50px;--awb-spacing-right-large:calc( 0.075 * calc( 100% - 7vw ) );--awb-margin-bottom-large:0px;--awb-spacing-left-large:3.5vw;--awb-width-medium:66.666666666667%;--awb-order-medium:0;--awb-spacing-right-medium:calc( 0.075 * calc( 100% - 7vw ) );--awb-spacing-left-medium:3.5vw;--awb-width-small:100%;--awb-order-small:0;--awb-spacing-right-small:3.5vw;--awb-margin-bottom-small:9vw;--awb-spacing-left-small:3.5vw;\" data-animationType=\"fadeInUp\" data-animationDuration=\"1.3\" data-animationOffset=\"top-into-view\"><div class=\"fusion-column-wrapper fusion-column-has-shadow fusion-flex-justify-content-center fusion-content-layout-column\"><div class=\"fusion-text fusion-text-1\"><h1 class=\"fusion-responsive-typography-calculated\" style=\"--fontsize: 60; line-height: 1.2;\" data-fontsize=\"60\" data-lineheight=\"72px\">Informationen f\u00fcr \u00dcberweiser<\/h1>\n<p>Auf dieser Seite finden Sie Informationen zu den Unterschieden zwischen versicherter und nicht versicherter Versorgung im Bereich der plastischen Chirurgie in Limburg. Da wir regelm\u00e4\u00dfig <strong>von Haus\u00e4rzten<\/strong> gefragt werden , welche Patienten wo am besten untergebracht sind, m\u00f6chten wir dies erl\u00e4utern. Es ist n\u00e4mlich nicht immer klar, wann ein Patient Anspruch auf versicherte Leistungen hat und wann es sich um eine rein unversicherte Angelegenheit handelt. Auf diese Weise k\u00f6nnen wir gemeinsam das &#8222;lila Krokodil&#8220; nach M\u00f6glichkeit vermeiden und dem Patienten helfen, ohne Umwege an den richtigen Ort zu gelangen. Wir sind immer bereit, bei Unklarheiten gemeinsam zu suchen.<\/p>\n<h3 class=\"fusion-responsive-typography-calculated\" style=\"--fontsize: 32; line-height: 1.3;\" data-fontsize=\"32\" data-lineheight=\"41.599998474121094px\">Wann ist eine \u00dcberweisung erforderlich und wann nicht?<\/h3>\n<p>MOOI Plastische Chirurgen besteht aus einer <strong>regionalen Partnerschaft von plastischen Chirurgen<\/strong>, die versicherte Leistungen in Limburger Krankenh\u00e4usern und nicht versicherte Leistungen in der MOOI-Klinik anbieten. In der MOOI-Klinik werden haupts\u00e4chlich \u00e4sthetische Behandlungen wie Augenlidkorrekturen, Brustvergr\u00f6\u00dferungen, Facelifts und Bauchdeckenstraffungen durchgef\u00fchrt. F\u00fcr alle Behandlungen, die in der MOOI-Klinik durchgef\u00fchrt werden, ist <strong>kein \u00dcberweisungsschein<\/strong> des Hausarztes erforderlich. Diese Behandlungen werden auch <strong>nie von den Krankenversicherungen erstattet<\/strong>.<\/p>\n<p>In einigen F\u00e4llen kann der Patient jedoch <strong>tats\u00e4chlich (teilweise) Anspruch<\/strong> auf <strong>Kostenerstattung<\/strong> durch die Krankenkasse haben. Zum Beispiel, wenn eine medizinische Indikation, eine Notwendigkeit oder ein Trauma vorliegt. In diesem Fall <strong>ist ein \u00dcberweisungsschreiben erforderlich<\/strong>. Der Patient sollte sich im Krankenhaus melden. Die plastischen Chirurgen von MOOI bieten die einzigartige M\u00f6glichkeit, sich von ein und demselben Arzt behandeln zu lassen, entweder in der MOOI-Klinik oder in unseren kooperierenden Krankenh\u00e4usern. Unsere Chirurgen arbeiten auch in den Krankenh\u00e4usern Zuyderland, MUMC+, VieCuri und Laurentius.<\/p>\n<blockquote>\n<p>Hat der Patient voraussichtlich (teilweise) Anspruch auf eine versicherte Krankenhausbehandlung? Dann findet dort die Erstberatung statt und eine \u00dcberweisung ist notwendig.<\/p>\n<\/blockquote>\n<\/div><\/div><\/div><div class=\"fusion-layout-column fusion_builder_column fusion-builder-column-1 fusion_builder_column_1_3 1_3 fusion-flex-column fusion-animated\" style=\"--awb-bg-size:cover;--awb-width-large:33.333333333333%;--awb-margin-top-large:50px;--awb-spacing-right-large:calc( 0.15 * calc( 100% - 7vw ) );--awb-margin-bottom-large:0px;--awb-spacing-left-large:3.5vw;--awb-width-medium:33.333333333333%;--awb-order-medium:0;--awb-spacing-right-medium:calc( 0.15 * calc( 100% - 7vw ) );--awb-spacing-left-medium:3.5vw;--awb-width-small:100%;--awb-order-small:0;--awb-spacing-right-small:3.5vw;--awb-spacing-left-small:3.5vw;\" data-animationType=\"fadeInUp\" data-animationDuration=\"1.3\" data-animationOffset=\"top-into-view\"><div class=\"fusion-column-wrapper fusion-column-has-shadow fusion-flex-justify-content-center fusion-content-layout-column\"><div class=\"fusion-text fusion-text-2\" style=\"--awb-content-alignment:left;--awb-font-size:14px;--awb-letter-spacing:3px;--awb-text-color:#ffffff;\"><h3>Standort<\/h3>\n<p class=\"x_MsoNormal\">MOOI-Klinik<br \/>\nSphinxcour 6C01<br \/>\n6211 XZ Maastricht<\/p>\n<h3>Per Telefon<\/h3>\n<h3><a style=\"font-size: 16px;\" href=\"tel:+31433118708\">043 311 8708<\/a><\/h3>\n<p>Oder erreichen Sie unsere Chirurgen direkt \u00fcber Siillo mit dem Suchbegriff: MOOI clinic<\/p>\n<\/div><div class=\"fusion-separator fusion-full-width-sep\" style=\"align-self: center;margin-left: auto;margin-right: auto;margin-top:20px;margin-bottom:20px;width:100%;\"><\/div><div class=\"zkn-widget-type-3\" id=\"zkn-score-widget-3061448\"><div class=\"zkn-widget-body\"><a href=\"https:\/\/www.zorgkaartnederland.nl\" target=\"_blank\"><img class=\"lazyload\" decoding=\"async\" src=\"data:image\/gif;base64,R0lGODlhAQABAAAAACH5BAEKAAEALAAAAAABAAEAAAICTAEAOw==\" data-orig-src=\"https:\/\/www.zorgkaartnederland.nl\/bundles\/zkncontent\/images\/elements\/logo_zkn.svg\" alt=\"Suchen, finden und bewerten Sie Gesundheitsdienstleister auf ZorgkaartNederland.nl\"><\/a><a href=\"https:\/\/www.patientenfederatie.nl\/\" target=\"_blank\"><img class=\"lazyload\" decoding=\"async\" src=\"data:image\/gif;base64,R0lGODlhAQABAAAAACH5BAEKAAEALAAAAAABAAEAAAICTAEAOw==\" data-orig-src=\"https:\/\/www.zorgkaartnederland.nl\/bundles\/zkncontent\/images\/elements\/logo_npcf_mobile.svg\" alt=\"Patientenverband der Niederlande\"><\/a><a href=\"\/zorginstelling\/esthetisch-medisch-centrum-mooi-kliniek-maastricht-3061448\" target=\"_blank\">MOOI Kliniek<\/a> ist auf ZorgkaartNederland hoch bewertet. <a href=\"\/zorginstelling\/esthetisch-medisch-centrum-mooi-kliniek-maastricht-3061448\/waardering\" target=\"_blank\">Alle Bewertungen ansehen<\/a> oder <a href=\"\/zorginstelling\/esthetisch-medisch-centrum-mooi-kliniek-maastricht-3061448\/waardeer\" target=\"_blank\">eine Bewertung abgeben<\/a><\/div><script type=\"text\/javascript\" async=\"async\" src=\"https:\/\/www.zorgkaartnederland.nl\/zkn\/widget\/score\/t\/3\/v\/2\/organisatie\/3061448\"><\/script><\/div><\/div><\/div><\/div><\/div><div class=\"fusion-fullwidth fullwidth-box fusion-builder-row-2 fusion-flex-container nonhundred-percent-fullwidth non-hundred-percent-height-scrolling\" style=\"--awb-border-radius-top-left:0px;--awb-border-radius-top-right:0px;--awb-border-radius-bottom-right:0px;--awb-border-radius-bottom-left:0px;--awb-padding-top:2vw;--awb-padding-bottom:2vw;--awb-flex-wrap:wrap;\" ><div class=\"fusion-builder-row fusion-row fusion-flex-align-items-flex-start fusion-flex-content-wrap\" style=\"max-width:1207.5px;margin-left: calc(-5% \/ 2 );margin-right: calc(-5% \/ 2 );\"><div class=\"fusion-layout-column fusion_builder_column fusion-builder-column-2 fusion_builder_column_1_1 1_1 fusion-flex-column\" style=\"--awb-bg-size:cover;--awb-width-large:100%;--awb-margin-top-large:0px;--awb-spacing-right-large:2.375%;--awb-margin-bottom-large:20px;--awb-spacing-left-large:2.375%;--awb-width-medium:100%;--awb-order-medium:0;--awb-spacing-right-medium:2.375%;--awb-spacing-left-medium:2.375%;--awb-width-small:100%;--awb-order-small:0;--awb-spacing-right-small:2.375%;--awb-spacing-left-small:2.375%;\"><div class=\"fusion-column-wrapper fusion-column-has-shadow fusion-flex-justify-content-flex-start fusion-content-layout-column\"><div class=\"fusion-text fusion-text-3\"><h2 style=\"text-align: center;\">\u00dcbersicht<\/h2>\n<p style=\"text-align: center;\">Aus der nachstehenden \u00dcbersicht k\u00f6nnen keine Rechte abgeleitet werden. Die Regeln und Kriterien k\u00f6nnen sich in der Zwischenzeit ge\u00e4ndert haben; wir bem\u00fchen uns, diese Informationen auf dem neuesten Stand zu halten. Zuletzt ge\u00e4ndert am 1. September 2022.<\/p>\n<\/div>\n<div class=\"table-2\">\n<table width=\"100%\">\n<thead>\n<tr>\n<th align=\"left\">Art der Intervention<\/th>\n<th align=\"left\">Versichert (V) oder Unversichert (O)<\/th>\n<th align=\"left\">Krankenhaus f\u00fcr plastische Chirurgie<\/th>\n<th align=\"left\">Plastische Chirurgie MOOI-Klinik<\/th>\n<\/tr>\n<\/thead>\n<tbody>\n<tr>\n<td align=\"left\">\n<h4>Korrekturen an der Brust<\/h4>\n<\/td>\n<td align=\"left\"><\/td>\n<td align=\"left\"><\/td>\n<td align=\"left\"><\/td>\n<\/tr>\n<tr>\n<td align=\"left\">\u00c4sthetische Vergr\u00f6\u00dferung mit Implantaten (Brustvergr\u00f6\u00dferung)<\/td>\n<td style=\"text-align: center;\" align=\"left\">O<\/td>\n<td align=\"left\"><\/td>\n<td align=\"left\">Ja, Implantate mit \u00e4sthetischer Indikation werden nicht erstattet.<\/td>\n<\/tr>\n<tr>\n<td align=\"left\">Rekonstruktion der Br\u00fcste<\/td>\n<td style=\"text-align: center;\" align=\"left\">V<\/td>\n<td align=\"left\">Erstattet werden alle Brustrekonstruktionen nach Brustkrebs: <span style=\"color: #ff6600;\"><a style=\"color: #ff6600;\" href=\"https:\/\/dieplap.nl\/\" target=\"_blank\" rel=\"noopener\">DIEP<\/a><\/span>, <a href=\"https:\/\/www.thebreasttrial.com\/\" target=\"_blank\" rel=\"noopener\"><br \/>\n<span style=\"color: #ff6600;\">Lipofilling-Brustpfad,<\/span><br \/>\n<\/a> sowie die Rekonstruktion mit Implantaten<\/td>\n<td align=\"left\">Niemals<\/td>\n<\/tr>\n<tr>\n<td align=\"left\">Brustverkleinerung<\/td>\n<td style=\"text-align: center;\" align=\"left\">V\/O<\/td>\n<td align=\"left\">Mindestens K\u00f6rbchengr\u00f6\u00dfe E, BMI unter 30<\/td>\n<td align=\"left\">Ja, andere<\/td>\n<\/tr>\n<tr>\n<td align=\"left\">Entfernung von Brustimplantaten<\/td>\n<td style=\"text-align: center;\" align=\"left\">V\/O<\/td>\n<td align=\"left\">Bei Undichtigkeit, Infektion oder Kapselbildung Baker 4 <span style=\"color: #ff6600;\">(<\/span><br \/>\n<span style=\"color: #ff6600;\">siehe Erkl\u00e4rung<\/span><br \/>\n<span style=\"color: #ff6600;\">)<\/span><\/td>\n<td align=\"left\">Ja, in anderen Situationen, ohne dass eine medizinische Notwendigkeit besteht.<\/td>\n<\/tr>\n<tr>\n<td align=\"left\">Wechsel der Brustimplantate<\/td>\n<td style=\"text-align: center;\" align=\"left\">V\/O<\/td>\n<td align=\"left\">Teilweise. bei Undichtigkeit, Infektion oder Kapselbaker 4 <span style=\"color: #ff6600;\">(siehe Anmerkung)<\/span> wird nur die Entfernung der Implantate erstattet.<\/td>\n<td align=\"left\">Teilweise. Das Einsetzen neuer Implantate (Refill) wird nicht erstattet.<\/td>\n<\/tr>\n<tr>\n<td align=\"left\">Bruststraffung<\/td>\n<td style=\"text-align: center;\" align=\"left\">O<\/td>\n<td align=\"left\">Niemals<\/td>\n<td align=\"left\">Ja, immer unversichert<\/td>\n<\/tr>\n<tr>\n<td align=\"left\">Korrektur der Brustwarzen<\/td>\n<td style=\"text-align: center;\" align=\"left\">O<\/td>\n<td align=\"left\">Niemals<\/td>\n<td align=\"left\">Ja, immer unversichert<\/td>\n<\/tr>\n<tr>\n<td align=\"left\">Gyn\u00e4komastie<\/td>\n<td style=\"text-align: center;\" align=\"left\">V\/O<\/td>\n<td align=\"left\">Nach dem Nachweis von Dr\u00fcsengewebe im Ultraschall, einem BMI von weniger als 30 und einer Brustbildung von mehr als 12 Monaten.<\/td>\n<td align=\"left\">Ja, andere<\/td>\n<\/tr>\n<tr>\n<td align=\"left\"><\/td>\n<td align=\"left\"><\/td>\n<td align=\"left\"><\/td>\n<td align=\"left\"><\/td>\n<\/tr>\n<tr>\n<td align=\"left\">\n<h4>Gesicht<\/h4>\n<\/td>\n<td align=\"left\"><\/td>\n<td align=\"left\"><\/td>\n<td align=\"left\"><\/td>\n<\/tr>\n<tr>\n<td align=\"left\">Chirurgie der oberen Augenlider<\/td>\n<td style=\"text-align: center;\" align=\"left\">V\/O<\/td>\n<td align=\"left\">Nur bei schwerer Gesichtsfeldeinschr\u00e4nkung, Pupille &gt; 50% von der Haut bedeckt und Gliedma\u00dfenabstand &lt;7mm <span style=\"color: #ff6600;\">(siehe Hinweis)<\/span><\/td>\n<td align=\"left\">Ja, fast immer unversichert<\/td>\n<\/tr>\n<tr>\n<td align=\"left\">Chirurgie der unteren Augenlider<\/td>\n<td style=\"text-align: center;\" align=\"left\">O<\/td>\n<td align=\"left\">Nur Korrektur von Ektropium und Entropium<\/td>\n<td align=\"left\">Ja, immer unversichert<\/td>\n<\/tr>\n<tr>\n<td align=\"left\">Augenbrauenlifting<\/td>\n<td style=\"text-align: center;\" align=\"left\">V\/O<\/td>\n<td align=\"left\">Nur bei starkem Absinken der Augenbrauen<\/td>\n<td align=\"left\">Ja, fast immer unversichert<\/td>\n<\/tr>\n<tr>\n<td align=\"left\">Facelifts<\/td>\n<td style=\"text-align: center;\" align=\"left\">O<\/td>\n<td align=\"left\">Niemals<\/td>\n<td align=\"left\">Ja, immer unversichert<\/td>\n<\/tr>\n<tr>\n<td align=\"left\">Nackenlifte<\/td>\n<td style=\"text-align: center;\" align=\"left\">O<\/td>\n<td align=\"left\">Niemals<\/td>\n<td align=\"left\">Ja, immer unversichert<\/td>\n<\/tr>\n<tr>\n<td align=\"left\">Ohrenkorrektur<\/td>\n<td align=\"left\">\n<p style=\"text-align: center;\">V\/O<\/p>\n<\/td>\n<td align=\"left\">Abstehende Ohren oder andere Ohranomalien:<\/p>\n<ul>\n<li>Anomalien der Ohren &lt;18 Jahre<\/li>\n<li>Ohranomalien bei S\u00e4uglingen &lt;6 Monate: \u00dcberweisung an EarWell (nicht-invasiv)<\/li>\n<li>Zahnen<\/li>\n<\/ul>\n<\/td>\n<td align=\"left\">Ja, Flapoor-Korrektur und andere Anomalien bei Erwachsenen.<\/td>\n<\/tr>\n<tr>\n<td align=\"left\">Nasenarbeit<\/td>\n<td style=\"text-align: center;\" align=\"left\">V\/O<\/td>\n<td align=\"left\">Nur bei extremer Form- und\/oder Funktionsabweichung<\/td>\n<td align=\"left\">Ja, andere<\/td>\n<\/tr>\n<tr>\n<td align=\"left\">Hautanomalien<\/td>\n<td style=\"text-align: center;\" align=\"left\">V\/O<\/td>\n<td align=\"left\">Alle vermuteten Hautanomalien<\/td>\n<td align=\"left\">Ja, Sonstiges<\/td>\n<\/tr>\n<tr>\n<td align=\"left\"><\/td>\n<td align=\"left\"><\/td>\n<td align=\"left\"><\/td>\n<td align=\"left\"><\/td>\n<\/tr>\n<tr>\n<td align=\"left\">\n<h4>K\u00f6rper<\/h4>\n<\/td>\n<td align=\"left\"><\/td>\n<td align=\"left\"><\/td>\n<td align=\"left\"><\/td>\n<\/tr>\n<tr>\n<td align=\"left\">Bauchdeckenstraffung<\/td>\n<td style=\"text-align: center;\" align=\"left\">V\/O<\/td>\n<td align=\"left\">In \u00dcbereinstimmung mit den Pittsburg-Kriterien mindestens Pittsburg 3 <span style=\"color: #ff6600;\">(<a style=\"color: #ff6600;\" href=\"https:\/\/mooi-kliniek.nl\/wp-content\/uploads\/2022\/08\/Pittsburg-rating-scale.pdf\">siehe Anmerkung<\/a>)<\/span><\/td>\n<td align=\"left\">Ja, andere<\/td>\n<\/tr>\n<tr>\n<td align=\"left\">Entfernung von \u00fcbersch\u00fcssiger Haut an Armen und Beinen<\/td>\n<td style=\"text-align: center;\" align=\"left\">V\/O<\/td>\n<td align=\"left\">In \u00dcbereinstimmung mit den Pittsburg-Kriterien mindestens Pittsburg 3 <span style=\"color: #ff6600;\">(<a style=\"color: #ff6600;\" href=\"https:\/\/mooi-kliniek.nl\/wp-content\/uploads\/2022\/08\/Pittsburg-rating-scale.pdf\">siehe Anmerkung<\/a>)<\/span><\/td>\n<td align=\"left\">Ja, andere<\/td>\n<\/tr>\n<tr>\n<td align=\"left\">Schamlippenchirurgie<\/td>\n<td style=\"text-align: center;\" align=\"left\">V\/O<\/td>\n<td align=\"left\">Selten, nur bei sehr schweren F\u00e4llen, aufgrund von Verst\u00fcmmelung oder Entstellung<\/td>\n<td align=\"left\">Ja, fast immer unversichert<\/td>\n<\/tr>\n<tr>\n<td style=\"text-align: left;\" align=\"left\">Fettabsaugung<\/td>\n<td style=\"text-align: center;\" align=\"left\">O<\/td>\n<td align=\"left\">Niemals<\/td>\n<td align=\"left\">Ja, immer unversichert<\/td>\n<\/tr>\n<tr>\n<td align=\"left\"><\/td>\n<td align=\"left\"><\/td>\n<td align=\"left\"><\/td>\n<td align=\"left\"><\/td>\n<\/tr>\n<tr>\n<td align=\"left\">\n<h4>H\u00e4nde<\/h4>\n<\/td>\n<td align=\"left\"><\/td>\n<td align=\"left\"><\/td>\n<td align=\"left\"><\/td>\n<\/tr>\n<tr>\n<td align=\"left\">Handchirurgie<\/td>\n<td style=\"text-align: center;\" align=\"left\">V<\/td>\n<td align=\"left\">Ja, alle handchirurgischen Eingriffe<\/td>\n<td align=\"left\">Niemals<\/td>\n<\/tr>\n<\/tbody>\n<\/table>\n<\/div>\n<\/div><\/div><\/div><\/div><\/p>\n","protected":false},"excerpt":{"rendered":"","protected":false},"author":13,"featured_media":0,"parent":0,"menu_order":0,"comment_status":"closed","ping_status":"closed","template":"100-width.php","meta":{"_glsr_average":0,"_glsr_ranking":0,"_glsr_reviews":0,"footnotes":""},"class_list":["post-7554","page","type-page","status-publish","hentry"],"yoast_head":"<!-- This site is optimized with the Yoast SEO plugin v26.8 - https:\/\/yoast.com\/product\/yoast-seo-wordpress\/ -->\n<title>\u00dcberweisung f\u00fcr - Mooi Kliniek<\/title>\n<meta name=\"description\" content=\"Vereinbaren Sie einen Termin f\u00fcr ein Beratungsgespr\u00e4ch mit einem unserer Spezialisten. In der MOOI-Klinik werden Sie immer von einem plastischen Chirurgen oder Dermatologen (nicht von einem kosmetischen Arzt oder Berater) gesehen und behandelt.\" \/>\n<meta name=\"robots\" content=\"index, follow, max-snippet:-1, max-image-preview:large, max-video-preview:-1\" \/>\n<link rel=\"canonical\" href=\"https:\/\/mooi-kliniek.nl\/de\/ueberweisung\/\" \/>\n<meta property=\"og:locale\" content=\"de_DE\" \/>\n<meta property=\"og:type\" content=\"article\" \/>\n<meta property=\"og:title\" content=\"\u00dcberweisung f\u00fcr - Mooi Kliniek\" \/>\n<meta property=\"og:description\" content=\"Vereinbaren Sie einen Termin f\u00fcr ein Beratungsgespr\u00e4ch mit einem unserer Spezialisten. In der MOOI-Klinik werden Sie immer von einem plastischen Chirurgen oder Dermatologen (nicht von einem kosmetischen Arzt oder Berater) gesehen und behandelt.\" \/>\n<meta property=\"og:url\" content=\"https:\/\/mooi-kliniek.nl\/de\/ueberweisung\/\" \/>\n<meta property=\"og:site_name\" content=\"Mooi Kliniek\" \/>\n<meta property=\"article:publisher\" content=\"https:\/\/www.facebook.com\/mooikliniek\" \/>\n<meta property=\"article:modified_time\" content=\"2024-01-25T15:11:24+00:00\" \/>\n<meta name=\"twitter:card\" content=\"summary_large_image\" \/>\n<meta name=\"twitter:label1\" content=\"Gesch\u00e4tzte Lesezeit\" \/>\n\t<meta name=\"twitter:data1\" content=\"12\u00a0Minuten\" \/>\n<script type=\"application\/ld+json\" class=\"yoast-schema-graph\">{\"@context\":\"https:\/\/schema.org\",\"@graph\":[{\"@type\":\"WebPage\",\"@id\":\"https:\/\/mooi-kliniek.nl\/de\/ueberweisung\/\",\"url\":\"https:\/\/mooi-kliniek.nl\/de\/ueberweisung\/\",\"name\":\"\u00dcberweisung f\u00fcr - Mooi Kliniek\",\"isPartOf\":{\"@id\":\"https:\/\/mooi-kliniek.nl\/de\/#website\"},\"datePublished\":\"2022-08-25T10:07:24+00:00\",\"dateModified\":\"2024-01-25T15:11:24+00:00\",\"description\":\"Vereinbaren Sie einen Termin f\u00fcr ein Beratungsgespr\u00e4ch mit einem unserer Spezialisten. In der MOOI-Klinik werden Sie immer von einem plastischen Chirurgen oder Dermatologen (nicht von einem kosmetischen Arzt oder Berater) gesehen und behandelt.\",\"breadcrumb\":{\"@id\":\"https:\/\/mooi-kliniek.nl\/de\/ueberweisung\/#breadcrumb\"},\"inLanguage\":\"de\",\"potentialAction\":[{\"@type\":\"ReadAction\",\"target\":[\"https:\/\/mooi-kliniek.nl\/de\/ueberweisung\/\"]}]},{\"@type\":\"BreadcrumbList\",\"@id\":\"https:\/\/mooi-kliniek.nl\/de\/ueberweisung\/#breadcrumb\",\"itemListElement\":[{\"@type\":\"ListItem\",\"position\":1,\"name\":\"Home\",\"item\":\"https:\/\/mooi-kliniek.nl\/de\/\"},{\"@type\":\"ListItem\",\"position\":2,\"name\":\"\u00dcberweisung\"}]},{\"@type\":\"WebSite\",\"@id\":\"https:\/\/mooi-kliniek.nl\/de\/#website\",\"url\":\"https:\/\/mooi-kliniek.nl\/de\/\",\"name\":\"Mooi Kliniek\",\"description\":\"\",\"publisher\":{\"@id\":\"https:\/\/mooi-kliniek.nl\/de\/#organization\"},\"potentialAction\":[{\"@type\":\"SearchAction\",\"target\":{\"@type\":\"EntryPoint\",\"urlTemplate\":\"https:\/\/mooi-kliniek.nl\/de\/?s={search_term_string}\"},\"query-input\":{\"@type\":\"PropertyValueSpecification\",\"valueRequired\":true,\"valueName\":\"search_term_string\"}}],\"inLanguage\":\"de\"},{\"@type\":\"Organization\",\"@id\":\"https:\/\/mooi-kliniek.nl\/de\/#organization\",\"name\":\"MOOI kliniek\",\"url\":\"https:\/\/mooi-kliniek.nl\/de\/\",\"logo\":{\"@type\":\"ImageObject\",\"inLanguage\":\"de\",\"@id\":\"https:\/\/mooi-kliniek.nl\/de\/#\/schema\/logo\/image\/\",\"url\":\"https:\/\/mooi-kliniek.nl\/wp-content\/uploads\/2021\/12\/Mooi-kliniek-maastricht-logo.png\",\"contentUrl\":\"https:\/\/mooi-kliniek.nl\/wp-content\/uploads\/2021\/12\/Mooi-kliniek-maastricht-logo.png\",\"width\":250,\"height\":119,\"caption\":\"MOOI kliniek\"},\"image\":{\"@id\":\"https:\/\/mooi-kliniek.nl\/de\/#\/schema\/logo\/image\/\"},\"sameAs\":[\"https:\/\/www.facebook.com\/mooikliniek\",\"https:\/\/www.linkedin.com\/company\/mooi-kliniek\"]}]}<\/script>\n<!-- \/ Yoast SEO plugin. -->","yoast_head_json":{"title":"\u00dcberweisung f\u00fcr - Mooi Kliniek","description":"Vereinbaren Sie einen Termin f\u00fcr ein Beratungsgespr\u00e4ch mit einem unserer Spezialisten. In der MOOI-Klinik werden Sie immer von einem plastischen Chirurgen oder Dermatologen (nicht von einem kosmetischen Arzt oder Berater) gesehen und behandelt.","robots":{"index":"index","follow":"follow","max-snippet":"max-snippet:-1","max-image-preview":"max-image-preview:large","max-video-preview":"max-video-preview:-1"},"canonical":"https:\/\/mooi-kliniek.nl\/de\/ueberweisung\/","og_locale":"de_DE","og_type":"article","og_title":"\u00dcberweisung f\u00fcr - Mooi Kliniek","og_description":"Vereinbaren Sie einen Termin f\u00fcr ein Beratungsgespr\u00e4ch mit einem unserer Spezialisten. In der MOOI-Klinik werden Sie immer von einem plastischen Chirurgen oder Dermatologen (nicht von einem kosmetischen Arzt oder Berater) gesehen und behandelt.","og_url":"https:\/\/mooi-kliniek.nl\/de\/ueberweisung\/","og_site_name":"Mooi Kliniek","article_publisher":"https:\/\/www.facebook.com\/mooikliniek","article_modified_time":"2024-01-25T15:11:24+00:00","twitter_card":"summary_large_image","twitter_misc":{"Gesch\u00e4tzte Lesezeit":"12\u00a0Minuten"},"schema":{"@context":"https:\/\/schema.org","@graph":[{"@type":"WebPage","@id":"https:\/\/mooi-kliniek.nl\/de\/ueberweisung\/","url":"https:\/\/mooi-kliniek.nl\/de\/ueberweisung\/","name":"\u00dcberweisung f\u00fcr - Mooi Kliniek","isPartOf":{"@id":"https:\/\/mooi-kliniek.nl\/de\/#website"},"datePublished":"2022-08-25T10:07:24+00:00","dateModified":"2024-01-25T15:11:24+00:00","description":"Vereinbaren Sie einen Termin f\u00fcr ein Beratungsgespr\u00e4ch mit einem unserer Spezialisten. In der MOOI-Klinik werden Sie immer von einem plastischen Chirurgen oder Dermatologen (nicht von einem kosmetischen Arzt oder Berater) gesehen und behandelt.","breadcrumb":{"@id":"https:\/\/mooi-kliniek.nl\/de\/ueberweisung\/#breadcrumb"},"inLanguage":"de","potentialAction":[{"@type":"ReadAction","target":["https:\/\/mooi-kliniek.nl\/de\/ueberweisung\/"]}]},{"@type":"BreadcrumbList","@id":"https:\/\/mooi-kliniek.nl\/de\/ueberweisung\/#breadcrumb","itemListElement":[{"@type":"ListItem","position":1,"name":"Home","item":"https:\/\/mooi-kliniek.nl\/de\/"},{"@type":"ListItem","position":2,"name":"\u00dcberweisung"}]},{"@type":"WebSite","@id":"https:\/\/mooi-kliniek.nl\/de\/#website","url":"https:\/\/mooi-kliniek.nl\/de\/","name":"Mooi Kliniek","description":"","publisher":{"@id":"https:\/\/mooi-kliniek.nl\/de\/#organization"},"potentialAction":[{"@type":"SearchAction","target":{"@type":"EntryPoint","urlTemplate":"https:\/\/mooi-kliniek.nl\/de\/?s={search_term_string}"},"query-input":{"@type":"PropertyValueSpecification","valueRequired":true,"valueName":"search_term_string"}}],"inLanguage":"de"},{"@type":"Organization","@id":"https:\/\/mooi-kliniek.nl\/de\/#organization","name":"MOOI kliniek","url":"https:\/\/mooi-kliniek.nl\/de\/","logo":{"@type":"ImageObject","inLanguage":"de","@id":"https:\/\/mooi-kliniek.nl\/de\/#\/schema\/logo\/image\/","url":"https:\/\/mooi-kliniek.nl\/wp-content\/uploads\/2021\/12\/Mooi-kliniek-maastricht-logo.png","contentUrl":"https:\/\/mooi-kliniek.nl\/wp-content\/uploads\/2021\/12\/Mooi-kliniek-maastricht-logo.png","width":250,"height":119,"caption":"MOOI kliniek"},"image":{"@id":"https:\/\/mooi-kliniek.nl\/de\/#\/schema\/logo\/image\/"},"sameAs":["https:\/\/www.facebook.com\/mooikliniek","https:\/\/www.linkedin.com\/company\/mooi-kliniek"]}]}},"_links":{"self":[{"href":"https:\/\/mooi-kliniek.nl\/de\/wp-json\/wp\/v2\/pages\/7554","targetHints":{"allow":["GET"]}}],"collection":[{"href":"https:\/\/mooi-kliniek.nl\/de\/wp-json\/wp\/v2\/pages"}],"about":[{"href":"https:\/\/mooi-kliniek.nl\/de\/wp-json\/wp\/v2\/types\/page"}],"author":[{"embeddable":true,"href":"https:\/\/mooi-kliniek.nl\/de\/wp-json\/wp\/v2\/users\/13"}],"replies":[{"embeddable":true,"href":"https:\/\/mooi-kliniek.nl\/de\/wp-json\/wp\/v2\/comments?post=7554"}],"version-history":[{"count":5,"href":"https:\/\/mooi-kliniek.nl\/de\/wp-json\/wp\/v2\/pages\/7554\/revisions"}],"predecessor-version":[{"id":10855,"href":"https:\/\/mooi-kliniek.nl\/de\/wp-json\/wp\/v2\/pages\/7554\/revisions\/10855"}],"wp:attachment":[{"href":"https:\/\/mooi-kliniek.nl\/de\/wp-json\/wp\/v2\/media?parent=7554"}],"curies":[{"name":"wp","href":"https:\/\/api.w.org\/{rel}","templated":true}]}}