{"id":7668,"date":"2022-01-07T11:58:25","date_gmt":"2022-01-07T11:58:25","guid":{"rendered":"https:\/\/mooi-kliniek.nl\/informationen\/wegbeschreibung\/"},"modified":"2024-02-08T13:42:38","modified_gmt":"2024-02-08T13:42:38","slug":"wegbeschreibung","status":"publish","type":"page","link":"https:\/\/mooi-kliniek.nl\/de\/informationen\/wegbeschreibung\/","title":{"rendered":"Wegbeschreibung"},"content":{"rendered":"<div class=\"fusion-fullwidth fullwidth-box fusion-builder-row-1 fusion-flex-container nonhundred-percent-fullwidth non-hundred-percent-height-scrolling\" style=\"--awb-background-position:center top;--awb-background-repeat:repeat-x;--awb-border-sizes-left:3vw;--awb-border-sizes-right:3vw;--awb-border-color:#ffffff;--awb-border-radius-top-left:0px;--awb-border-radius-top-right:0px;--awb-border-radius-bottom-right:0px;--awb-border-radius-bottom-left:0px;--awb-padding-top:2vw;--awb-padding-right:7vw;--awb-padding-left:7vw;--awb-padding-bottom-medium:8vw;--awb-padding-bottom-small:14vw;--awb-margin-bottom:0px;--awb-flex-wrap:wrap;\" ><div class=\"fusion-builder-row fusion-row fusion-flex-align-items-center fusion-flex-content-wrap\" style=\"max-width:calc( 1150px + 7vw );margin-left: calc(-7vw \/ 2 );margin-right: calc(-7vw \/ 2 );\"><div class=\"fusion-layout-column fusion_builder_column fusion-builder-column-0 fusion_builder_column_1_6 1_6 fusion-flex-column fusion-animated\" style=\"--awb-bg-size:cover;--awb-width-large:16.666666666667%;--awb-margin-top-large:30px;--awb-spacing-right-large:calc( 0.3 * calc( 100% - 7vw ) );--awb-margin-bottom-large:0px;--awb-spacing-left-large:3.5vw;--awb-width-medium:16.666666666667%;--awb-order-medium:0;--awb-spacing-right-medium:calc( 0.3 * calc( 100% - 7vw ) );--awb-spacing-left-medium:3.5vw;--awb-width-small:100%;--awb-order-small:0;--awb-spacing-right-small:3.5vw;--awb-margin-bottom-small:9vw;--awb-spacing-left-small:3.5vw;\" data-animationType=\"fadeInUp\" data-animationDuration=\"1.3\" data-animationOffset=\"top-into-view\"><div class=\"fusion-column-wrapper fusion-column-has-shadow fusion-flex-justify-content-center fusion-content-layout-column\"><\/div><\/div><div class=\"fusion-layout-column fusion_builder_column fusion-builder-column-1 fusion_builder_column_2_3 2_3 fusion-flex-column fusion-animated\" style=\"--awb-bg-size:cover;--awb-width-large:66.666666666667%;--awb-margin-top-large:30px;--awb-spacing-right-large:calc( 0.075 * calc( 100% - 7vw ) );--awb-margin-bottom-large:0px;--awb-spacing-left-large:3.5vw;--awb-width-medium:66.666666666667%;--awb-order-medium:0;--awb-spacing-right-medium:calc( 0.075 * calc( 100% - 7vw ) );--awb-spacing-left-medium:3.5vw;--awb-width-small:100%;--awb-order-small:0;--awb-spacing-right-small:3.5vw;--awb-margin-bottom-small:9vw;--awb-spacing-left-small:3.5vw;\" data-animationType=\"fadeInUp\" data-animationDuration=\"1.3\" data-animationOffset=\"top-into-view\"><div class=\"fusion-column-wrapper fusion-column-has-shadow fusion-flex-justify-content-center fusion-content-layout-column\"><div class=\"fusion-title title fusion-title-1 fusion-sep-none fusion-title-text fusion-title-size-one\" style=\"--awb-text-color:#003438;\"><h1 class=\"fusion-title-heading title-heading-left\" style=\"margin:0;\">Wegbeschreibung<\/h1><\/div><div class=\"fusion-text fusion-text-1\" style=\"--awb-content-alignment:left;--awb-font-size:17px;--awb-text-color:#000000;\"><p>MOOI kliniek befindet sich im Zentrum von Maastricht.<\/p>\n<p>Die Adresse lautet:<\/p>\n<p>Sphinxcour 6C01<br \/>\n6211 XZ Maastricht<\/p>\n<p>Kommen Sie mit dem Auto? Navigieren Sie dann zum<a href=\"https:\/\/www.google.nl\/maps\/place\/Sphinx\/@50.85595,5.6880427,17z\/data=!3m1!4b1!4m5!3m4!1s0x47c0e9c8efe86cef:0x534ca675f22a0568!8m2!3d50.85595!4d5.6880427\"><strong> Parkplatz Frontensingel<\/strong><\/a> (Q-Park)<\/p>\n<p>Der Eingang befindet sich auf der NORDSEITE des Eiffel-Geb\u00e4udes im 3. Stock. Unser Eingang auf der Seite des Sphinxcour befindet sich <span style=\"text-decoration: underline;\">neben dem<\/span> Eingang zu LOODS 5.<\/p>\n<p>Zu Fu\u00df oder mit dem Fahrrad sind nat\u00fcrlich die bequemsten Wege zur Klinik, aber auch mit dem Auto oder \u00f6ffentlichen Verkehrsmitteln sind wir bestens erreichbar.<\/p>\n<\/div><div class=\"awb-gallery-wrapper awb-gallery-wrapper-1 button-span-no\"><div style=\"margin:-5px;--awb-bordersize:0px;\" class=\"fusion-gallery fusion-gallery-container fusion-grid-2 fusion-columns-total-2 fusion-gallery-layout-masonry fusion-gallery-1\"><div class=\"fusion-grid-column fusion-gallery-column fusion-gallery-column-2 hover-type-none fusion-grid-sizer\"><\/div><div style=\"padding:5px;\" class=\"fusion-grid-column fusion-gallery-column fusion-gallery-column-2 hover-type-none fusion-element-grid\"><div class=\"fusion-gallery-image\"><a href=\"https:\/\/mooi-kliniek.nl\/wp-content\/uploads\/2022\/01\/locatie-mooi-kliniek.png\" rel=\"noreferrer\" data-rel=\"iLightbox[gallery_image_1]\" class=\"fusion-lightbox\" target=\"_self\"><div style=\"padding-top:calc((100% + 10px) * 0.8 - 5px);background-position:;\" class=\"fusion-masonry-element-container lazyload\" data-bg=\"https:\/\/mooi-kliniek.nl\/wp-content\/uploads\/2022\/01\/locatie-mooi-kliniek.png\"><img decoding=\"async\" src=\"https:\/\/mooi-kliniek.nl\/wp-content\/uploads\/2022\/01\/locatie-mooi-kliniek.png\" width=\"546\" height=\"415\" alt=\"\" title=\"locatie mooi kliniek\" aria-label=\"locatie mooi kliniek\" class=\"img-responsive wp-image-5619 fusion-gallery-image-size-fixed\" srcset=\"https:\/\/mooi-kliniek.nl\/wp-content\/uploads\/2022\/01\/locatie-mooi-kliniek-200x152.png 200w, https:\/\/mooi-kliniek.nl\/wp-content\/uploads\/2022\/01\/locatie-mooi-kliniek-400x304.png 400w, https:\/\/mooi-kliniek.nl\/wp-content\/uploads\/2022\/01\/locatie-mooi-kliniek.png 546w\" sizes=\"(min-width: 2200px) 100vw, (min-width: 712px) 573px, (min-width: 640px) 712px, \" \/><\/div><\/a><\/div><\/div><div style=\"padding:5px;\" class=\"fusion-grid-column fusion-gallery-column fusion-gallery-column-2 hover-type-none fusion-element-grid\"><div class=\"fusion-gallery-image\"><a href=\"https:\/\/mooi-kliniek.nl\/wp-content\/uploads\/2022\/01\/ingang-mooi.png\" rel=\"noreferrer\" data-rel=\"iLightbox[gallery_image_1]\" class=\"fusion-lightbox\" target=\"_self\"><div style=\"padding-top:calc((100% + 10px) * 0.8 - 5px);background-position:;\" class=\"fusion-masonry-element-container lazyload\" data-bg=\"https:\/\/mooi-kliniek.nl\/wp-content\/uploads\/2022\/01\/ingang-mooi.png\"><img decoding=\"async\" src=\"https:\/\/mooi-kliniek.nl\/wp-content\/uploads\/2022\/01\/ingang-mooi.png\" width=\"392\" height=\"488\" alt=\"\" title=\"ingang mooi\" aria-label=\"ingang mooi\" class=\"img-responsive wp-image-5618 fusion-gallery-image-size-fixed\" srcset=\"https:\/\/mooi-kliniek.nl\/wp-content\/uploads\/2022\/01\/ingang-mooi-200x249.png 200w, https:\/\/mooi-kliniek.nl\/wp-content\/uploads\/2022\/01\/ingang-mooi.png 392w\" sizes=\"(min-width: 2200px) 100vw, (min-width: 712px) 573px, (min-width: 640px) 712px, \" \/><\/div><\/a><\/div><\/div><\/div><\/div><div class=\"fusion-separator fusion-full-width-sep\" style=\"align-self: center;margin-left: auto;margin-right: auto;margin-top:30px;width:100%;\"><\/div><div class=\"fusion-text fusion-text-2\" style=\"--awb-content-alignment:left;--awb-font-size:17px;--awb-text-color:#000000;\"><h2>Mit dem Auto und Parken<\/h2>\n<p>Folgen Sie der Frontensingel in Richtung Norden oder folgen Sie den Parkschildern <strong>Sphinxkwartier <\/strong> bei Anreise mit dem Auto. Es gibt zwei Parkpl\u00e4tze in Gehweite der MOOI-Klinik.<\/p>\n<\/div><div class=\"fusion-builder-row fusion-builder-row-inner fusion-row fusion-flex-align-items-center fusion-flex-content-wrap\" style=\"width:calc( 100% + 7vw ) !important;max-width:calc( 100% + 7vw ) !important;margin-left: calc(-7vw \/ 2 );margin-right: calc(-7vw \/ 2 );\"><div class=\"fusion-layout-column fusion_builder_column_inner fusion-builder-nested-column-0 fusion_builder_column_inner_1_2 1_2 fusion-flex-column\" style=\"--awb-bg-size:cover;--awb-width-large:50%;--awb-margin-top-large:0px;--awb-spacing-right-large:3.5vw;--awb-margin-bottom-large:20px;--awb-spacing-left-large:3.5vw;--awb-width-medium:50%;--awb-order-medium:0;--awb-spacing-right-medium:3.5vw;--awb-spacing-left-medium:3.5vw;--awb-width-small:100%;--awb-order-small:0;--awb-spacing-right-small:3.5vw;--awb-spacing-left-small:3.5vw;\"><div class=\"fusion-column-wrapper fusion-column-has-shadow fusion-flex-justify-content-flex-start fusion-content-layout-column\"><div class=\"fusion-image-element \" style=\"--awb-caption-title-font-family:var(--h2_typography-font-family);--awb-caption-title-font-weight:var(--h2_typography-font-weight);--awb-caption-title-font-style:var(--h2_typography-font-style);--awb-caption-title-size:var(--h2_typography-font-size);--awb-caption-title-transform:var(--h2_typography-text-transform);--awb-caption-title-line-height:var(--h2_typography-line-height);--awb-caption-title-letter-spacing:var(--h2_typography-letter-spacing);\"><span class=\" fusion-imageframe imageframe-none imageframe-1 hover-type-none\"><img decoding=\"async\" width=\"506\" height=\"440\" title=\"parkeren mooi\" src=\"https:\/\/mooi-kliniek.nl\/wp-content\/uploads\/2022\/01\/parkeren-mooi.png\" data-orig-src=\"https:\/\/mooi-kliniek.nl\/wp-content\/uploads\/2022\/01\/parkeren-mooi.png\" alt class=\"lazyload img-responsive wp-image-7193\" srcset=\"data:image\/svg+xml,%3Csvg%20xmlns%3D%27http%3A%2F%2Fwww.w3.org%2F2000%2Fsvg%27%20width%3D%27506%27%20height%3D%27440%27%20viewBox%3D%270%200%20506%20440%27%3E%3Crect%20width%3D%27506%27%20height%3D%27440%27%20fill-opacity%3D%220%22%2F%3E%3C%2Fsvg%3E\" data-srcset=\"https:\/\/mooi-kliniek.nl\/wp-content\/uploads\/2022\/01\/parkeren-mooi-200x174.png 200w, https:\/\/mooi-kliniek.nl\/wp-content\/uploads\/2022\/01\/parkeren-mooi-400x348.png 400w, https:\/\/mooi-kliniek.nl\/wp-content\/uploads\/2022\/01\/parkeren-mooi.png 506w\" data-sizes=\"auto\" data-orig-sizes=\"(max-width: 700px) 100vw, 506px\" \/><\/span><\/div><\/div><\/div><div class=\"fusion-layout-column fusion_builder_column_inner fusion-builder-nested-column-1 fusion_builder_column_inner_1_2 1_2 fusion-flex-column\" style=\"--awb-bg-size:cover;--awb-width-large:50%;--awb-margin-top-large:0px;--awb-spacing-right-large:3.5vw;--awb-margin-bottom-large:20px;--awb-spacing-left-large:3.5vw;--awb-width-medium:50%;--awb-order-medium:0;--awb-spacing-right-medium:3.5vw;--awb-spacing-left-medium:3.5vw;--awb-width-small:100%;--awb-order-small:0;--awb-spacing-right-small:3.5vw;--awb-spacing-left-small:3.5vw;\"><div class=\"fusion-column-wrapper fusion-column-has-shadow fusion-flex-justify-content-flex-start fusion-content-layout-column\"><div class=\"fusion-text fusion-text-3\"><p><a href=\"https:\/\/www.google.com\/maps\/place\/Sphinx\/@50.85595,5.685854,17z\/data=!3m1!4b1!4m5!3m4!1s0x47c0e9c8efe86cef:0x534ca675f22a0568!8m2!3d50.85595!4d5.6880427\" target=\"_blank\" rel=\"noopener\"><br \/>\n<strong>Sphinx-Parkplatz<\/strong><br \/>\n<\/a> (direkt neben dem Geb\u00e4ude):<br \/>\nInfos zu den Tarifen: <a href=\"https:\/\/www.p1.nl\/parkeren\/maastricht\/parkeerterrein-sphinx\" target=\"_blank\" rel=\"noopener\">hier klicken<\/a><\/p>\n<p><a href=\"https:\/\/www.google.com\/maps\/place\/Q-Park+Frontenpark\/@50.8556905,5.6827442,17z\/data=!3m1!4b1!4m5!3m4!1s0x47c0e9ca371bef4d:0x99cc87cd38a0249b!8m2!3d50.8556905!4d5.6849329\" target=\"_blank\" rel=\"noopener\"><br \/>\n<strong>Q-Parken im Frontenpark<\/strong><br \/>\n<\/a> (etwas weiter zu Fu\u00df, aber auch etwas billiger):<br \/>\nInfos zu den Tarifen: <a href=\"https:\/\/www.q-park.nl\/nl-nl\/parkeren\/maastricht\/frontenpark\/\" target=\"_blank\" rel=\"noopener\">hier klicken<\/a><\/p>\n<\/div><\/div><\/div><\/div><div class=\"fusion-text fusion-text-4\" style=\"--awb-content-alignment:left;--awb-font-size:17px;--awb-text-color:#000000;\"><h2>Mit \u00f6ffentlichen Verkehrsmitteln<\/h2>\n<p>Wenn Sie mit \u00f6ffentlichen Verkehrsmitteln anreisen, k\u00f6nnen Sie vom Bahnhof Maastricht mehrere Busse zum Sphinxcour nehmen. Aktuelle Informationen und einen Planer finden Sie unter <a href=\"https:\/\/9292.nl\/\" target=\"_blank\" rel=\"noopener\">9292<\/a>. Rechnen Sie mit einer Fahrzeit von 15-20 Minuten vom Bahnhof aus.<\/p>\n<\/div><\/div><\/div><\/div><\/div>\n","protected":false},"excerpt":{"rendered":"","protected":false},"author":2,"featured_media":7269,"parent":7647,"menu_order":0,"comment_status":"closed","ping_status":"closed","template":"100-width.php","meta":{"_glsr_average":0,"_glsr_ranking":0,"_glsr_reviews":0,"footnotes":""},"class_list":["post-7668","page","type-page","status-publish","has-post-thumbnail","hentry"],"yoast_head":"<!-- This site is optimized with the Yoast SEO plugin v27.4 - https:\/\/yoast.com\/product\/yoast-seo-wordpress\/ -->\n<title>Wegbeschreibung | Adresse und Route zur - Mooi Kliniek<\/title>\n<meta name=\"description\" content=\"Adresse: Sphinxcour 6C01 - 6211 XZ Maastricht. Der Eingang befindet sich auf der NORDSEITE des Eiffel-Geb\u00e4udes im 3. Stock.\" \/>\n<meta name=\"robots\" content=\"index, follow, max-snippet:-1, max-image-preview:large, max-video-preview:-1\" \/>\n<link rel=\"canonical\" href=\"https:\/\/mooi-kliniek.nl\/de\/informationen\/wegbeschreibung\/\" \/>\n<meta property=\"og:locale\" content=\"de_DE\" \/>\n<meta property=\"og:type\" content=\"article\" \/>\n<meta property=\"og:title\" content=\"Wegbeschreibung | Adresse und Route zur - Mooi Kliniek\" \/>\n<meta property=\"og:description\" content=\"Adresse: Sphinxcour 6C01 - 6211 XZ Maastricht. Der Eingang befindet sich auf der NORDSEITE des Eiffel-Geb\u00e4udes im 3. Stock.\" \/>\n<meta property=\"og:url\" content=\"https:\/\/mooi-kliniek.nl\/de\/informationen\/wegbeschreibung\/\" \/>\n<meta property=\"og:site_name\" content=\"Mooi Kliniek\" \/>\n<meta property=\"article:publisher\" content=\"https:\/\/www.facebook.com\/mooikliniek\" \/>\n<meta property=\"article:modified_time\" content=\"2024-02-08T13:42:38+00:00\" \/>\n<meta property=\"og:image\" content=\"https:\/\/mooi-kliniek.nl\/wp-content\/uploads\/2022\/04\/zorg-vergoeding-plastische-chirurgie.jpeg\" \/>\n\t<meta property=\"og:image:width\" content=\"1800\" \/>\n\t<meta property=\"og:image:height\" content=\"546\" \/>\n\t<meta property=\"og:image:type\" content=\"image\/jpeg\" \/>\n<meta name=\"twitter:card\" content=\"summary_large_image\" \/>\n<meta name=\"twitter:label1\" content=\"Gesch\u00e4tzte Lesezeit\" \/>\n\t<meta name=\"twitter:data1\" content=\"11\u00a0Minuten\" \/>\n<script type=\"application\/ld+json\" class=\"yoast-schema-graph\">{\"@context\":\"https:\\\/\\\/schema.org\",\"@graph\":[{\"@type\":\"WebPage\",\"@id\":\"https:\\\/\\\/mooi-kliniek.nl\\\/de\\\/informationen\\\/wegbeschreibung\\\/\",\"url\":\"https:\\\/\\\/mooi-kliniek.nl\\\/de\\\/informationen\\\/wegbeschreibung\\\/\",\"name\":\"Wegbeschreibung | Adresse und Route zur - Mooi Kliniek\",\"isPartOf\":{\"@id\":\"https:\\\/\\\/mooi-kliniek.nl\\\/de\\\/#website\"},\"primaryImageOfPage\":{\"@id\":\"https:\\\/\\\/mooi-kliniek.nl\\\/de\\\/informationen\\\/wegbeschreibung\\\/#primaryimage\"},\"image\":{\"@id\":\"https:\\\/\\\/mooi-kliniek.nl\\\/de\\\/informationen\\\/wegbeschreibung\\\/#primaryimage\"},\"thumbnailUrl\":\"https:\\\/\\\/mooi-kliniek.nl\\\/wp-content\\\/uploads\\\/2022\\\/04\\\/zorg-vergoeding-plastische-chirurgie.jpeg\",\"datePublished\":\"2022-01-07T11:58:25+00:00\",\"dateModified\":\"2024-02-08T13:42:38+00:00\",\"description\":\"Adresse: Sphinxcour 6C01 - 6211 XZ Maastricht. Der Eingang befindet sich auf der NORDSEITE des Eiffel-Geb\u00e4udes im 3. Stock.\",\"breadcrumb\":{\"@id\":\"https:\\\/\\\/mooi-kliniek.nl\\\/de\\\/informationen\\\/wegbeschreibung\\\/#breadcrumb\"},\"inLanguage\":\"de\",\"potentialAction\":[{\"@type\":\"ReadAction\",\"target\":[\"https:\\\/\\\/mooi-kliniek.nl\\\/de\\\/informationen\\\/wegbeschreibung\\\/\"]}]},{\"@type\":\"ImageObject\",\"inLanguage\":\"de\",\"@id\":\"https:\\\/\\\/mooi-kliniek.nl\\\/de\\\/informationen\\\/wegbeschreibung\\\/#primaryimage\",\"url\":\"https:\\\/\\\/mooi-kliniek.nl\\\/wp-content\\\/uploads\\\/2022\\\/04\\\/zorg-vergoeding-plastische-chirurgie.jpeg\",\"contentUrl\":\"https:\\\/\\\/mooi-kliniek.nl\\\/wp-content\\\/uploads\\\/2022\\\/04\\\/zorg-vergoeding-plastische-chirurgie.jpeg\",\"width\":1800,\"height\":546},{\"@type\":\"BreadcrumbList\",\"@id\":\"https:\\\/\\\/mooi-kliniek.nl\\\/de\\\/informationen\\\/wegbeschreibung\\\/#breadcrumb\",\"itemListElement\":[{\"@type\":\"ListItem\",\"position\":1,\"name\":\"Home\",\"item\":\"https:\\\/\\\/mooi-kliniek.nl\\\/de\\\/\"},{\"@type\":\"ListItem\",\"position\":2,\"name\":\"Informationen\",\"item\":\"https:\\\/\\\/mooi-kliniek.nl\\\/de\\\/informationen\\\/\"},{\"@type\":\"ListItem\",\"position\":3,\"name\":\"Wegbeschreibung\"}]},{\"@type\":\"WebSite\",\"@id\":\"https:\\\/\\\/mooi-kliniek.nl\\\/de\\\/#website\",\"url\":\"https:\\\/\\\/mooi-kliniek.nl\\\/de\\\/\",\"name\":\"Mooi Kliniek\",\"description\":\"\",\"publisher\":{\"@id\":\"https:\\\/\\\/mooi-kliniek.nl\\\/de\\\/#organization\"},\"potentialAction\":[{\"@type\":\"SearchAction\",\"target\":{\"@type\":\"EntryPoint\",\"urlTemplate\":\"https:\\\/\\\/mooi-kliniek.nl\\\/de\\\/?s={search_term_string}\"},\"query-input\":{\"@type\":\"PropertyValueSpecification\",\"valueRequired\":true,\"valueName\":\"search_term_string\"}}],\"inLanguage\":\"de\"},{\"@type\":\"Organization\",\"@id\":\"https:\\\/\\\/mooi-kliniek.nl\\\/de\\\/#organization\",\"name\":\"MOOI kliniek\",\"url\":\"https:\\\/\\\/mooi-kliniek.nl\\\/de\\\/\",\"logo\":{\"@type\":\"ImageObject\",\"inLanguage\":\"de\",\"@id\":\"https:\\\/\\\/mooi-kliniek.nl\\\/de\\\/#\\\/schema\\\/logo\\\/image\\\/\",\"url\":\"https:\\\/\\\/mooi-kliniek.nl\\\/wp-content\\\/uploads\\\/2021\\\/12\\\/Mooi-kliniek-maastricht-logo.png\",\"contentUrl\":\"https:\\\/\\\/mooi-kliniek.nl\\\/wp-content\\\/uploads\\\/2021\\\/12\\\/Mooi-kliniek-maastricht-logo.png\",\"width\":250,\"height\":119,\"caption\":\"MOOI kliniek\"},\"image\":{\"@id\":\"https:\\\/\\\/mooi-kliniek.nl\\\/de\\\/#\\\/schema\\\/logo\\\/image\\\/\"},\"sameAs\":[\"https:\\\/\\\/www.facebook.com\\\/mooikliniek\",\"https:\\\/\\\/www.linkedin.com\\\/company\\\/mooi-kliniek\"]}]}<\/script>\n<!-- \/ Yoast SEO plugin. -->","yoast_head_json":{"title":"Wegbeschreibung | Adresse und Route zur - Mooi Kliniek","description":"Adresse: Sphinxcour 6C01 - 6211 XZ Maastricht. Der Eingang befindet sich auf der NORDSEITE des Eiffel-Geb\u00e4udes im 3. Stock.","robots":{"index":"index","follow":"follow","max-snippet":"max-snippet:-1","max-image-preview":"max-image-preview:large","max-video-preview":"max-video-preview:-1"},"canonical":"https:\/\/mooi-kliniek.nl\/de\/informationen\/wegbeschreibung\/","og_locale":"de_DE","og_type":"article","og_title":"Wegbeschreibung | Adresse und Route zur - Mooi Kliniek","og_description":"Adresse: Sphinxcour 6C01 - 6211 XZ Maastricht. Der Eingang befindet sich auf der NORDSEITE des Eiffel-Geb\u00e4udes im 3. Stock.","og_url":"https:\/\/mooi-kliniek.nl\/de\/informationen\/wegbeschreibung\/","og_site_name":"Mooi Kliniek","article_publisher":"https:\/\/www.facebook.com\/mooikliniek","article_modified_time":"2024-02-08T13:42:38+00:00","og_image":[{"width":1800,"height":546,"url":"https:\/\/mooi-kliniek.nl\/wp-content\/uploads\/2022\/04\/zorg-vergoeding-plastische-chirurgie.jpeg","type":"image\/jpeg"}],"twitter_card":"summary_large_image","twitter_misc":{"Gesch\u00e4tzte Lesezeit":"11\u00a0Minuten"},"schema":{"@context":"https:\/\/schema.org","@graph":[{"@type":"WebPage","@id":"https:\/\/mooi-kliniek.nl\/de\/informationen\/wegbeschreibung\/","url":"https:\/\/mooi-kliniek.nl\/de\/informationen\/wegbeschreibung\/","name":"Wegbeschreibung | Adresse und Route zur - Mooi Kliniek","isPartOf":{"@id":"https:\/\/mooi-kliniek.nl\/de\/#website"},"primaryImageOfPage":{"@id":"https:\/\/mooi-kliniek.nl\/de\/informationen\/wegbeschreibung\/#primaryimage"},"image":{"@id":"https:\/\/mooi-kliniek.nl\/de\/informationen\/wegbeschreibung\/#primaryimage"},"thumbnailUrl":"https:\/\/mooi-kliniek.nl\/wp-content\/uploads\/2022\/04\/zorg-vergoeding-plastische-chirurgie.jpeg","datePublished":"2022-01-07T11:58:25+00:00","dateModified":"2024-02-08T13:42:38+00:00","description":"Adresse: Sphinxcour 6C01 - 6211 XZ Maastricht. Der Eingang befindet sich auf der NORDSEITE des Eiffel-Geb\u00e4udes im 3. Stock.","breadcrumb":{"@id":"https:\/\/mooi-kliniek.nl\/de\/informationen\/wegbeschreibung\/#breadcrumb"},"inLanguage":"de","potentialAction":[{"@type":"ReadAction","target":["https:\/\/mooi-kliniek.nl\/de\/informationen\/wegbeschreibung\/"]}]},{"@type":"ImageObject","inLanguage":"de","@id":"https:\/\/mooi-kliniek.nl\/de\/informationen\/wegbeschreibung\/#primaryimage","url":"https:\/\/mooi-kliniek.nl\/wp-content\/uploads\/2022\/04\/zorg-vergoeding-plastische-chirurgie.jpeg","contentUrl":"https:\/\/mooi-kliniek.nl\/wp-content\/uploads\/2022\/04\/zorg-vergoeding-plastische-chirurgie.jpeg","width":1800,"height":546},{"@type":"BreadcrumbList","@id":"https:\/\/mooi-kliniek.nl\/de\/informationen\/wegbeschreibung\/#breadcrumb","itemListElement":[{"@type":"ListItem","position":1,"name":"Home","item":"https:\/\/mooi-kliniek.nl\/de\/"},{"@type":"ListItem","position":2,"name":"Informationen","item":"https:\/\/mooi-kliniek.nl\/de\/informationen\/"},{"@type":"ListItem","position":3,"name":"Wegbeschreibung"}]},{"@type":"WebSite","@id":"https:\/\/mooi-kliniek.nl\/de\/#website","url":"https:\/\/mooi-kliniek.nl\/de\/","name":"Mooi Kliniek","description":"","publisher":{"@id":"https:\/\/mooi-kliniek.nl\/de\/#organization"},"potentialAction":[{"@type":"SearchAction","target":{"@type":"EntryPoint","urlTemplate":"https:\/\/mooi-kliniek.nl\/de\/?s={search_term_string}"},"query-input":{"@type":"PropertyValueSpecification","valueRequired":true,"valueName":"search_term_string"}}],"inLanguage":"de"},{"@type":"Organization","@id":"https:\/\/mooi-kliniek.nl\/de\/#organization","name":"MOOI kliniek","url":"https:\/\/mooi-kliniek.nl\/de\/","logo":{"@type":"ImageObject","inLanguage":"de","@id":"https:\/\/mooi-kliniek.nl\/de\/#\/schema\/logo\/image\/","url":"https:\/\/mooi-kliniek.nl\/wp-content\/uploads\/2021\/12\/Mooi-kliniek-maastricht-logo.png","contentUrl":"https:\/\/mooi-kliniek.nl\/wp-content\/uploads\/2021\/12\/Mooi-kliniek-maastricht-logo.png","width":250,"height":119,"caption":"MOOI kliniek"},"image":{"@id":"https:\/\/mooi-kliniek.nl\/de\/#\/schema\/logo\/image\/"},"sameAs":["https:\/\/www.facebook.com\/mooikliniek","https:\/\/www.linkedin.com\/company\/mooi-kliniek"]}]}},"_links":{"self":[{"href":"https:\/\/mooi-kliniek.nl\/de\/wp-json\/wp\/v2\/pages\/7668","targetHints":{"allow":["GET"]}}],"collection":[{"href":"https:\/\/mooi-kliniek.nl\/de\/wp-json\/wp\/v2\/pages"}],"about":[{"href":"https:\/\/mooi-kliniek.nl\/de\/wp-json\/wp\/v2\/types\/page"}],"author":[{"embeddable":true,"href":"https:\/\/mooi-kliniek.nl\/de\/wp-json\/wp\/v2\/users\/2"}],"replies":[{"embeddable":true,"href":"https:\/\/mooi-kliniek.nl\/de\/wp-json\/wp\/v2\/comments?post=7668"}],"version-history":[{"count":9,"href":"https:\/\/mooi-kliniek.nl\/de\/wp-json\/wp\/v2\/pages\/7668\/revisions"}],"predecessor-version":[{"id":11002,"href":"https:\/\/mooi-kliniek.nl\/de\/wp-json\/wp\/v2\/pages\/7668\/revisions\/11002"}],"up":[{"embeddable":true,"href":"https:\/\/mooi-kliniek.nl\/de\/wp-json\/wp\/v2\/pages\/7647"}],"wp:featuredmedia":[{"embeddable":true,"href":"https:\/\/mooi-kliniek.nl\/de\/wp-json\/wp\/v2\/media\/7269"}],"wp:attachment":[{"href":"https:\/\/mooi-kliniek.nl\/de\/wp-json\/wp\/v2\/media?parent=7668"}],"curies":[{"name":"wp","href":"https:\/\/api.w.org\/{rel}","templated":true}]}}