{"id":7725,"date":"2021-10-29T09:01:34","date_gmt":"2021-10-29T09:01:34","guid":{"rendered":"https:\/\/mooi-kliniek.nl\/injektionsmittel-und-fullstoffe\/botulinumtoxin\/"},"modified":"2024-02-20T12:07:04","modified_gmt":"2024-02-20T12:07:04","slug":"botulinumtoxin","status":"publish","type":"page","link":"https:\/\/mooi-kliniek.nl\/de\/botulinumtoxine-und-fillers\/botulinumtoxin\/","title":{"rendered":"Botulinumtoxin"},"content":{"rendered":"<div class=\"fusion-fullwidth fullwidth-box fusion-builder-row-1 fusion-flex-container nonhundred-percent-fullwidth non-hundred-percent-height-scrolling fusion-animated\" style=\"--awb-border-radius-top-left:0px;--awb-border-radius-top-right:0px;--awb-border-radius-bottom-right:0px;--awb-border-radius-bottom-left:0px;--awb-padding-top:60px;--awb-padding-bottom:60px;--awb-padding-top-small:0px;--awb-padding-right-small:12vw;--awb-padding-bottom-small:12vw;--awb-padding-left-small:12vw;--awb-flex-wrap:wrap;\" data-animationType=\"fadeInUp\" data-animationDuration=\"1.2\" data-animationOffset=\"top-into-view\" ><div class=\"fusion-builder-row fusion-row fusion-flex-align-items-flex-start fusion-flex-content-wrap\" style=\"max-width:1207.5px;margin-left: calc(-5% \/ 2 );margin-right: calc(-5% \/ 2 );\"><div class=\"fusion-layout-column fusion_builder_column fusion-builder-column-0 fusion_builder_column_1_6 1_6 fusion-flex-column\" style=\"--awb-bg-size:cover;--awb-width-large:16.666666666667%;--awb-margin-top-large:0px;--awb-spacing-right-large:11.4%;--awb-margin-bottom-large:0px;--awb-spacing-left-large:28.5%;--awb-width-medium:16.666666666667%;--awb-order-medium:0;--awb-spacing-right-medium:11.4%;--awb-spacing-left-medium:28.5%;--awb-width-small:100%;--awb-order-small:0;--awb-spacing-right-small:2.375%;--awb-spacing-left-small:2.375%;\"><div class=\"fusion-column-wrapper fusion-column-has-shadow fusion-flex-justify-content-flex-start fusion-content-layout-column\"><\/div><\/div><div class=\"fusion-layout-column fusion_builder_column fusion-builder-column-1 fusion_builder_column_2_3 2_3 fusion-flex-column\" style=\"--awb-padding-top:10px;--awb-bg-size:cover;--awb-width-large:66.666666666667%;--awb-margin-top-large:0px;--awb-spacing-right-large:7.125%;--awb-margin-bottom-large:0px;--awb-spacing-left-large:2.85%;--awb-width-medium:66.666666666667%;--awb-order-medium:0;--awb-spacing-right-medium:7.125%;--awb-spacing-left-medium:2.85%;--awb-width-small:100%;--awb-order-small:0;--awb-spacing-right-small:2.375%;--awb-spacing-left-small:2.375%;\"><div class=\"fusion-column-wrapper fusion-column-has-shadow fusion-flex-justify-content-flex-start fusion-content-layout-column\"><div class=\"fusion-title title fusion-title-1 fusion-sep-none fusion-title-text fusion-title-size-two\" style=\"--awb-margin-top-small:10px;--awb-margin-right-small:0px;--awb-margin-bottom-small:10px;--awb-margin-left-small:0px;\"><h2 class=\"fusion-title-heading title-heading-left\" style=\"margin:0;line-height:1.3em;\">Botox\u00ae und Bocouture\u00ae Injektionsmittel<\/h2><\/div><div class=\"fusion-text fusion-text-1\" style=\"--awb-font-size:18px;--awb-text-color:#003438;\"><p>Botulinumtoxin ist besser bekannt unter dem Markennamen <strong>&#8218;Botox\u00ae<\/strong>&#8218; von Allergan. Bocouture\u00ae ist eine neue, gereinigte Form von Botulinumtoxin. In der MOOI-Klinik arbeiten wir in unserer Privatklinik in <strong>Maastricht<\/strong> mit beiden Produkten. Wir beraten Sie gerne bei der Wahl zwischen den beiden Varianten. <a href=\"https:\/\/mooi-kliniek.nl\/de\/kontakt\/einen-termin-vereinbaren\/\">Vereinbaren Sie einen Beratungstermin<\/a>.<\/p>\n<\/div><\/div><\/div><div class=\"fusion-layout-column fusion_builder_column fusion-builder-column-2 fusion_builder_column_1_6 1_6 fusion-flex-column fusion-no-small-visibility\" style=\"--awb-bg-size:cover;--awb-width-large:16.666666666667%;--awb-margin-top-large:0px;--awb-spacing-right-large:11.4%;--awb-margin-bottom-large:0px;--awb-spacing-left-large:28.5%;--awb-width-medium:16.666666666667%;--awb-order-medium:0;--awb-spacing-right-medium:11.4%;--awb-spacing-left-medium:28.5%;--awb-width-small:100%;--awb-order-small:0;--awb-spacing-right-small:2.375%;--awb-spacing-left-small:2.375%;\"><div class=\"fusion-column-wrapper fusion-column-has-shadow fusion-flex-justify-content-flex-start fusion-content-layout-column\"><\/div><\/div><div class=\"fusion-layout-column fusion_builder_column fusion-builder-column-3 fusion_builder_column_1_6 1_6 fusion-flex-column fusion-no-small-visibility\" style=\"--awb-bg-size:cover;--awb-width-large:16.666666666667%;--awb-margin-top-large:0px;--awb-spacing-right-large:28.5%;--awb-margin-bottom-large:0px;--awb-spacing-left-large:11.4%;--awb-width-medium:16.666666666667%;--awb-order-medium:0;--awb-spacing-right-medium:28.5%;--awb-spacing-left-medium:11.4%;--awb-width-small:100%;--awb-order-small:0;--awb-spacing-right-small:2.375%;--awb-spacing-left-small:2.375%;\"><div class=\"fusion-column-wrapper fusion-column-has-shadow fusion-flex-justify-content-flex-start fusion-content-layout-column\"><\/div><\/div><div class=\"fusion-layout-column fusion_builder_column fusion-builder-column-4 fusion_builder_column_2_3 2_3 fusion-flex-column\" style=\"--awb-bg-size:cover;--awb-width-large:66.666666666667%;--awb-margin-top-large:0px;--awb-spacing-right-large:7.125%;--awb-margin-bottom-large:0px;--awb-spacing-left-large:2.85%;--awb-width-medium:66.666666666667%;--awb-order-medium:0;--awb-spacing-right-medium:7.125%;--awb-spacing-left-medium:2.85%;--awb-width-small:100%;--awb-order-small:0;--awb-spacing-right-small:2.375%;--awb-spacing-left-small:2.375%;\"><div class=\"fusion-column-wrapper fusion-column-has-shadow fusion-flex-justify-content-flex-start fusion-content-layout-column\"><div class=\"fusion-text fusion-text-2\"><h2>Was bewirkt <strong>Botox\u00ae<\/strong>?<\/h2>\n<p>Botulinumtoxin ist der Wirkstoff in der Injektionsl\u00f6sung, der die L\u00e4hmung oder Erschlaffung eines Muskels bewirkt. Es f\u00fcllt also keine Falten auf, sondern verleiht dem Gesicht oft ein ruhigeres Aussehen, indem es bestimmte Gesichtsmuskeln entspannt. Die Wirkung von Botulinumtoxin h\u00e4lt 3 bis 4 Monate an.<\/p>\n<p>Feine F\u00e4ltchen verschwinden in der Regel nach einer ersten <strong>Botox\u00ae-Behandlung <\/strong>. Tiefere Falten erfordern wiederholte Behandlungen oder eine Kombinationsbehandlung mit einem Filler.<\/p>\n<h2><strong>Falten vermindern <\/strong><\/h2>\n<p>Botox\u00ae wird am h\u00e4ufigsten bei Stirnfalten und Zornesfalten eingesetzt. Auch Kr\u00e4henf\u00fc\u00dfe und kleine F\u00e4ltchen um die Augen lassen sich damit sehr gut behandeln. Botulinumtoxin kann auch zur Behandlung von Lachfalten an der Nase, den so genannten Bunny-Lines, eingesetzt werden. Ein Gummy Smile kann behoben werden, wenn Sie feststellen, dass Ihr Zahnfleisch beim L\u00e4cheln zu stark sichtbar ist. Dies kann behoben werden, ohne dass Sie Ihren Gesichtsausdruck ver\u00e4ndern m\u00fcssen.<\/p>\n<h2><strong>Botox\u00ae gegen Schwitzen<\/strong><\/h2>\n<p><img decoding=\"async\" class=\"lazyload alignnone size-full wp-image-4253\" src=\"https:\/\/mooi-kliniek.nl\/wp-content\/uploads\/2021\/11\/Botox-oksels-zweten.jpg\" data-orig-src=\"https:\/\/mooi-kliniek.nl\/wp-content\/uploads\/2021\/11\/Botox-oksels-zweten.jpg\" alt=\"Botox Schwitzen unter den Achseln\" width=\"900\" height=\"806\" srcset=\"data:image\/svg+xml,%3Csvg%20xmlns%3D%27http%3A%2F%2Fwww.w3.org%2F2000%2Fsvg%27%20width%3D%27900%27%20height%3D%27806%27%20viewBox%3D%270%200%20900%20806%27%3E%3Crect%20width%3D%27900%27%20height%3D%27806%27%20fill-opacity%3D%220%22%2F%3E%3C%2Fsvg%3E\" data-srcset=\"https:\/\/mooi-kliniek.nl\/wp-content\/uploads\/2021\/11\/Botox-oksels-zweten-200x179.jpg 200w, https:\/\/mooi-kliniek.nl\/wp-content\/uploads\/2021\/11\/Botox-oksels-zweten-300x269.jpg 300w, https:\/\/mooi-kliniek.nl\/wp-content\/uploads\/2021\/11\/Botox-oksels-zweten-400x358.jpg 400w, https:\/\/mooi-kliniek.nl\/wp-content\/uploads\/2021\/11\/Botox-oksels-zweten-600x537.jpg 600w, https:\/\/mooi-kliniek.nl\/wp-content\/uploads\/2021\/11\/Botox-oksels-zweten-768x688.jpg 768w, https:\/\/mooi-kliniek.nl\/wp-content\/uploads\/2021\/11\/Botox-oksels-zweten-800x716.jpg 800w, https:\/\/mooi-kliniek.nl\/wp-content\/uploads\/2021\/11\/Botox-oksels-zweten.jpg 900w\" data-sizes=\"auto\" data-orig-sizes=\"(max-width: 900px) 100vw, 900px\" \/><\/p>\n<p>Auch <strong>\u00fcberm\u00e4\u00dfiges Schwitzen in den Achselh\u00f6hlen<\/strong> und an den H\u00e4nden kann mit Botulinumtoxin wirksam behandelt werden. Die Wirkungsdauer dieser Botulinumtoxin-Behandlung betr\u00e4gt sechs bis 12 Monate.<\/p>\n<h2><strong>Die Botox\u00ae-Behandlung<\/strong><\/h2>\n<p>Das Medikament wird mit sehr d\u00fcnnen Nadeln in die Muskeln injiziert, die die Falten verursachen. Die Behandlung dauert etwa 15 Minuten, eine Bet\u00e4ubung ist nicht erforderlich. Danach ist die Haut etwas ger\u00f6tet und geschwollen. Schon nach wenigen Tagen werden Sie Ergebnisse sehen.<\/p>\n<\/div><ul style=\"--awb-size:17px;--awb-iconcolor:#21362b;--awb-line-height:28.9px;--awb-icon-width:28.9px;--awb-icon-height:28.9px;--awb-icon-margin:11.9px;--awb-content-margin:40.8px;\" class=\"fusion-checklist fusion-checklist-1 fusion-checklist-default type-icons\"><li class=\"fusion-li-item\" style=\"\"><span class=\"icon-wrapper circle-no\"><i class=\"fusion-li-icon fa-check-circle fas\" aria-hidden=\"true\"><\/i><\/span><div class=\"fusion-li-item-content\">\n<p><a href=\"https:\/\/www.zorgkaartnederland.nl\/zorginstelling\/esthetisch-medisch-centrum-mooi-kliniek-maastricht-3061448\/waardering\" target=\"_blank\" rel=\"noopener\">Unsere Kunden bewerten uns mit einer Durchschnittsnote von 9,6!<\/a><\/p>\n<\/div><\/li><li class=\"fusion-li-item\" style=\"\"><span class=\"icon-wrapper circle-no\"><i class=\"fusion-li-icon fa-star fas\" aria-hidden=\"true\"><\/i><\/span><div class=\"fusion-li-item-content\">\n<p>Filler und Botulinumtoxine von h\u00f6chster Qualit\u00e4t<\/p>\n<\/div><\/li><li class=\"fusion-li-item\" style=\"\"><span class=\"icon-wrapper circle-no\"><i class=\"fusion-li-icon fa-user-check fas\" aria-hidden=\"true\"><\/i><\/span><div class=\"fusion-li-item-content\">\n<p>Behandlung durch einen plastischen Chirurgen oder Kosmetikarzt<\/p>\n<\/div><\/li><\/ul>\n<div class=\"fusion-text fusion-text-3\" style=\"--awb-margin-top:30px;\"><p><a href=\"https:\/\/mooi-kliniek.nl\/de\/informationen\/preise\/\"><strong>Alle Preise finden Sie hier.<\/strong><\/a><\/p>\n<\/div><\/div><\/div><\/div><\/div>\n","protected":false},"excerpt":{"rendered":"","protected":false},"author":2,"featured_media":7091,"parent":7713,"menu_order":0,"comment_status":"closed","ping_status":"closed","template":"100-width.php","meta":{"_glsr_average":0,"_glsr_ranking":0,"_glsr_reviews":0,"footnotes":""},"class_list":["post-7725","page","type-page","status-publish","has-post-thumbnail","hentry"],"yoast_head":"<!-- This site is optimized with the Yoast SEO plugin v27.4 - https:\/\/yoast.com\/product\/yoast-seo-wordpress\/ -->\n<title>Botox\u00ae Maastricht | Anti-Falten-Behandlung in der Mooi Kliniek<\/title>\n<meta name=\"description\" content=\"Botulinumtoxin ist besser bekannt unter dem Markennamen &#039;Botox\u00ae&#039; von Allergan. Bocouture\u00ae&quot; ist eine neue, gereinigte Form von Botulinumtoxin.\" \/>\n<meta name=\"robots\" content=\"index, follow, max-snippet:-1, max-image-preview:large, max-video-preview:-1\" \/>\n<link rel=\"canonical\" href=\"https:\/\/mooi-kliniek.nl\/de\/botulinumtoxine-und-fillers\/botulinumtoxin\/\" \/>\n<meta property=\"og:locale\" content=\"de_DE\" \/>\n<meta property=\"og:type\" content=\"article\" \/>\n<meta property=\"og:title\" content=\"Botox\u00ae Maastricht | Anti-Falten-Behandlung in der Mooi Kliniek\" \/>\n<meta property=\"og:description\" content=\"Botulinumtoxin ist besser bekannt unter dem Markennamen &#039;Botox\u00ae&#039; von Allergan. Bocouture\u00ae&quot; ist eine neue, gereinigte Form von Botulinumtoxin.\" \/>\n<meta property=\"og:url\" content=\"https:\/\/mooi-kliniek.nl\/de\/botulinumtoxine-und-fillers\/botulinumtoxin\/\" \/>\n<meta property=\"og:site_name\" content=\"Mooi Kliniek\" \/>\n<meta property=\"article:publisher\" content=\"https:\/\/www.facebook.com\/mooikliniek\" \/>\n<meta property=\"article:modified_time\" content=\"2024-02-20T12:07:04+00:00\" \/>\n<meta property=\"og:image\" content=\"https:\/\/mooi-kliniek.nl\/wp-content\/uploads\/2021\/11\/Botox-maastricht.jpg\" \/>\n\t<meta property=\"og:image:width\" content=\"1000\" \/>\n\t<meta property=\"og:image:height\" content=\"339\" \/>\n\t<meta property=\"og:image:type\" content=\"image\/jpeg\" \/>\n<meta name=\"twitter:card\" content=\"summary_large_image\" \/>\n<meta name=\"twitter:label1\" content=\"Gesch\u00e4tzte Lesezeit\" \/>\n\t<meta name=\"twitter:data1\" content=\"12\u00a0Minuten\" \/>\n<script type=\"application\/ld+json\" class=\"yoast-schema-graph\">{\"@context\":\"https:\\\/\\\/schema.org\",\"@graph\":[{\"@type\":\"WebPage\",\"@id\":\"https:\\\/\\\/mooi-kliniek.nl\\\/de\\\/botulinumtoxine-und-fillers\\\/botulinumtoxin\\\/\",\"url\":\"https:\\\/\\\/mooi-kliniek.nl\\\/de\\\/botulinumtoxine-und-fillers\\\/botulinumtoxin\\\/\",\"name\":\"Botox\u00ae Maastricht | Anti-Falten-Behandlung in der Mooi Kliniek\",\"isPartOf\":{\"@id\":\"https:\\\/\\\/mooi-kliniek.nl\\\/de\\\/#website\"},\"primaryImageOfPage\":{\"@id\":\"https:\\\/\\\/mooi-kliniek.nl\\\/de\\\/botulinumtoxine-und-fillers\\\/botulinumtoxin\\\/#primaryimage\"},\"image\":{\"@id\":\"https:\\\/\\\/mooi-kliniek.nl\\\/de\\\/botulinumtoxine-und-fillers\\\/botulinumtoxin\\\/#primaryimage\"},\"thumbnailUrl\":\"https:\\\/\\\/mooi-kliniek.nl\\\/wp-content\\\/uploads\\\/2021\\\/11\\\/Botox-maastricht.jpg\",\"datePublished\":\"2021-10-29T09:01:34+00:00\",\"dateModified\":\"2024-02-20T12:07:04+00:00\",\"description\":\"Botulinumtoxin ist besser bekannt unter dem Markennamen 'Botox\u00ae' von Allergan. Bocouture\u00ae\\\" ist eine neue, gereinigte Form von Botulinumtoxin.\",\"breadcrumb\":{\"@id\":\"https:\\\/\\\/mooi-kliniek.nl\\\/de\\\/botulinumtoxine-und-fillers\\\/botulinumtoxin\\\/#breadcrumb\"},\"inLanguage\":\"de\",\"potentialAction\":[{\"@type\":\"ReadAction\",\"target\":[\"https:\\\/\\\/mooi-kliniek.nl\\\/de\\\/botulinumtoxine-und-fillers\\\/botulinumtoxin\\\/\"]}]},{\"@type\":\"ImageObject\",\"inLanguage\":\"de\",\"@id\":\"https:\\\/\\\/mooi-kliniek.nl\\\/de\\\/botulinumtoxine-und-fillers\\\/botulinumtoxin\\\/#primaryimage\",\"url\":\"https:\\\/\\\/mooi-kliniek.nl\\\/wp-content\\\/uploads\\\/2021\\\/11\\\/Botox-maastricht.jpg\",\"contentUrl\":\"https:\\\/\\\/mooi-kliniek.nl\\\/wp-content\\\/uploads\\\/2021\\\/11\\\/Botox-maastricht.jpg\",\"width\":1000,\"height\":339},{\"@type\":\"BreadcrumbList\",\"@id\":\"https:\\\/\\\/mooi-kliniek.nl\\\/de\\\/botulinumtoxine-und-fillers\\\/botulinumtoxin\\\/#breadcrumb\",\"itemListElement\":[{\"@type\":\"ListItem\",\"position\":1,\"name\":\"Home\",\"item\":\"https:\\\/\\\/mooi-kliniek.nl\\\/de\\\/\"},{\"@type\":\"ListItem\",\"position\":2,\"name\":\"Injektionsmittel und F\u00fcllstoffe\",\"item\":\"https:\\\/\\\/mooi-kliniek.nl\\\/de\\\/botulinumtoxine-und-fillers\\\/\"},{\"@type\":\"ListItem\",\"position\":3,\"name\":\"Botulinumtoxin\"}]},{\"@type\":\"WebSite\",\"@id\":\"https:\\\/\\\/mooi-kliniek.nl\\\/de\\\/#website\",\"url\":\"https:\\\/\\\/mooi-kliniek.nl\\\/de\\\/\",\"name\":\"Mooi Kliniek\",\"description\":\"\",\"publisher\":{\"@id\":\"https:\\\/\\\/mooi-kliniek.nl\\\/de\\\/#organization\"},\"potentialAction\":[{\"@type\":\"SearchAction\",\"target\":{\"@type\":\"EntryPoint\",\"urlTemplate\":\"https:\\\/\\\/mooi-kliniek.nl\\\/de\\\/?s={search_term_string}\"},\"query-input\":{\"@type\":\"PropertyValueSpecification\",\"valueRequired\":true,\"valueName\":\"search_term_string\"}}],\"inLanguage\":\"de\"},{\"@type\":\"Organization\",\"@id\":\"https:\\\/\\\/mooi-kliniek.nl\\\/de\\\/#organization\",\"name\":\"MOOI kliniek\",\"url\":\"https:\\\/\\\/mooi-kliniek.nl\\\/de\\\/\",\"logo\":{\"@type\":\"ImageObject\",\"inLanguage\":\"de\",\"@id\":\"https:\\\/\\\/mooi-kliniek.nl\\\/de\\\/#\\\/schema\\\/logo\\\/image\\\/\",\"url\":\"https:\\\/\\\/mooi-kliniek.nl\\\/wp-content\\\/uploads\\\/2021\\\/12\\\/Mooi-kliniek-maastricht-logo.png\",\"contentUrl\":\"https:\\\/\\\/mooi-kliniek.nl\\\/wp-content\\\/uploads\\\/2021\\\/12\\\/Mooi-kliniek-maastricht-logo.png\",\"width\":250,\"height\":119,\"caption\":\"MOOI kliniek\"},\"image\":{\"@id\":\"https:\\\/\\\/mooi-kliniek.nl\\\/de\\\/#\\\/schema\\\/logo\\\/image\\\/\"},\"sameAs\":[\"https:\\\/\\\/www.facebook.com\\\/mooikliniek\",\"https:\\\/\\\/www.linkedin.com\\\/company\\\/mooi-kliniek\"]}]}<\/script>\n<!-- \/ Yoast SEO plugin. -->","yoast_head_json":{"title":"Botox\u00ae Maastricht | Anti-Falten-Behandlung in der Mooi Kliniek","description":"Botulinumtoxin ist besser bekannt unter dem Markennamen 'Botox\u00ae' von Allergan. Bocouture\u00ae\" ist eine neue, gereinigte Form von Botulinumtoxin.","robots":{"index":"index","follow":"follow","max-snippet":"max-snippet:-1","max-image-preview":"max-image-preview:large","max-video-preview":"max-video-preview:-1"},"canonical":"https:\/\/mooi-kliniek.nl\/de\/botulinumtoxine-und-fillers\/botulinumtoxin\/","og_locale":"de_DE","og_type":"article","og_title":"Botox\u00ae Maastricht | Anti-Falten-Behandlung in der Mooi Kliniek","og_description":"Botulinumtoxin ist besser bekannt unter dem Markennamen 'Botox\u00ae' von Allergan. Bocouture\u00ae\" ist eine neue, gereinigte Form von Botulinumtoxin.","og_url":"https:\/\/mooi-kliniek.nl\/de\/botulinumtoxine-und-fillers\/botulinumtoxin\/","og_site_name":"Mooi Kliniek","article_publisher":"https:\/\/www.facebook.com\/mooikliniek","article_modified_time":"2024-02-20T12:07:04+00:00","og_image":[{"width":1000,"height":339,"url":"https:\/\/mooi-kliniek.nl\/wp-content\/uploads\/2021\/11\/Botox-maastricht.jpg","type":"image\/jpeg"}],"twitter_card":"summary_large_image","twitter_misc":{"Gesch\u00e4tzte Lesezeit":"12\u00a0Minuten"},"schema":{"@context":"https:\/\/schema.org","@graph":[{"@type":"WebPage","@id":"https:\/\/mooi-kliniek.nl\/de\/botulinumtoxine-und-fillers\/botulinumtoxin\/","url":"https:\/\/mooi-kliniek.nl\/de\/botulinumtoxine-und-fillers\/botulinumtoxin\/","name":"Botox\u00ae Maastricht | Anti-Falten-Behandlung in der Mooi Kliniek","isPartOf":{"@id":"https:\/\/mooi-kliniek.nl\/de\/#website"},"primaryImageOfPage":{"@id":"https:\/\/mooi-kliniek.nl\/de\/botulinumtoxine-und-fillers\/botulinumtoxin\/#primaryimage"},"image":{"@id":"https:\/\/mooi-kliniek.nl\/de\/botulinumtoxine-und-fillers\/botulinumtoxin\/#primaryimage"},"thumbnailUrl":"https:\/\/mooi-kliniek.nl\/wp-content\/uploads\/2021\/11\/Botox-maastricht.jpg","datePublished":"2021-10-29T09:01:34+00:00","dateModified":"2024-02-20T12:07:04+00:00","description":"Botulinumtoxin ist besser bekannt unter dem Markennamen 'Botox\u00ae' von Allergan. Bocouture\u00ae\" ist eine neue, gereinigte Form von Botulinumtoxin.","breadcrumb":{"@id":"https:\/\/mooi-kliniek.nl\/de\/botulinumtoxine-und-fillers\/botulinumtoxin\/#breadcrumb"},"inLanguage":"de","potentialAction":[{"@type":"ReadAction","target":["https:\/\/mooi-kliniek.nl\/de\/botulinumtoxine-und-fillers\/botulinumtoxin\/"]}]},{"@type":"ImageObject","inLanguage":"de","@id":"https:\/\/mooi-kliniek.nl\/de\/botulinumtoxine-und-fillers\/botulinumtoxin\/#primaryimage","url":"https:\/\/mooi-kliniek.nl\/wp-content\/uploads\/2021\/11\/Botox-maastricht.jpg","contentUrl":"https:\/\/mooi-kliniek.nl\/wp-content\/uploads\/2021\/11\/Botox-maastricht.jpg","width":1000,"height":339},{"@type":"BreadcrumbList","@id":"https:\/\/mooi-kliniek.nl\/de\/botulinumtoxine-und-fillers\/botulinumtoxin\/#breadcrumb","itemListElement":[{"@type":"ListItem","position":1,"name":"Home","item":"https:\/\/mooi-kliniek.nl\/de\/"},{"@type":"ListItem","position":2,"name":"Injektionsmittel und F\u00fcllstoffe","item":"https:\/\/mooi-kliniek.nl\/de\/botulinumtoxine-und-fillers\/"},{"@type":"ListItem","position":3,"name":"Botulinumtoxin"}]},{"@type":"WebSite","@id":"https:\/\/mooi-kliniek.nl\/de\/#website","url":"https:\/\/mooi-kliniek.nl\/de\/","name":"Mooi Kliniek","description":"","publisher":{"@id":"https:\/\/mooi-kliniek.nl\/de\/#organization"},"potentialAction":[{"@type":"SearchAction","target":{"@type":"EntryPoint","urlTemplate":"https:\/\/mooi-kliniek.nl\/de\/?s={search_term_string}"},"query-input":{"@type":"PropertyValueSpecification","valueRequired":true,"valueName":"search_term_string"}}],"inLanguage":"de"},{"@type":"Organization","@id":"https:\/\/mooi-kliniek.nl\/de\/#organization","name":"MOOI kliniek","url":"https:\/\/mooi-kliniek.nl\/de\/","logo":{"@type":"ImageObject","inLanguage":"de","@id":"https:\/\/mooi-kliniek.nl\/de\/#\/schema\/logo\/image\/","url":"https:\/\/mooi-kliniek.nl\/wp-content\/uploads\/2021\/12\/Mooi-kliniek-maastricht-logo.png","contentUrl":"https:\/\/mooi-kliniek.nl\/wp-content\/uploads\/2021\/12\/Mooi-kliniek-maastricht-logo.png","width":250,"height":119,"caption":"MOOI kliniek"},"image":{"@id":"https:\/\/mooi-kliniek.nl\/de\/#\/schema\/logo\/image\/"},"sameAs":["https:\/\/www.facebook.com\/mooikliniek","https:\/\/www.linkedin.com\/company\/mooi-kliniek"]}]}},"_links":{"self":[{"href":"https:\/\/mooi-kliniek.nl\/de\/wp-json\/wp\/v2\/pages\/7725","targetHints":{"allow":["GET"]}}],"collection":[{"href":"https:\/\/mooi-kliniek.nl\/de\/wp-json\/wp\/v2\/pages"}],"about":[{"href":"https:\/\/mooi-kliniek.nl\/de\/wp-json\/wp\/v2\/types\/page"}],"author":[{"embeddable":true,"href":"https:\/\/mooi-kliniek.nl\/de\/wp-json\/wp\/v2\/users\/2"}],"replies":[{"embeddable":true,"href":"https:\/\/mooi-kliniek.nl\/de\/wp-json\/wp\/v2\/comments?post=7725"}],"version-history":[{"count":8,"href":"https:\/\/mooi-kliniek.nl\/de\/wp-json\/wp\/v2\/pages\/7725\/revisions"}],"predecessor-version":[{"id":11435,"href":"https:\/\/mooi-kliniek.nl\/de\/wp-json\/wp\/v2\/pages\/7725\/revisions\/11435"}],"up":[{"embeddable":true,"href":"https:\/\/mooi-kliniek.nl\/de\/wp-json\/wp\/v2\/pages\/7713"}],"wp:featuredmedia":[{"embeddable":true,"href":"https:\/\/mooi-kliniek.nl\/de\/wp-json\/wp\/v2\/media\/7091"}],"wp:attachment":[{"href":"https:\/\/mooi-kliniek.nl\/de\/wp-json\/wp\/v2\/media?parent=7725"}],"curies":[{"name":"wp","href":"https:\/\/api.w.org\/{rel}","templated":true}]}}