{"id":7728,"date":"2021-11-17T10:00:45","date_gmt":"2021-11-17T10:00:45","guid":{"rendered":"https:\/\/mooi-kliniek.nl\/injektionsmittel-und-fullstoffe\/juvederm-fullstoff\/"},"modified":"2024-02-20T12:05:47","modified_gmt":"2024-02-20T12:05:47","slug":"juvederm-fullstoff","status":"publish","type":"page","link":"https:\/\/mooi-kliniek.nl\/de\/botulinumtoxine-und-fillers\/juvederm-fullstoff\/","title":{"rendered":"Juv\u00e9derm\u00ae F\u00fcllstoff"},"content":{"rendered":"<div class=\"fusion-fullwidth fullwidth-box fusion-builder-row-1 fusion-flex-container nonhundred-percent-fullwidth non-hundred-percent-height-scrolling fusion-animated\" style=\"--awb-border-radius-top-left:0px;--awb-border-radius-top-right:0px;--awb-border-radius-bottom-right:0px;--awb-border-radius-bottom-left:0px;--awb-padding-top:60px;--awb-padding-bottom:60px;--awb-padding-top-small:0px;--awb-padding-right-small:12vw;--awb-padding-bottom-small:12vw;--awb-padding-left-small:12vw;--awb-flex-wrap:wrap;\" data-animationType=\"fadeInUp\" data-animationDuration=\"1.2\" data-animationOffset=\"top-into-view\" ><div class=\"fusion-builder-row fusion-row fusion-flex-align-items-flex-start fusion-flex-content-wrap\" style=\"max-width:1207.5px;margin-left: calc(-5% \/ 2 );margin-right: calc(-5% \/ 2 );\"><div class=\"fusion-layout-column fusion_builder_column fusion-builder-column-0 fusion_builder_column_1_6 1_6 fusion-flex-column\" style=\"--awb-bg-size:cover;--awb-width-large:16.666666666667%;--awb-margin-top-large:0px;--awb-spacing-right-large:11.4%;--awb-margin-bottom-large:0px;--awb-spacing-left-large:28.5%;--awb-width-medium:16.666666666667%;--awb-order-medium:0;--awb-spacing-right-medium:11.4%;--awb-spacing-left-medium:28.5%;--awb-width-small:100%;--awb-order-small:0;--awb-spacing-right-small:2.375%;--awb-spacing-left-small:2.375%;\"><div class=\"fusion-column-wrapper fusion-column-has-shadow fusion-flex-justify-content-flex-start fusion-content-layout-column\"><\/div><\/div><div class=\"fusion-layout-column fusion_builder_column fusion-builder-column-1 fusion_builder_column_2_3 2_3 fusion-flex-column\" style=\"--awb-padding-top:10px;--awb-bg-size:cover;--awb-width-large:66.666666666667%;--awb-margin-top-large:0px;--awb-spacing-right-large:7.125%;--awb-margin-bottom-large:0px;--awb-spacing-left-large:2.85%;--awb-width-medium:66.666666666667%;--awb-order-medium:0;--awb-spacing-right-medium:7.125%;--awb-spacing-left-medium:2.85%;--awb-width-small:100%;--awb-order-small:0;--awb-spacing-right-small:2.375%;--awb-spacing-left-small:2.375%;\"><div class=\"fusion-column-wrapper fusion-column-has-shadow fusion-flex-justify-content-flex-start fusion-content-layout-column\"><div class=\"fusion-title title fusion-title-1 fusion-sep-none fusion-title-text fusion-title-size-two\" style=\"--awb-margin-top-small:10px;--awb-margin-right-small:0px;--awb-margin-bottom-small:10px;--awb-margin-left-small:0px;\"><h2 class=\"fusion-title-heading title-heading-left\" style=\"margin:0;line-height:1.3em;\"><div class=\"fusion-li-item-content\">\n<p class=\"title-heading-center fusion-responsive-typography-calculated\" data-fontsize=\"32\" data-lineheight=\"37.12px\">Juv\u00e9derm\u00ae Hyalurons\u00e4ure-F\u00fcllstoff<\/p>\n<\/div><\/h2><\/div><div class=\"fusion-text fusion-text-1\" style=\"--awb-font-size:18px;--awb-text-color:#003438;\"><p><sup>JUV\u00c9DERM\u00ae<\/sup> ist einer der weltweit am h\u00e4ufigsten verwendeten Hyalurons\u00e4ure-Filler und stammt von der Marke Allergan. Je nach Bedarf und Tiefe der Falten verwenden wir eine der verschiedenen Arten von Fillern von Juv\u00e9derm (einschlie\u00dflich Volift, Volbella und Voluma). In der MOOI-Klinik arbeiten wir in unserer Privatklinik in <strong>Maastricht<\/strong> mit verschiedenen A-Marken-Fillern. Wir beraten Sie gerne bei der Auswahl zwischen den Optionen. <a href=\"https:\/\/mooi-kliniek.nl\/de\/kontakt\/einen-termin-vereinbaren\/\">Vereinbaren Sie einen Beratungstermin<\/a>.<\/p>\n<\/div><\/div><\/div><div class=\"fusion-layout-column fusion_builder_column fusion-builder-column-2 fusion_builder_column_1_6 1_6 fusion-flex-column fusion-no-small-visibility\" style=\"--awb-bg-size:cover;--awb-width-large:16.666666666667%;--awb-margin-top-large:0px;--awb-spacing-right-large:11.4%;--awb-margin-bottom-large:0px;--awb-spacing-left-large:28.5%;--awb-width-medium:16.666666666667%;--awb-order-medium:0;--awb-spacing-right-medium:11.4%;--awb-spacing-left-medium:28.5%;--awb-width-small:100%;--awb-order-small:0;--awb-spacing-right-small:2.375%;--awb-spacing-left-small:2.375%;\"><div class=\"fusion-column-wrapper fusion-column-has-shadow fusion-flex-justify-content-flex-start fusion-content-layout-column\"><\/div><\/div><div class=\"fusion-layout-column fusion_builder_column fusion-builder-column-3 fusion_builder_column_1_6 1_6 fusion-flex-column fusion-no-small-visibility\" style=\"--awb-bg-size:cover;--awb-width-large:16.666666666667%;--awb-margin-top-large:0px;--awb-spacing-right-large:28.5%;--awb-margin-bottom-large:0px;--awb-spacing-left-large:11.4%;--awb-width-medium:16.666666666667%;--awb-order-medium:0;--awb-spacing-right-medium:28.5%;--awb-spacing-left-medium:11.4%;--awb-width-small:100%;--awb-order-small:0;--awb-spacing-right-small:2.375%;--awb-spacing-left-small:2.375%;\"><div class=\"fusion-column-wrapper fusion-column-has-shadow fusion-flex-justify-content-flex-start fusion-content-layout-column\"><\/div><\/div><div class=\"fusion-layout-column fusion_builder_column fusion-builder-column-4 fusion_builder_column_2_3 2_3 fusion-flex-column\" style=\"--awb-bg-size:cover;--awb-width-large:66.666666666667%;--awb-margin-top-large:0px;--awb-spacing-right-large:7.125%;--awb-margin-bottom-large:0px;--awb-spacing-left-large:2.85%;--awb-width-medium:66.666666666667%;--awb-order-medium:0;--awb-spacing-right-medium:7.125%;--awb-spacing-left-medium:2.85%;--awb-width-small:100%;--awb-order-small:0;--awb-spacing-right-small:2.375%;--awb-spacing-left-small:2.375%;\"><div class=\"fusion-column-wrapper fusion-column-has-shadow fusion-flex-justify-content-flex-start fusion-content-layout-column\"><div class=\"fusion-text fusion-text-2\"><h2>Was bewirkt ein Hyalurons\u00e4ure-Filler?<\/h2>\n<p>Filler wirken anders als Botulinumtoxin-Injektionsmittel. Wie der Name schon sagt, werden Filler zum Auff\u00fcllen von Linien, Falten oder Lippen verwendet. Die meisten F\u00fcllstoffe bestehen aus der Substanz Hyalurons\u00e4ure. Hyalurons\u00e4ure kommt nat\u00fcrlich in unserer Haut vor und wird aus diesen Gr\u00fcnden ebenfalls langsam abgebaut. Filler mit Hyalurons\u00e4ure werden am h\u00e4ufigsten in der kosmetischen Chirurgie verwendet und die Wirkung des Fillers verschwindet ebenfalls nach einigen Monaten.<\/p>\n<h2>Billige F\u00fcllstoffbehandlung?<\/h2>\n<p>Achten Sie bei Hyalurons\u00e4ure genau auf die Qualit\u00e4t und den Preis des Fillers. Die Herstellung von Qualit\u00e4tsf\u00fcllstoffen ist ein komplizierter Prozess, der eine Reihe von Schritten zur Reinigung der Substanz umfasst. Ein guter F\u00fcllstoff wird in vielen Schritten gereinigt, und deshalb ist der Preis des Produkts auch h\u00f6her. Viele billige F\u00fcllstoffe sind nicht gut genug gereinigt und bringen daher bekannte Probleme mit sich. Wenn der Preis anderswo viel billiger ist als sonst, sollte es bei Ihnen klingeln.<\/p>\n<p>In der MOOI-Klinik verwenden wir nur sichere F\u00fcllstoffe von h\u00f6chster Qualit\u00e4t mit vor\u00fcbergehender Wirkung. Erkundigen Sie sich immer bei Ihrem behandelnden Arzt, welche Art von F\u00fcllstoffen er verwendet und wie hoch die Kosten sind.<\/p>\n<h2><strong>F\u00fcllen von Falten und Lippen<\/strong><\/h2>\n<p>Durch den Einsatz von Fillern in der Haut oder knapp darunter erreichen Sie, dass Falten deutlich weniger sichtbar werden. Das bedeutet aber nicht, dass sich Ihr Aussehen \u00e4ndert. Nur, dass Ihre Falten weniger sichtbar werden, da sie vor\u00fcbergehend aufgef\u00fcllt werden. Und das l\u00e4sst Sie frischer und ausgeruhter aussehen. Dar\u00fcber hinaus werden Juv\u00e9derm-Filler auch h\u00e4ufig verwendet, um die Lippen voller zu machen. Ihre Lippen behalten ihre nat\u00fcrliche Form, wirken aber voller.<\/p>\n<p>Dies sind die h\u00e4ufigsten Beschwerden:<\/p>\n<ul>\n<li>Kr\u00e4henf\u00fc\u00dfe<\/li>\n<li>Stirnfalten<\/li>\n<li>Zornesfalten<\/li>\n<li>Raucherfalten um den Mund<\/li>\n<li>Lachfalten<\/li>\n<li>Eingefallene Wangen<\/li>\n<li>Marionettenfalten (h\u00e4ngende Mundwinkel)<\/li>\n<li>Nase &#8211; Lippenfalte<\/li>\n<li>Tr\u00e4nens\u00e4cke unter den Augen<\/li>\n<li>Schmale Lippen<\/li>\n<\/ul>\n<p>Eine straffere Kieferpartie k\u00f6nnen Sie auch mit Fillern erreichen.<\/p>\n<h2><strong>Die Fillerbehandlung mit Juv\u00e9derm<\/strong><sup>\u00a0\u00ae<\/sup><\/h2>\n<p>Der plastische Chirurg oder Dermatologe injiziert den Hyalurons\u00e4uref\u00fcller mit sehr d\u00fcnnen Nadeln in den zu behandelnden Bereich. Die Behandlung dauert etwa 15 Minuten, eine Bet\u00e4ubung ist nicht erforderlich. Wir arbeiten in unserer Klinik mit verschiedenen Arten von Juv\u00e9derm-Fillern. Unter anderem:<\/p>\n<h4>JUVEDERM &#8218;VOLUMA&#8216;<\/h4>\n<p>Dieser F\u00fcller wurde speziell entwickelt, um den Volumenverlust im Gesicht auszugleichen. Denken Sie an eingefallene Schl\u00e4fen oder Wangen. <sup>Juv\u00e9derm\u00ae<\/sup> Voluma verleiht dem Gesicht Volumen und stimuliert gleichzeitig die Kollagenproduktion.<\/p>\n<h4>JUVEDERM &#8218;VOLBELLA&#8216;<\/h4>\n<p>Leiden Sie unter Kr\u00e4henf\u00fc\u00dfen, feinen Linien auf der Stirn oder an den Augen? Dann ist dieser F\u00fcller gut geeignet, um diese ersten Anzeichen der Hautalterung zu beseitigen. Dieser Volbella-Filler wird auch h\u00e4ufig zum Auff\u00fcllen schmaler Lippen verwendet.<\/p>\n<h4>JUVEDERM &#8218;VOLIFT&#8216;<\/h4>\n<p>Dieser F\u00fcller besteht aus einem ultraglatten Gel, das sicher und f\u00fcr tiefe Falten und Knitterfalten im Gesicht geeignet ist. Denken Sie an Falten um die Nase, tiefe Stirnfalten oder Marionettenfalten.<\/p>\n<p>Der Arzt wird Sie \u00fcber die verschiedenen Arten von Fillern aufkl\u00e4ren und schlie\u00dflich bestimmen, welcher F\u00fcller oder welches Injektionsmittel am besten f\u00fcr Ihre Symptome geeignet ist. Nach der Behandlung wird Ihre Haut ein wenig rot und geschwollen sein. Schon nach wenigen Tagen werden Sie Ergebnisse sehen. Die Wirkung dieses F\u00fcllstoffs ist vor\u00fcbergehend, etwa 9 bis 12 Monate.<\/p>\n<\/div><ul style=\"--awb-size:17px;--awb-iconcolor:#21362b;--awb-line-height:28.9px;--awb-icon-width:28.9px;--awb-icon-height:28.9px;--awb-icon-margin:11.9px;--awb-content-margin:40.8px;\" class=\"fusion-checklist fusion-checklist-1 fusion-checklist-default type-icons\"><li class=\"fusion-li-item\" style=\"\"><span class=\"icon-wrapper circle-no\"><i class=\"fusion-li-icon fa-check-circle fas\" aria-hidden=\"true\"><\/i><\/span><div class=\"fusion-li-item-content\">\n<p><a href=\"https:\/\/www.zorgkaartnederland.nl\/zorginstelling\/esthetisch-medisch-centrum-mooi-kliniek-maastricht-3061448\/waardering\" target=\"_blank\" rel=\"noopener\">Unsere Kunden bewerten uns mit einer Durchschnittsnote von 9,6!<\/a><\/p>\n<\/div><\/li><li class=\"fusion-li-item\" style=\"\"><span class=\"icon-wrapper circle-no\"><i class=\"fusion-li-icon fa-star fas\" aria-hidden=\"true\"><\/i><\/span><div class=\"fusion-li-item-content\">\n<p>Filler und Botulinumtoxine von h\u00f6chster Qualit\u00e4t<\/p>\n<\/div><\/li><li class=\"fusion-li-item\" style=\"\"><span class=\"icon-wrapper circle-no\"><i class=\"fusion-li-icon fa-user-check fas\" aria-hidden=\"true\"><\/i><\/span><div class=\"fusion-li-item-content\">\n<p>Behandlung durch einen plastischen Chirurgen oder Kosmetikarzt<\/p>\n<\/div><\/li><\/ul>\n<div class=\"fusion-text fusion-text-3\" style=\"--awb-margin-top:30px;\"><p><a href=\"https:\/\/mooi-kliniek.nl\/de\/informationen\/preise\/\"><strong>Alle Preise finden Sie hier.<\/strong><\/a><\/p>\n<\/div><\/div><\/div><\/div><\/div>\n","protected":false},"excerpt":{"rendered":"","protected":false},"author":2,"featured_media":7974,"parent":7713,"menu_order":0,"comment_status":"closed","ping_status":"closed","template":"100-width.php","meta":{"_glsr_average":0,"_glsr_ranking":0,"_glsr_reviews":0,"footnotes":""},"class_list":["post-7728","page","type-page","status-publish","has-post-thumbnail","hentry"],"yoast_head":"<!-- This site is optimized with the Yoast SEO plugin v27.4 - https:\/\/yoast.com\/product\/yoast-seo-wordpress\/ -->\n<title>JUV\u00c9DERM\u00ae Hyalurons\u00e4ure-F\u00fcllstoff Maastricht - Mooi Kliniek<\/title>\n<meta name=\"description\" content=\"JUV\u00c9DERM\u00ae ist ein Filler auf Hyalurons\u00e4urebasis, der das Volumen der Haut auff\u00fcllt und Falten mildert oder beseitigt.\" \/>\n<meta name=\"robots\" content=\"index, follow, max-snippet:-1, max-image-preview:large, max-video-preview:-1\" \/>\n<link rel=\"canonical\" href=\"https:\/\/mooi-kliniek.nl\/de\/botulinumtoxine-und-fillers\/juvederm-fullstoff\/\" \/>\n<meta property=\"og:locale\" content=\"de_DE\" \/>\n<meta property=\"og:type\" content=\"article\" \/>\n<meta property=\"og:title\" content=\"JUV\u00c9DERM\u00ae Hyalurons\u00e4ure-F\u00fcllstoff Maastricht - Mooi Kliniek\" \/>\n<meta property=\"og:description\" content=\"JUV\u00c9DERM\u00ae ist ein Filler auf Hyalurons\u00e4urebasis, der das Volumen der Haut auff\u00fcllt und Falten mildert oder beseitigt.\" \/>\n<meta property=\"og:url\" content=\"https:\/\/mooi-kliniek.nl\/de\/botulinumtoxine-und-fillers\/juvederm-fullstoff\/\" \/>\n<meta property=\"og:site_name\" content=\"Mooi Kliniek\" \/>\n<meta property=\"article:publisher\" content=\"https:\/\/www.facebook.com\/mooikliniek\" \/>\n<meta property=\"article:modified_time\" content=\"2024-02-20T12:05:47+00:00\" \/>\n<meta property=\"og:image\" content=\"https:\/\/mooi-kliniek.nl\/wp-content\/uploads\/2023\/02\/juvederm-fillers-hyaluronzuur.jpeg\" \/>\n\t<meta property=\"og:image:width\" content=\"1600\" \/>\n\t<meta property=\"og:image:height\" content=\"740\" \/>\n\t<meta property=\"og:image:type\" content=\"image\/jpeg\" \/>\n<meta name=\"twitter:card\" content=\"summary_large_image\" \/>\n<meta name=\"twitter:label1\" content=\"Gesch\u00e4tzte Lesezeit\" \/>\n\t<meta name=\"twitter:data1\" content=\"14\u00a0Minuten\" \/>\n<script type=\"application\/ld+json\" class=\"yoast-schema-graph\">{\"@context\":\"https:\\\/\\\/schema.org\",\"@graph\":[{\"@type\":\"WebPage\",\"@id\":\"https:\\\/\\\/mooi-kliniek.nl\\\/de\\\/botulinumtoxine-und-fillers\\\/juvederm-fullstoff\\\/\",\"url\":\"https:\\\/\\\/mooi-kliniek.nl\\\/de\\\/botulinumtoxine-und-fillers\\\/juvederm-fullstoff\\\/\",\"name\":\"JUV\u00c9DERM\u00ae Hyalurons\u00e4ure-F\u00fcllstoff Maastricht - Mooi Kliniek\",\"isPartOf\":{\"@id\":\"https:\\\/\\\/mooi-kliniek.nl\\\/de\\\/#website\"},\"primaryImageOfPage\":{\"@id\":\"https:\\\/\\\/mooi-kliniek.nl\\\/de\\\/botulinumtoxine-und-fillers\\\/juvederm-fullstoff\\\/#primaryimage\"},\"image\":{\"@id\":\"https:\\\/\\\/mooi-kliniek.nl\\\/de\\\/botulinumtoxine-und-fillers\\\/juvederm-fullstoff\\\/#primaryimage\"},\"thumbnailUrl\":\"https:\\\/\\\/mooi-kliniek.nl\\\/wp-content\\\/uploads\\\/2023\\\/02\\\/juvederm-fillers-hyaluronzuur.jpeg\",\"datePublished\":\"2021-11-17T10:00:45+00:00\",\"dateModified\":\"2024-02-20T12:05:47+00:00\",\"description\":\"JUV\u00c9DERM\u00ae ist ein Filler auf Hyalurons\u00e4urebasis, der das Volumen der Haut auff\u00fcllt und Falten mildert oder beseitigt.\",\"breadcrumb\":{\"@id\":\"https:\\\/\\\/mooi-kliniek.nl\\\/de\\\/botulinumtoxine-und-fillers\\\/juvederm-fullstoff\\\/#breadcrumb\"},\"inLanguage\":\"de\",\"potentialAction\":[{\"@type\":\"ReadAction\",\"target\":[\"https:\\\/\\\/mooi-kliniek.nl\\\/de\\\/botulinumtoxine-und-fillers\\\/juvederm-fullstoff\\\/\"]}]},{\"@type\":\"ImageObject\",\"inLanguage\":\"de\",\"@id\":\"https:\\\/\\\/mooi-kliniek.nl\\\/de\\\/botulinumtoxine-und-fillers\\\/juvederm-fullstoff\\\/#primaryimage\",\"url\":\"https:\\\/\\\/mooi-kliniek.nl\\\/wp-content\\\/uploads\\\/2023\\\/02\\\/juvederm-fillers-hyaluronzuur.jpeg\",\"contentUrl\":\"https:\\\/\\\/mooi-kliniek.nl\\\/wp-content\\\/uploads\\\/2023\\\/02\\\/juvederm-fillers-hyaluronzuur.jpeg\",\"width\":1600,\"height\":740,\"caption\":\"juvederm fillers hyaluronzuur\"},{\"@type\":\"BreadcrumbList\",\"@id\":\"https:\\\/\\\/mooi-kliniek.nl\\\/de\\\/botulinumtoxine-und-fillers\\\/juvederm-fullstoff\\\/#breadcrumb\",\"itemListElement\":[{\"@type\":\"ListItem\",\"position\":1,\"name\":\"Home\",\"item\":\"https:\\\/\\\/mooi-kliniek.nl\\\/de\\\/\"},{\"@type\":\"ListItem\",\"position\":2,\"name\":\"Injektionsmittel und F\u00fcllstoffe\",\"item\":\"https:\\\/\\\/mooi-kliniek.nl\\\/de\\\/botulinumtoxine-und-fillers\\\/\"},{\"@type\":\"ListItem\",\"position\":3,\"name\":\"Juv\u00e9derm\u00ae F\u00fcllstoff\"}]},{\"@type\":\"WebSite\",\"@id\":\"https:\\\/\\\/mooi-kliniek.nl\\\/de\\\/#website\",\"url\":\"https:\\\/\\\/mooi-kliniek.nl\\\/de\\\/\",\"name\":\"Mooi Kliniek\",\"description\":\"\",\"publisher\":{\"@id\":\"https:\\\/\\\/mooi-kliniek.nl\\\/de\\\/#organization\"},\"potentialAction\":[{\"@type\":\"SearchAction\",\"target\":{\"@type\":\"EntryPoint\",\"urlTemplate\":\"https:\\\/\\\/mooi-kliniek.nl\\\/de\\\/?s={search_term_string}\"},\"query-input\":{\"@type\":\"PropertyValueSpecification\",\"valueRequired\":true,\"valueName\":\"search_term_string\"}}],\"inLanguage\":\"de\"},{\"@type\":\"Organization\",\"@id\":\"https:\\\/\\\/mooi-kliniek.nl\\\/de\\\/#organization\",\"name\":\"MOOI kliniek\",\"url\":\"https:\\\/\\\/mooi-kliniek.nl\\\/de\\\/\",\"logo\":{\"@type\":\"ImageObject\",\"inLanguage\":\"de\",\"@id\":\"https:\\\/\\\/mooi-kliniek.nl\\\/de\\\/#\\\/schema\\\/logo\\\/image\\\/\",\"url\":\"https:\\\/\\\/mooi-kliniek.nl\\\/wp-content\\\/uploads\\\/2021\\\/12\\\/Mooi-kliniek-maastricht-logo.png\",\"contentUrl\":\"https:\\\/\\\/mooi-kliniek.nl\\\/wp-content\\\/uploads\\\/2021\\\/12\\\/Mooi-kliniek-maastricht-logo.png\",\"width\":250,\"height\":119,\"caption\":\"MOOI kliniek\"},\"image\":{\"@id\":\"https:\\\/\\\/mooi-kliniek.nl\\\/de\\\/#\\\/schema\\\/logo\\\/image\\\/\"},\"sameAs\":[\"https:\\\/\\\/www.facebook.com\\\/mooikliniek\",\"https:\\\/\\\/www.linkedin.com\\\/company\\\/mooi-kliniek\"]}]}<\/script>\n<!-- \/ Yoast SEO plugin. -->","yoast_head_json":{"title":"JUV\u00c9DERM\u00ae Hyalurons\u00e4ure-F\u00fcllstoff Maastricht - Mooi Kliniek","description":"JUV\u00c9DERM\u00ae ist ein Filler auf Hyalurons\u00e4urebasis, der das Volumen der Haut auff\u00fcllt und Falten mildert oder beseitigt.","robots":{"index":"index","follow":"follow","max-snippet":"max-snippet:-1","max-image-preview":"max-image-preview:large","max-video-preview":"max-video-preview:-1"},"canonical":"https:\/\/mooi-kliniek.nl\/de\/botulinumtoxine-und-fillers\/juvederm-fullstoff\/","og_locale":"de_DE","og_type":"article","og_title":"JUV\u00c9DERM\u00ae Hyalurons\u00e4ure-F\u00fcllstoff Maastricht - Mooi Kliniek","og_description":"JUV\u00c9DERM\u00ae ist ein Filler auf Hyalurons\u00e4urebasis, der das Volumen der Haut auff\u00fcllt und Falten mildert oder beseitigt.","og_url":"https:\/\/mooi-kliniek.nl\/de\/botulinumtoxine-und-fillers\/juvederm-fullstoff\/","og_site_name":"Mooi Kliniek","article_publisher":"https:\/\/www.facebook.com\/mooikliniek","article_modified_time":"2024-02-20T12:05:47+00:00","og_image":[{"width":1600,"height":740,"url":"https:\/\/mooi-kliniek.nl\/wp-content\/uploads\/2023\/02\/juvederm-fillers-hyaluronzuur.jpeg","type":"image\/jpeg"}],"twitter_card":"summary_large_image","twitter_misc":{"Gesch\u00e4tzte Lesezeit":"14\u00a0Minuten"},"schema":{"@context":"https:\/\/schema.org","@graph":[{"@type":"WebPage","@id":"https:\/\/mooi-kliniek.nl\/de\/botulinumtoxine-und-fillers\/juvederm-fullstoff\/","url":"https:\/\/mooi-kliniek.nl\/de\/botulinumtoxine-und-fillers\/juvederm-fullstoff\/","name":"JUV\u00c9DERM\u00ae Hyalurons\u00e4ure-F\u00fcllstoff Maastricht - Mooi Kliniek","isPartOf":{"@id":"https:\/\/mooi-kliniek.nl\/de\/#website"},"primaryImageOfPage":{"@id":"https:\/\/mooi-kliniek.nl\/de\/botulinumtoxine-und-fillers\/juvederm-fullstoff\/#primaryimage"},"image":{"@id":"https:\/\/mooi-kliniek.nl\/de\/botulinumtoxine-und-fillers\/juvederm-fullstoff\/#primaryimage"},"thumbnailUrl":"https:\/\/mooi-kliniek.nl\/wp-content\/uploads\/2023\/02\/juvederm-fillers-hyaluronzuur.jpeg","datePublished":"2021-11-17T10:00:45+00:00","dateModified":"2024-02-20T12:05:47+00:00","description":"JUV\u00c9DERM\u00ae ist ein Filler auf Hyalurons\u00e4urebasis, der das Volumen der Haut auff\u00fcllt und Falten mildert oder beseitigt.","breadcrumb":{"@id":"https:\/\/mooi-kliniek.nl\/de\/botulinumtoxine-und-fillers\/juvederm-fullstoff\/#breadcrumb"},"inLanguage":"de","potentialAction":[{"@type":"ReadAction","target":["https:\/\/mooi-kliniek.nl\/de\/botulinumtoxine-und-fillers\/juvederm-fullstoff\/"]}]},{"@type":"ImageObject","inLanguage":"de","@id":"https:\/\/mooi-kliniek.nl\/de\/botulinumtoxine-und-fillers\/juvederm-fullstoff\/#primaryimage","url":"https:\/\/mooi-kliniek.nl\/wp-content\/uploads\/2023\/02\/juvederm-fillers-hyaluronzuur.jpeg","contentUrl":"https:\/\/mooi-kliniek.nl\/wp-content\/uploads\/2023\/02\/juvederm-fillers-hyaluronzuur.jpeg","width":1600,"height":740,"caption":"juvederm fillers hyaluronzuur"},{"@type":"BreadcrumbList","@id":"https:\/\/mooi-kliniek.nl\/de\/botulinumtoxine-und-fillers\/juvederm-fullstoff\/#breadcrumb","itemListElement":[{"@type":"ListItem","position":1,"name":"Home","item":"https:\/\/mooi-kliniek.nl\/de\/"},{"@type":"ListItem","position":2,"name":"Injektionsmittel und F\u00fcllstoffe","item":"https:\/\/mooi-kliniek.nl\/de\/botulinumtoxine-und-fillers\/"},{"@type":"ListItem","position":3,"name":"Juv\u00e9derm\u00ae F\u00fcllstoff"}]},{"@type":"WebSite","@id":"https:\/\/mooi-kliniek.nl\/de\/#website","url":"https:\/\/mooi-kliniek.nl\/de\/","name":"Mooi Kliniek","description":"","publisher":{"@id":"https:\/\/mooi-kliniek.nl\/de\/#organization"},"potentialAction":[{"@type":"SearchAction","target":{"@type":"EntryPoint","urlTemplate":"https:\/\/mooi-kliniek.nl\/de\/?s={search_term_string}"},"query-input":{"@type":"PropertyValueSpecification","valueRequired":true,"valueName":"search_term_string"}}],"inLanguage":"de"},{"@type":"Organization","@id":"https:\/\/mooi-kliniek.nl\/de\/#organization","name":"MOOI kliniek","url":"https:\/\/mooi-kliniek.nl\/de\/","logo":{"@type":"ImageObject","inLanguage":"de","@id":"https:\/\/mooi-kliniek.nl\/de\/#\/schema\/logo\/image\/","url":"https:\/\/mooi-kliniek.nl\/wp-content\/uploads\/2021\/12\/Mooi-kliniek-maastricht-logo.png","contentUrl":"https:\/\/mooi-kliniek.nl\/wp-content\/uploads\/2021\/12\/Mooi-kliniek-maastricht-logo.png","width":250,"height":119,"caption":"MOOI kliniek"},"image":{"@id":"https:\/\/mooi-kliniek.nl\/de\/#\/schema\/logo\/image\/"},"sameAs":["https:\/\/www.facebook.com\/mooikliniek","https:\/\/www.linkedin.com\/company\/mooi-kliniek"]}]}},"_links":{"self":[{"href":"https:\/\/mooi-kliniek.nl\/de\/wp-json\/wp\/v2\/pages\/7728","targetHints":{"allow":["GET"]}}],"collection":[{"href":"https:\/\/mooi-kliniek.nl\/de\/wp-json\/wp\/v2\/pages"}],"about":[{"href":"https:\/\/mooi-kliniek.nl\/de\/wp-json\/wp\/v2\/types\/page"}],"author":[{"embeddable":true,"href":"https:\/\/mooi-kliniek.nl\/de\/wp-json\/wp\/v2\/users\/2"}],"replies":[{"embeddable":true,"href":"https:\/\/mooi-kliniek.nl\/de\/wp-json\/wp\/v2\/comments?post=7728"}],"version-history":[{"count":6,"href":"https:\/\/mooi-kliniek.nl\/de\/wp-json\/wp\/v2\/pages\/7728\/revisions"}],"predecessor-version":[{"id":11433,"href":"https:\/\/mooi-kliniek.nl\/de\/wp-json\/wp\/v2\/pages\/7728\/revisions\/11433"}],"up":[{"embeddable":true,"href":"https:\/\/mooi-kliniek.nl\/de\/wp-json\/wp\/v2\/pages\/7713"}],"wp:featuredmedia":[{"embeddable":true,"href":"https:\/\/mooi-kliniek.nl\/de\/wp-json\/wp\/v2\/media\/7974"}],"wp:attachment":[{"href":"https:\/\/mooi-kliniek.nl\/de\/wp-json\/wp\/v2\/media?parent=7728"}],"curies":[{"name":"wp","href":"https:\/\/api.w.org\/{rel}","templated":true}]}}