{"id":7734,"date":"2021-10-26T09:16:31","date_gmt":"2021-10-26T09:16:31","guid":{"rendered":"https:\/\/mooi-kliniek.nl\/injektionsmittel-und-fullstoffe\/erholung-und-nachsorge-nach-einer-injektionsbehandlung\/"},"modified":"2024-02-20T12:07:53","modified_gmt":"2024-02-20T12:07:53","slug":"erholung-und-nachsorge-nach-einer-injektionsbehandlung","status":"publish","type":"page","link":"https:\/\/mooi-kliniek.nl\/de\/botulinumtoxine-und-fillers\/erholung-und-nachsorge-nach-einer-injektionsbehandlung\/","title":{"rendered":"Erholung und Nachsorge nach einer Injektionsbehandlung"},"content":{"rendered":"<p><div class=\"fusion-fullwidth fullwidth-box fusion-builder-row-1 fusion-flex-container nonhundred-percent-fullwidth non-hundred-percent-height-scrolling fusion-animated\" style=\"--awb-border-radius-top-left:0px;--awb-border-radius-top-right:0px;--awb-border-radius-bottom-right:0px;--awb-border-radius-bottom-left:0px;--awb-padding-top:60px;--awb-padding-bottom:60px;--awb-padding-top-small:0px;--awb-padding-right-small:12vw;--awb-padding-bottom-small:12vw;--awb-padding-left-small:12vw;--awb-flex-wrap:wrap;\" data-animationType=\"fadeInUp\" data-animationDuration=\"1.2\" data-animationOffset=\"top-into-view\" ><div class=\"fusion-builder-row fusion-row fusion-flex-align-items-flex-start fusion-flex-content-wrap\" style=\"max-width:1207.5px;margin-left: calc(-5% \/ 2 );margin-right: calc(-5% \/ 2 );\"><div class=\"fusion-layout-column fusion_builder_column fusion-builder-column-0 fusion_builder_column_1_6 1_6 fusion-flex-column\" style=\"--awb-bg-size:cover;--awb-width-large:16.666666666667%;--awb-margin-top-large:0px;--awb-spacing-right-large:11.4%;--awb-margin-bottom-large:0px;--awb-spacing-left-large:28.5%;--awb-width-medium:16.666666666667%;--awb-order-medium:0;--awb-spacing-right-medium:11.4%;--awb-spacing-left-medium:28.5%;--awb-width-small:100%;--awb-order-small:0;--awb-spacing-right-small:2.375%;--awb-spacing-left-small:2.375%;\"><div class=\"fusion-column-wrapper fusion-column-has-shadow fusion-flex-justify-content-flex-start fusion-content-layout-column\"><\/div><\/div><div class=\"fusion-layout-column fusion_builder_column fusion-builder-column-1 fusion_builder_column_2_3 2_3 fusion-flex-column\" style=\"--awb-padding-top:10px;--awb-bg-size:cover;--awb-width-large:66.666666666667%;--awb-margin-top-large:0px;--awb-spacing-right-large:7.125%;--awb-margin-bottom-large:0px;--awb-spacing-left-large:2.85%;--awb-width-medium:66.666666666667%;--awb-order-medium:0;--awb-spacing-right-medium:7.125%;--awb-spacing-left-medium:2.85%;--awb-width-small:100%;--awb-order-small:0;--awb-spacing-right-small:2.375%;--awb-spacing-left-small:2.375%;\"><div class=\"fusion-column-wrapper fusion-column-has-shadow fusion-flex-justify-content-flex-start fusion-content-layout-column\"><div class=\"fusion-title title fusion-title-1 fusion-sep-none fusion-title-text fusion-title-size-two\"><h2 class=\"fusion-title-heading title-heading-left\" style=\"margin:0;line-height:1.3em;\">Nachsorge und Lebensregeln nach der Injektionsbehandlung<\/h2><\/div><div class=\"fusion-text fusion-text-1\" style=\"--awb-font-size:18px;--awb-text-color:#003438;\"><p>Von einer Injektions- oder Fillerbehandlung brauchen Sie sich im Grunde nicht zu erholen. Je nach Injektionsmittel kann es einige Tage dauern, bis Sie das Ergebnis beurteilen k\u00f6nnen.<\/p>\n<\/div><\/div><\/div><div class=\"fusion-layout-column fusion_builder_column fusion-builder-column-2 fusion_builder_column_1_6 1_6 fusion-flex-column fusion-no-small-visibility\" style=\"--awb-bg-size:cover;--awb-width-large:16.666666666667%;--awb-margin-top-large:0px;--awb-spacing-right-large:11.4%;--awb-margin-bottom-large:0px;--awb-spacing-left-large:28.5%;--awb-width-medium:16.666666666667%;--awb-order-medium:0;--awb-spacing-right-medium:11.4%;--awb-spacing-left-medium:28.5%;--awb-width-small:100%;--awb-order-small:0;--awb-spacing-right-small:2.375%;--awb-spacing-left-small:2.375%;\"><div class=\"fusion-column-wrapper fusion-column-has-shadow fusion-flex-justify-content-flex-start fusion-content-layout-column\"><\/div><\/div><div class=\"fusion-layout-column fusion_builder_column fusion-builder-column-3 fusion_builder_column_1_6 1_6 fusion-flex-column fusion-no-small-visibility\" style=\"--awb-bg-size:cover;--awb-width-large:16.666666666667%;--awb-margin-top-large:0px;--awb-spacing-right-large:28.5%;--awb-margin-bottom-large:0px;--awb-spacing-left-large:11.4%;--awb-width-medium:16.666666666667%;--awb-order-medium:0;--awb-spacing-right-medium:28.5%;--awb-spacing-left-medium:11.4%;--awb-width-small:100%;--awb-order-small:0;--awb-spacing-right-small:2.375%;--awb-spacing-left-small:2.375%;\"><div class=\"fusion-column-wrapper fusion-column-has-shadow fusion-flex-justify-content-flex-start fusion-content-layout-column\"><\/div><\/div><div class=\"fusion-layout-column fusion_builder_column fusion-builder-column-4 fusion_builder_column_2_3 2_3 fusion-flex-column\" style=\"--awb-bg-size:cover;--awb-width-large:66.666666666667%;--awb-margin-top-large:0px;--awb-spacing-right-large:7.125%;--awb-margin-bottom-large:0px;--awb-spacing-left-large:2.85%;--awb-width-medium:66.666666666667%;--awb-order-medium:0;--awb-spacing-right-medium:7.125%;--awb-spacing-left-medium:2.85%;--awb-width-small:100%;--awb-order-small:0;--awb-spacing-right-small:2.375%;--awb-spacing-left-small:2.375%;\"><div class=\"fusion-column-wrapper fusion-column-has-shadow fusion-flex-justify-content-flex-start fusion-content-layout-column\"><div class=\"fusion-text fusion-text-2\"><div>\n<h2>Wiederherstellung Botulinumtoxin und Profhilo\u00ae<\/h2>\n<p>Im Grunde genommen brauchen Sie sich nicht zu erholen, und es gibt keine Nachwehen. Nach der Behandlung kann die Haut an den Einstichstellen etwas geschwollen oder ger\u00f6tet aussehen. Diese verschwindet einige Stunden nach der Behandlung von selbst. Gelegentlich kommt es zu einem Bluterguss. Sie verschwindet in der Regel innerhalb weniger Tage.<\/p>\n<h2>Reparaturspachtel<\/h2>\n<p>Auch bei einem Filler brauchen Sie sich im Grunde nicht zu erholen, und es gibt keine Schmerzen danach. Gelegentlich kommt es zu einem Bluterguss. Bei Injektionen in die Lippen kommt es manchmal zu leichten Schwellungen. Bei Injektionen an anderen Stellen des Gesichts treten normalerweise keine Schwellungen auf. In den ersten 2 Wochen k\u00f6nnen Sie die F\u00fcllung sp\u00fcren. Aber keine Sorge, das ist nicht sichtbar und verschwindet nach zwei Wochen.<\/p>\n<h3>Tipps und Tricks<\/h3>\n<ul>\n<li>Verwenden Sie bei Bedarf etwas Grundierung oder einen Concealer, um Punkte oder blaue Flecken zu kaschieren.<\/li>\n<li>Bei Botulinumtoxin ist eine K\u00fchlung nicht erforderlich. Bei einer Fillerbehandlung der Lippen kann eine K\u00fchlung die \u00fcberm\u00e4\u00dfige Schwellung etwas reduzieren.<\/li>\n<\/ul>\n<h2><strong>Ergebnis<\/strong><\/h2>\n<p>Bei der <strong>Behandlung mit Botulinumtoxin<\/strong> ist der Effekt bereits nach wenigen Tagen sichtbar. Nach einer Woche ist dies optimal. Aktives Stirnrunzeln ist 6 Wochen lang deutlich reduziert. Die Wirkung auf den &#8222;Grundtonus&#8220; des Muskels (die Ruhestellung des Muskels) h\u00e4lt l\u00e4nger an. Dieser Zeitraum betr\u00e4gt im Durchschnitt 3 Monate, kann aber bei manchen Menschen auch bis zu 6 Monate dauern. Dies h\u00e4ngt zum Teil davon ab, wie sehr Sie aktiv die Stirn runzeln.<\/p>\n<p>Bei einer <strong>Fillerbehandlung<\/strong> sehen Sie in der Regel sofortige Ergebnisse und die Wirkung h\u00e4lt l\u00e4nger an. Dies h\u00e4ngt von der Art ab:<\/p>\n<ul>\n<li>Belotero\u00ae Balance 10-12 Monate<\/li>\n<li>Belotero\u00ae Intense 12-14 Monate<\/li>\n<li>Belotero\u00ae Volumen bis zu 2 Jahre<\/li>\n<li>Juv\u00e9derm\u00ae Volbella f\u00fcr bis zu 12 Monate<\/li>\n<li>Juv\u00e9derm\u00ae Volift f\u00fcr bis zu 18 Monate<\/li>\n<li>Juv\u00e9derm\u00ae Voluma f\u00fcr bis zu 2 Jahre<\/li>\n<li>Radiesse\u00ae Kollagenstimulation f\u00fcr bis zu 2 Jahre<\/li>\n<\/ul>\n<p>Eine Fillerbehandlung muss oft erst nach 6-12 Monaten wiederholt werden.<\/p>\n<p data-fontsize=\"40\" data-lineheight=\"46.4px\">Bei einer <strong>Profhilo\u00ae-Behandlung<\/strong> werden Sie nach 6-8 Wochen Ergebnisse sehen. Sie haben dann zwei Behandlungen erhalten. Wir empfehlen separate Behandlungen ein- oder zweimal pro Jahr, um das Ergebnis zu erhalten.<\/p>\n<h2 data-fontsize=\"40\" data-lineheight=\"46.4px\">Sonne<\/h2>\n<p>Ob man viele oder wenige Falten bekommt und wann die Hautalterung wirklich sichtbar wird, ist weitgehend erblich bedingt. Es liegt also in Ihren Genen. Dar\u00fcber hinaus gibt es weitere Faktoren, die zur Hautalterung beitragen. Die Hauptursache daf\u00fcr ist das Sonnenlicht. Am wichtigsten ist es, eine Tagescreme mit mindestens Faktor 15 zu verwenden. Am besten ist es auch, die Sonnenbank zu meiden.<\/p>\n<h2 class=\"fusion-responsive-typography-calculated\" data-fontsize=\"40\" data-lineheight=\"46.4px\">Rauchen<\/h2>\n<p>Vor allem nicht! Rauchen beeintr\u00e4chtigt die Gewebedurchblutung. Wir empfehlen Ihnen daher, Wochen vor und nach der Behandlung mit dem Rauchen aufzuh\u00f6ren. Auch nach der Behandlung ist es besser, nicht zu rauchen. Dar\u00fcber hinaus tr\u00e4gt auch das Rauchen zur Faltenbildung bei.<\/p>\n<\/div>\n<p>Haben Sie Zweifel an Ihrer Situation, ob Sie etwas tun k\u00f6nnen oder nicht? Dann nehmen Sie <a href=\"https:\/\/mooi-kliniek.nl\/de\/kontakt\/\">Kontakt<\/a> mit uns auf!<\/p>\n<\/div><\/div><\/div><\/div><\/div><div class=\"fusion-fullwidth fullwidth-box fusion-builder-row-2 fusion-flex-container nonhundred-percent-fullwidth non-hundred-percent-height-scrolling fusion-animated\" style=\"--awb-border-color:#e8efef;--awb-border-radius-top-left:0px;--awb-border-radius-top-right:0px;--awb-border-radius-bottom-right:0px;--awb-border-radius-bottom-left:0px;--awb-padding-top:0px;--awb-padding-bottom:7vw;--awb-margin-bottom:0px;--awb-flex-wrap:wrap;\" data-animationType=\"fadeInUp\" data-animationDuration=\"1.0\" data-animationOffset=\"top-into-view\" ><div class=\"fusion-builder-row fusion-row fusion-flex-align-items-stretch fusion-flex-content-wrap\" style=\"max-width:1207.5px;margin-left: calc(-5% \/ 2 );margin-right: calc(-5% \/ 2 );\"><div class=\"fusion-layout-column fusion_builder_column fusion-builder-column-5 fusion_builder_column_2_5 2_5 fusion-flex-column\" style=\"--awb-overflow:hidden;--awb-bg-position:center center;--awb-bg-size:cover;--awb-border-radius:6px 0px 0px 6px;--awb-width-large:40%;--awb-margin-top-large:0px;--awb-spacing-right-large:0px;--awb-margin-bottom-large:0px;--awb-spacing-left-large:5.9375%;--awb-width-medium:40%;--awb-order-medium:0;--awb-spacing-right-medium:0px;--awb-spacing-left-medium:5.9375%;--awb-width-small:16.666666666667%;--awb-order-small:0;--awb-spacing-right-small:0px;--awb-margin-bottom-small:6vw;--awb-spacing-left-small:14.25%;\"><div class=\"fusion-column-wrapper lazyload fusion-column-has-shadow fusion-flex-justify-content-flex-start fusion-content-layout-column fusion-empty-column-bg-image fusion-column-has-bg-image\" data-bg-url=\"https:\/\/mooi-kliniek.nl\/wp-content\/uploads\/2021\/07\/Voorbereiding-ooglidcorrectie.jpeg\" data-bg=\"https:\/\/mooi-kliniek.nl\/wp-content\/uploads\/2021\/07\/Voorbereiding-ooglidcorrectie.jpeg\"><img decoding=\"async\" class=\"fusion-empty-dims-img-placeholder fusion-no-large-visibility fusion-no-medium-visibility\" aria-label=\"Voorbereiding ooglidcorrectie\" src=\"data:image\/svg+xml,%3Csvg%20xmlns%3D%27http%3A%2F%2Fwww.w3.org%2F2000%2Fsvg%27%20width%3D%271500%27%20height%3D%27844%27%20viewBox%3D%270%200%201500%20844%27%3E%3Crect%20width%3D%271500%27%20height%3D%27844%27%20fill-opacity%3D%220%22%2F%3E%3C%2Fsvg%3E\"><\/div><\/div><div class=\"fusion-layout-column fusion_builder_column fusion-builder-column-6 fusion_builder_column_3_5 3_5 fusion-flex-column\" style=\"--awb-padding-top:10vh;--awb-padding-right:6vw;--awb-padding-bottom:10vh;--awb-padding-left:6vw;--awb-padding-top-medium:8vw;--awb-padding-bottom-medium:8vw;--awb-padding-top-small:7vh;--awb-padding-right-small:7vw;--awb-padding-bottom-small:7vh;--awb-padding-left-small:7vw;--awb-overflow:hidden;--awb-bg-color:#718472;--awb-bg-color-hover:#718472;--awb-bg-size:cover;--awb-border-radius:0px 6px 6px 0px;--awb-width-large:60%;--awb-margin-top-large:0px;--awb-spacing-right-large:3.9583333333333%;--awb-margin-bottom-large:0px;--awb-spacing-left-large:0px;--awb-width-medium:60%;--awb-order-medium:0;--awb-spacing-right-medium:3.9583333333333%;--awb-spacing-left-medium:0px;--awb-width-small:83.333333333333%;--awb-order-small:0;--awb-spacing-right-small:2.85%;--awb-margin-bottom-small:6vw;--awb-spacing-left-small:0px;\"><div class=\"fusion-column-wrapper fusion-column-has-shadow fusion-flex-justify-content-flex-start fusion-content-layout-column\"><div class=\"fusion-title title fusion-title-2 fusion-sep-none fusion-title-text fusion-title-size-two\" style=\"--awb-text-color:#ffffff;--awb-margin-bottom:20px;\"><h2 class=\"fusion-title-heading title-heading-left\" style=\"margin:0;\">Denken Sie \u00fcber Unterspritzungen oder F\u00fcllstoffe nach?<\/h2><\/div><div class=\"fusion-text fusion-text-3\" style=\"--awb-content-alignment:left;--awb-font-size:17px;--awb-line-height:1.9;--awb-text-color:#ffffff;\"><p>Bei MOOI Clinic stehen Qualit\u00e4t und Sicherheit an erster Stelle. Das bedeutet, dass alle unsere F\u00fcllstoffe und Injektionsmittel von h\u00f6chster Qualit\u00e4t sind.<\/p>\n<\/div><div style=\"text-align:left;\"><a class=\"fusion-button button-flat fusion-button-default-size button-custom fusion-button-default button-1 fusion-button-default-span fusion-button-default-type\" style=\"--button_accent_color:#21362b;--button_accent_hover_color:#718472;--button_border_hover_color:#ffffff;--button_border_width-top:0px;--button_border_width-right:0px;--button_border_width-bottom:0px;--button_border_width-left:0px;--button_gradient_top_color:#ffffff;--button_gradient_bottom_color:#ffffff;--button_gradient_top_color_hover:rgba(255,255,255,0.95);--button_gradient_bottom_color_hover:rgba(255,255,255,0.95);--button_margin-top:20px;\" target=\"_self\" href=\"https:\/\/mooi-kliniek.nl\/injectables-en-fillers\/\"><span class=\"fusion-button-text awb-button__text awb-button__text--default\">Weitere Informationen<\/span><\/a><\/div><\/div><\/div><\/div><\/div><\/p>\n","protected":false},"excerpt":{"rendered":"","protected":false},"author":2,"featured_media":7059,"parent":7713,"menu_order":0,"comment_status":"closed","ping_status":"closed","template":"100-width.php","meta":{"_glsr_average":0,"_glsr_ranking":0,"_glsr_reviews":0,"footnotes":""},"class_list":["post-7734","page","type-page","status-publish","has-post-thumbnail","hentry"],"yoast_head":"<!-- This site is optimized with the Yoast SEO plugin v27.4 - https:\/\/yoast.com\/product\/yoast-seo-wordpress\/ -->\n<title>Erholung Injektions- und Fillerbehandlung | Lebensregeln &amp; - Mooi Kliniek<\/title>\n<meta name=\"robots\" content=\"index, follow, max-snippet:-1, max-image-preview:large, max-video-preview:-1\" \/>\n<link rel=\"canonical\" href=\"https:\/\/mooi-kliniek.nl\/de\/botulinumtoxine-und-fillers\/erholung-und-nachsorge-nach-einer-injektionsbehandlung\/\" \/>\n<meta property=\"og:locale\" content=\"de_DE\" \/>\n<meta property=\"og:type\" content=\"article\" \/>\n<meta property=\"og:title\" content=\"Erholung Injektions- und Fillerbehandlung | Lebensregeln &amp; - Mooi Kliniek\" \/>\n<meta property=\"og:url\" content=\"https:\/\/mooi-kliniek.nl\/de\/botulinumtoxine-und-fillers\/erholung-und-nachsorge-nach-einer-injektionsbehandlung\/\" \/>\n<meta property=\"og:site_name\" content=\"Mooi Kliniek\" \/>\n<meta property=\"article:publisher\" content=\"https:\/\/www.facebook.com\/mooikliniek\" \/>\n<meta property=\"article:modified_time\" content=\"2024-02-20T12:07:53+00:00\" \/>\n<meta property=\"og:image\" content=\"https:\/\/mooi-kliniek.nl\/wp-content\/uploads\/2021\/10\/herstellen-borstcorrectie.jpeg\" \/>\n\t<meta property=\"og:image:width\" content=\"1800\" \/>\n\t<meta property=\"og:image:height\" content=\"836\" \/>\n\t<meta property=\"og:image:type\" content=\"image\/jpeg\" \/>\n<meta name=\"twitter:card\" content=\"summary_large_image\" \/>\n<meta name=\"twitter:label1\" content=\"Gesch\u00e4tzte Lesezeit\" \/>\n\t<meta name=\"twitter:data1\" content=\"19\u00a0Minuten\" \/>\n<script type=\"application\/ld+json\" class=\"yoast-schema-graph\">{\"@context\":\"https:\\\/\\\/schema.org\",\"@graph\":[{\"@type\":\"WebPage\",\"@id\":\"https:\\\/\\\/mooi-kliniek.nl\\\/de\\\/botulinumtoxine-und-fillers\\\/erholung-und-nachsorge-nach-einer-injektionsbehandlung\\\/\",\"url\":\"https:\\\/\\\/mooi-kliniek.nl\\\/de\\\/botulinumtoxine-und-fillers\\\/erholung-und-nachsorge-nach-einer-injektionsbehandlung\\\/\",\"name\":\"Erholung Injektions- und Fillerbehandlung | Lebensregeln & - Mooi Kliniek\",\"isPartOf\":{\"@id\":\"https:\\\/\\\/mooi-kliniek.nl\\\/de\\\/#website\"},\"primaryImageOfPage\":{\"@id\":\"https:\\\/\\\/mooi-kliniek.nl\\\/de\\\/botulinumtoxine-und-fillers\\\/erholung-und-nachsorge-nach-einer-injektionsbehandlung\\\/#primaryimage\"},\"image\":{\"@id\":\"https:\\\/\\\/mooi-kliniek.nl\\\/de\\\/botulinumtoxine-und-fillers\\\/erholung-und-nachsorge-nach-einer-injektionsbehandlung\\\/#primaryimage\"},\"thumbnailUrl\":\"https:\\\/\\\/mooi-kliniek.nl\\\/wp-content\\\/uploads\\\/2021\\\/10\\\/herstellen-borstcorrectie.jpeg\",\"datePublished\":\"2021-10-26T09:16:31+00:00\",\"dateModified\":\"2024-02-20T12:07:53+00:00\",\"breadcrumb\":{\"@id\":\"https:\\\/\\\/mooi-kliniek.nl\\\/de\\\/botulinumtoxine-und-fillers\\\/erholung-und-nachsorge-nach-einer-injektionsbehandlung\\\/#breadcrumb\"},\"inLanguage\":\"de\",\"potentialAction\":[{\"@type\":\"ReadAction\",\"target\":[\"https:\\\/\\\/mooi-kliniek.nl\\\/de\\\/botulinumtoxine-und-fillers\\\/erholung-und-nachsorge-nach-einer-injektionsbehandlung\\\/\"]}]},{\"@type\":\"ImageObject\",\"inLanguage\":\"de\",\"@id\":\"https:\\\/\\\/mooi-kliniek.nl\\\/de\\\/botulinumtoxine-und-fillers\\\/erholung-und-nachsorge-nach-einer-injektionsbehandlung\\\/#primaryimage\",\"url\":\"https:\\\/\\\/mooi-kliniek.nl\\\/wp-content\\\/uploads\\\/2021\\\/10\\\/herstellen-borstcorrectie.jpeg\",\"contentUrl\":\"https:\\\/\\\/mooi-kliniek.nl\\\/wp-content\\\/uploads\\\/2021\\\/10\\\/herstellen-borstcorrectie.jpeg\",\"width\":1800,\"height\":836},{\"@type\":\"BreadcrumbList\",\"@id\":\"https:\\\/\\\/mooi-kliniek.nl\\\/de\\\/botulinumtoxine-und-fillers\\\/erholung-und-nachsorge-nach-einer-injektionsbehandlung\\\/#breadcrumb\",\"itemListElement\":[{\"@type\":\"ListItem\",\"position\":1,\"name\":\"Home\",\"item\":\"https:\\\/\\\/mooi-kliniek.nl\\\/de\\\/\"},{\"@type\":\"ListItem\",\"position\":2,\"name\":\"Injektionsmittel und F\u00fcllstoffe\",\"item\":\"https:\\\/\\\/mooi-kliniek.nl\\\/de\\\/botulinumtoxine-und-fillers\\\/\"},{\"@type\":\"ListItem\",\"position\":3,\"name\":\"Erholung und Nachsorge nach einer Injektionsbehandlung\"}]},{\"@type\":\"WebSite\",\"@id\":\"https:\\\/\\\/mooi-kliniek.nl\\\/de\\\/#website\",\"url\":\"https:\\\/\\\/mooi-kliniek.nl\\\/de\\\/\",\"name\":\"Mooi Kliniek\",\"description\":\"\",\"publisher\":{\"@id\":\"https:\\\/\\\/mooi-kliniek.nl\\\/de\\\/#organization\"},\"potentialAction\":[{\"@type\":\"SearchAction\",\"target\":{\"@type\":\"EntryPoint\",\"urlTemplate\":\"https:\\\/\\\/mooi-kliniek.nl\\\/de\\\/?s={search_term_string}\"},\"query-input\":{\"@type\":\"PropertyValueSpecification\",\"valueRequired\":true,\"valueName\":\"search_term_string\"}}],\"inLanguage\":\"de\"},{\"@type\":\"Organization\",\"@id\":\"https:\\\/\\\/mooi-kliniek.nl\\\/de\\\/#organization\",\"name\":\"MOOI kliniek\",\"url\":\"https:\\\/\\\/mooi-kliniek.nl\\\/de\\\/\",\"logo\":{\"@type\":\"ImageObject\",\"inLanguage\":\"de\",\"@id\":\"https:\\\/\\\/mooi-kliniek.nl\\\/de\\\/#\\\/schema\\\/logo\\\/image\\\/\",\"url\":\"https:\\\/\\\/mooi-kliniek.nl\\\/wp-content\\\/uploads\\\/2021\\\/12\\\/Mooi-kliniek-maastricht-logo.png\",\"contentUrl\":\"https:\\\/\\\/mooi-kliniek.nl\\\/wp-content\\\/uploads\\\/2021\\\/12\\\/Mooi-kliniek-maastricht-logo.png\",\"width\":250,\"height\":119,\"caption\":\"MOOI kliniek\"},\"image\":{\"@id\":\"https:\\\/\\\/mooi-kliniek.nl\\\/de\\\/#\\\/schema\\\/logo\\\/image\\\/\"},\"sameAs\":[\"https:\\\/\\\/www.facebook.com\\\/mooikliniek\",\"https:\\\/\\\/www.linkedin.com\\\/company\\\/mooi-kliniek\"]}]}<\/script>\n<!-- \/ Yoast SEO plugin. -->","yoast_head_json":{"title":"Erholung Injektions- und Fillerbehandlung | Lebensregeln & - Mooi Kliniek","robots":{"index":"index","follow":"follow","max-snippet":"max-snippet:-1","max-image-preview":"max-image-preview:large","max-video-preview":"max-video-preview:-1"},"canonical":"https:\/\/mooi-kliniek.nl\/de\/botulinumtoxine-und-fillers\/erholung-und-nachsorge-nach-einer-injektionsbehandlung\/","og_locale":"de_DE","og_type":"article","og_title":"Erholung Injektions- und Fillerbehandlung | Lebensregeln & - Mooi Kliniek","og_url":"https:\/\/mooi-kliniek.nl\/de\/botulinumtoxine-und-fillers\/erholung-und-nachsorge-nach-einer-injektionsbehandlung\/","og_site_name":"Mooi Kliniek","article_publisher":"https:\/\/www.facebook.com\/mooikliniek","article_modified_time":"2024-02-20T12:07:53+00:00","og_image":[{"width":1800,"height":836,"url":"https:\/\/mooi-kliniek.nl\/wp-content\/uploads\/2021\/10\/herstellen-borstcorrectie.jpeg","type":"image\/jpeg"}],"twitter_card":"summary_large_image","twitter_misc":{"Gesch\u00e4tzte Lesezeit":"19\u00a0Minuten"},"schema":{"@context":"https:\/\/schema.org","@graph":[{"@type":"WebPage","@id":"https:\/\/mooi-kliniek.nl\/de\/botulinumtoxine-und-fillers\/erholung-und-nachsorge-nach-einer-injektionsbehandlung\/","url":"https:\/\/mooi-kliniek.nl\/de\/botulinumtoxine-und-fillers\/erholung-und-nachsorge-nach-einer-injektionsbehandlung\/","name":"Erholung Injektions- und Fillerbehandlung | Lebensregeln & - Mooi Kliniek","isPartOf":{"@id":"https:\/\/mooi-kliniek.nl\/de\/#website"},"primaryImageOfPage":{"@id":"https:\/\/mooi-kliniek.nl\/de\/botulinumtoxine-und-fillers\/erholung-und-nachsorge-nach-einer-injektionsbehandlung\/#primaryimage"},"image":{"@id":"https:\/\/mooi-kliniek.nl\/de\/botulinumtoxine-und-fillers\/erholung-und-nachsorge-nach-einer-injektionsbehandlung\/#primaryimage"},"thumbnailUrl":"https:\/\/mooi-kliniek.nl\/wp-content\/uploads\/2021\/10\/herstellen-borstcorrectie.jpeg","datePublished":"2021-10-26T09:16:31+00:00","dateModified":"2024-02-20T12:07:53+00:00","breadcrumb":{"@id":"https:\/\/mooi-kliniek.nl\/de\/botulinumtoxine-und-fillers\/erholung-und-nachsorge-nach-einer-injektionsbehandlung\/#breadcrumb"},"inLanguage":"de","potentialAction":[{"@type":"ReadAction","target":["https:\/\/mooi-kliniek.nl\/de\/botulinumtoxine-und-fillers\/erholung-und-nachsorge-nach-einer-injektionsbehandlung\/"]}]},{"@type":"ImageObject","inLanguage":"de","@id":"https:\/\/mooi-kliniek.nl\/de\/botulinumtoxine-und-fillers\/erholung-und-nachsorge-nach-einer-injektionsbehandlung\/#primaryimage","url":"https:\/\/mooi-kliniek.nl\/wp-content\/uploads\/2021\/10\/herstellen-borstcorrectie.jpeg","contentUrl":"https:\/\/mooi-kliniek.nl\/wp-content\/uploads\/2021\/10\/herstellen-borstcorrectie.jpeg","width":1800,"height":836},{"@type":"BreadcrumbList","@id":"https:\/\/mooi-kliniek.nl\/de\/botulinumtoxine-und-fillers\/erholung-und-nachsorge-nach-einer-injektionsbehandlung\/#breadcrumb","itemListElement":[{"@type":"ListItem","position":1,"name":"Home","item":"https:\/\/mooi-kliniek.nl\/de\/"},{"@type":"ListItem","position":2,"name":"Injektionsmittel und F\u00fcllstoffe","item":"https:\/\/mooi-kliniek.nl\/de\/botulinumtoxine-und-fillers\/"},{"@type":"ListItem","position":3,"name":"Erholung und Nachsorge nach einer Injektionsbehandlung"}]},{"@type":"WebSite","@id":"https:\/\/mooi-kliniek.nl\/de\/#website","url":"https:\/\/mooi-kliniek.nl\/de\/","name":"Mooi Kliniek","description":"","publisher":{"@id":"https:\/\/mooi-kliniek.nl\/de\/#organization"},"potentialAction":[{"@type":"SearchAction","target":{"@type":"EntryPoint","urlTemplate":"https:\/\/mooi-kliniek.nl\/de\/?s={search_term_string}"},"query-input":{"@type":"PropertyValueSpecification","valueRequired":true,"valueName":"search_term_string"}}],"inLanguage":"de"},{"@type":"Organization","@id":"https:\/\/mooi-kliniek.nl\/de\/#organization","name":"MOOI kliniek","url":"https:\/\/mooi-kliniek.nl\/de\/","logo":{"@type":"ImageObject","inLanguage":"de","@id":"https:\/\/mooi-kliniek.nl\/de\/#\/schema\/logo\/image\/","url":"https:\/\/mooi-kliniek.nl\/wp-content\/uploads\/2021\/12\/Mooi-kliniek-maastricht-logo.png","contentUrl":"https:\/\/mooi-kliniek.nl\/wp-content\/uploads\/2021\/12\/Mooi-kliniek-maastricht-logo.png","width":250,"height":119,"caption":"MOOI kliniek"},"image":{"@id":"https:\/\/mooi-kliniek.nl\/de\/#\/schema\/logo\/image\/"},"sameAs":["https:\/\/www.facebook.com\/mooikliniek","https:\/\/www.linkedin.com\/company\/mooi-kliniek"]}]}},"_links":{"self":[{"href":"https:\/\/mooi-kliniek.nl\/de\/wp-json\/wp\/v2\/pages\/7734","targetHints":{"allow":["GET"]}}],"collection":[{"href":"https:\/\/mooi-kliniek.nl\/de\/wp-json\/wp\/v2\/pages"}],"about":[{"href":"https:\/\/mooi-kliniek.nl\/de\/wp-json\/wp\/v2\/types\/page"}],"author":[{"embeddable":true,"href":"https:\/\/mooi-kliniek.nl\/de\/wp-json\/wp\/v2\/users\/2"}],"replies":[{"embeddable":true,"href":"https:\/\/mooi-kliniek.nl\/de\/wp-json\/wp\/v2\/comments?post=7734"}],"version-history":[{"count":6,"href":"https:\/\/mooi-kliniek.nl\/de\/wp-json\/wp\/v2\/pages\/7734\/revisions"}],"predecessor-version":[{"id":11436,"href":"https:\/\/mooi-kliniek.nl\/de\/wp-json\/wp\/v2\/pages\/7734\/revisions\/11436"}],"up":[{"embeddable":true,"href":"https:\/\/mooi-kliniek.nl\/de\/wp-json\/wp\/v2\/pages\/7713"}],"wp:featuredmedia":[{"embeddable":true,"href":"https:\/\/mooi-kliniek.nl\/de\/wp-json\/wp\/v2\/media\/7059"}],"wp:attachment":[{"href":"https:\/\/mooi-kliniek.nl\/de\/wp-json\/wp\/v2\/media?parent=7734"}],"curies":[{"name":"wp","href":"https:\/\/api.w.org\/{rel}","templated":true}]}}