{"id":7740,"date":"2021-10-29T12:26:48","date_gmt":"2021-10-29T12:26:48","guid":{"rendered":"https:\/\/mooi-kliniek.nl\/injektionsmittel-und-fullstoffe\/profhilo-behandlung-mit-hyaluronsaure\/"},"modified":"2024-02-20T12:10:35","modified_gmt":"2024-02-20T12:10:35","slug":"profhilo-behandlung-mit-hyaluronsaure","status":"publish","type":"page","link":"https:\/\/mooi-kliniek.nl\/de\/botulinumtoxine-und-fillers\/profhilo-behandlung-mit-hyaluronsaure\/","title":{"rendered":"Profhilo\u00ae-Behandlung mit Hyalurons\u00e4ure"},"content":{"rendered":"<div class=\"fusion-fullwidth fullwidth-box fusion-builder-row-1 fusion-flex-container nonhundred-percent-fullwidth non-hundred-percent-height-scrolling fusion-animated\" style=\"--awb-border-radius-top-left:0px;--awb-border-radius-top-right:0px;--awb-border-radius-bottom-right:0px;--awb-border-radius-bottom-left:0px;--awb-padding-top:60px;--awb-padding-bottom:60px;--awb-padding-top-small:0px;--awb-padding-right-small:12vw;--awb-padding-bottom-small:12vw;--awb-padding-left-small:12vw;--awb-flex-wrap:wrap;\" data-animationType=\"fadeInUp\" data-animationDuration=\"1.2\" data-animationOffset=\"top-into-view\" ><div class=\"fusion-builder-row fusion-row fusion-flex-align-items-flex-start fusion-flex-content-wrap\" style=\"max-width:1207.5px;margin-left: calc(-5% \/ 2 );margin-right: calc(-5% \/ 2 );\"><div class=\"fusion-layout-column fusion_builder_column fusion-builder-column-0 fusion_builder_column_1_6 1_6 fusion-flex-column\" style=\"--awb-bg-size:cover;--awb-width-large:16.666666666667%;--awb-margin-top-large:0px;--awb-spacing-right-large:11.4%;--awb-margin-bottom-large:0px;--awb-spacing-left-large:28.5%;--awb-width-medium:16.666666666667%;--awb-order-medium:0;--awb-spacing-right-medium:11.4%;--awb-spacing-left-medium:28.5%;--awb-width-small:100%;--awb-order-small:0;--awb-spacing-right-small:2.375%;--awb-spacing-left-small:2.375%;\"><div class=\"fusion-column-wrapper fusion-column-has-shadow fusion-flex-justify-content-flex-start fusion-content-layout-column\"><\/div><\/div><div class=\"fusion-layout-column fusion_builder_column fusion-builder-column-1 fusion_builder_column_2_3 2_3 fusion-flex-column\" style=\"--awb-padding-top:10px;--awb-bg-size:cover;--awb-width-large:66.666666666667%;--awb-margin-top-large:0px;--awb-spacing-right-large:7.125%;--awb-margin-bottom-large:0px;--awb-spacing-left-large:2.85%;--awb-width-medium:66.666666666667%;--awb-order-medium:0;--awb-spacing-right-medium:7.125%;--awb-spacing-left-medium:2.85%;--awb-width-small:100%;--awb-order-small:0;--awb-spacing-right-small:2.375%;--awb-spacing-left-small:2.375%;\"><div class=\"fusion-column-wrapper fusion-column-has-shadow fusion-flex-justify-content-flex-start fusion-content-layout-column\"><div class=\"fusion-title title fusion-title-1 fusion-sep-none fusion-title-text fusion-title-size-two\"><h2 class=\"fusion-title-heading title-heading-left\" style=\"margin:0;line-height:1.3em;\">Profhilo\u00ae: eine nat\u00fcrliche Anti-Aging-Behandlung mit Hyalurons\u00e4ure<\/h2><\/div><div class=\"fusion-text fusion-text-1\" style=\"--awb-font-size:18px;--awb-text-color:#003438;\"><p>Profhilo\u00ae ist eine Anti-Aging-Behandlung mit einem hohen Anteil an reiner Hyalurons\u00e4ure ohne chemische Zus\u00e4tze. Die Wirkung von Profhilo\u00ae beruht darauf, dass es die Produktion von Kollagen (Festigkeit) und Elastin (Elastizit\u00e4t) anregt. Die Haut wird in den verschiedenen Hautschichten wieder straff und gesund.<\/p>\n<p>Ein entscheidender Vorteil ist, dass Profhilo\u00ae eine Verj\u00fcngung der Haut erm\u00f6glicht, ohne dem Gesicht mehr Volumen zu verleihen. Die Haut wird tats\u00e4chlich repariert, der Hauterschlaffung wird entgegengewirkt und das mit einer 100% nat\u00fcrlichen Behandlung mit Hyalurons\u00e4ure. <a href=\"https:\/\/mooi-kliniek.nl\/de\/kontakt\/einen-termin-vereinbaren\/\">Vereinbaren Sie einen Beratungstermin<\/a>.<\/p>\n<\/div><\/div><\/div><div class=\"fusion-layout-column fusion_builder_column fusion-builder-column-2 fusion_builder_column_1_6 1_6 fusion-flex-column fusion-no-small-visibility\" style=\"--awb-bg-size:cover;--awb-width-large:16.666666666667%;--awb-margin-top-large:0px;--awb-spacing-right-large:11.4%;--awb-margin-bottom-large:0px;--awb-spacing-left-large:28.5%;--awb-width-medium:16.666666666667%;--awb-order-medium:0;--awb-spacing-right-medium:11.4%;--awb-spacing-left-medium:28.5%;--awb-width-small:100%;--awb-order-small:0;--awb-spacing-right-small:2.375%;--awb-spacing-left-small:2.375%;\"><div class=\"fusion-column-wrapper fusion-column-has-shadow fusion-flex-justify-content-flex-start fusion-content-layout-column\"><\/div><\/div><div class=\"fusion-layout-column fusion_builder_column fusion-builder-column-3 fusion_builder_column_1_6 1_6 fusion-flex-column fusion-no-small-visibility\" style=\"--awb-bg-size:cover;--awb-width-large:16.666666666667%;--awb-margin-top-large:0px;--awb-spacing-right-large:28.5%;--awb-margin-bottom-large:0px;--awb-spacing-left-large:11.4%;--awb-width-medium:16.666666666667%;--awb-order-medium:0;--awb-spacing-right-medium:28.5%;--awb-spacing-left-medium:11.4%;--awb-width-small:100%;--awb-order-small:0;--awb-spacing-right-small:2.375%;--awb-spacing-left-small:2.375%;\"><div class=\"fusion-column-wrapper fusion-column-has-shadow fusion-flex-justify-content-flex-start fusion-content-layout-column\"><\/div><\/div><div class=\"fusion-layout-column fusion_builder_column fusion-builder-column-4 fusion_builder_column_2_3 2_3 fusion-flex-column\" style=\"--awb-bg-size:cover;--awb-width-large:66.666666666667%;--awb-margin-top-large:0px;--awb-spacing-right-large:7.125%;--awb-margin-bottom-large:0px;--awb-spacing-left-large:2.85%;--awb-width-medium:66.666666666667%;--awb-order-medium:0;--awb-spacing-right-medium:7.125%;--awb-spacing-left-medium:2.85%;--awb-width-small:100%;--awb-order-small:0;--awb-spacing-right-small:2.375%;--awb-spacing-left-small:2.375%;\"><div class=\"fusion-column-wrapper fusion-column-has-shadow fusion-flex-justify-content-flex-start fusion-content-layout-column\"><div class=\"fusion-text fusion-text-2\"><h2>Hautverbesserung durch reine Hyalurons\u00e4ure<\/h2>\n<p>Die Behandlung eignet sich zur Behandlung schlaffer Haut im Gesicht, am Hals, am Dekollet\u00e9, an den H\u00e4nden und sogar an den Oberarmen. Das Ergebnis ist sehr nat\u00fcrlich, strafft die Haut und verleiht ihr ein sch\u00f6nes Strahlen.<\/p>\n<blockquote>\n<p>Profhilo\u00ae ist kein Filler, der Falten auff\u00fcllt, sondern es wird durch kleine Injektionen in die Haut eingebracht.<\/p>\n<\/blockquote>\n<p>F\u00fcr alle Personen ab etwa 30 Jahren, die schlaffe Haut bek\u00e4mpfen wollen. Auch f\u00fcr M\u00e4nner und Frauen, die einen nat\u00fcrlichen Hautverj\u00fcngungseffekt w\u00fcnschen und den Schritt zu einem &#8222;echten&#8220; Filler (noch) nicht wagen wollen. Sie l\u00e4sst sich auch gut mit einer Filler- oder Botox-Behandlung oder als Erg\u00e4nzung zu einer anderen Behandlung kombinieren.<\/p>\n<h2>Die Profhilo\u00ae-Behandlung<\/h2>\n<p>Bei dieser Behandlung wird die BAP-Technik angewandt, d. h. Injektionen in 10 anatomisch anspruchsvollen Bereichen, die optimale Ergebnisse gew\u00e4hrleisten. Profhilo\u00ae l\u00e4sst sich sehr gut verteilen, so dass nur wenige Injektionen n\u00f6tig sind, um ein ganzes Gesicht (oder Hals, Dekollet\u00e9 oder andere Indikationen) optimal zu behandeln. Die Behandlung ist schnell, kaum schmerzhaft und das Risiko von Nebenwirkungen ist aufgrund des nat\u00fcrlichen Materials gering.<\/p>\n<h2>Das Ergebnis<\/h2>\n<p><span style=\"font-size: 16px;\">Je nach Grad der Hautalterung sind zwei bis drei Behandlungen im Abstand von einem Monat erforderlich. Da bei dieser Behandlung die Haut selbst arbeitet, werden Sie nicht sofort Ergebnisse sehen. Oft kann man aber schon sehen, dass die Haut besser mit Feuchtigkeit versorgt ist. Ab 6-8 Wochen nach der ersten Behandlung wird der positive Effekt immer deutlicher, denn die Produktion von Kollagen und Elastin braucht Zeit.<\/span><\/p>\n<p>Wie lange diese Verbesserungen sichtbar bleiben, h\u00e4ngt vom Zustand der Haut ab. Es wird empfohlen, ein- bis zweimal im Jahr eine Behandlung durchzuf\u00fchren, um das Ergebnis zu erhalten. Immerhin: Der Alterungsprozess geht weiter.<\/p>\n<h2>Gut zu wissen<\/h2>\n<p>Hyalurons\u00e4ure ist eine Substanz, die nat\u00fcrlich in der Haut vorkommt. Wenn es injiziert wird, ist es f\u00fcr die Haut sehr gut vertr\u00e4glich. M\u00f6gliche Nebenwirkungen der Behandlung mit Profhilo\u00ae sind leichte Schwellungen, R\u00f6tungen und manchmal ein paar blaue Flecken. Dies wird durch die Injektionen und nicht durch das Produkt selbst verursacht und verschwindet schnell wieder.<\/p>\n<p>Profhilo\u00ae ist seit 2015 auf dem Markt und wird seither weltweit eingesetzt, ohne dass bisher andere als die oben genannten Nebenwirkungen berichtet wurden. Dies ist darauf zur\u00fcckzuf\u00fchren, dass es sich um eine sehr reine Form der Hyalurons\u00e4ure handelt.<\/p>\n<\/div><ul style=\"--awb-size:17px;--awb-iconcolor:#21362b;--awb-line-height:28.9px;--awb-icon-width:28.9px;--awb-icon-height:28.9px;--awb-icon-margin:11.9px;--awb-content-margin:40.8px;\" class=\"fusion-checklist fusion-checklist-1 fusion-checklist-default type-icons\"><li class=\"fusion-li-item\" style=\"\"><span class=\"icon-wrapper circle-no\"><i class=\"fusion-li-icon fa-check-circle fas\" aria-hidden=\"true\"><\/i><\/span><div class=\"fusion-li-item-content\">\n<p><a href=\"https:\/\/www.zorgkaartnederland.nl\/zorginstelling\/esthetisch-medisch-centrum-mooi-kliniek-maastricht-3061448\/waardering\" target=\"_blank\" rel=\"noopener\">Unsere Kunden bewerten uns mit einer Durchschnittsnote von 9,6!<\/a><\/p>\n<\/div><\/li><li class=\"fusion-li-item\" style=\"\"><span class=\"icon-wrapper circle-no\"><i class=\"fusion-li-icon fa-star fas\" aria-hidden=\"true\"><\/i><\/span><div class=\"fusion-li-item-content\">\n<p>Filler und Botulinumtoxine von h\u00f6chster Qualit\u00e4t<\/p>\n<\/div><\/li><li class=\"fusion-li-item\" style=\"\"><span class=\"icon-wrapper circle-no\"><i class=\"fusion-li-icon fa-user-check fas\" aria-hidden=\"true\"><\/i><\/span><div class=\"fusion-li-item-content\">\n<p>Behandlung durch einen plastischen Chirurgen oder Kosmetikarzt<\/p>\n<\/div><\/li><\/ul>\n<div class=\"fusion-text fusion-text-3\" style=\"--awb-margin-top:30px;\"><p><a href=\"https:\/\/mooi-kliniek.nl\/de\/informationen\/preise\/\"><strong>Alle Preise finden Sie hier.<\/strong><\/a><\/p>\n<\/div><\/div><\/div><\/div><\/div>\n","protected":false},"excerpt":{"rendered":"","protected":false},"author":2,"featured_media":7086,"parent":7713,"menu_order":0,"comment_status":"closed","ping_status":"closed","template":"100-width.php","meta":{"_glsr_average":0,"_glsr_ranking":0,"_glsr_reviews":0,"footnotes":""},"class_list":["post-7740","page","type-page","status-publish","has-post-thumbnail","hentry"],"yoast_head":"<!-- This site is optimized with the Yoast SEO plugin v26.8 - https:\/\/yoast.com\/product\/yoast-seo-wordpress\/ -->\n<title>Profhilo\u00ae Hyalurons\u00e4ure-Behandlung - Mooi Kliniek Maastricht<\/title>\n<meta name=\"description\" content=\"Profhilo\u00ae ist eine Anti-Aging-Behandlung mit einem hohen Anteil an reiner Hyalurons\u00e4ure ohne chemische Zus\u00e4tze.\" \/>\n<meta name=\"robots\" content=\"index, follow, max-snippet:-1, max-image-preview:large, max-video-preview:-1\" \/>\n<link rel=\"canonical\" href=\"https:\/\/mooi-kliniek.nl\/de\/botulinumtoxine-und-fillers\/profhilo-behandlung-mit-hyaluronsaure\/\" \/>\n<meta property=\"og:locale\" content=\"de_DE\" \/>\n<meta property=\"og:type\" content=\"article\" \/>\n<meta property=\"og:title\" content=\"Profhilo\u00ae Hyalurons\u00e4ure-Behandlung - Mooi Kliniek Maastricht\" \/>\n<meta property=\"og:description\" content=\"Profhilo\u00ae ist eine Anti-Aging-Behandlung mit einem hohen Anteil an reiner Hyalurons\u00e4ure ohne chemische Zus\u00e4tze.\" \/>\n<meta property=\"og:url\" content=\"https:\/\/mooi-kliniek.nl\/de\/botulinumtoxine-und-fillers\/profhilo-behandlung-mit-hyaluronsaure\/\" \/>\n<meta property=\"og:site_name\" content=\"Mooi Kliniek\" \/>\n<meta property=\"article:publisher\" content=\"https:\/\/www.facebook.com\/mooikliniek\" \/>\n<meta property=\"article:modified_time\" content=\"2024-02-20T12:10:35+00:00\" \/>\n<meta property=\"og:image\" content=\"https:\/\/mooi-kliniek.nl\/wp-content\/uploads\/2021\/10\/Profhilo-hyaluronzuur-behandeling.jpg\" \/>\n\t<meta property=\"og:image:width\" content=\"1450\" \/>\n\t<meta property=\"og:image:height\" content=\"468\" \/>\n\t<meta property=\"og:image:type\" content=\"image\/jpeg\" \/>\n<meta name=\"twitter:card\" content=\"summary_large_image\" \/>\n<meta name=\"twitter:label1\" content=\"Gesch\u00e4tzte Lesezeit\" \/>\n\t<meta name=\"twitter:data1\" content=\"13\u00a0Minuten\" \/>\n<script type=\"application\/ld+json\" class=\"yoast-schema-graph\">{\"@context\":\"https:\/\/schema.org\",\"@graph\":[{\"@type\":\"WebPage\",\"@id\":\"https:\/\/mooi-kliniek.nl\/de\/botulinumtoxine-und-fillers\/profhilo-behandlung-mit-hyaluronsaure\/\",\"url\":\"https:\/\/mooi-kliniek.nl\/de\/botulinumtoxine-und-fillers\/profhilo-behandlung-mit-hyaluronsaure\/\",\"name\":\"Profhilo\u00ae Hyalurons\u00e4ure-Behandlung - Mooi Kliniek Maastricht\",\"isPartOf\":{\"@id\":\"https:\/\/mooi-kliniek.nl\/de\/#website\"},\"primaryImageOfPage\":{\"@id\":\"https:\/\/mooi-kliniek.nl\/de\/botulinumtoxine-und-fillers\/profhilo-behandlung-mit-hyaluronsaure\/#primaryimage\"},\"image\":{\"@id\":\"https:\/\/mooi-kliniek.nl\/de\/botulinumtoxine-und-fillers\/profhilo-behandlung-mit-hyaluronsaure\/#primaryimage\"},\"thumbnailUrl\":\"https:\/\/mooi-kliniek.nl\/wp-content\/uploads\/2021\/10\/Profhilo-hyaluronzuur-behandeling.jpg\",\"datePublished\":\"2021-10-29T12:26:48+00:00\",\"dateModified\":\"2024-02-20T12:10:35+00:00\",\"description\":\"Profhilo\u00ae ist eine Anti-Aging-Behandlung mit einem hohen Anteil an reiner Hyalurons\u00e4ure ohne chemische Zus\u00e4tze.\",\"breadcrumb\":{\"@id\":\"https:\/\/mooi-kliniek.nl\/de\/botulinumtoxine-und-fillers\/profhilo-behandlung-mit-hyaluronsaure\/#breadcrumb\"},\"inLanguage\":\"de\",\"potentialAction\":[{\"@type\":\"ReadAction\",\"target\":[\"https:\/\/mooi-kliniek.nl\/de\/botulinumtoxine-und-fillers\/profhilo-behandlung-mit-hyaluronsaure\/\"]}]},{\"@type\":\"ImageObject\",\"inLanguage\":\"de\",\"@id\":\"https:\/\/mooi-kliniek.nl\/de\/botulinumtoxine-und-fillers\/profhilo-behandlung-mit-hyaluronsaure\/#primaryimage\",\"url\":\"https:\/\/mooi-kliniek.nl\/wp-content\/uploads\/2021\/10\/Profhilo-hyaluronzuur-behandeling.jpg\",\"contentUrl\":\"https:\/\/mooi-kliniek.nl\/wp-content\/uploads\/2021\/10\/Profhilo-hyaluronzuur-behandeling.jpg\",\"width\":1450,\"height\":468},{\"@type\":\"BreadcrumbList\",\"@id\":\"https:\/\/mooi-kliniek.nl\/de\/botulinumtoxine-und-fillers\/profhilo-behandlung-mit-hyaluronsaure\/#breadcrumb\",\"itemListElement\":[{\"@type\":\"ListItem\",\"position\":1,\"name\":\"Home\",\"item\":\"https:\/\/mooi-kliniek.nl\/de\/\"},{\"@type\":\"ListItem\",\"position\":2,\"name\":\"Injektionsmittel und F\u00fcllstoffe\",\"item\":\"https:\/\/mooi-kliniek.nl\/de\/botulinumtoxine-und-fillers\/\"},{\"@type\":\"ListItem\",\"position\":3,\"name\":\"Profhilo\u00ae-Behandlung mit Hyalurons\u00e4ure\"}]},{\"@type\":\"WebSite\",\"@id\":\"https:\/\/mooi-kliniek.nl\/de\/#website\",\"url\":\"https:\/\/mooi-kliniek.nl\/de\/\",\"name\":\"Mooi Kliniek\",\"description\":\"\",\"publisher\":{\"@id\":\"https:\/\/mooi-kliniek.nl\/de\/#organization\"},\"potentialAction\":[{\"@type\":\"SearchAction\",\"target\":{\"@type\":\"EntryPoint\",\"urlTemplate\":\"https:\/\/mooi-kliniek.nl\/de\/?s={search_term_string}\"},\"query-input\":{\"@type\":\"PropertyValueSpecification\",\"valueRequired\":true,\"valueName\":\"search_term_string\"}}],\"inLanguage\":\"de\"},{\"@type\":\"Organization\",\"@id\":\"https:\/\/mooi-kliniek.nl\/de\/#organization\",\"name\":\"MOOI kliniek\",\"url\":\"https:\/\/mooi-kliniek.nl\/de\/\",\"logo\":{\"@type\":\"ImageObject\",\"inLanguage\":\"de\",\"@id\":\"https:\/\/mooi-kliniek.nl\/de\/#\/schema\/logo\/image\/\",\"url\":\"https:\/\/mooi-kliniek.nl\/wp-content\/uploads\/2021\/12\/Mooi-kliniek-maastricht-logo.png\",\"contentUrl\":\"https:\/\/mooi-kliniek.nl\/wp-content\/uploads\/2021\/12\/Mooi-kliniek-maastricht-logo.png\",\"width\":250,\"height\":119,\"caption\":\"MOOI kliniek\"},\"image\":{\"@id\":\"https:\/\/mooi-kliniek.nl\/de\/#\/schema\/logo\/image\/\"},\"sameAs\":[\"https:\/\/www.facebook.com\/mooikliniek\",\"https:\/\/www.linkedin.com\/company\/mooi-kliniek\"]}]}<\/script>\n<!-- \/ Yoast SEO plugin. -->","yoast_head_json":{"title":"Profhilo\u00ae Hyalurons\u00e4ure-Behandlung - Mooi Kliniek Maastricht","description":"Profhilo\u00ae ist eine Anti-Aging-Behandlung mit einem hohen Anteil an reiner Hyalurons\u00e4ure ohne chemische Zus\u00e4tze.","robots":{"index":"index","follow":"follow","max-snippet":"max-snippet:-1","max-image-preview":"max-image-preview:large","max-video-preview":"max-video-preview:-1"},"canonical":"https:\/\/mooi-kliniek.nl\/de\/botulinumtoxine-und-fillers\/profhilo-behandlung-mit-hyaluronsaure\/","og_locale":"de_DE","og_type":"article","og_title":"Profhilo\u00ae Hyalurons\u00e4ure-Behandlung - Mooi Kliniek Maastricht","og_description":"Profhilo\u00ae ist eine Anti-Aging-Behandlung mit einem hohen Anteil an reiner Hyalurons\u00e4ure ohne chemische Zus\u00e4tze.","og_url":"https:\/\/mooi-kliniek.nl\/de\/botulinumtoxine-und-fillers\/profhilo-behandlung-mit-hyaluronsaure\/","og_site_name":"Mooi Kliniek","article_publisher":"https:\/\/www.facebook.com\/mooikliniek","article_modified_time":"2024-02-20T12:10:35+00:00","og_image":[{"width":1450,"height":468,"url":"https:\/\/mooi-kliniek.nl\/wp-content\/uploads\/2021\/10\/Profhilo-hyaluronzuur-behandeling.jpg","type":"image\/jpeg"}],"twitter_card":"summary_large_image","twitter_misc":{"Gesch\u00e4tzte Lesezeit":"13\u00a0Minuten"},"schema":{"@context":"https:\/\/schema.org","@graph":[{"@type":"WebPage","@id":"https:\/\/mooi-kliniek.nl\/de\/botulinumtoxine-und-fillers\/profhilo-behandlung-mit-hyaluronsaure\/","url":"https:\/\/mooi-kliniek.nl\/de\/botulinumtoxine-und-fillers\/profhilo-behandlung-mit-hyaluronsaure\/","name":"Profhilo\u00ae Hyalurons\u00e4ure-Behandlung - Mooi Kliniek Maastricht","isPartOf":{"@id":"https:\/\/mooi-kliniek.nl\/de\/#website"},"primaryImageOfPage":{"@id":"https:\/\/mooi-kliniek.nl\/de\/botulinumtoxine-und-fillers\/profhilo-behandlung-mit-hyaluronsaure\/#primaryimage"},"image":{"@id":"https:\/\/mooi-kliniek.nl\/de\/botulinumtoxine-und-fillers\/profhilo-behandlung-mit-hyaluronsaure\/#primaryimage"},"thumbnailUrl":"https:\/\/mooi-kliniek.nl\/wp-content\/uploads\/2021\/10\/Profhilo-hyaluronzuur-behandeling.jpg","datePublished":"2021-10-29T12:26:48+00:00","dateModified":"2024-02-20T12:10:35+00:00","description":"Profhilo\u00ae ist eine Anti-Aging-Behandlung mit einem hohen Anteil an reiner Hyalurons\u00e4ure ohne chemische Zus\u00e4tze.","breadcrumb":{"@id":"https:\/\/mooi-kliniek.nl\/de\/botulinumtoxine-und-fillers\/profhilo-behandlung-mit-hyaluronsaure\/#breadcrumb"},"inLanguage":"de","potentialAction":[{"@type":"ReadAction","target":["https:\/\/mooi-kliniek.nl\/de\/botulinumtoxine-und-fillers\/profhilo-behandlung-mit-hyaluronsaure\/"]}]},{"@type":"ImageObject","inLanguage":"de","@id":"https:\/\/mooi-kliniek.nl\/de\/botulinumtoxine-und-fillers\/profhilo-behandlung-mit-hyaluronsaure\/#primaryimage","url":"https:\/\/mooi-kliniek.nl\/wp-content\/uploads\/2021\/10\/Profhilo-hyaluronzuur-behandeling.jpg","contentUrl":"https:\/\/mooi-kliniek.nl\/wp-content\/uploads\/2021\/10\/Profhilo-hyaluronzuur-behandeling.jpg","width":1450,"height":468},{"@type":"BreadcrumbList","@id":"https:\/\/mooi-kliniek.nl\/de\/botulinumtoxine-und-fillers\/profhilo-behandlung-mit-hyaluronsaure\/#breadcrumb","itemListElement":[{"@type":"ListItem","position":1,"name":"Home","item":"https:\/\/mooi-kliniek.nl\/de\/"},{"@type":"ListItem","position":2,"name":"Injektionsmittel und F\u00fcllstoffe","item":"https:\/\/mooi-kliniek.nl\/de\/botulinumtoxine-und-fillers\/"},{"@type":"ListItem","position":3,"name":"Profhilo\u00ae-Behandlung mit Hyalurons\u00e4ure"}]},{"@type":"WebSite","@id":"https:\/\/mooi-kliniek.nl\/de\/#website","url":"https:\/\/mooi-kliniek.nl\/de\/","name":"Mooi Kliniek","description":"","publisher":{"@id":"https:\/\/mooi-kliniek.nl\/de\/#organization"},"potentialAction":[{"@type":"SearchAction","target":{"@type":"EntryPoint","urlTemplate":"https:\/\/mooi-kliniek.nl\/de\/?s={search_term_string}"},"query-input":{"@type":"PropertyValueSpecification","valueRequired":true,"valueName":"search_term_string"}}],"inLanguage":"de"},{"@type":"Organization","@id":"https:\/\/mooi-kliniek.nl\/de\/#organization","name":"MOOI kliniek","url":"https:\/\/mooi-kliniek.nl\/de\/","logo":{"@type":"ImageObject","inLanguage":"de","@id":"https:\/\/mooi-kliniek.nl\/de\/#\/schema\/logo\/image\/","url":"https:\/\/mooi-kliniek.nl\/wp-content\/uploads\/2021\/12\/Mooi-kliniek-maastricht-logo.png","contentUrl":"https:\/\/mooi-kliniek.nl\/wp-content\/uploads\/2021\/12\/Mooi-kliniek-maastricht-logo.png","width":250,"height":119,"caption":"MOOI kliniek"},"image":{"@id":"https:\/\/mooi-kliniek.nl\/de\/#\/schema\/logo\/image\/"},"sameAs":["https:\/\/www.facebook.com\/mooikliniek","https:\/\/www.linkedin.com\/company\/mooi-kliniek"]}]}},"_links":{"self":[{"href":"https:\/\/mooi-kliniek.nl\/de\/wp-json\/wp\/v2\/pages\/7740","targetHints":{"allow":["GET"]}}],"collection":[{"href":"https:\/\/mooi-kliniek.nl\/de\/wp-json\/wp\/v2\/pages"}],"about":[{"href":"https:\/\/mooi-kliniek.nl\/de\/wp-json\/wp\/v2\/types\/page"}],"author":[{"embeddable":true,"href":"https:\/\/mooi-kliniek.nl\/de\/wp-json\/wp\/v2\/users\/2"}],"replies":[{"embeddable":true,"href":"https:\/\/mooi-kliniek.nl\/de\/wp-json\/wp\/v2\/comments?post=7740"}],"version-history":[{"count":6,"href":"https:\/\/mooi-kliniek.nl\/de\/wp-json\/wp\/v2\/pages\/7740\/revisions"}],"predecessor-version":[{"id":11438,"href":"https:\/\/mooi-kliniek.nl\/de\/wp-json\/wp\/v2\/pages\/7740\/revisions\/11438"}],"up":[{"embeddable":true,"href":"https:\/\/mooi-kliniek.nl\/de\/wp-json\/wp\/v2\/pages\/7713"}],"wp:featuredmedia":[{"embeddable":true,"href":"https:\/\/mooi-kliniek.nl\/de\/wp-json\/wp\/v2\/media\/7086"}],"wp:attachment":[{"href":"https:\/\/mooi-kliniek.nl\/de\/wp-json\/wp\/v2\/media?parent=7740"}],"curies":[{"name":"wp","href":"https:\/\/api.w.org\/{rel}","templated":true}]}}