{"id":7751,"date":"2021-07-21T08:06:07","date_gmt":"2021-07-21T08:06:07","guid":{"rendered":"https:\/\/mooi-kliniek.nl\/informationen\/preise\/"},"modified":"2025-12-29T14:07:18","modified_gmt":"2025-12-29T14:07:18","slug":"preise","status":"publish","type":"page","link":"https:\/\/mooi-kliniek.nl\/de\/informationen\/preise\/","title":{"rendered":"Preise"},"content":{"rendered":"<p><div class=\"fusion-fullwidth fullwidth-box fusion-builder-row-1 fusion-flex-container nonhundred-percent-fullwidth non-hundred-percent-height-scrolling\" style=\"--awb-background-position:center top;--awb-background-repeat:repeat-x;--awb-border-sizes-left:3vw;--awb-border-sizes-right:3vw;--awb-border-color:#ffffff;--awb-border-radius-top-left:0px;--awb-border-radius-top-right:0px;--awb-border-radius-bottom-right:0px;--awb-border-radius-bottom-left:0px;--awb-padding-top:2vw;--awb-padding-right:7vw;--awb-padding-left:7vw;--awb-padding-bottom-medium:8vw;--awb-padding-bottom-small:14vw;--awb-margin-bottom:0px;--awb-flex-wrap:wrap;\" ><div class=\"fusion-builder-row fusion-row fusion-flex-align-items-center fusion-flex-content-wrap\" style=\"max-width:calc( 1150px + 7vw );margin-left: calc(-7vw \/ 2 );margin-right: calc(-7vw \/ 2 );\"><div class=\"fusion-layout-column fusion_builder_column fusion-builder-column-0 fusion_builder_column_1_6 1_6 fusion-flex-column fusion-no-small-visibility fusion-animated\" style=\"--awb-bg-size:cover;--awb-width-large:16.666666666667%;--awb-margin-top-large:30px;--awb-spacing-right-large:calc( 0.3 * calc( 100% - 7vw ) );--awb-margin-bottom-large:0px;--awb-spacing-left-large:3.5vw;--awb-width-medium:16.666666666667%;--awb-order-medium:0;--awb-spacing-right-medium:calc( 0.3 * calc( 100% - 7vw ) );--awb-spacing-left-medium:3.5vw;--awb-width-small:100%;--awb-order-small:0;--awb-spacing-right-small:3.5vw;--awb-margin-bottom-small:9vw;--awb-spacing-left-small:3.5vw;\" data-animationType=\"fadeInUp\" data-animationDuration=\"1.3\" data-animationOffset=\"top-into-view\"><div class=\"fusion-column-wrapper fusion-column-has-shadow fusion-flex-justify-content-center fusion-content-layout-column\"><\/div><\/div><div class=\"fusion-layout-column fusion_builder_column fusion-builder-column-1 fusion_builder_column_2_3 2_3 fusion-flex-column fusion-animated\" style=\"--awb-bg-size:cover;--awb-width-large:66.666666666667%;--awb-margin-top-large:30px;--awb-spacing-right-large:calc( 0.075 * calc( 100% - 7vw ) );--awb-margin-bottom-large:0px;--awb-spacing-left-large:3.5vw;--awb-width-medium:66.666666666667%;--awb-order-medium:0;--awb-spacing-right-medium:calc( 0.075 * calc( 100% - 7vw ) );--awb-spacing-left-medium:3.5vw;--awb-width-small:100%;--awb-order-small:0;--awb-spacing-right-small:3.5vw;--awb-margin-bottom-small:9vw;--awb-spacing-left-small:3.5vw;\" data-animationType=\"fadeInUp\" data-animationDuration=\"1.3\" data-animationOffset=\"top-into-view\"><div class=\"fusion-column-wrapper fusion-column-has-shadow fusion-flex-justify-content-center fusion-content-layout-column\"><div class=\"fusion-title title fusion-title-1 fusion-sep-none fusion-title-text fusion-title-size-one\" style=\"--awb-text-color:#003438;\"><h1 class=\"fusion-title-heading title-heading-left\" style=\"margin:0;\">Preise<\/h1><\/div><div class=\"fusion-text fusion-text-1\" style=\"--awb-content-alignment:left;--awb-font-size:17px;--awb-text-color:#000000;\"><p>Wir bieten faire Preise f\u00fcr unsere Behandlungen. Unsere Preise verstehen sich f\u00fcr eine komplette Behandlung inklusive ausgezeichneter Nachsorge!<\/p>\n<ul>\n<li>Unsere Preise sind alles inklusive. Dazu geh\u00f6ren: <strong><a href=\"https:\/\/mooi-kliniek.nl\/de\/informationen\/lokalanasthesie-oder-vollnarkose\/\">An\u00e4sthesie<\/a> <\/strong>(Lokalan\u00e4sthesie oder Vollnarkose, ohne Sedierung) sowie Vor- und Nachsorge.<\/li>\n<li>\n<p style=\"font-weight: 400;\">Auch wenn eine \u00dcbernachtung erforderlich ist, fallen keine zus\u00e4tzlichen Kosten an. Dies gilt auch f\u00fcr Druckkleidung und die DBIR-Registrierung (f\u00fcr Implantate). Kurz gesagt: Es ist f\u00fcr alles gesorgt, und Sie erleben keine \u00dcberraschungen mehr.<\/p>\n<\/li>\n<li>Lesen Sie mehr \u00fcber <a href=\"https:\/\/mooi-kliniek.nl\/de\/informationen\/versicherte-leistungen\/\"><br \/>\n<strong>versicherte Pflege<\/strong><br \/>\n<\/a><\/li>\n<\/ul>\n<\/div><div class=\"fusion-separator fusion-full-width-sep\" style=\"align-self: center;margin-left: auto;margin-right: auto;margin-top:15px;width:100%;\"><\/div><ul style=\"--awb-line-height:27.2px;--awb-icon-width:27.2px;--awb-icon-height:27.2px;--awb-icon-margin:11.2px;--awb-content-margin:38.4px;--awb-circlecolor:#d15d14;--awb-circle-yes-font-size:14.08px;\" class=\"fusion-checklist fusion-checklist-1 fusion-checklist-default type-icons\"><li class=\"fusion-li-item\" style=\"\"><span class=\"icon-wrapper circle-yes\"><i class=\"fusion-li-icon fa-euro-sign fas\" aria-hidden=\"true\"><\/i><\/span><div class=\"fusion-li-item-content\">\n<p><strong><a href=\"https:\/\/mooi-kliniek.nl\/wp-content\/uploads\/2025\/12\/2026-Tarievenlijst-website-plastische-chirurgie-1.pdf\">Preisliste f\u00fcr plastische Chirurgie 2026 (PDF)<\/a><\/strong><\/p>\n<\/div><\/li><li class=\"fusion-li-item\" style=\"\"><span class=\"icon-wrapper circle-yes\"><i class=\"fusion-li-icon fa-euro-sign fas\" aria-hidden=\"true\"><\/i><\/span><div class=\"fusion-li-item-content\">\n<p><a href=\"https:\/\/mooi-kliniek.nl\/wp-content\/uploads\/2025\/12\/2026-Tarievenlijst-website-injectables-en-huidverbetering-1.pdf\"><strong>Preisliste Injektionsmittel und Hautverbesserung inkl. Laser 2026 (PDF) <\/strong><\/a><\/p>\n<\/div><\/li><\/ul><\/div><\/div><\/div><\/div><div class=\"fusion-fullwidth fullwidth-box fusion-builder-row-2 fusion-flex-container nonhundred-percent-fullwidth non-hundred-percent-height-scrolling fusion-animated\" style=\"--awb-border-color:#e8efef;--awb-border-radius-top-left:0px;--awb-border-radius-top-right:0px;--awb-border-radius-bottom-right:0px;--awb-border-radius-bottom-left:0px;--awb-padding-top:40px;--awb-padding-bottom:7vw;--awb-margin-bottom:0px;--awb-flex-wrap:wrap;\" data-animationType=\"fadeInLeft\" data-animationDuration=\"1.7\" data-animationOffset=\"top-into-view\" ><div class=\"fusion-builder-row fusion-row fusion-flex-align-items-stretch fusion-flex-content-wrap\" style=\"max-width:1207.5px;margin-left: calc(-5% \/ 2 );margin-right: calc(-5% \/ 2 );\"><div class=\"fusion-layout-column fusion_builder_column fusion-builder-column-2 fusion_builder_column_2_5 2_5 fusion-flex-column\" style=\"--awb-overflow:hidden;--awb-bg-position:center center;--awb-bg-size:cover;--awb-border-radius:6px 0px 0px 6px;--awb-width-large:40%;--awb-margin-top-large:0px;--awb-spacing-right-large:0px;--awb-margin-bottom-large:0px;--awb-spacing-left-large:5.9375%;--awb-width-medium:40%;--awb-order-medium:0;--awb-spacing-right-medium:0px;--awb-spacing-left-medium:5.9375%;--awb-width-small:16.666666666667%;--awb-order-small:0;--awb-spacing-right-small:0px;--awb-margin-bottom-small:6vw;--awb-spacing-left-small:14.25%;\"><div class=\"fusion-column-wrapper lazyload fusion-column-has-shadow fusion-flex-justify-content-flex-start fusion-content-layout-column fusion-empty-column-bg-image fusion-column-has-bg-image\" data-bg-url=\"https:\/\/mooi-kliniek.nl\/wp-content\/uploads\/2021\/07\/onze-belofte.jpeg\" data-bg=\"https:\/\/mooi-kliniek.nl\/wp-content\/uploads\/2021\/07\/onze-belofte.jpeg\"><img decoding=\"async\" class=\"fusion-empty-dims-img-placeholder fusion-no-large-visibility fusion-no-medium-visibility\" aria-label=\"onze belofte\" src=\"data:image\/svg+xml,%3Csvg%20xmlns%3D%27http%3A%2F%2Fwww.w3.org%2F2000%2Fsvg%27%20width%3D%27900%27%20height%3D%27682%27%20viewBox%3D%270%200%20900%20682%27%3E%3Crect%20width%3D%27900%27%20height%3D%27682%27%20fill-opacity%3D%220%22%2F%3E%3C%2Fsvg%3E\"><\/div><\/div><div class=\"fusion-layout-column fusion_builder_column fusion-builder-column-3 fusion_builder_column_3_5 3_5 fusion-flex-column\" style=\"--awb-padding-top:10vh;--awb-padding-right:6vw;--awb-padding-bottom:10vh;--awb-padding-left:6vw;--awb-padding-top-medium:8vw;--awb-padding-bottom-medium:8vw;--awb-padding-top-small:7vh;--awb-padding-right-small:7vw;--awb-padding-bottom-small:7vh;--awb-padding-left-small:7vw;--awb-overflow:hidden;--awb-bg-color:#718472;--awb-bg-color-hover:#718472;--awb-bg-size:cover;--awb-border-radius:0px 6px 6px 0px;--awb-width-large:60%;--awb-margin-top-large:0px;--awb-spacing-right-large:3.9583333333333%;--awb-margin-bottom-large:0px;--awb-spacing-left-large:0px;--awb-width-medium:60%;--awb-order-medium:0;--awb-spacing-right-medium:3.9583333333333%;--awb-spacing-left-medium:0px;--awb-width-small:83.333333333333%;--awb-order-small:0;--awb-spacing-right-small:2.85%;--awb-margin-bottom-small:6vw;--awb-spacing-left-small:0px;\"><div class=\"fusion-column-wrapper fusion-column-has-shadow fusion-flex-justify-content-flex-start fusion-content-layout-column\"><div class=\"fusion-title title fusion-title-2 fusion-sep-none fusion-title-text fusion-title-size-two\" style=\"--awb-text-color:#ffffff;--awb-margin-bottom:20px;\"><h2 class=\"fusion-title-heading title-heading-left\" style=\"margin:0;\">Onze belofte<\/h2><\/div><div class=\"fusion-text fusion-text-2\" style=\"--awb-content-alignment:left;--awb-font-size:17px;--awb-line-height:1.9;--awb-text-color:#ffffff;\"><p>Bij MOOI is kwaliteit geen loze slogan. Wij hechten bijzonder waarde aan kwaliteit omdat het om jouw uiterlijk gaat en dat neem je je hele leven mee.\u00a0Kwaliteit, veiligheid en vertrouwen staan daarom centraal in onze aanpak.<\/p>\n<\/div><div style=\"text-align:left;\"><a class=\"fusion-button button-flat fusion-button-default-size button-custom fusion-button-default button-1 fusion-button-default-span fusion-button-default-type\" style=\"--button_accent_color:#003438;--button_border_color:#003438;--button_accent_hover_color:#a6bcb8;--button_border_hover_color:#a6bcb8;--button_border_width-top:0px;--button_border_width-right:0px;--button_border_width-bottom:0px;--button_border_width-left:0px;--button_gradient_top_color:#ffffff;--button_gradient_bottom_color:#ffffff;--button_gradient_top_color_hover:rgba(255,255,255,0.95);--button_gradient_bottom_color_hover:rgba(255,255,255,0.95);--button_margin-top:20px;\" target=\"_self\" href=\"https:\/\/mooi-kliniek.nl\/de\/uber-mooi-clinic\/unsere-vision-von-qualitat\/\"><span class=\"fusion-button-text awb-button__text awb-button__text--default\">Lesen Sie mehr \u00fcber unsere Vision<\/span><\/a><\/div><\/div><\/div><\/div><\/div>\n<\/p>\n","protected":false},"excerpt":{"rendered":"","protected":false},"author":2,"featured_media":6996,"parent":7647,"menu_order":0,"comment_status":"closed","ping_status":"closed","template":"100-width.php","meta":{"_glsr_average":0,"_glsr_ranking":0,"_glsr_reviews":0,"footnotes":""},"class_list":["post-7751","page","type-page","status-publish","has-post-thumbnail","hentry"],"yoast_head":"<!-- This site is optimized with the Yoast SEO plugin v26.8 - https:\/\/yoast.com\/product\/yoast-seo-wordpress\/ -->\n<title>Preise und Kosten der - Mooi Kliniek<\/title>\n<meta name=\"description\" content=\"Wir bieten faire Preise f\u00fcr unsere Behandlungen 2025. Alle unsere Preise beinhalten die An\u00e4sthesie (Lokal- oder Vollnarkose) sowie die Vor- und Nachsorge.\" \/>\n<meta name=\"robots\" content=\"index, follow, max-snippet:-1, max-image-preview:large, max-video-preview:-1\" \/>\n<link rel=\"canonical\" href=\"https:\/\/mooi-kliniek.nl\/de\/informationen\/preise\/\" \/>\n<meta property=\"og:locale\" content=\"de_DE\" \/>\n<meta property=\"og:type\" content=\"article\" \/>\n<meta property=\"og:title\" content=\"Preise und Kosten der - Mooi Kliniek\" \/>\n<meta property=\"og:description\" content=\"Wir bieten faire Preise f\u00fcr unsere Behandlungen 2025. Alle unsere Preise beinhalten die An\u00e4sthesie (Lokal- oder Vollnarkose) sowie die Vor- und Nachsorge.\" \/>\n<meta property=\"og:url\" content=\"https:\/\/mooi-kliniek.nl\/de\/informationen\/preise\/\" \/>\n<meta property=\"og:site_name\" content=\"Mooi Kliniek\" \/>\n<meta property=\"article:publisher\" content=\"https:\/\/www.facebook.com\/mooikliniek\" \/>\n<meta property=\"article:modified_time\" content=\"2025-12-29T14:07:18+00:00\" \/>\n<meta property=\"og:image\" content=\"https:\/\/mooi-kliniek.nl\/wp-content\/uploads\/2021\/06\/Mooi-Plastisch-Chirurgen-Team.jpg\" \/>\n\t<meta property=\"og:image:width\" content=\"1950\" \/>\n\t<meta property=\"og:image:height\" content=\"564\" \/>\n\t<meta property=\"og:image:type\" content=\"image\/jpeg\" \/>\n<meta name=\"twitter:card\" content=\"summary_large_image\" \/>\n<meta name=\"twitter:label1\" content=\"Gesch\u00e4tzte Lesezeit\" \/>\n\t<meta name=\"twitter:data1\" content=\"4\u00a0Minuten\" \/>\n<script type=\"application\/ld+json\" class=\"yoast-schema-graph\">{\"@context\":\"https:\/\/schema.org\",\"@graph\":[{\"@type\":\"WebPage\",\"@id\":\"https:\/\/mooi-kliniek.nl\/de\/informationen\/preise\/\",\"url\":\"https:\/\/mooi-kliniek.nl\/de\/informationen\/preise\/\",\"name\":\"Preise und Kosten der - Mooi Kliniek\",\"isPartOf\":{\"@id\":\"https:\/\/mooi-kliniek.nl\/de\/#website\"},\"primaryImageOfPage\":{\"@id\":\"https:\/\/mooi-kliniek.nl\/de\/informationen\/preise\/#primaryimage\"},\"image\":{\"@id\":\"https:\/\/mooi-kliniek.nl\/de\/informationen\/preise\/#primaryimage\"},\"thumbnailUrl\":\"https:\/\/mooi-kliniek.nl\/wp-content\/uploads\/2021\/06\/Mooi-Plastisch-Chirurgen-Team.jpg\",\"datePublished\":\"2021-07-21T08:06:07+00:00\",\"dateModified\":\"2025-12-29T14:07:18+00:00\",\"description\":\"Wir bieten faire Preise f\u00fcr unsere Behandlungen 2025. Alle unsere Preise beinhalten die An\u00e4sthesie (Lokal- oder Vollnarkose) sowie die Vor- und Nachsorge.\",\"breadcrumb\":{\"@id\":\"https:\/\/mooi-kliniek.nl\/de\/informationen\/preise\/#breadcrumb\"},\"inLanguage\":\"de\",\"potentialAction\":[{\"@type\":\"ReadAction\",\"target\":[\"https:\/\/mooi-kliniek.nl\/de\/informationen\/preise\/\"]}]},{\"@type\":\"ImageObject\",\"inLanguage\":\"de\",\"@id\":\"https:\/\/mooi-kliniek.nl\/de\/informationen\/preise\/#primaryimage\",\"url\":\"https:\/\/mooi-kliniek.nl\/wp-content\/uploads\/2021\/06\/Mooi-Plastisch-Chirurgen-Team.jpg\",\"contentUrl\":\"https:\/\/mooi-kliniek.nl\/wp-content\/uploads\/2021\/06\/Mooi-Plastisch-Chirurgen-Team.jpg\",\"width\":1950,\"height\":564},{\"@type\":\"BreadcrumbList\",\"@id\":\"https:\/\/mooi-kliniek.nl\/de\/informationen\/preise\/#breadcrumb\",\"itemListElement\":[{\"@type\":\"ListItem\",\"position\":1,\"name\":\"Home\",\"item\":\"https:\/\/mooi-kliniek.nl\/de\/\"},{\"@type\":\"ListItem\",\"position\":2,\"name\":\"Informationen\",\"item\":\"https:\/\/mooi-kliniek.nl\/de\/informationen\/\"},{\"@type\":\"ListItem\",\"position\":3,\"name\":\"Preise\"}]},{\"@type\":\"WebSite\",\"@id\":\"https:\/\/mooi-kliniek.nl\/de\/#website\",\"url\":\"https:\/\/mooi-kliniek.nl\/de\/\",\"name\":\"Mooi Kliniek\",\"description\":\"\",\"publisher\":{\"@id\":\"https:\/\/mooi-kliniek.nl\/de\/#organization\"},\"potentialAction\":[{\"@type\":\"SearchAction\",\"target\":{\"@type\":\"EntryPoint\",\"urlTemplate\":\"https:\/\/mooi-kliniek.nl\/de\/?s={search_term_string}\"},\"query-input\":{\"@type\":\"PropertyValueSpecification\",\"valueRequired\":true,\"valueName\":\"search_term_string\"}}],\"inLanguage\":\"de\"},{\"@type\":\"Organization\",\"@id\":\"https:\/\/mooi-kliniek.nl\/de\/#organization\",\"name\":\"MOOI kliniek\",\"url\":\"https:\/\/mooi-kliniek.nl\/de\/\",\"logo\":{\"@type\":\"ImageObject\",\"inLanguage\":\"de\",\"@id\":\"https:\/\/mooi-kliniek.nl\/de\/#\/schema\/logo\/image\/\",\"url\":\"https:\/\/mooi-kliniek.nl\/wp-content\/uploads\/2021\/12\/Mooi-kliniek-maastricht-logo.png\",\"contentUrl\":\"https:\/\/mooi-kliniek.nl\/wp-content\/uploads\/2021\/12\/Mooi-kliniek-maastricht-logo.png\",\"width\":250,\"height\":119,\"caption\":\"MOOI kliniek\"},\"image\":{\"@id\":\"https:\/\/mooi-kliniek.nl\/de\/#\/schema\/logo\/image\/\"},\"sameAs\":[\"https:\/\/www.facebook.com\/mooikliniek\",\"https:\/\/www.linkedin.com\/company\/mooi-kliniek\"]}]}<\/script>\n<!-- \/ Yoast SEO plugin. -->","yoast_head_json":{"title":"Preise und Kosten der - Mooi Kliniek","description":"Wir bieten faire Preise f\u00fcr unsere Behandlungen 2025. Alle unsere Preise beinhalten die An\u00e4sthesie (Lokal- oder Vollnarkose) sowie die Vor- und Nachsorge.","robots":{"index":"index","follow":"follow","max-snippet":"max-snippet:-1","max-image-preview":"max-image-preview:large","max-video-preview":"max-video-preview:-1"},"canonical":"https:\/\/mooi-kliniek.nl\/de\/informationen\/preise\/","og_locale":"de_DE","og_type":"article","og_title":"Preise und Kosten der - Mooi Kliniek","og_description":"Wir bieten faire Preise f\u00fcr unsere Behandlungen 2025. Alle unsere Preise beinhalten die An\u00e4sthesie (Lokal- oder Vollnarkose) sowie die Vor- und Nachsorge.","og_url":"https:\/\/mooi-kliniek.nl\/de\/informationen\/preise\/","og_site_name":"Mooi Kliniek","article_publisher":"https:\/\/www.facebook.com\/mooikliniek","article_modified_time":"2025-12-29T14:07:18+00:00","og_image":[{"width":1950,"height":564,"url":"https:\/\/mooi-kliniek.nl\/wp-content\/uploads\/2021\/06\/Mooi-Plastisch-Chirurgen-Team.jpg","type":"image\/jpeg"}],"twitter_card":"summary_large_image","twitter_misc":{"Gesch\u00e4tzte Lesezeit":"4\u00a0Minuten"},"schema":{"@context":"https:\/\/schema.org","@graph":[{"@type":"WebPage","@id":"https:\/\/mooi-kliniek.nl\/de\/informationen\/preise\/","url":"https:\/\/mooi-kliniek.nl\/de\/informationen\/preise\/","name":"Preise und Kosten der - Mooi Kliniek","isPartOf":{"@id":"https:\/\/mooi-kliniek.nl\/de\/#website"},"primaryImageOfPage":{"@id":"https:\/\/mooi-kliniek.nl\/de\/informationen\/preise\/#primaryimage"},"image":{"@id":"https:\/\/mooi-kliniek.nl\/de\/informationen\/preise\/#primaryimage"},"thumbnailUrl":"https:\/\/mooi-kliniek.nl\/wp-content\/uploads\/2021\/06\/Mooi-Plastisch-Chirurgen-Team.jpg","datePublished":"2021-07-21T08:06:07+00:00","dateModified":"2025-12-29T14:07:18+00:00","description":"Wir bieten faire Preise f\u00fcr unsere Behandlungen 2025. Alle unsere Preise beinhalten die An\u00e4sthesie (Lokal- oder Vollnarkose) sowie die Vor- und Nachsorge.","breadcrumb":{"@id":"https:\/\/mooi-kliniek.nl\/de\/informationen\/preise\/#breadcrumb"},"inLanguage":"de","potentialAction":[{"@type":"ReadAction","target":["https:\/\/mooi-kliniek.nl\/de\/informationen\/preise\/"]}]},{"@type":"ImageObject","inLanguage":"de","@id":"https:\/\/mooi-kliniek.nl\/de\/informationen\/preise\/#primaryimage","url":"https:\/\/mooi-kliniek.nl\/wp-content\/uploads\/2021\/06\/Mooi-Plastisch-Chirurgen-Team.jpg","contentUrl":"https:\/\/mooi-kliniek.nl\/wp-content\/uploads\/2021\/06\/Mooi-Plastisch-Chirurgen-Team.jpg","width":1950,"height":564},{"@type":"BreadcrumbList","@id":"https:\/\/mooi-kliniek.nl\/de\/informationen\/preise\/#breadcrumb","itemListElement":[{"@type":"ListItem","position":1,"name":"Home","item":"https:\/\/mooi-kliniek.nl\/de\/"},{"@type":"ListItem","position":2,"name":"Informationen","item":"https:\/\/mooi-kliniek.nl\/de\/informationen\/"},{"@type":"ListItem","position":3,"name":"Preise"}]},{"@type":"WebSite","@id":"https:\/\/mooi-kliniek.nl\/de\/#website","url":"https:\/\/mooi-kliniek.nl\/de\/","name":"Mooi Kliniek","description":"","publisher":{"@id":"https:\/\/mooi-kliniek.nl\/de\/#organization"},"potentialAction":[{"@type":"SearchAction","target":{"@type":"EntryPoint","urlTemplate":"https:\/\/mooi-kliniek.nl\/de\/?s={search_term_string}"},"query-input":{"@type":"PropertyValueSpecification","valueRequired":true,"valueName":"search_term_string"}}],"inLanguage":"de"},{"@type":"Organization","@id":"https:\/\/mooi-kliniek.nl\/de\/#organization","name":"MOOI kliniek","url":"https:\/\/mooi-kliniek.nl\/de\/","logo":{"@type":"ImageObject","inLanguage":"de","@id":"https:\/\/mooi-kliniek.nl\/de\/#\/schema\/logo\/image\/","url":"https:\/\/mooi-kliniek.nl\/wp-content\/uploads\/2021\/12\/Mooi-kliniek-maastricht-logo.png","contentUrl":"https:\/\/mooi-kliniek.nl\/wp-content\/uploads\/2021\/12\/Mooi-kliniek-maastricht-logo.png","width":250,"height":119,"caption":"MOOI kliniek"},"image":{"@id":"https:\/\/mooi-kliniek.nl\/de\/#\/schema\/logo\/image\/"},"sameAs":["https:\/\/www.facebook.com\/mooikliniek","https:\/\/www.linkedin.com\/company\/mooi-kliniek"]}]}},"_links":{"self":[{"href":"https:\/\/mooi-kliniek.nl\/de\/wp-json\/wp\/v2\/pages\/7751","targetHints":{"allow":["GET"]}}],"collection":[{"href":"https:\/\/mooi-kliniek.nl\/de\/wp-json\/wp\/v2\/pages"}],"about":[{"href":"https:\/\/mooi-kliniek.nl\/de\/wp-json\/wp\/v2\/types\/page"}],"author":[{"embeddable":true,"href":"https:\/\/mooi-kliniek.nl\/de\/wp-json\/wp\/v2\/users\/2"}],"replies":[{"embeddable":true,"href":"https:\/\/mooi-kliniek.nl\/de\/wp-json\/wp\/v2\/comments?post=7751"}],"version-history":[{"count":14,"href":"https:\/\/mooi-kliniek.nl\/de\/wp-json\/wp\/v2\/pages\/7751\/revisions"}],"predecessor-version":[{"id":16143,"href":"https:\/\/mooi-kliniek.nl\/de\/wp-json\/wp\/v2\/pages\/7751\/revisions\/16143"}],"up":[{"embeddable":true,"href":"https:\/\/mooi-kliniek.nl\/de\/wp-json\/wp\/v2\/pages\/7647"}],"wp:featuredmedia":[{"embeddable":true,"href":"https:\/\/mooi-kliniek.nl\/de\/wp-json\/wp\/v2\/media\/6996"}],"wp:attachment":[{"href":"https:\/\/mooi-kliniek.nl\/de\/wp-json\/wp\/v2\/media?parent=7751"}],"curies":[{"name":"wp","href":"https:\/\/api.w.org\/{rel}","templated":true}]}}