{"id":7766,"date":"2021-11-30T13:55:53","date_gmt":"2021-11-30T13:55:53","guid":{"rendered":"https:\/\/mooi-kliniek.nl\/liposuktion-fettabsaugung\/erholung-und-nachsorge-nach-einer-fettabsaugung\/"},"modified":"2024-02-20T13:18:31","modified_gmt":"2024-02-20T13:18:31","slug":"erholung-und-nachsorge-nach-einer-fettabsaugung","status":"publish","type":"page","link":"https:\/\/mooi-kliniek.nl\/de\/liposuktion-fettabsaugung\/erholung-und-nachsorge-nach-einer-fettabsaugung\/","title":{"rendered":"Erholung und Nachsorge nach einer Fettabsaugung"},"content":{"rendered":"<p><div class=\"fusion-fullwidth fullwidth-box fusion-builder-row-1 fusion-flex-container nonhundred-percent-fullwidth non-hundred-percent-height-scrolling fusion-animated\" style=\"--awb-border-radius-top-left:0px;--awb-border-radius-top-right:0px;--awb-border-radius-bottom-right:0px;--awb-border-radius-bottom-left:0px;--awb-padding-top:60px;--awb-padding-bottom:60px;--awb-padding-top-small:0px;--awb-padding-right-small:12vw;--awb-padding-bottom-small:12vw;--awb-padding-left-small:12vw;--awb-flex-wrap:wrap;\" data-animationType=\"fadeInUp\" data-animationDuration=\"1.2\" data-animationOffset=\"top-into-view\" ><div class=\"fusion-builder-row fusion-row fusion-flex-align-items-flex-start fusion-flex-content-wrap\" style=\"max-width:1207.5px;margin-left: calc(-5% \/ 2 );margin-right: calc(-5% \/ 2 );\"><div class=\"fusion-layout-column fusion_builder_column fusion-builder-column-0 fusion_builder_column_1_6 1_6 fusion-flex-column\" style=\"--awb-bg-size:cover;--awb-width-large:16.666666666667%;--awb-margin-top-large:0px;--awb-spacing-right-large:11.4%;--awb-margin-bottom-large:0px;--awb-spacing-left-large:28.5%;--awb-width-medium:16.666666666667%;--awb-order-medium:0;--awb-spacing-right-medium:11.4%;--awb-spacing-left-medium:28.5%;--awb-width-small:100%;--awb-order-small:0;--awb-spacing-right-small:2.375%;--awb-spacing-left-small:2.375%;\"><div class=\"fusion-column-wrapper fusion-column-has-shadow fusion-flex-justify-content-flex-start fusion-content-layout-column\"><\/div><\/div><div class=\"fusion-layout-column fusion_builder_column fusion-builder-column-1 fusion_builder_column_2_3 2_3 fusion-flex-column\" style=\"--awb-padding-top:10px;--awb-bg-size:cover;--awb-width-large:66.666666666667%;--awb-margin-top-large:0px;--awb-spacing-right-large:7.125%;--awb-margin-bottom-large:0px;--awb-spacing-left-large:2.85%;--awb-width-medium:66.666666666667%;--awb-order-medium:0;--awb-spacing-right-medium:7.125%;--awb-spacing-left-medium:2.85%;--awb-width-small:100%;--awb-order-small:0;--awb-spacing-right-small:2.375%;--awb-spacing-left-small:2.375%;\"><div class=\"fusion-column-wrapper fusion-column-has-shadow fusion-flex-justify-content-flex-start fusion-content-layout-column\"><div class=\"fusion-title title fusion-title-1 fusion-sep-none fusion-title-text fusion-title-size-two\"><h2 class=\"fusion-title-heading title-heading-left\" style=\"margin:0;line-height:1.3em;\">Nachsorge und Lebensregeln nach der Liposuktion<\/h2><\/div><div class=\"fusion-text fusion-text-1\" style=\"--awb-font-size:18px;--awb-text-color:#003438;\"><p>Wenn Sie sich durch eine Fettabsaugung dauerhaft Fett absaugen lassen, braucht Ihr K\u00f6rper Zeit, um sich zu erholen. Wir werden oft gefragt, was man nach einer Liposkulptur-Behandlung tun kann und was nicht und wie man die Genesung f\u00f6rdern kann. Um das beste Ergebnis zu erzielen, ist es auch wichtig, unsere Regeln strikt zu befolgen. Wir erkl\u00e4ren es Ihnen gerne.<\/p>\n<blockquote>\n<p>Lesen Sie hier mehr \u00fcber <a href=\"https:\/\/mooi-kliniek.nl\/de\/liposuktion-fettabsaugung\/\">die Behandlung<\/a>.<\/p>\n<\/blockquote>\n<\/div><\/div><\/div><div class=\"fusion-layout-column fusion_builder_column fusion-builder-column-2 fusion_builder_column_1_6 1_6 fusion-flex-column fusion-no-small-visibility\" style=\"--awb-bg-size:cover;--awb-width-large:16.666666666667%;--awb-margin-top-large:0px;--awb-spacing-right-large:11.4%;--awb-margin-bottom-large:0px;--awb-spacing-left-large:28.5%;--awb-width-medium:16.666666666667%;--awb-order-medium:0;--awb-spacing-right-medium:11.4%;--awb-spacing-left-medium:28.5%;--awb-width-small:100%;--awb-order-small:0;--awb-spacing-right-small:2.375%;--awb-spacing-left-small:2.375%;\"><div class=\"fusion-column-wrapper fusion-column-has-shadow fusion-flex-justify-content-flex-start fusion-content-layout-column\"><\/div><\/div><div class=\"fusion-layout-column fusion_builder_column fusion-builder-column-3 fusion_builder_column_1_6 1_6 fusion-flex-column fusion-no-small-visibility\" style=\"--awb-bg-size:cover;--awb-width-large:16.666666666667%;--awb-margin-top-large:0px;--awb-spacing-right-large:28.5%;--awb-margin-bottom-large:0px;--awb-spacing-left-large:11.4%;--awb-width-medium:16.666666666667%;--awb-order-medium:0;--awb-spacing-right-medium:28.5%;--awb-spacing-left-medium:11.4%;--awb-width-small:100%;--awb-order-small:0;--awb-spacing-right-small:2.375%;--awb-spacing-left-small:2.375%;\"><div class=\"fusion-column-wrapper fusion-column-has-shadow fusion-flex-justify-content-flex-start fusion-content-layout-column\"><\/div><\/div><div class=\"fusion-layout-column fusion_builder_column fusion-builder-column-4 fusion_builder_column_2_3 2_3 fusion-flex-column\" style=\"--awb-bg-size:cover;--awb-width-large:66.666666666667%;--awb-margin-top-large:0px;--awb-spacing-right-large:7.125%;--awb-margin-bottom-large:0px;--awb-spacing-left-large:2.85%;--awb-width-medium:66.666666666667%;--awb-order-medium:0;--awb-spacing-right-medium:7.125%;--awb-spacing-left-medium:2.85%;--awb-width-small:100%;--awb-order-small:0;--awb-spacing-right-small:2.375%;--awb-spacing-left-small:2.375%;\"><div class=\"fusion-column-wrapper fusion-column-has-shadow fusion-flex-justify-content-flex-start fusion-content-layout-column\"><div class=\"fusion-text fusion-text-2\"><h2>Die ersten Tage nach der Behandlung<\/h2>\n<p>Nach der Operation k\u00f6nnen Sie in der Regel noch am selben Tag nach Hause gehen. Wir pr\u00fcfen, ob alles in Ordnung ist, und nachdem unser plastischer Chirurg sein Einverst\u00e4ndnis gegeben hat, k\u00f6nnen Sie nach Hause gehen. In den ersten Tagen sind die behandelten Stellen empfindlich und geschwollen. Die Schwellung verschwindet in der Regel innerhalb von vier Wochen.<\/p>\n<h4>KOMPRESSIONSKLEIDUNG<\/h4>\n<p>Ihr Verband besteht aus einem gut sitzenden Druckverband oder Kompressionskleidung, den Sie unmittelbar nach der Operation anlegen. Sie werden den Druckverband 2 bis 4 Wochen lang Tag und Nacht tragen.<\/p>\n<h4>AUTO FAHREN<\/h4>\n<p>Eine Sache, die Sie unmittelbar nach der Operation nicht tun sollten, ist, sich selbst ans Steuer zu setzen. Sorgen Sie also daf\u00fcr, dass jemand bei Ihnen ist, der Sie sicher nach Hause f\u00e4hrt.<\/p>\n<h4>SCHMERZLINDERUNG UND MEDIKAMENTE<\/h4>\n<p>Wenn Sie sich schlecht f\u00fchlen oder Ihr K\u00f6rper schmerzt, k\u00f6nnen Sie jederzeit Paracetamol und zus\u00e4tzliche, vom Arzt verschriebene Schmerzmittel einnehmen.<\/p>\n<p>Nehmen Sie in Absprache mit dem plastischen Chirurgen keine Blutverd\u00fcnner oder andere Medikamente mehr ein. Besprechen Sie dies mit Ihrem Arzt.<\/p>\n<h4>ALKOHOL UND RAUCHEN<\/h4>\n<p>Trinken Sie in der ersten Woche nach der Behandlung keinen Alkohol, da die Gefahr von Nachblutungen besteht. Rauchen beeintr\u00e4chtigt die Durchblutung des Gewebes, und genau das ist wichtig f\u00fcr eine gute Erholung. Wir empfehlen Ihnen daher, Wochen vor und nach der Behandlung mit dem Rauchen aufzuh\u00f6ren. Auch nach der Behandlung ist es besser, nicht zu rauchen. Dadurch wird der Alterungsprozess beschleunigt.<\/p>\n<h4>K\u00d6RPERLICHE ANSTRENGUNG<\/h4>\n<p>Der Abend nach der Operation ist die beste Zeit, um sich auszuruhen. In der ersten Woche k\u00f6nnen Sie spazieren gehen und kleine Aktivit\u00e4ten durchf\u00fchren. Je nach Art der Arbeit k\u00f6nnen Sie nach etwa 1-2 Wochen wieder an Ihren Arbeitsplatz zur\u00fcckkehren, \u00a0sofern von Ihrem behandelnden Arzt nicht anders bestimmt. Sportliche Aktivit\u00e4ten und schwere Arbeiten k\u00f6nnen nach 4 Wochen wieder aufgenommen werden.<\/p>\n<h4>DUSCHEN UND BADEN<\/h4>\n<p>Das Duschen ist nach 4-5 Tagen wieder erlaubt. Die Pflaster sollten jedoch bis zur Kontrolluntersuchung getragen werden. Es wird empfohlen, 4-6 Wochen lang nicht hei\u00df zu baden oder zu duschen.<\/p>\n<h2>Zwei Wochen nach der Behandlung<\/h2>\n<p>Nach zwei Wochen kommen Sie zu einer Kontrolluntersuchung in die MOOI-Klinik. Nach 2 Wochen werden die Pflaster und eventuelle N\u00e4hte entfernt. In der Regel k\u00f6nnen Sie jetzt wieder mit der Arbeit beginnen (vorausgesetzt, sie ist nicht zu k\u00f6rperlich anstrengend).<\/p>\n<h2>Sechs Wochen nach der Behandlung<\/h2>\n<p>Nach sechs Wochen haben Sie sich in der Regel gut von der Operation erholt. Es ist schwer zu sagen, wann Ihr K\u00f6rper wieder vollst\u00e4ndig genesen sein wird. Dies ist von Person zu Person unterschiedlich und h\u00e4ngt von der Menge der Wundfl\u00fcssigkeit oder des Blutergusses unter der Haut ab. Dabei wird ein durchschnittlicher Zeitraum von sechs Wochen zugrunde gelegt.<\/p>\n<p>Die meisten Menschen k\u00f6nnen ihr normales Leben nach 6 Wochen wieder vollst\u00e4ndig aufnehmen.<\/p>\n<h2>Endkontrolle und Ergebnis<\/h2>\n<p>Nach etwa 3 Monaten kommen Sie zu einer Abschlussuntersuchung in die MOOI-Klinik. Sie werden die Ergebnisse erst nach 3 bis 6 Monaten richtig sehen; Sie m\u00fcssen also Geduld haben.<br \/>\nWenn Ihre Erwartungen realistisch sind, wird in den meisten F\u00e4llen ein zufriedenstellendes oder sogar sehr zufriedenstellendes Ergebnis erzielt.<\/p>\n<p>Haben Sie Zweifel an Ihrer Situation? Dann <a href=\"https:\/\/mooi-kliniek.nl\/de\/kontakt\/\">kontaktieren Sie uns<\/a>.<\/p>\n<\/div><\/div><\/div><\/div><\/div><div class=\"fusion-fullwidth fullwidth-box fusion-builder-row-2 fusion-flex-container nonhundred-percent-fullwidth non-hundred-percent-height-scrolling fusion-animated\" style=\"--awb-border-color:#e8efef;--awb-border-radius-top-left:0px;--awb-border-radius-top-right:0px;--awb-border-radius-bottom-right:0px;--awb-border-radius-bottom-left:0px;--awb-padding-top:0px;--awb-padding-bottom:7vw;--awb-margin-bottom:0px;--awb-flex-wrap:wrap;\" data-animationType=\"fadeInUp\" data-animationDuration=\"1.0\" data-animationOffset=\"top-into-view\" ><div class=\"fusion-builder-row fusion-row fusion-flex-align-items-stretch fusion-flex-content-wrap\" style=\"max-width:1207.5px;margin-left: calc(-5% \/ 2 );margin-right: calc(-5% \/ 2 );\"><div class=\"fusion-layout-column fusion_builder_column fusion-builder-column-5 fusion_builder_column_2_5 2_5 fusion-flex-column\" style=\"--awb-overflow:hidden;--awb-bg-position:center center;--awb-bg-size:cover;--awb-border-radius:6px 0px 0px 6px;--awb-width-large:40%;--awb-margin-top-large:0px;--awb-spacing-right-large:0px;--awb-margin-bottom-large:0px;--awb-spacing-left-large:5.9375%;--awb-width-medium:40%;--awb-order-medium:0;--awb-spacing-right-medium:0px;--awb-spacing-left-medium:5.9375%;--awb-width-small:16.666666666667%;--awb-order-small:0;--awb-spacing-right-small:0px;--awb-margin-bottom-small:6vw;--awb-spacing-left-small:14.25%;\"><div class=\"fusion-column-wrapper lazyload fusion-column-has-shadow fusion-flex-justify-content-flex-start fusion-content-layout-column fusion-empty-column-bg-image fusion-column-has-bg-image\" data-bg-url=\"https:\/\/mooi-kliniek.nl\/wp-content\/uploads\/2021\/07\/buikwandcorrectie-limburg.jpeg\" data-bg=\"https:\/\/mooi-kliniek.nl\/wp-content\/uploads\/2021\/07\/buikwandcorrectie-limburg.jpeg\"><img decoding=\"async\" class=\"fusion-empty-dims-img-placeholder fusion-no-large-visibility fusion-no-medium-visibility\" aria-label=\"buikwandcorrectie limburg\" src=\"data:image\/svg+xml,%3Csvg%20xmlns%3D%27http%3A%2F%2Fwww.w3.org%2F2000%2Fsvg%27%20width%3D%271500%27%20height%3D%271572%27%20viewBox%3D%270%200%201500%201572%27%3E%3Crect%20width%3D%271500%27%20height%3D%271572%27%20fill-opacity%3D%220%22%2F%3E%3C%2Fsvg%3E\"><\/div><\/div><div class=\"fusion-layout-column fusion_builder_column fusion-builder-column-6 fusion_builder_column_3_5 3_5 fusion-flex-column\" style=\"--awb-padding-top:10vh;--awb-padding-right:6vw;--awb-padding-bottom:10vh;--awb-padding-left:6vw;--awb-padding-top-medium:8vw;--awb-padding-bottom-medium:8vw;--awb-padding-top-small:7vh;--awb-padding-right-small:7vw;--awb-padding-bottom-small:7vh;--awb-padding-left-small:7vw;--awb-overflow:hidden;--awb-bg-color:#718472;--awb-bg-color-hover:#718472;--awb-bg-size:cover;--awb-border-radius:0px 6px 6px 0px;--awb-width-large:60%;--awb-margin-top-large:0px;--awb-spacing-right-large:3.9583333333333%;--awb-margin-bottom-large:0px;--awb-spacing-left-large:0px;--awb-width-medium:60%;--awb-order-medium:0;--awb-spacing-right-medium:3.9583333333333%;--awb-spacing-left-medium:0px;--awb-width-small:83.333333333333%;--awb-order-small:0;--awb-spacing-right-small:2.85%;--awb-margin-bottom-small:6vw;--awb-spacing-left-small:0px;\"><div class=\"fusion-column-wrapper fusion-column-has-shadow fusion-flex-justify-content-flex-start fusion-content-layout-column\"><div class=\"fusion-title title fusion-title-2 fusion-sep-none fusion-title-text fusion-title-size-two\" style=\"--awb-text-color:#ffffff;--awb-margin-bottom:20px;\"><h2 class=\"fusion-title-heading title-heading-left\" style=\"margin:0;\">Denken Sie \u00fcber eine Fettabsaugung nach?<\/h2><\/div><div class=\"fusion-text fusion-text-3\" style=\"--awb-content-alignment:left;--awb-font-size:17px;--awb-line-height:1.9;--awb-text-color:#ffffff;\"><p>In der MOOI-Klinik wird die Fettabsaugung von einem plastischen Chirurgen durchgef\u00fchrt.<\/p>\n<\/div><div style=\"text-align:left;\"><a class=\"fusion-button button-flat fusion-button-default-size button-custom fusion-button-default button-1 fusion-button-default-span fusion-button-default-type\" style=\"--button_accent_color:#21362b;--button_accent_hover_color:#718472;--button_border_hover_color:#ffffff;--button_border_width-top:0px;--button_border_width-right:0px;--button_border_width-bottom:0px;--button_border_width-left:0px;--button_gradient_top_color:#ffffff;--button_gradient_bottom_color:#ffffff;--button_gradient_top_color_hover:rgba(255,255,255,0.95);--button_gradient_bottom_color_hover:rgba(255,255,255,0.95);--button_margin-top:20px;\" target=\"_self\" href=\"https:\/\/mooi-kliniek.nl\/de\/kontakt\/einen-termin-vereinbaren\/\"><span class=\"fusion-button-text awb-button__text awb-button__text--default\">Beratungstermin vereinbaren<\/span><\/a><\/div><\/div><\/div><\/div><\/div><\/p>\n","protected":false},"excerpt":{"rendered":"","protected":false},"author":2,"featured_media":7059,"parent":7764,"menu_order":0,"comment_status":"closed","ping_status":"closed","template":"100-width.php","meta":{"_glsr_average":0,"_glsr_ranking":0,"_glsr_reviews":0,"footnotes":""},"class_list":["post-7766","page","type-page","status-publish","has-post-thumbnail","hentry"],"yoast_head":"<!-- This site is optimized with the Yoast SEO plugin v26.8 - https:\/\/yoast.com\/product\/yoast-seo-wordpress\/ -->\n<title>Genesung nach Fettabsaugung: Fettabsaugung | Lebensregeln &amp; - Mooi Kliniek<\/title>\n<meta name=\"description\" content=\"Wenn Sie eine Fettabsaugung (Fettentfernung am Bauch, an den Beinen oder anderswo) durchf\u00fchren lassen, braucht Ihr K\u00f6rper Zeit, um sich zu erholen.\" \/>\n<meta name=\"robots\" content=\"index, follow, max-snippet:-1, max-image-preview:large, max-video-preview:-1\" \/>\n<link rel=\"canonical\" href=\"https:\/\/mooi-kliniek.nl\/de\/liposuktion-fettabsaugung\/erholung-und-nachsorge-nach-einer-fettabsaugung\/\" \/>\n<meta property=\"og:locale\" content=\"de_DE\" \/>\n<meta property=\"og:type\" content=\"article\" \/>\n<meta property=\"og:title\" content=\"Genesung nach Fettabsaugung: Fettabsaugung | Lebensregeln &amp; - Mooi Kliniek\" \/>\n<meta property=\"og:description\" content=\"Wenn Sie eine Fettabsaugung (Fettentfernung am Bauch, an den Beinen oder anderswo) durchf\u00fchren lassen, braucht Ihr K\u00f6rper Zeit, um sich zu erholen.\" \/>\n<meta property=\"og:url\" content=\"https:\/\/mooi-kliniek.nl\/de\/liposuktion-fettabsaugung\/erholung-und-nachsorge-nach-einer-fettabsaugung\/\" \/>\n<meta property=\"og:site_name\" content=\"Mooi Kliniek\" \/>\n<meta property=\"article:publisher\" content=\"https:\/\/www.facebook.com\/mooikliniek\" \/>\n<meta property=\"article:modified_time\" content=\"2024-02-20T13:18:31+00:00\" \/>\n<meta property=\"og:image\" content=\"https:\/\/mooi-kliniek.nl\/wp-content\/uploads\/2021\/10\/herstellen-borstcorrectie.jpeg\" \/>\n\t<meta property=\"og:image:width\" content=\"1800\" \/>\n\t<meta property=\"og:image:height\" content=\"836\" \/>\n\t<meta property=\"og:image:type\" content=\"image\/jpeg\" \/>\n<meta name=\"twitter:card\" content=\"summary_large_image\" \/>\n<meta name=\"twitter:label1\" content=\"Gesch\u00e4tzte Lesezeit\" \/>\n\t<meta name=\"twitter:data1\" content=\"19\u00a0Minuten\" \/>\n<script type=\"application\/ld+json\" class=\"yoast-schema-graph\">{\"@context\":\"https:\/\/schema.org\",\"@graph\":[{\"@type\":\"WebPage\",\"@id\":\"https:\/\/mooi-kliniek.nl\/de\/liposuktion-fettabsaugung\/erholung-und-nachsorge-nach-einer-fettabsaugung\/\",\"url\":\"https:\/\/mooi-kliniek.nl\/de\/liposuktion-fettabsaugung\/erholung-und-nachsorge-nach-einer-fettabsaugung\/\",\"name\":\"Genesung nach Fettabsaugung: Fettabsaugung | Lebensregeln & - Mooi Kliniek\",\"isPartOf\":{\"@id\":\"https:\/\/mooi-kliniek.nl\/de\/#website\"},\"primaryImageOfPage\":{\"@id\":\"https:\/\/mooi-kliniek.nl\/de\/liposuktion-fettabsaugung\/erholung-und-nachsorge-nach-einer-fettabsaugung\/#primaryimage\"},\"image\":{\"@id\":\"https:\/\/mooi-kliniek.nl\/de\/liposuktion-fettabsaugung\/erholung-und-nachsorge-nach-einer-fettabsaugung\/#primaryimage\"},\"thumbnailUrl\":\"https:\/\/mooi-kliniek.nl\/wp-content\/uploads\/2021\/10\/herstellen-borstcorrectie.jpeg\",\"datePublished\":\"2021-11-30T13:55:53+00:00\",\"dateModified\":\"2024-02-20T13:18:31+00:00\",\"description\":\"Wenn Sie eine Fettabsaugung (Fettentfernung am Bauch, an den Beinen oder anderswo) durchf\u00fchren lassen, braucht Ihr K\u00f6rper Zeit, um sich zu erholen.\",\"breadcrumb\":{\"@id\":\"https:\/\/mooi-kliniek.nl\/de\/liposuktion-fettabsaugung\/erholung-und-nachsorge-nach-einer-fettabsaugung\/#breadcrumb\"},\"inLanguage\":\"de\",\"potentialAction\":[{\"@type\":\"ReadAction\",\"target\":[\"https:\/\/mooi-kliniek.nl\/de\/liposuktion-fettabsaugung\/erholung-und-nachsorge-nach-einer-fettabsaugung\/\"]}]},{\"@type\":\"ImageObject\",\"inLanguage\":\"de\",\"@id\":\"https:\/\/mooi-kliniek.nl\/de\/liposuktion-fettabsaugung\/erholung-und-nachsorge-nach-einer-fettabsaugung\/#primaryimage\",\"url\":\"https:\/\/mooi-kliniek.nl\/wp-content\/uploads\/2021\/10\/herstellen-borstcorrectie.jpeg\",\"contentUrl\":\"https:\/\/mooi-kliniek.nl\/wp-content\/uploads\/2021\/10\/herstellen-borstcorrectie.jpeg\",\"width\":1800,\"height\":836},{\"@type\":\"BreadcrumbList\",\"@id\":\"https:\/\/mooi-kliniek.nl\/de\/liposuktion-fettabsaugung\/erholung-und-nachsorge-nach-einer-fettabsaugung\/#breadcrumb\",\"itemListElement\":[{\"@type\":\"ListItem\",\"position\":1,\"name\":\"Home\",\"item\":\"https:\/\/mooi-kliniek.nl\/de\/\"},{\"@type\":\"ListItem\",\"position\":2,\"name\":\"Liposuktion, Fettabsaugung\",\"item\":\"https:\/\/mooi-kliniek.nl\/de\/liposuktion-fettabsaugung\/\"},{\"@type\":\"ListItem\",\"position\":3,\"name\":\"Erholung und Nachsorge nach einer Fettabsaugung\"}]},{\"@type\":\"WebSite\",\"@id\":\"https:\/\/mooi-kliniek.nl\/de\/#website\",\"url\":\"https:\/\/mooi-kliniek.nl\/de\/\",\"name\":\"Mooi Kliniek\",\"description\":\"\",\"publisher\":{\"@id\":\"https:\/\/mooi-kliniek.nl\/de\/#organization\"},\"potentialAction\":[{\"@type\":\"SearchAction\",\"target\":{\"@type\":\"EntryPoint\",\"urlTemplate\":\"https:\/\/mooi-kliniek.nl\/de\/?s={search_term_string}\"},\"query-input\":{\"@type\":\"PropertyValueSpecification\",\"valueRequired\":true,\"valueName\":\"search_term_string\"}}],\"inLanguage\":\"de\"},{\"@type\":\"Organization\",\"@id\":\"https:\/\/mooi-kliniek.nl\/de\/#organization\",\"name\":\"MOOI kliniek\",\"url\":\"https:\/\/mooi-kliniek.nl\/de\/\",\"logo\":{\"@type\":\"ImageObject\",\"inLanguage\":\"de\",\"@id\":\"https:\/\/mooi-kliniek.nl\/de\/#\/schema\/logo\/image\/\",\"url\":\"https:\/\/mooi-kliniek.nl\/wp-content\/uploads\/2021\/12\/Mooi-kliniek-maastricht-logo.png\",\"contentUrl\":\"https:\/\/mooi-kliniek.nl\/wp-content\/uploads\/2021\/12\/Mooi-kliniek-maastricht-logo.png\",\"width\":250,\"height\":119,\"caption\":\"MOOI kliniek\"},\"image\":{\"@id\":\"https:\/\/mooi-kliniek.nl\/de\/#\/schema\/logo\/image\/\"},\"sameAs\":[\"https:\/\/www.facebook.com\/mooikliniek\",\"https:\/\/www.linkedin.com\/company\/mooi-kliniek\"]}]}<\/script>\n<!-- \/ Yoast SEO plugin. -->","yoast_head_json":{"title":"Genesung nach Fettabsaugung: Fettabsaugung | Lebensregeln & - Mooi Kliniek","description":"Wenn Sie eine Fettabsaugung (Fettentfernung am Bauch, an den Beinen oder anderswo) durchf\u00fchren lassen, braucht Ihr K\u00f6rper Zeit, um sich zu erholen.","robots":{"index":"index","follow":"follow","max-snippet":"max-snippet:-1","max-image-preview":"max-image-preview:large","max-video-preview":"max-video-preview:-1"},"canonical":"https:\/\/mooi-kliniek.nl\/de\/liposuktion-fettabsaugung\/erholung-und-nachsorge-nach-einer-fettabsaugung\/","og_locale":"de_DE","og_type":"article","og_title":"Genesung nach Fettabsaugung: Fettabsaugung | Lebensregeln & - Mooi Kliniek","og_description":"Wenn Sie eine Fettabsaugung (Fettentfernung am Bauch, an den Beinen oder anderswo) durchf\u00fchren lassen, braucht Ihr K\u00f6rper Zeit, um sich zu erholen.","og_url":"https:\/\/mooi-kliniek.nl\/de\/liposuktion-fettabsaugung\/erholung-und-nachsorge-nach-einer-fettabsaugung\/","og_site_name":"Mooi Kliniek","article_publisher":"https:\/\/www.facebook.com\/mooikliniek","article_modified_time":"2024-02-20T13:18:31+00:00","og_image":[{"width":1800,"height":836,"url":"https:\/\/mooi-kliniek.nl\/wp-content\/uploads\/2021\/10\/herstellen-borstcorrectie.jpeg","type":"image\/jpeg"}],"twitter_card":"summary_large_image","twitter_misc":{"Gesch\u00e4tzte Lesezeit":"19\u00a0Minuten"},"schema":{"@context":"https:\/\/schema.org","@graph":[{"@type":"WebPage","@id":"https:\/\/mooi-kliniek.nl\/de\/liposuktion-fettabsaugung\/erholung-und-nachsorge-nach-einer-fettabsaugung\/","url":"https:\/\/mooi-kliniek.nl\/de\/liposuktion-fettabsaugung\/erholung-und-nachsorge-nach-einer-fettabsaugung\/","name":"Genesung nach Fettabsaugung: Fettabsaugung | Lebensregeln & - Mooi Kliniek","isPartOf":{"@id":"https:\/\/mooi-kliniek.nl\/de\/#website"},"primaryImageOfPage":{"@id":"https:\/\/mooi-kliniek.nl\/de\/liposuktion-fettabsaugung\/erholung-und-nachsorge-nach-einer-fettabsaugung\/#primaryimage"},"image":{"@id":"https:\/\/mooi-kliniek.nl\/de\/liposuktion-fettabsaugung\/erholung-und-nachsorge-nach-einer-fettabsaugung\/#primaryimage"},"thumbnailUrl":"https:\/\/mooi-kliniek.nl\/wp-content\/uploads\/2021\/10\/herstellen-borstcorrectie.jpeg","datePublished":"2021-11-30T13:55:53+00:00","dateModified":"2024-02-20T13:18:31+00:00","description":"Wenn Sie eine Fettabsaugung (Fettentfernung am Bauch, an den Beinen oder anderswo) durchf\u00fchren lassen, braucht Ihr K\u00f6rper Zeit, um sich zu erholen.","breadcrumb":{"@id":"https:\/\/mooi-kliniek.nl\/de\/liposuktion-fettabsaugung\/erholung-und-nachsorge-nach-einer-fettabsaugung\/#breadcrumb"},"inLanguage":"de","potentialAction":[{"@type":"ReadAction","target":["https:\/\/mooi-kliniek.nl\/de\/liposuktion-fettabsaugung\/erholung-und-nachsorge-nach-einer-fettabsaugung\/"]}]},{"@type":"ImageObject","inLanguage":"de","@id":"https:\/\/mooi-kliniek.nl\/de\/liposuktion-fettabsaugung\/erholung-und-nachsorge-nach-einer-fettabsaugung\/#primaryimage","url":"https:\/\/mooi-kliniek.nl\/wp-content\/uploads\/2021\/10\/herstellen-borstcorrectie.jpeg","contentUrl":"https:\/\/mooi-kliniek.nl\/wp-content\/uploads\/2021\/10\/herstellen-borstcorrectie.jpeg","width":1800,"height":836},{"@type":"BreadcrumbList","@id":"https:\/\/mooi-kliniek.nl\/de\/liposuktion-fettabsaugung\/erholung-und-nachsorge-nach-einer-fettabsaugung\/#breadcrumb","itemListElement":[{"@type":"ListItem","position":1,"name":"Home","item":"https:\/\/mooi-kliniek.nl\/de\/"},{"@type":"ListItem","position":2,"name":"Liposuktion, Fettabsaugung","item":"https:\/\/mooi-kliniek.nl\/de\/liposuktion-fettabsaugung\/"},{"@type":"ListItem","position":3,"name":"Erholung und Nachsorge nach einer Fettabsaugung"}]},{"@type":"WebSite","@id":"https:\/\/mooi-kliniek.nl\/de\/#website","url":"https:\/\/mooi-kliniek.nl\/de\/","name":"Mooi Kliniek","description":"","publisher":{"@id":"https:\/\/mooi-kliniek.nl\/de\/#organization"},"potentialAction":[{"@type":"SearchAction","target":{"@type":"EntryPoint","urlTemplate":"https:\/\/mooi-kliniek.nl\/de\/?s={search_term_string}"},"query-input":{"@type":"PropertyValueSpecification","valueRequired":true,"valueName":"search_term_string"}}],"inLanguage":"de"},{"@type":"Organization","@id":"https:\/\/mooi-kliniek.nl\/de\/#organization","name":"MOOI kliniek","url":"https:\/\/mooi-kliniek.nl\/de\/","logo":{"@type":"ImageObject","inLanguage":"de","@id":"https:\/\/mooi-kliniek.nl\/de\/#\/schema\/logo\/image\/","url":"https:\/\/mooi-kliniek.nl\/wp-content\/uploads\/2021\/12\/Mooi-kliniek-maastricht-logo.png","contentUrl":"https:\/\/mooi-kliniek.nl\/wp-content\/uploads\/2021\/12\/Mooi-kliniek-maastricht-logo.png","width":250,"height":119,"caption":"MOOI kliniek"},"image":{"@id":"https:\/\/mooi-kliniek.nl\/de\/#\/schema\/logo\/image\/"},"sameAs":["https:\/\/www.facebook.com\/mooikliniek","https:\/\/www.linkedin.com\/company\/mooi-kliniek"]}]}},"_links":{"self":[{"href":"https:\/\/mooi-kliniek.nl\/de\/wp-json\/wp\/v2\/pages\/7766","targetHints":{"allow":["GET"]}}],"collection":[{"href":"https:\/\/mooi-kliniek.nl\/de\/wp-json\/wp\/v2\/pages"}],"about":[{"href":"https:\/\/mooi-kliniek.nl\/de\/wp-json\/wp\/v2\/types\/page"}],"author":[{"embeddable":true,"href":"https:\/\/mooi-kliniek.nl\/de\/wp-json\/wp\/v2\/users\/2"}],"replies":[{"embeddable":true,"href":"https:\/\/mooi-kliniek.nl\/de\/wp-json\/wp\/v2\/comments?post=7766"}],"version-history":[{"count":7,"href":"https:\/\/mooi-kliniek.nl\/de\/wp-json\/wp\/v2\/pages\/7766\/revisions"}],"predecessor-version":[{"id":11467,"href":"https:\/\/mooi-kliniek.nl\/de\/wp-json\/wp\/v2\/pages\/7766\/revisions\/11467"}],"up":[{"embeddable":true,"href":"https:\/\/mooi-kliniek.nl\/de\/wp-json\/wp\/v2\/pages\/7764"}],"wp:featuredmedia":[{"embeddable":true,"href":"https:\/\/mooi-kliniek.nl\/de\/wp-json\/wp\/v2\/media\/7059"}],"wp:attachment":[{"href":"https:\/\/mooi-kliniek.nl\/de\/wp-json\/wp\/v2\/media?parent=7766"}],"curies":[{"name":"wp","href":"https:\/\/api.w.org\/{rel}","templated":true}]}}