{"id":7824,"date":"2021-10-21T13:59:02","date_gmt":"2021-10-21T13:59:02","guid":{"rendered":"https:\/\/mooi-kliniek.nl\/erstattung-der-kosten-fur-eine-augenlidoperation-durch-die-versicherung\/"},"modified":"2024-01-23T13:11:00","modified_gmt":"2024-01-23T13:11:00","slug":"erstattung-der-kosten-fur-eine-augenlidoperation-durch-die-versicherung","status":"publish","type":"page","link":"https:\/\/mooi-kliniek.nl\/de\/chirurgie-der-augenlider\/erstattung-der-kosten-fur-eine-augenlidoperation-durch-die-versicherung\/","title":{"rendered":"Erstattung der Kosten f\u00fcr eine Augenlidoperation durch die Versicherung"},"content":{"rendered":"<p><div class=\"fusion-fullwidth fullwidth-box fusion-builder-row-1 fusion-flex-container nonhundred-percent-fullwidth non-hundred-percent-height-scrolling fusion-animated\" style=\"--awb-border-radius-top-left:0px;--awb-border-radius-top-right:0px;--awb-border-radius-bottom-right:0px;--awb-border-radius-bottom-left:0px;--awb-padding-top:60px;--awb-padding-bottom:60px;--awb-padding-top-small:0px;--awb-padding-right-small:12vw;--awb-padding-bottom-small:12vw;--awb-padding-left-small:12vw;--awb-flex-wrap:wrap;\" data-animationType=\"fadeInUp\" data-animationDuration=\"1.2\" data-animationOffset=\"top-into-view\" ><div class=\"fusion-builder-row fusion-row fusion-flex-align-items-flex-start fusion-flex-content-wrap\" style=\"max-width:1207.5px;margin-left: calc(-5% \/ 2 );margin-right: calc(-5% \/ 2 );\"><div class=\"fusion-layout-column fusion_builder_column fusion-builder-column-0 fusion_builder_column_1_6 1_6 fusion-flex-column\" style=\"--awb-bg-size:cover;--awb-width-large:16.666666666667%;--awb-margin-top-large:0px;--awb-spacing-right-large:11.4%;--awb-margin-bottom-large:0px;--awb-spacing-left-large:28.5%;--awb-width-medium:16.666666666667%;--awb-order-medium:0;--awb-spacing-right-medium:11.4%;--awb-spacing-left-medium:28.5%;--awb-width-small:100%;--awb-order-small:0;--awb-spacing-right-small:2.375%;--awb-spacing-left-small:2.375%;\"><div class=\"fusion-column-wrapper fusion-column-has-shadow fusion-flex-justify-content-flex-start fusion-content-layout-column\"><\/div><\/div><div class=\"fusion-layout-column fusion_builder_column fusion-builder-column-1 fusion_builder_column_2_3 2_3 fusion-flex-column\" style=\"--awb-padding-top:10px;--awb-bg-size:cover;--awb-width-large:66.666666666667%;--awb-margin-top-large:0px;--awb-spacing-right-large:7.125%;--awb-margin-bottom-large:0px;--awb-spacing-left-large:2.85%;--awb-width-medium:66.666666666667%;--awb-order-medium:0;--awb-spacing-right-medium:7.125%;--awb-spacing-left-medium:2.85%;--awb-width-small:100%;--awb-order-small:0;--awb-spacing-right-small:2.375%;--awb-spacing-left-small:2.375%;\"><div class=\"fusion-column-wrapper fusion-column-has-shadow fusion-flex-justify-content-flex-start fusion-content-layout-column\"><div class=\"fusion-title title fusion-title-1 fusion-sep-none fusion-title-text fusion-title-size-two\"><h2 class=\"fusion-title-heading title-heading-left\" style=\"margin:0;line-height:1.3em;\">Wann wird eine Augenlidoperation von der Versicherung \u00fcbernommen?<\/h2><\/div><div class=\"fusion-text fusion-text-1\" style=\"--awb-font-size:18px;--awb-text-color:#003438;\"><p>Wir von der MOOI-Klinik werden oft gefragt, ob die Augenlidchirurgie von den Krankenkassen \u00fcbernommen wird. In Ausnahmef\u00e4llen wird eine <a href=\"https:\/\/mooi-kliniek.nl\/de\/chirurgie-der-augenlider\/oberlidchirurgie-bei-schlupflidern\/\">Oberlidoperation<\/a> erstattet. Eine Unterlidkorrektur wird von Ihrer Krankenkasse in keinem Fall nicht \u00fcbernommen.<\/p>\n<\/div><\/div><\/div><div class=\"fusion-layout-column fusion_builder_column fusion-builder-column-2 fusion_builder_column_1_6 1_6 fusion-flex-column fusion-no-small-visibility\" style=\"--awb-bg-size:cover;--awb-width-large:16.666666666667%;--awb-margin-top-large:0px;--awb-spacing-right-large:11.4%;--awb-margin-bottom-large:0px;--awb-spacing-left-large:28.5%;--awb-width-medium:16.666666666667%;--awb-order-medium:0;--awb-spacing-right-medium:11.4%;--awb-spacing-left-medium:28.5%;--awb-width-small:100%;--awb-order-small:0;--awb-spacing-right-small:2.375%;--awb-spacing-left-small:2.375%;\"><div class=\"fusion-column-wrapper fusion-column-has-shadow fusion-flex-justify-content-flex-start fusion-content-layout-column\"><\/div><\/div><div class=\"fusion-layout-column fusion_builder_column fusion-builder-column-3 fusion_builder_column_1_6 1_6 fusion-flex-column fusion-no-small-visibility\" style=\"--awb-bg-size:cover;--awb-width-large:16.666666666667%;--awb-margin-top-large:0px;--awb-spacing-right-large:28.5%;--awb-margin-bottom-large:0px;--awb-spacing-left-large:11.4%;--awb-width-medium:16.666666666667%;--awb-order-medium:0;--awb-spacing-right-medium:28.5%;--awb-spacing-left-medium:11.4%;--awb-width-small:100%;--awb-order-small:0;--awb-spacing-right-small:2.375%;--awb-spacing-left-small:2.375%;\"><div class=\"fusion-column-wrapper fusion-column-has-shadow fusion-flex-justify-content-flex-start fusion-content-layout-column\"><\/div><\/div><div class=\"fusion-layout-column fusion_builder_column fusion-builder-column-4 fusion_builder_column_2_3 2_3 fusion-flex-column\" style=\"--awb-bg-size:cover;--awb-width-large:66.666666666667%;--awb-margin-top-large:0px;--awb-spacing-right-large:7.125%;--awb-margin-bottom-large:0px;--awb-spacing-left-large:2.85%;--awb-width-medium:66.666666666667%;--awb-order-medium:0;--awb-spacing-right-medium:7.125%;--awb-spacing-left-medium:2.85%;--awb-width-small:100%;--awb-order-small:0;--awb-spacing-right-small:2.375%;--awb-spacing-left-small:2.375%;\"><div class=\"fusion-column-wrapper fusion-column-has-shadow fusion-flex-justify-content-flex-start fusion-content-layout-column\"><div class=\"fusion-text fusion-text-2\"><h2>Habe ich Anspruch auf Erstattung?<\/h2>\n<p>Eine Oberlidkorrektur kann in sehr wenigen F\u00e4llen von der Krankenkasse erstattet werden. Dies ist nur m\u00f6glich, wenn eine <strong>medizinische Indikation<\/strong> (oder medizinische Notwendigkeit) vorliegt.<\/p>\n<p><strong>Wann liegt eine medizinische Indikation vor?<\/strong><\/p>\n<ul>\n<li>Haben Sie eine Anomalie, mit der Sie geboren wurden?<\/li>\n<li>Haben Sie eine chronische Krankheit?\n<ul>\n<li>Leiden Sie unter einer schweren Gesichtsfeldeinschr\u00e4nkung? (Hier h\u00e4ngt der untere Rand des oberen Augenlids oder die \u00fcberh\u00e4ngende Hautfalte 1 mm oder weniger \u00fcber der Mitte der Pupille)<\/li>\n<\/ul>\n<\/li>\n<\/ul>\n<p><img decoding=\"async\" class=\"lazyload alignnone size-full wp-image-3846\" src=\"https:\/\/mooi-kliniek.nl\/wp-content\/uploads\/2021\/10\/ooglidcorrectie_vergoed_door_verzekering.png\" data-orig-src=\"https:\/\/mooi-kliniek.nl\/wp-content\/uploads\/2021\/10\/ooglidcorrectie_vergoed_door_verzekering.png\" alt=\"Erstattung Krankenversicherung Augenlidchirurgie\" width=\"780\" height=\"402\" srcset=\"data:image\/svg+xml,%3Csvg%20xmlns%3D%27http%3A%2F%2Fwww.w3.org%2F2000%2Fsvg%27%20width%3D%27780%27%20height%3D%27402%27%20viewBox%3D%270%200%20780%20402%27%3E%3Crect%20width%3D%27780%27%20height%3D%27402%27%20fill-opacity%3D%220%22%2F%3E%3C%2Fsvg%3E\" data-srcset=\"https:\/\/mooi-kliniek.nl\/wp-content\/uploads\/2021\/10\/ooglidcorrectie_vergoed_door_verzekering-200x103.png 200w, https:\/\/mooi-kliniek.nl\/wp-content\/uploads\/2021\/10\/ooglidcorrectie_vergoed_door_verzekering-300x155.png 300w, https:\/\/mooi-kliniek.nl\/wp-content\/uploads\/2021\/10\/ooglidcorrectie_vergoed_door_verzekering-400x206.png 400w, https:\/\/mooi-kliniek.nl\/wp-content\/uploads\/2021\/10\/ooglidcorrectie_vergoed_door_verzekering-600x309.png 600w, https:\/\/mooi-kliniek.nl\/wp-content\/uploads\/2021\/10\/ooglidcorrectie_vergoed_door_verzekering-768x396.png 768w, https:\/\/mooi-kliniek.nl\/wp-content\/uploads\/2021\/10\/ooglidcorrectie_vergoed_door_verzekering.png 780w\" data-sizes=\"auto\" data-orig-sizes=\"(max-width: 780px) 100vw, 780px\" \/><\/p>\n<h3>Was sollten Sie tun?<\/h3>\n<ul>\n<li>Sie glauben, dass Sie Anspruch auf eine versicherte Leistung haben? Bitten Sie dann Ihren Hausarzt um eine \u00dcberweisung an den plastischen Chirurgen im Krankenhaus f\u00fcr eine Oberlidkorrektur.<\/li>\n<li>Vom Hausarzt \u00fcberwiesen? Kontaktieren Sie das Krankenhaus. Der Facharzt pr\u00fcft, ob eine medizinische Notwendigkeit besteht, und holt dann die Genehmigung Ihrer Krankenkasse ein.<\/li>\n<li>Wird die Behandlung von der Krankenkasse erstattet? Die Behandlung bei einem unserer plastischen Chirurgen findet dann in einem der Krankenh\u00e4user Zuyderland in Sittard oder Heerlen, dem MUMC+ in Maastricht oder dem VieCuri in Venlo statt.<\/li>\n<li>Keine \u00dcberweisung oder Genehmigung? Sie haben dann keinen Anspruch auf Erstattung der Kosten f\u00fcr Ihre Augenlidoperation. In diesem Fall k\u00f6nnen wir in der MOOI-Klinik eine Augenlidoperation durchf\u00fchren. Wenden Sie sich in diesem Fall an die MOOI-Klinik.<\/li>\n<\/ul>\n<p>Weitere Behandlungen, die von der Versicherung \u00fcbernommen werden k\u00f6nnen, sind: Bauchdeckenstraffung, Lappenkorrektur, Narbenkorrektur und Nasenkorrektur. Auch hier gilt die Devise: Erkundigen Sie sich bei Ihrer Krankenkasse nach den Bedingungen und Konditionen.<\/p>\n<p><em>*Um f\u00fcr eine Erstattung in Frage zu kommen, muss Ihr Fall bestimmte Kriterien erf\u00fcllen. Dar\u00fcber hinaus k\u00f6nnen eine maximale Erstattung (z. B. aus einer Zusatzversicherung) und die Zahlung der obligatorischen Selbstbeteiligung vorgesehen sein.<\/em><\/p>\n<\/div><\/div><\/div><\/div><\/div><div class=\"fusion-fullwidth fullwidth-box fusion-builder-row-2 fusion-flex-container nonhundred-percent-fullwidth non-hundred-percent-height-scrolling fusion-animated\" style=\"--awb-border-color:#e8efef;--awb-border-radius-top-left:0px;--awb-border-radius-top-right:0px;--awb-border-radius-bottom-right:0px;--awb-border-radius-bottom-left:0px;--awb-padding-top:0px;--awb-padding-bottom:7vw;--awb-margin-bottom:0px;--awb-flex-wrap:wrap;\" data-animationType=\"fadeInUp\" data-animationDuration=\"1.0\" data-animationOffset=\"top-into-view\" ><div class=\"fusion-builder-row fusion-row fusion-flex-align-items-stretch fusion-flex-content-wrap\" style=\"max-width:1207.5px;margin-left: calc(-5% \/ 2 );margin-right: calc(-5% \/ 2 );\"><div class=\"fusion-layout-column fusion_builder_column fusion-builder-column-5 fusion_builder_column_2_5 2_5 fusion-flex-column\" style=\"--awb-overflow:hidden;--awb-bg-position:center center;--awb-bg-size:cover;--awb-border-radius:6px 0px 0px 6px;--awb-width-large:40%;--awb-margin-top-large:0px;--awb-spacing-right-large:0px;--awb-margin-bottom-large:0px;--awb-spacing-left-large:5.9375%;--awb-width-medium:40%;--awb-order-medium:0;--awb-spacing-right-medium:0px;--awb-spacing-left-medium:5.9375%;--awb-width-small:16.666666666667%;--awb-order-small:0;--awb-spacing-right-small:0px;--awb-margin-bottom-small:6vw;--awb-spacing-left-small:14.25%;\"><div class=\"fusion-column-wrapper lazyload fusion-column-has-shadow fusion-flex-justify-content-flex-start fusion-content-layout-column fusion-empty-column-bg-image fusion-column-has-bg-image\" data-bg-url=\"https:\/\/mooi-kliniek.nl\/wp-content\/uploads\/2021\/10\/ooglift-resultaten.jpeg\" data-bg=\"https:\/\/mooi-kliniek.nl\/wp-content\/uploads\/2021\/10\/ooglift-resultaten.jpeg\"><img decoding=\"async\" class=\"fusion-empty-dims-img-placeholder fusion-no-large-visibility fusion-no-medium-visibility\" aria-label=\"ooglift resultaten\" src=\"data:image\/svg+xml,%3Csvg%20xmlns%3D%27http%3A%2F%2Fwww.w3.org%2F2000%2Fsvg%27%20width%3D%27700%27%20height%3D%27610%27%20viewBox%3D%270%200%20700%20610%27%3E%3Crect%20width%3D%27700%27%20height%3D%27610%27%20fill-opacity%3D%220%22%2F%3E%3C%2Fsvg%3E\"><\/div><\/div><div class=\"fusion-layout-column fusion_builder_column fusion-builder-column-6 fusion_builder_column_3_5 3_5 fusion-flex-column\" style=\"--awb-padding-top:10vh;--awb-padding-right:6vw;--awb-padding-bottom:10vh;--awb-padding-left:6vw;--awb-padding-top-medium:8vw;--awb-padding-bottom-medium:8vw;--awb-padding-top-small:7vh;--awb-padding-right-small:7vw;--awb-padding-bottom-small:7vh;--awb-padding-left-small:7vw;--awb-overflow:hidden;--awb-bg-color:#718472;--awb-bg-color-hover:#718472;--awb-bg-size:cover;--awb-border-radius:0px 6px 6px 0px;--awb-width-large:60%;--awb-margin-top-large:0px;--awb-spacing-right-large:3.9583333333333%;--awb-margin-bottom-large:0px;--awb-spacing-left-large:0px;--awb-width-medium:60%;--awb-order-medium:0;--awb-spacing-right-medium:3.9583333333333%;--awb-spacing-left-medium:0px;--awb-width-small:83.333333333333%;--awb-order-small:0;--awb-spacing-right-small:2.85%;--awb-margin-bottom-small:6vw;--awb-spacing-left-small:0px;\"><div class=\"fusion-column-wrapper fusion-column-has-shadow fusion-flex-justify-content-flex-start fusion-content-layout-column\"><div class=\"fusion-title title fusion-title-2 fusion-sep-none fusion-title-text fusion-title-size-two\" style=\"--awb-text-color:#ffffff;--awb-margin-bottom:20px;\"><h2 class=\"fusion-title-heading title-heading-left\" style=\"margin:0;\">Haben Sie schon lange \u00fcber eine Augenlidoperation nachgedacht?<\/h2><\/div><div class=\"fusion-text fusion-text-3\" style=\"--awb-content-alignment:left;--awb-font-size:17px;--awb-line-height:1.9;--awb-text-color:#ffffff;\"><p>Die eigenen Augen und das eigene Gesicht sch\u00f6n zu finden und sich sch\u00f6n zu f\u00fchlen, darum geht es in der MOOI-Klinik. Wir sagen Ihnen gerne, welche M\u00f6glichkeiten Sie haben und welche Schritte Sie unternehmen k\u00f6nnen.<\/p>\n<\/div><div style=\"text-align:left;\"><a class=\"fusion-button button-flat fusion-button-default-size button-custom fusion-button-default button-1 fusion-button-default-span fusion-button-default-type\" style=\"--button_accent_color:#21362b;--button_accent_hover_color:#718472;--button_border_hover_color:#ffffff;--button_border_width-top:0px;--button_border_width-right:0px;--button_border_width-bottom:0px;--button_border_width-left:0px;--button_gradient_top_color:#ffffff;--button_gradient_bottom_color:#ffffff;--button_gradient_top_color_hover:rgba(255,255,255,0.95);--button_gradient_bottom_color_hover:rgba(255,255,255,0.95);--button_margin-top:20px;\" target=\"_self\" href=\"\/de\/chirurgie-der-augenlider\/\"><span class=\"fusion-button-text awb-button__text awb-button__text--default\">Weitere Informationen<\/span><\/a><\/div><\/div><\/div><\/div><\/div><\/p>\n","protected":false},"excerpt":{"rendered":"","protected":false},"author":2,"featured_media":7068,"parent":7854,"menu_order":0,"comment_status":"closed","ping_status":"closed","template":"100-width.php","meta":{"_glsr_average":0,"_glsr_ranking":0,"_glsr_reviews":0,"footnotes":""},"class_list":["post-7824","page","type-page","status-publish","has-post-thumbnail","hentry"],"yoast_head":"<!-- This site is optimized with the Yoast SEO plugin v27.4 - https:\/\/yoast.com\/product\/yoast-seo-wordpress\/ -->\n<title>Erstattung der Kosten f\u00fcr eine Augenlidoperation durch die Krankenkasse | Habe ich Anspruch?<\/title>\n<meta name=\"description\" content=\"Wir von der MOOI-Klinik werden oft gefragt, ob die Augenlidchirurgie von den Krankenkassen \u00fcbernommen wird. In Ausnahmef\u00e4llen wird eine Oberlidoperation erstattet.\" \/>\n<meta name=\"robots\" content=\"index, follow, max-snippet:-1, max-image-preview:large, max-video-preview:-1\" \/>\n<link rel=\"canonical\" href=\"https:\/\/mooi-kliniek.nl\/de\/chirurgie-der-augenlider\/erstattung-der-kosten-fur-eine-augenlidoperation-durch-die-versicherung\/\" \/>\n<meta property=\"og:locale\" content=\"de_DE\" \/>\n<meta property=\"og:type\" content=\"article\" \/>\n<meta property=\"og:title\" content=\"Erstattung der Kosten f\u00fcr eine Augenlidoperation durch die Krankenkasse | Habe ich Anspruch?\" \/>\n<meta property=\"og:description\" content=\"Wir von der MOOI-Klinik werden oft gefragt, ob die Augenlidchirurgie von den Krankenkassen \u00fcbernommen wird. In Ausnahmef\u00e4llen wird eine Oberlidoperation erstattet.\" \/>\n<meta property=\"og:url\" content=\"https:\/\/mooi-kliniek.nl\/de\/chirurgie-der-augenlider\/erstattung-der-kosten-fur-eine-augenlidoperation-durch-die-versicherung\/\" \/>\n<meta property=\"og:site_name\" content=\"Mooi Kliniek\" \/>\n<meta property=\"article:publisher\" content=\"https:\/\/www.facebook.com\/mooikliniek\" \/>\n<meta property=\"article:modified_time\" content=\"2024-01-23T13:11:00+00:00\" \/>\n<meta property=\"og:image\" content=\"https:\/\/mooi-kliniek.nl\/wp-content\/uploads\/2021\/10\/zorgverzekering-vergoeding-ooglidcorrectie.jpeg\" \/>\n\t<meta property=\"og:image:width\" content=\"1500\" \/>\n\t<meta property=\"og:image:height\" content=\"700\" \/>\n\t<meta property=\"og:image:type\" content=\"image\/jpeg\" \/>\n<meta name=\"twitter:card\" content=\"summary_large_image\" \/>\n<meta name=\"twitter:label1\" content=\"Gesch\u00e4tzte Lesezeit\" \/>\n\t<meta name=\"twitter:data1\" content=\"18\u00a0Minuten\" \/>\n<script type=\"application\/ld+json\" class=\"yoast-schema-graph\">{\"@context\":\"https:\\\/\\\/schema.org\",\"@graph\":[{\"@type\":\"WebPage\",\"@id\":\"https:\\\/\\\/mooi-kliniek.nl\\\/de\\\/chirurgie-der-augenlider\\\/erstattung-der-kosten-fur-eine-augenlidoperation-durch-die-versicherung\\\/\",\"url\":\"https:\\\/\\\/mooi-kliniek.nl\\\/de\\\/chirurgie-der-augenlider\\\/erstattung-der-kosten-fur-eine-augenlidoperation-durch-die-versicherung\\\/\",\"name\":\"Erstattung der Kosten f\u00fcr eine Augenlidoperation durch die Krankenkasse | Habe ich Anspruch?\",\"isPartOf\":{\"@id\":\"https:\\\/\\\/mooi-kliniek.nl\\\/de\\\/#website\"},\"primaryImageOfPage\":{\"@id\":\"https:\\\/\\\/mooi-kliniek.nl\\\/de\\\/chirurgie-der-augenlider\\\/erstattung-der-kosten-fur-eine-augenlidoperation-durch-die-versicherung\\\/#primaryimage\"},\"image\":{\"@id\":\"https:\\\/\\\/mooi-kliniek.nl\\\/de\\\/chirurgie-der-augenlider\\\/erstattung-der-kosten-fur-eine-augenlidoperation-durch-die-versicherung\\\/#primaryimage\"},\"thumbnailUrl\":\"https:\\\/\\\/mooi-kliniek.nl\\\/wp-content\\\/uploads\\\/2021\\\/10\\\/zorgverzekering-vergoeding-ooglidcorrectie.jpeg\",\"datePublished\":\"2021-10-21T13:59:02+00:00\",\"dateModified\":\"2024-01-23T13:11:00+00:00\",\"description\":\"Wir von der MOOI-Klinik werden oft gefragt, ob die Augenlidchirurgie von den Krankenkassen \u00fcbernommen wird. In Ausnahmef\u00e4llen wird eine Oberlidoperation erstattet.\",\"breadcrumb\":{\"@id\":\"https:\\\/\\\/mooi-kliniek.nl\\\/de\\\/chirurgie-der-augenlider\\\/erstattung-der-kosten-fur-eine-augenlidoperation-durch-die-versicherung\\\/#breadcrumb\"},\"inLanguage\":\"de\",\"potentialAction\":[{\"@type\":\"ReadAction\",\"target\":[\"https:\\\/\\\/mooi-kliniek.nl\\\/de\\\/chirurgie-der-augenlider\\\/erstattung-der-kosten-fur-eine-augenlidoperation-durch-die-versicherung\\\/\"]}]},{\"@type\":\"ImageObject\",\"inLanguage\":\"de\",\"@id\":\"https:\\\/\\\/mooi-kliniek.nl\\\/de\\\/chirurgie-der-augenlider\\\/erstattung-der-kosten-fur-eine-augenlidoperation-durch-die-versicherung\\\/#primaryimage\",\"url\":\"https:\\\/\\\/mooi-kliniek.nl\\\/wp-content\\\/uploads\\\/2021\\\/10\\\/zorgverzekering-vergoeding-ooglidcorrectie.jpeg\",\"contentUrl\":\"https:\\\/\\\/mooi-kliniek.nl\\\/wp-content\\\/uploads\\\/2021\\\/10\\\/zorgverzekering-vergoeding-ooglidcorrectie.jpeg\",\"width\":1500,\"height\":700},{\"@type\":\"BreadcrumbList\",\"@id\":\"https:\\\/\\\/mooi-kliniek.nl\\\/de\\\/chirurgie-der-augenlider\\\/erstattung-der-kosten-fur-eine-augenlidoperation-durch-die-versicherung\\\/#breadcrumb\",\"itemListElement\":[{\"@type\":\"ListItem\",\"position\":1,\"name\":\"Home\",\"item\":\"https:\\\/\\\/mooi-kliniek.nl\\\/de\\\/\"},{\"@type\":\"ListItem\",\"position\":2,\"name\":\"Chirurgie der Augenlider\",\"item\":\"https:\\\/\\\/mooi-kliniek.nl\\\/de\\\/chirurgie-der-augenlider\\\/\"},{\"@type\":\"ListItem\",\"position\":3,\"name\":\"Erstattung der Kosten f\u00fcr eine Augenlidoperation durch die Versicherung\"}]},{\"@type\":\"WebSite\",\"@id\":\"https:\\\/\\\/mooi-kliniek.nl\\\/de\\\/#website\",\"url\":\"https:\\\/\\\/mooi-kliniek.nl\\\/de\\\/\",\"name\":\"Mooi Kliniek\",\"description\":\"\",\"publisher\":{\"@id\":\"https:\\\/\\\/mooi-kliniek.nl\\\/de\\\/#organization\"},\"potentialAction\":[{\"@type\":\"SearchAction\",\"target\":{\"@type\":\"EntryPoint\",\"urlTemplate\":\"https:\\\/\\\/mooi-kliniek.nl\\\/de\\\/?s={search_term_string}\"},\"query-input\":{\"@type\":\"PropertyValueSpecification\",\"valueRequired\":true,\"valueName\":\"search_term_string\"}}],\"inLanguage\":\"de\"},{\"@type\":\"Organization\",\"@id\":\"https:\\\/\\\/mooi-kliniek.nl\\\/de\\\/#organization\",\"name\":\"MOOI kliniek\",\"url\":\"https:\\\/\\\/mooi-kliniek.nl\\\/de\\\/\",\"logo\":{\"@type\":\"ImageObject\",\"inLanguage\":\"de\",\"@id\":\"https:\\\/\\\/mooi-kliniek.nl\\\/de\\\/#\\\/schema\\\/logo\\\/image\\\/\",\"url\":\"https:\\\/\\\/mooi-kliniek.nl\\\/wp-content\\\/uploads\\\/2021\\\/12\\\/Mooi-kliniek-maastricht-logo.png\",\"contentUrl\":\"https:\\\/\\\/mooi-kliniek.nl\\\/wp-content\\\/uploads\\\/2021\\\/12\\\/Mooi-kliniek-maastricht-logo.png\",\"width\":250,\"height\":119,\"caption\":\"MOOI kliniek\"},\"image\":{\"@id\":\"https:\\\/\\\/mooi-kliniek.nl\\\/de\\\/#\\\/schema\\\/logo\\\/image\\\/\"},\"sameAs\":[\"https:\\\/\\\/www.facebook.com\\\/mooikliniek\",\"https:\\\/\\\/www.linkedin.com\\\/company\\\/mooi-kliniek\"]}]}<\/script>\n<!-- \/ Yoast SEO plugin. -->","yoast_head_json":{"title":"Erstattung der Kosten f\u00fcr eine Augenlidoperation durch die Krankenkasse | Habe ich Anspruch?","description":"Wir von der MOOI-Klinik werden oft gefragt, ob die Augenlidchirurgie von den Krankenkassen \u00fcbernommen wird. In Ausnahmef\u00e4llen wird eine Oberlidoperation erstattet.","robots":{"index":"index","follow":"follow","max-snippet":"max-snippet:-1","max-image-preview":"max-image-preview:large","max-video-preview":"max-video-preview:-1"},"canonical":"https:\/\/mooi-kliniek.nl\/de\/chirurgie-der-augenlider\/erstattung-der-kosten-fur-eine-augenlidoperation-durch-die-versicherung\/","og_locale":"de_DE","og_type":"article","og_title":"Erstattung der Kosten f\u00fcr eine Augenlidoperation durch die Krankenkasse | Habe ich Anspruch?","og_description":"Wir von der MOOI-Klinik werden oft gefragt, ob die Augenlidchirurgie von den Krankenkassen \u00fcbernommen wird. In Ausnahmef\u00e4llen wird eine Oberlidoperation erstattet.","og_url":"https:\/\/mooi-kliniek.nl\/de\/chirurgie-der-augenlider\/erstattung-der-kosten-fur-eine-augenlidoperation-durch-die-versicherung\/","og_site_name":"Mooi Kliniek","article_publisher":"https:\/\/www.facebook.com\/mooikliniek","article_modified_time":"2024-01-23T13:11:00+00:00","og_image":[{"width":1500,"height":700,"url":"https:\/\/mooi-kliniek.nl\/wp-content\/uploads\/2021\/10\/zorgverzekering-vergoeding-ooglidcorrectie.jpeg","type":"image\/jpeg"}],"twitter_card":"summary_large_image","twitter_misc":{"Gesch\u00e4tzte Lesezeit":"18\u00a0Minuten"},"schema":{"@context":"https:\/\/schema.org","@graph":[{"@type":"WebPage","@id":"https:\/\/mooi-kliniek.nl\/de\/chirurgie-der-augenlider\/erstattung-der-kosten-fur-eine-augenlidoperation-durch-die-versicherung\/","url":"https:\/\/mooi-kliniek.nl\/de\/chirurgie-der-augenlider\/erstattung-der-kosten-fur-eine-augenlidoperation-durch-die-versicherung\/","name":"Erstattung der Kosten f\u00fcr eine Augenlidoperation durch die Krankenkasse | Habe ich Anspruch?","isPartOf":{"@id":"https:\/\/mooi-kliniek.nl\/de\/#website"},"primaryImageOfPage":{"@id":"https:\/\/mooi-kliniek.nl\/de\/chirurgie-der-augenlider\/erstattung-der-kosten-fur-eine-augenlidoperation-durch-die-versicherung\/#primaryimage"},"image":{"@id":"https:\/\/mooi-kliniek.nl\/de\/chirurgie-der-augenlider\/erstattung-der-kosten-fur-eine-augenlidoperation-durch-die-versicherung\/#primaryimage"},"thumbnailUrl":"https:\/\/mooi-kliniek.nl\/wp-content\/uploads\/2021\/10\/zorgverzekering-vergoeding-ooglidcorrectie.jpeg","datePublished":"2021-10-21T13:59:02+00:00","dateModified":"2024-01-23T13:11:00+00:00","description":"Wir von der MOOI-Klinik werden oft gefragt, ob die Augenlidchirurgie von den Krankenkassen \u00fcbernommen wird. In Ausnahmef\u00e4llen wird eine Oberlidoperation erstattet.","breadcrumb":{"@id":"https:\/\/mooi-kliniek.nl\/de\/chirurgie-der-augenlider\/erstattung-der-kosten-fur-eine-augenlidoperation-durch-die-versicherung\/#breadcrumb"},"inLanguage":"de","potentialAction":[{"@type":"ReadAction","target":["https:\/\/mooi-kliniek.nl\/de\/chirurgie-der-augenlider\/erstattung-der-kosten-fur-eine-augenlidoperation-durch-die-versicherung\/"]}]},{"@type":"ImageObject","inLanguage":"de","@id":"https:\/\/mooi-kliniek.nl\/de\/chirurgie-der-augenlider\/erstattung-der-kosten-fur-eine-augenlidoperation-durch-die-versicherung\/#primaryimage","url":"https:\/\/mooi-kliniek.nl\/wp-content\/uploads\/2021\/10\/zorgverzekering-vergoeding-ooglidcorrectie.jpeg","contentUrl":"https:\/\/mooi-kliniek.nl\/wp-content\/uploads\/2021\/10\/zorgverzekering-vergoeding-ooglidcorrectie.jpeg","width":1500,"height":700},{"@type":"BreadcrumbList","@id":"https:\/\/mooi-kliniek.nl\/de\/chirurgie-der-augenlider\/erstattung-der-kosten-fur-eine-augenlidoperation-durch-die-versicherung\/#breadcrumb","itemListElement":[{"@type":"ListItem","position":1,"name":"Home","item":"https:\/\/mooi-kliniek.nl\/de\/"},{"@type":"ListItem","position":2,"name":"Chirurgie der Augenlider","item":"https:\/\/mooi-kliniek.nl\/de\/chirurgie-der-augenlider\/"},{"@type":"ListItem","position":3,"name":"Erstattung der Kosten f\u00fcr eine Augenlidoperation durch die Versicherung"}]},{"@type":"WebSite","@id":"https:\/\/mooi-kliniek.nl\/de\/#website","url":"https:\/\/mooi-kliniek.nl\/de\/","name":"Mooi Kliniek","description":"","publisher":{"@id":"https:\/\/mooi-kliniek.nl\/de\/#organization"},"potentialAction":[{"@type":"SearchAction","target":{"@type":"EntryPoint","urlTemplate":"https:\/\/mooi-kliniek.nl\/de\/?s={search_term_string}"},"query-input":{"@type":"PropertyValueSpecification","valueRequired":true,"valueName":"search_term_string"}}],"inLanguage":"de"},{"@type":"Organization","@id":"https:\/\/mooi-kliniek.nl\/de\/#organization","name":"MOOI kliniek","url":"https:\/\/mooi-kliniek.nl\/de\/","logo":{"@type":"ImageObject","inLanguage":"de","@id":"https:\/\/mooi-kliniek.nl\/de\/#\/schema\/logo\/image\/","url":"https:\/\/mooi-kliniek.nl\/wp-content\/uploads\/2021\/12\/Mooi-kliniek-maastricht-logo.png","contentUrl":"https:\/\/mooi-kliniek.nl\/wp-content\/uploads\/2021\/12\/Mooi-kliniek-maastricht-logo.png","width":250,"height":119,"caption":"MOOI kliniek"},"image":{"@id":"https:\/\/mooi-kliniek.nl\/de\/#\/schema\/logo\/image\/"},"sameAs":["https:\/\/www.facebook.com\/mooikliniek","https:\/\/www.linkedin.com\/company\/mooi-kliniek"]}]}},"_links":{"self":[{"href":"https:\/\/mooi-kliniek.nl\/de\/wp-json\/wp\/v2\/pages\/7824","targetHints":{"allow":["GET"]}}],"collection":[{"href":"https:\/\/mooi-kliniek.nl\/de\/wp-json\/wp\/v2\/pages"}],"about":[{"href":"https:\/\/mooi-kliniek.nl\/de\/wp-json\/wp\/v2\/types\/page"}],"author":[{"embeddable":true,"href":"https:\/\/mooi-kliniek.nl\/de\/wp-json\/wp\/v2\/users\/2"}],"replies":[{"embeddable":true,"href":"https:\/\/mooi-kliniek.nl\/de\/wp-json\/wp\/v2\/comments?post=7824"}],"version-history":[{"count":7,"href":"https:\/\/mooi-kliniek.nl\/de\/wp-json\/wp\/v2\/pages\/7824\/revisions"}],"predecessor-version":[{"id":10828,"href":"https:\/\/mooi-kliniek.nl\/de\/wp-json\/wp\/v2\/pages\/7824\/revisions\/10828"}],"up":[{"embeddable":true,"href":"https:\/\/mooi-kliniek.nl\/de\/wp-json\/wp\/v2\/pages\/7854"}],"wp:featuredmedia":[{"embeddable":true,"href":"https:\/\/mooi-kliniek.nl\/de\/wp-json\/wp\/v2\/media\/7068"}],"wp:attachment":[{"href":"https:\/\/mooi-kliniek.nl\/de\/wp-json\/wp\/v2\/media?parent=7824"}],"curies":[{"name":"wp","href":"https:\/\/api.w.org\/{rel}","templated":true}]}}