{"id":7893,"date":"2022-03-25T13:27:32","date_gmt":"2022-03-25T13:27:32","guid":{"rendered":"https:\/\/mooi-kliniek.nl\/uber-mooi-clinic\/mooi-stiftung\/"},"modified":"2023-11-16T17:27:19","modified_gmt":"2023-11-16T17:27:19","slug":"mooi-stiftung","status":"publish","type":"page","link":"https:\/\/mooi-kliniek.nl\/de\/uber-mooi-clinic\/mooi-stiftung\/","title":{"rendered":"MOOI-Stiftung"},"content":{"rendered":"<div class=\"fusion-fullwidth fullwidth-box fusion-builder-row-1 fusion-flex-container nonhundred-percent-fullwidth non-hundred-percent-height-scrolling\" style=\"--awb-background-position:center top;--awb-background-repeat:repeat-x;--awb-border-sizes-left:3vw;--awb-border-sizes-right:3vw;--awb-border-color:#ffffff;--awb-border-radius-top-left:0px;--awb-border-radius-top-right:0px;--awb-border-radius-bottom-right:0px;--awb-border-radius-bottom-left:0px;--awb-padding-top:3vw;--awb-padding-right:7vw;--awb-padding-bottom:7vw;--awb-padding-left:7vw;--awb-padding-bottom-medium:8vw;--awb-padding-bottom-small:14vw;--awb-margin-bottom:0px;--awb-flex-wrap:wrap;\" ><div class=\"fusion-builder-row fusion-row fusion-flex-align-items-center fusion-flex-content-wrap\" style=\"max-width:calc( 1150px + 7vw );margin-left: calc(-7vw \/ 2 );margin-right: calc(-7vw \/ 2 );\"><div class=\"fusion-layout-column fusion_builder_column fusion-builder-column-0 fusion_builder_column_1_6 1_6 fusion-flex-column\" style=\"--awb-bg-size:cover;--awb-width-large:16.666666666667%;--awb-margin-top-large:0px;--awb-spacing-right-large:3.5vw;--awb-margin-bottom-large:20px;--awb-spacing-left-large:3.5vw;--awb-width-medium:16.666666666667%;--awb-order-medium:0;--awb-spacing-right-medium:3.5vw;--awb-spacing-left-medium:3.5vw;--awb-width-small:100%;--awb-order-small:0;--awb-spacing-right-small:3.5vw;--awb-spacing-left-small:3.5vw;\"><div class=\"fusion-column-wrapper fusion-column-has-shadow fusion-flex-justify-content-flex-start fusion-content-layout-column\"><\/div><\/div><div class=\"fusion-layout-column fusion_builder_column fusion-builder-column-1 fusion_builder_column_2_3 2_3 fusion-flex-column fusion-animated\" style=\"--awb-bg-size:cover;--awb-width-large:66.666666666667%;--awb-margin-top-large:30px;--awb-spacing-right-large:calc( 0.075 * calc( 100% - 7vw ) );--awb-margin-bottom-large:0px;--awb-spacing-left-large:3.5vw;--awb-width-medium:66.666666666667%;--awb-order-medium:0;--awb-spacing-right-medium:calc( 0.075 * calc( 100% - 7vw ) );--awb-spacing-left-medium:3.5vw;--awb-width-small:100%;--awb-order-small:0;--awb-spacing-right-small:3.5vw;--awb-margin-bottom-small:9vw;--awb-spacing-left-small:3.5vw;\" data-animationType=\"fadeInUp\" data-animationDuration=\"1.3\" data-animationOffset=\"top-into-view\"><div class=\"fusion-column-wrapper fusion-column-has-shadow fusion-flex-justify-content-center fusion-content-layout-column\"><div class=\"fusion-title title fusion-title-1 fusion-sep-none fusion-title-text fusion-title-size-one\" style=\"--awb-text-color:#003438;\"><h1 class=\"fusion-title-heading title-heading-left\" style=\"margin:0;\">Die MOOI-Stiftung<\/h1><\/div><div class=\"fusion-text fusion-text-1\" style=\"--awb-content-alignment:left;--awb-font-size:17px;--awb-text-color:#000000;\"><p>Als plastische Chirurgen werden wir t\u00e4glich mit dem Wunsch konfrontiert, das Wohlbefinden zu verbessern. Im Bereich der \u00c4sthetik geht es um das Aussehen, die \u00c4sthetik und den Kampf gegen das Altern, aber wir sind uns bewusst, dass Wohlbefinden viel mehr beinhaltet. Mit der MOOI-Stiftung wollen wir dazu beitragen, das Wohlbefinden in anderen Bereichen zu steigern, insbesondere f\u00fcr Menschen, bei denen das Wohlbefinden weniger offensichtlich ist.<\/p>\n<blockquote>\n<p>Von jeder invasiven Behandlung, die wir in der MOOI-Klinik durchf\u00fchren, spendet die MOOI-Klinik 25 Euro an die <a href=\"https:\/\/mooi-foundation.nl\/\" target=\"_blank\" rel=\"noopener\">MOOI-Stiftung<\/a>.<\/p>\n<\/blockquote>\n<p>Jedes Jahr w\u00e4hlen wir eine Reihe von Projekten aus, die unseren Vorstellungen entsprechen und f\u00fcr die wir eine finanzielle Unterst\u00fctzung gew\u00e4hren. Au\u00dferdem werden wir jedes Jahr mindestens ein Projekt organisieren, an dem das gesamte Team physisch beteiligt ist.<\/p>\n<\/div><ul style=\"--awb-iconcolor:#d15d14;--awb-line-height:27.2px;--awb-icon-width:27.2px;--awb-icon-height:27.2px;--awb-icon-margin:11.2px;--awb-content-margin:38.4px;\" class=\"fusion-checklist fusion-checklist-1 fusion-checklist-default type-icons\"><li class=\"fusion-li-item\" style=\"\"><span class=\"icon-wrapper circle-no\"><i class=\"fusion-li-icon fa-arrow-right fas\" aria-hidden=\"true\"><\/i><\/span><div class=\"fusion-li-item-content\"><strong><a href=\"https:\/\/mooi-foundation.nl\/\">Lesen Sie mehr \u00fcber die MOOI-Stiftung<\/a><\/strong><\/div><\/li><\/ul><\/div><\/div><\/div><\/div>\n","protected":false},"excerpt":{"rendered":"","protected":false},"author":2,"featured_media":7264,"parent":7836,"menu_order":0,"comment_status":"closed","ping_status":"closed","template":"100-width.php","meta":{"_glsr_average":0,"_glsr_ranking":0,"_glsr_reviews":0,"footnotes":""},"class_list":["post-7893","page","type-page","status-publish","has-post-thumbnail","hentry"],"yoast_head":"<!-- This site is optimized with the Yoast SEO plugin v26.8 - https:\/\/yoast.com\/product\/yoast-seo-wordpress\/ -->\n<title>MOOI Foundation - Unsere Stiftung - Mooi Kliniek<\/title>\n<meta name=\"robots\" content=\"index, follow, max-snippet:-1, max-image-preview:large, max-video-preview:-1\" \/>\n<link rel=\"canonical\" href=\"https:\/\/mooi-kliniek.nl\/de\/uber-mooi-clinic\/mooi-stiftung\/\" \/>\n<meta property=\"og:locale\" content=\"de_DE\" \/>\n<meta property=\"og:type\" content=\"article\" \/>\n<meta property=\"og:title\" content=\"MOOI Foundation - Unsere Stiftung - Mooi Kliniek\" \/>\n<meta property=\"og:url\" content=\"https:\/\/mooi-kliniek.nl\/de\/uber-mooi-clinic\/mooi-stiftung\/\" \/>\n<meta property=\"og:site_name\" content=\"Mooi Kliniek\" \/>\n<meta property=\"article:publisher\" content=\"https:\/\/www.facebook.com\/mooikliniek\" \/>\n<meta property=\"article:modified_time\" content=\"2023-11-16T17:27:19+00:00\" \/>\n<meta property=\"og:image\" content=\"https:\/\/mooi-kliniek.nl\/wp-content\/uploads\/2022\/03\/Mooi-foundation-doelen-2022.jpeg\" \/>\n\t<meta property=\"og:image:width\" content=\"1700\" \/>\n\t<meta property=\"og:image:height\" content=\"700\" \/>\n\t<meta property=\"og:image:type\" content=\"image\/jpeg\" \/>\n<meta name=\"twitter:card\" content=\"summary_large_image\" \/>\n<meta name=\"twitter:label1\" content=\"Gesch\u00e4tzte Lesezeit\" \/>\n\t<meta name=\"twitter:data1\" content=\"6\u00a0Minuten\" \/>\n<script type=\"application\/ld+json\" class=\"yoast-schema-graph\">{\"@context\":\"https:\/\/schema.org\",\"@graph\":[{\"@type\":\"WebPage\",\"@id\":\"https:\/\/mooi-kliniek.nl\/de\/uber-mooi-clinic\/mooi-stiftung\/\",\"url\":\"https:\/\/mooi-kliniek.nl\/de\/uber-mooi-clinic\/mooi-stiftung\/\",\"name\":\"MOOI Foundation - Unsere Stiftung - Mooi Kliniek\",\"isPartOf\":{\"@id\":\"https:\/\/mooi-kliniek.nl\/de\/#website\"},\"primaryImageOfPage\":{\"@id\":\"https:\/\/mooi-kliniek.nl\/de\/uber-mooi-clinic\/mooi-stiftung\/#primaryimage\"},\"image\":{\"@id\":\"https:\/\/mooi-kliniek.nl\/de\/uber-mooi-clinic\/mooi-stiftung\/#primaryimage\"},\"thumbnailUrl\":\"https:\/\/mooi-kliniek.nl\/wp-content\/uploads\/2022\/03\/Mooi-foundation-doelen-2022.jpeg\",\"datePublished\":\"2022-03-25T13:27:32+00:00\",\"dateModified\":\"2023-11-16T17:27:19+00:00\",\"breadcrumb\":{\"@id\":\"https:\/\/mooi-kliniek.nl\/de\/uber-mooi-clinic\/mooi-stiftung\/#breadcrumb\"},\"inLanguage\":\"de\",\"potentialAction\":[{\"@type\":\"ReadAction\",\"target\":[\"https:\/\/mooi-kliniek.nl\/de\/uber-mooi-clinic\/mooi-stiftung\/\"]}]},{\"@type\":\"ImageObject\",\"inLanguage\":\"de\",\"@id\":\"https:\/\/mooi-kliniek.nl\/de\/uber-mooi-clinic\/mooi-stiftung\/#primaryimage\",\"url\":\"https:\/\/mooi-kliniek.nl\/wp-content\/uploads\/2022\/03\/Mooi-foundation-doelen-2022.jpeg\",\"contentUrl\":\"https:\/\/mooi-kliniek.nl\/wp-content\/uploads\/2022\/03\/Mooi-foundation-doelen-2022.jpeg\",\"width\":1700,\"height\":700},{\"@type\":\"BreadcrumbList\",\"@id\":\"https:\/\/mooi-kliniek.nl\/de\/uber-mooi-clinic\/mooi-stiftung\/#breadcrumb\",\"itemListElement\":[{\"@type\":\"ListItem\",\"position\":1,\"name\":\"Home\",\"item\":\"https:\/\/mooi-kliniek.nl\/de\/\"},{\"@type\":\"ListItem\",\"position\":2,\"name\":\"\u00dcber MOOI Clinic\",\"item\":\"https:\/\/mooi-kliniek.nl\/de\/uber-mooi-clinic\/\"},{\"@type\":\"ListItem\",\"position\":3,\"name\":\"MOOI-Stiftung\"}]},{\"@type\":\"WebSite\",\"@id\":\"https:\/\/mooi-kliniek.nl\/de\/#website\",\"url\":\"https:\/\/mooi-kliniek.nl\/de\/\",\"name\":\"Mooi Kliniek\",\"description\":\"\",\"publisher\":{\"@id\":\"https:\/\/mooi-kliniek.nl\/de\/#organization\"},\"potentialAction\":[{\"@type\":\"SearchAction\",\"target\":{\"@type\":\"EntryPoint\",\"urlTemplate\":\"https:\/\/mooi-kliniek.nl\/de\/?s={search_term_string}\"},\"query-input\":{\"@type\":\"PropertyValueSpecification\",\"valueRequired\":true,\"valueName\":\"search_term_string\"}}],\"inLanguage\":\"de\"},{\"@type\":\"Organization\",\"@id\":\"https:\/\/mooi-kliniek.nl\/de\/#organization\",\"name\":\"MOOI kliniek\",\"url\":\"https:\/\/mooi-kliniek.nl\/de\/\",\"logo\":{\"@type\":\"ImageObject\",\"inLanguage\":\"de\",\"@id\":\"https:\/\/mooi-kliniek.nl\/de\/#\/schema\/logo\/image\/\",\"url\":\"https:\/\/mooi-kliniek.nl\/wp-content\/uploads\/2021\/12\/Mooi-kliniek-maastricht-logo.png\",\"contentUrl\":\"https:\/\/mooi-kliniek.nl\/wp-content\/uploads\/2021\/12\/Mooi-kliniek-maastricht-logo.png\",\"width\":250,\"height\":119,\"caption\":\"MOOI kliniek\"},\"image\":{\"@id\":\"https:\/\/mooi-kliniek.nl\/de\/#\/schema\/logo\/image\/\"},\"sameAs\":[\"https:\/\/www.facebook.com\/mooikliniek\",\"https:\/\/www.linkedin.com\/company\/mooi-kliniek\"]}]}<\/script>\n<!-- \/ Yoast SEO plugin. -->","yoast_head_json":{"title":"MOOI Foundation - Unsere Stiftung - Mooi Kliniek","robots":{"index":"index","follow":"follow","max-snippet":"max-snippet:-1","max-image-preview":"max-image-preview:large","max-video-preview":"max-video-preview:-1"},"canonical":"https:\/\/mooi-kliniek.nl\/de\/uber-mooi-clinic\/mooi-stiftung\/","og_locale":"de_DE","og_type":"article","og_title":"MOOI Foundation - Unsere Stiftung - Mooi Kliniek","og_url":"https:\/\/mooi-kliniek.nl\/de\/uber-mooi-clinic\/mooi-stiftung\/","og_site_name":"Mooi Kliniek","article_publisher":"https:\/\/www.facebook.com\/mooikliniek","article_modified_time":"2023-11-16T17:27:19+00:00","og_image":[{"width":1700,"height":700,"url":"https:\/\/mooi-kliniek.nl\/wp-content\/uploads\/2022\/03\/Mooi-foundation-doelen-2022.jpeg","type":"image\/jpeg"}],"twitter_card":"summary_large_image","twitter_misc":{"Gesch\u00e4tzte Lesezeit":"6\u00a0Minuten"},"schema":{"@context":"https:\/\/schema.org","@graph":[{"@type":"WebPage","@id":"https:\/\/mooi-kliniek.nl\/de\/uber-mooi-clinic\/mooi-stiftung\/","url":"https:\/\/mooi-kliniek.nl\/de\/uber-mooi-clinic\/mooi-stiftung\/","name":"MOOI Foundation - Unsere Stiftung - Mooi Kliniek","isPartOf":{"@id":"https:\/\/mooi-kliniek.nl\/de\/#website"},"primaryImageOfPage":{"@id":"https:\/\/mooi-kliniek.nl\/de\/uber-mooi-clinic\/mooi-stiftung\/#primaryimage"},"image":{"@id":"https:\/\/mooi-kliniek.nl\/de\/uber-mooi-clinic\/mooi-stiftung\/#primaryimage"},"thumbnailUrl":"https:\/\/mooi-kliniek.nl\/wp-content\/uploads\/2022\/03\/Mooi-foundation-doelen-2022.jpeg","datePublished":"2022-03-25T13:27:32+00:00","dateModified":"2023-11-16T17:27:19+00:00","breadcrumb":{"@id":"https:\/\/mooi-kliniek.nl\/de\/uber-mooi-clinic\/mooi-stiftung\/#breadcrumb"},"inLanguage":"de","potentialAction":[{"@type":"ReadAction","target":["https:\/\/mooi-kliniek.nl\/de\/uber-mooi-clinic\/mooi-stiftung\/"]}]},{"@type":"ImageObject","inLanguage":"de","@id":"https:\/\/mooi-kliniek.nl\/de\/uber-mooi-clinic\/mooi-stiftung\/#primaryimage","url":"https:\/\/mooi-kliniek.nl\/wp-content\/uploads\/2022\/03\/Mooi-foundation-doelen-2022.jpeg","contentUrl":"https:\/\/mooi-kliniek.nl\/wp-content\/uploads\/2022\/03\/Mooi-foundation-doelen-2022.jpeg","width":1700,"height":700},{"@type":"BreadcrumbList","@id":"https:\/\/mooi-kliniek.nl\/de\/uber-mooi-clinic\/mooi-stiftung\/#breadcrumb","itemListElement":[{"@type":"ListItem","position":1,"name":"Home","item":"https:\/\/mooi-kliniek.nl\/de\/"},{"@type":"ListItem","position":2,"name":"\u00dcber MOOI Clinic","item":"https:\/\/mooi-kliniek.nl\/de\/uber-mooi-clinic\/"},{"@type":"ListItem","position":3,"name":"MOOI-Stiftung"}]},{"@type":"WebSite","@id":"https:\/\/mooi-kliniek.nl\/de\/#website","url":"https:\/\/mooi-kliniek.nl\/de\/","name":"Mooi Kliniek","description":"","publisher":{"@id":"https:\/\/mooi-kliniek.nl\/de\/#organization"},"potentialAction":[{"@type":"SearchAction","target":{"@type":"EntryPoint","urlTemplate":"https:\/\/mooi-kliniek.nl\/de\/?s={search_term_string}"},"query-input":{"@type":"PropertyValueSpecification","valueRequired":true,"valueName":"search_term_string"}}],"inLanguage":"de"},{"@type":"Organization","@id":"https:\/\/mooi-kliniek.nl\/de\/#organization","name":"MOOI kliniek","url":"https:\/\/mooi-kliniek.nl\/de\/","logo":{"@type":"ImageObject","inLanguage":"de","@id":"https:\/\/mooi-kliniek.nl\/de\/#\/schema\/logo\/image\/","url":"https:\/\/mooi-kliniek.nl\/wp-content\/uploads\/2021\/12\/Mooi-kliniek-maastricht-logo.png","contentUrl":"https:\/\/mooi-kliniek.nl\/wp-content\/uploads\/2021\/12\/Mooi-kliniek-maastricht-logo.png","width":250,"height":119,"caption":"MOOI kliniek"},"image":{"@id":"https:\/\/mooi-kliniek.nl\/de\/#\/schema\/logo\/image\/"},"sameAs":["https:\/\/www.facebook.com\/mooikliniek","https:\/\/www.linkedin.com\/company\/mooi-kliniek"]}]}},"_links":{"self":[{"href":"https:\/\/mooi-kliniek.nl\/de\/wp-json\/wp\/v2\/pages\/7893","targetHints":{"allow":["GET"]}}],"collection":[{"href":"https:\/\/mooi-kliniek.nl\/de\/wp-json\/wp\/v2\/pages"}],"about":[{"href":"https:\/\/mooi-kliniek.nl\/de\/wp-json\/wp\/v2\/types\/page"}],"author":[{"embeddable":true,"href":"https:\/\/mooi-kliniek.nl\/de\/wp-json\/wp\/v2\/users\/2"}],"replies":[{"embeddable":true,"href":"https:\/\/mooi-kliniek.nl\/de\/wp-json\/wp\/v2\/comments?post=7893"}],"version-history":[{"count":6,"href":"https:\/\/mooi-kliniek.nl\/de\/wp-json\/wp\/v2\/pages\/7893\/revisions"}],"predecessor-version":[{"id":9673,"href":"https:\/\/mooi-kliniek.nl\/de\/wp-json\/wp\/v2\/pages\/7893\/revisions\/9673"}],"up":[{"embeddable":true,"href":"https:\/\/mooi-kliniek.nl\/de\/wp-json\/wp\/v2\/pages\/7836"}],"wp:featuredmedia":[{"embeddable":true,"href":"https:\/\/mooi-kliniek.nl\/de\/wp-json\/wp\/v2\/media\/7264"}],"wp:attachment":[{"href":"https:\/\/mooi-kliniek.nl\/de\/wp-json\/wp\/v2\/media?parent=7893"}],"curies":[{"name":"wp","href":"https:\/\/api.w.org\/{rel}","templated":true}]}}