{"id":7899,"date":"2021-11-02T13:58:03","date_gmt":"2021-11-02T13:58:03","guid":{"rendered":"https:\/\/mooi-kliniek.nl\/uber-mooi-clinic\/unsere-vision-von-qualitat\/"},"modified":"2024-08-29T14:22:37","modified_gmt":"2024-08-29T14:22:37","slug":"unsere-vision-von-qualitat","status":"publish","type":"page","link":"https:\/\/mooi-kliniek.nl\/de\/uber-mooi-clinic\/unsere-vision-von-qualitat\/","title":{"rendered":"Unsere Vision von Qualit\u00e4t"},"content":{"rendered":"<div class=\"fusion-fullwidth fullwidth-box fusion-builder-row-1 fusion-flex-container nonhundred-percent-fullwidth non-hundred-percent-height-scrolling\" style=\"--awb-background-position:center top;--awb-background-repeat:repeat-x;--awb-border-sizes-left:3vw;--awb-border-sizes-right:3vw;--awb-border-color:#ffffff;--awb-border-radius-top-left:0px;--awb-border-radius-top-right:0px;--awb-border-radius-bottom-right:0px;--awb-border-radius-bottom-left:0px;--awb-padding-top:3vw;--awb-padding-right:7vw;--awb-padding-bottom:7vw;--awb-padding-left:7vw;--awb-padding-bottom-medium:8vw;--awb-padding-bottom-small:14vw;--awb-margin-bottom:0px;--awb-flex-wrap:wrap;\" ><div class=\"fusion-builder-row fusion-row fusion-flex-align-items-center fusion-flex-content-wrap\" style=\"max-width:calc( 1150px + 7vw );margin-left: calc(-7vw \/ 2 );margin-right: calc(-7vw \/ 2 );\"><div class=\"fusion-layout-column fusion_builder_column fusion-builder-column-0 fusion_builder_column_1_6 1_6 fusion-flex-column\" style=\"--awb-bg-size:cover;--awb-width-large:16.666666666667%;--awb-margin-top-large:0px;--awb-spacing-right-large:3.5vw;--awb-margin-bottom-large:20px;--awb-spacing-left-large:3.5vw;--awb-width-medium:16.666666666667%;--awb-order-medium:0;--awb-spacing-right-medium:3.5vw;--awb-spacing-left-medium:3.5vw;--awb-width-small:100%;--awb-order-small:0;--awb-spacing-right-small:3.5vw;--awb-spacing-left-small:3.5vw;\"><div class=\"fusion-column-wrapper fusion-column-has-shadow fusion-flex-justify-content-flex-start fusion-content-layout-column\"><\/div><\/div><div class=\"fusion-layout-column fusion_builder_column fusion-builder-column-1 fusion_builder_column_2_3 2_3 fusion-flex-column fusion-animated\" style=\"--awb-bg-size:cover;--awb-width-large:66.666666666667%;--awb-margin-top-large:30px;--awb-spacing-right-large:calc( 0.075 * calc( 100% - 7vw ) );--awb-margin-bottom-large:0px;--awb-spacing-left-large:3.5vw;--awb-width-medium:66.666666666667%;--awb-order-medium:0;--awb-spacing-right-medium:calc( 0.075 * calc( 100% - 7vw ) );--awb-spacing-left-medium:3.5vw;--awb-width-small:100%;--awb-order-small:0;--awb-spacing-right-small:3.5vw;--awb-margin-bottom-small:9vw;--awb-spacing-left-small:3.5vw;\" data-animationType=\"fadeInUp\" data-animationDuration=\"1.3\" data-animationOffset=\"top-into-view\"><div class=\"fusion-column-wrapper fusion-column-has-shadow fusion-flex-justify-content-center fusion-content-layout-column\"><div class=\"fusion-title title fusion-title-1 fusion-sep-none fusion-title-text fusion-title-size-one\" style=\"--awb-text-color:#003438;\"><h1 class=\"fusion-title-heading title-heading-left\" style=\"margin:0;\">Unsere Vision von Qualit\u00e4t<\/h1><\/div><div class=\"fusion-text fusion-text-1\" style=\"--awb-content-alignment:left;--awb-font-size:17px;--awb-text-color:#000000;\"><p>Bei MOOI ist Qualit\u00e4t kein leeres Schlagwort. Wir legen besonderen Wert auf Qualit\u00e4t, denn Ihr Aussehen ist wichtig und Sie tragen es ein Leben lang mit sich. Qualit\u00e4t bedeutet f\u00fcr uns Folgendes:<\/p>\n<ul>\n<li>In der MOOI-Klinik besteht das Spezialistenteam aus qualifizierten und erfahrenen plastischen Chirurgen und kosmetischen \u00c4rzten KNMG.<\/li>\n<li>Unsere plastischen Chirurgen f\u00fchren alle Behandlungen durch, sei es eine Augenlidkorrektur, eine Leberfleckentfernung, ein Facelift oder eine Bauchdeckenstraffung.<\/li>\n<li>Unsere plastischen Chirurgen arbeiten auch in unseren (Universit\u00e4ts-) Krankenh\u00e4usern. Dies hat den Vorteil, dass wir eng in die neuesten Entwicklungen und die wissenschaftliche Forschung eingebunden sind.<\/li>\n<li>Wir informieren Sie ehrlich \u00fcber alle Aspekte der Behandlung. Das bedeutet, dass wir Sie nicht nur \u00fcber das Endergebnis von MOOI informieren, sondern auch \u00fcber Risiken, Unannehmlichkeiten und m\u00f6gliche Komplikationen. Informieren Sie sich hier <a href=\"https:\/\/mooi-kliniek.nl\/de\/brustvergroesserung-mit-brustimplantaten\/komplikationen-und-risiken-einer-brustvergroserung\/\">\u00fcber die Risiken und Komplikationen von Brustimplantaten<\/a>.<\/li>\n<li><a href=\"https:\/\/mooi-kliniek.nl\/contact-opnemen\/afspraak-maken\/\">Das erste Gespr\u00e4ch<\/a> findet mit dem plastischen Chirurgen statt, der auch den Eingriff und die Nachbehandlung durchf\u00fchrt. Davon weichen wir nur ab, wenn sich bei der Erstberatung herausstellt, dass ein anderer Chirurg Ihre spezielle Behandlung besser durchf\u00fchren kann. Sie f\u00fchren dann ein weiteres Gespr\u00e4ch mit ihm oder ihr.<\/li>\n<li>Die MOOI-Klinik verf\u00fcgt \u00fcber eigene chirurgische Einrichtungen auf h\u00f6chstem Niveau. So k\u00f6nnen wir <strong>die Behandlung ohne Warteliste planen<\/strong>. Es ist auch m\u00f6glich, im Krankenhaus zu operieren. Es versteht sich von selbst, dass alle Behandlungsorte die Standards und Anforderungen f\u00fcr sichere Operationen erf\u00fcllen. M\u00f6chten Sie in einem Krankenhaus behandelt werden? Wenn ja, besprechen Sie dies mit unseren Chirurgen.<\/li>\n<li>Alle unsere plastischen Chirurgen sind BIG-registriert und Mitglieder der <a href=\"https:\/\/www.nvpc.nl\/\" target=\"_blank\" rel=\"noopener\">Niederl\u00e4ndischen Gesellschaft f\u00fcr Plastische Chirurgie<\/a> und der <a href=\"https:\/\/www.nvepc.nl\/\" target=\"_blank\" rel=\"noopener\">Niederl\u00e4ndischen Gesellschaft f\u00fcr \u00c4sthetisch-Plastische Chirurgie<\/a>.<\/li>\n<\/ul>\n<h2>Datenschutz<\/h2>\n<p>Um Ihnen eine gute und professionelle Betreuung zu bieten, verarbeitet die MOOI-Klinik personenbezogene Daten. MOOI-Klinik misst dem sorgf\u00e4ltigen Umgang mit Ihren pers\u00f6nlichen Daten gro\u00dfe Bedeutung bei. Ihre pers\u00f6nlichen Daten werden daher von uns sorgf\u00e4ltig verarbeitet und gesichert. Sie k\u00f6nnen sich darauf verlassen, dass Ihre Daten bei MOOI-Klinik sicher sind und dass wir die geltenden gesetzlichen Bestimmungen einhalten. Lesen Sie hier die Datenschutzerkl\u00e4rung der <a href=\"https:\/\/mooi-kliniek.nl\/de\/erklarung-zum-datenschutz\/\">MOOI<\/a>-Klinik.<\/p>\n<h2>Vorher-Nachher-Bilder<\/h2>\n<p>Es hei\u00dft, dass jeder Mensch einzigartig ist. Jeder Mensch hat ein anderes Aussehen, einen anderen Hauttyp, unterschiedlich ausgepr\u00e4gte Muskeln, Falten und so weiter. Dies bedeutet, dass auch das Ergebnis jedes Verfahrens einzigartig ist. Ein Foto von einer Person sagt also nicht viel \u00fcber das Ergebnis bei einer anderen Person aus. Sie erhalten nur einen allgemeinen Eindruck. Wir sch\u00e4tzen die Privatsph\u00e4re unserer Kunden. Alle Fotos werden mit Genehmigung ver\u00f6ffentlicht. Ihre <a href=\"https:\/\/mooi-kliniek.nl\/de\/vorher-nachher-bilder\/\">Vorher-Nachher-Fotos<\/a> werden also nie ver\u00f6ffentlicht, wenn Sie das nicht wollen!<\/p>\n<h2>Akzeptanz<\/h2>\n<p>F\u00fcr die Aufnahme in die MOOI-Klinik gelten die folgenden Kriterien:<\/p>\n<ul>\n<li>In der Klinik werden nur Patienten mit ASA-Klasse 1 oder 2 behandelt.<\/li>\n<li>Sie m\u00fcssen 18 Jahre oder \u00e4lter sein.<\/li>\n<li>Klienten mit einem BMI \u00fcber 35 sind grunds\u00e4tzlich von der Behandlung ausgeschlossen.<\/li>\n<\/ul>\n<p>Warum? All dies tun wir aus Gr\u00fcnden der Sicherheit und Qualit\u00e4t. Sollten diese Kriterien auf Sie zutreffen, informieren wir Sie gerne \u00fcber die M\u00f6glichkeiten in unseren angeschlossenen Krankenh\u00e4usern.<\/p>\n<p><em>Quelle: NVPC-Leitlinie: <a href=\"https:\/\/www.zorginzicht.nl\/binaries\/content\/assets\/zorginzicht\/kwaliteitsinstrumenten\/Kwaliteitskader+Cosmetische+Zorg.pdf\">Plastische Chirurgie und \u00e4sthetische Behandlungen in Privatkliniken.<\/a><\/em><\/p>\n<\/div><ul style=\"--awb-iconcolor:#d15d14;--awb-line-height:27.2px;--awb-icon-width:27.2px;--awb-icon-height:27.2px;--awb-icon-margin:11.2px;--awb-content-margin:38.4px;\" class=\"fusion-checklist fusion-checklist-1 fusion-checklist-default type-icons\"><li class=\"fusion-li-item\" style=\"\"><span class=\"icon-wrapper circle-no\"><i class=\"fusion-li-icon fa-arrow-right fas\" aria-hidden=\"true\"><\/i><\/span><div class=\"fusion-li-item-content\">\n<p><strong><a href=\"https:\/\/mooi-kliniek.nl\/de\/uber-mooi-clinic\/unsere-spezialisten\/\">Treffen Sie unsere Spezialisten<\/a><\/strong><\/p>\n<\/div><\/li><\/ul><\/div><\/div><\/div><\/div>\n","protected":false},"excerpt":{"rendered":"","protected":false},"author":2,"featured_media":6996,"parent":7836,"menu_order":0,"comment_status":"closed","ping_status":"closed","template":"100-width.php","meta":{"_glsr_average":0,"_glsr_ranking":0,"_glsr_reviews":0,"footnotes":""},"class_list":["post-7899","page","type-page","status-publish","has-post-thumbnail","hentry"],"yoast_head":"<!-- This site is optimized with the Yoast SEO plugin v26.8 - https:\/\/yoast.com\/product\/yoast-seo-wordpress\/ -->\n<title>\u00dcber Qualit\u00e4t und unsere Sicht auf plastische Chirurgie - Mooi Kliniek<\/title>\n<meta name=\"description\" content=\"Bei MOOI ist Qualit\u00e4t kein leeres Schlagwort. Wir legen besonderen Wert auf Qualit\u00e4t, denn Ihr Aussehen ist wichtig und Sie tragen es ein Leben lang mit sich.\" \/>\n<meta name=\"robots\" content=\"index, follow, max-snippet:-1, max-image-preview:large, max-video-preview:-1\" \/>\n<link rel=\"canonical\" href=\"https:\/\/mooi-kliniek.nl\/de\/uber-mooi-clinic\/unsere-vision-von-qualitat\/\" \/>\n<meta property=\"og:locale\" content=\"de_DE\" \/>\n<meta property=\"og:type\" content=\"article\" \/>\n<meta property=\"og:title\" content=\"\u00dcber Qualit\u00e4t und unsere Sicht auf plastische Chirurgie - Mooi Kliniek\" \/>\n<meta property=\"og:description\" content=\"Bei MOOI ist Qualit\u00e4t kein leeres Schlagwort. Wir legen besonderen Wert auf Qualit\u00e4t, denn Ihr Aussehen ist wichtig und Sie tragen es ein Leben lang mit sich.\" \/>\n<meta property=\"og:url\" content=\"https:\/\/mooi-kliniek.nl\/de\/uber-mooi-clinic\/unsere-vision-von-qualitat\/\" \/>\n<meta property=\"og:site_name\" content=\"Mooi Kliniek\" \/>\n<meta property=\"article:publisher\" content=\"https:\/\/www.facebook.com\/mooikliniek\" \/>\n<meta property=\"article:modified_time\" content=\"2024-08-29T14:22:37+00:00\" \/>\n<meta property=\"og:image\" content=\"https:\/\/mooi-kliniek.nl\/wp-content\/uploads\/2021\/06\/Mooi-Plastisch-Chirurgen-Team.jpg\" \/>\n\t<meta property=\"og:image:width\" content=\"1950\" \/>\n\t<meta property=\"og:image:height\" content=\"564\" \/>\n\t<meta property=\"og:image:type\" content=\"image\/jpeg\" \/>\n<meta name=\"twitter:card\" content=\"summary_large_image\" \/>\n<meta name=\"twitter:label1\" content=\"Gesch\u00e4tzte Lesezeit\" \/>\n\t<meta name=\"twitter:data1\" content=\"8\u00a0Minuten\" \/>\n<script type=\"application\/ld+json\" class=\"yoast-schema-graph\">{\"@context\":\"https:\/\/schema.org\",\"@graph\":[{\"@type\":\"WebPage\",\"@id\":\"https:\/\/mooi-kliniek.nl\/de\/uber-mooi-clinic\/unsere-vision-von-qualitat\/\",\"url\":\"https:\/\/mooi-kliniek.nl\/de\/uber-mooi-clinic\/unsere-vision-von-qualitat\/\",\"name\":\"\u00dcber Qualit\u00e4t und unsere Sicht auf plastische Chirurgie - Mooi Kliniek\",\"isPartOf\":{\"@id\":\"https:\/\/mooi-kliniek.nl\/de\/#website\"},\"primaryImageOfPage\":{\"@id\":\"https:\/\/mooi-kliniek.nl\/de\/uber-mooi-clinic\/unsere-vision-von-qualitat\/#primaryimage\"},\"image\":{\"@id\":\"https:\/\/mooi-kliniek.nl\/de\/uber-mooi-clinic\/unsere-vision-von-qualitat\/#primaryimage\"},\"thumbnailUrl\":\"https:\/\/mooi-kliniek.nl\/wp-content\/uploads\/2021\/06\/Mooi-Plastisch-Chirurgen-Team.jpg\",\"datePublished\":\"2021-11-02T13:58:03+00:00\",\"dateModified\":\"2024-08-29T14:22:37+00:00\",\"description\":\"Bei MOOI ist Qualit\u00e4t kein leeres Schlagwort. Wir legen besonderen Wert auf Qualit\u00e4t, denn Ihr Aussehen ist wichtig und Sie tragen es ein Leben lang mit sich.\",\"breadcrumb\":{\"@id\":\"https:\/\/mooi-kliniek.nl\/de\/uber-mooi-clinic\/unsere-vision-von-qualitat\/#breadcrumb\"},\"inLanguage\":\"de\",\"potentialAction\":[{\"@type\":\"ReadAction\",\"target\":[\"https:\/\/mooi-kliniek.nl\/de\/uber-mooi-clinic\/unsere-vision-von-qualitat\/\"]}]},{\"@type\":\"ImageObject\",\"inLanguage\":\"de\",\"@id\":\"https:\/\/mooi-kliniek.nl\/de\/uber-mooi-clinic\/unsere-vision-von-qualitat\/#primaryimage\",\"url\":\"https:\/\/mooi-kliniek.nl\/wp-content\/uploads\/2021\/06\/Mooi-Plastisch-Chirurgen-Team.jpg\",\"contentUrl\":\"https:\/\/mooi-kliniek.nl\/wp-content\/uploads\/2021\/06\/Mooi-Plastisch-Chirurgen-Team.jpg\",\"width\":1950,\"height\":564},{\"@type\":\"BreadcrumbList\",\"@id\":\"https:\/\/mooi-kliniek.nl\/de\/uber-mooi-clinic\/unsere-vision-von-qualitat\/#breadcrumb\",\"itemListElement\":[{\"@type\":\"ListItem\",\"position\":1,\"name\":\"Home\",\"item\":\"https:\/\/mooi-kliniek.nl\/de\/\"},{\"@type\":\"ListItem\",\"position\":2,\"name\":\"\u00dcber MOOI Clinic\",\"item\":\"https:\/\/mooi-kliniek.nl\/de\/uber-mooi-clinic\/\"},{\"@type\":\"ListItem\",\"position\":3,\"name\":\"Unsere Vision von Qualit\u00e4t\"}]},{\"@type\":\"WebSite\",\"@id\":\"https:\/\/mooi-kliniek.nl\/de\/#website\",\"url\":\"https:\/\/mooi-kliniek.nl\/de\/\",\"name\":\"Mooi Kliniek\",\"description\":\"\",\"publisher\":{\"@id\":\"https:\/\/mooi-kliniek.nl\/de\/#organization\"},\"potentialAction\":[{\"@type\":\"SearchAction\",\"target\":{\"@type\":\"EntryPoint\",\"urlTemplate\":\"https:\/\/mooi-kliniek.nl\/de\/?s={search_term_string}\"},\"query-input\":{\"@type\":\"PropertyValueSpecification\",\"valueRequired\":true,\"valueName\":\"search_term_string\"}}],\"inLanguage\":\"de\"},{\"@type\":\"Organization\",\"@id\":\"https:\/\/mooi-kliniek.nl\/de\/#organization\",\"name\":\"MOOI kliniek\",\"url\":\"https:\/\/mooi-kliniek.nl\/de\/\",\"logo\":{\"@type\":\"ImageObject\",\"inLanguage\":\"de\",\"@id\":\"https:\/\/mooi-kliniek.nl\/de\/#\/schema\/logo\/image\/\",\"url\":\"https:\/\/mooi-kliniek.nl\/wp-content\/uploads\/2021\/12\/Mooi-kliniek-maastricht-logo.png\",\"contentUrl\":\"https:\/\/mooi-kliniek.nl\/wp-content\/uploads\/2021\/12\/Mooi-kliniek-maastricht-logo.png\",\"width\":250,\"height\":119,\"caption\":\"MOOI kliniek\"},\"image\":{\"@id\":\"https:\/\/mooi-kliniek.nl\/de\/#\/schema\/logo\/image\/\"},\"sameAs\":[\"https:\/\/www.facebook.com\/mooikliniek\",\"https:\/\/www.linkedin.com\/company\/mooi-kliniek\"]}]}<\/script>\n<!-- \/ Yoast SEO plugin. -->","yoast_head_json":{"title":"\u00dcber Qualit\u00e4t und unsere Sicht auf plastische Chirurgie - Mooi Kliniek","description":"Bei MOOI ist Qualit\u00e4t kein leeres Schlagwort. Wir legen besonderen Wert auf Qualit\u00e4t, denn Ihr Aussehen ist wichtig und Sie tragen es ein Leben lang mit sich.","robots":{"index":"index","follow":"follow","max-snippet":"max-snippet:-1","max-image-preview":"max-image-preview:large","max-video-preview":"max-video-preview:-1"},"canonical":"https:\/\/mooi-kliniek.nl\/de\/uber-mooi-clinic\/unsere-vision-von-qualitat\/","og_locale":"de_DE","og_type":"article","og_title":"\u00dcber Qualit\u00e4t und unsere Sicht auf plastische Chirurgie - Mooi Kliniek","og_description":"Bei MOOI ist Qualit\u00e4t kein leeres Schlagwort. Wir legen besonderen Wert auf Qualit\u00e4t, denn Ihr Aussehen ist wichtig und Sie tragen es ein Leben lang mit sich.","og_url":"https:\/\/mooi-kliniek.nl\/de\/uber-mooi-clinic\/unsere-vision-von-qualitat\/","og_site_name":"Mooi Kliniek","article_publisher":"https:\/\/www.facebook.com\/mooikliniek","article_modified_time":"2024-08-29T14:22:37+00:00","og_image":[{"width":1950,"height":564,"url":"https:\/\/mooi-kliniek.nl\/wp-content\/uploads\/2021\/06\/Mooi-Plastisch-Chirurgen-Team.jpg","type":"image\/jpeg"}],"twitter_card":"summary_large_image","twitter_misc":{"Gesch\u00e4tzte Lesezeit":"8\u00a0Minuten"},"schema":{"@context":"https:\/\/schema.org","@graph":[{"@type":"WebPage","@id":"https:\/\/mooi-kliniek.nl\/de\/uber-mooi-clinic\/unsere-vision-von-qualitat\/","url":"https:\/\/mooi-kliniek.nl\/de\/uber-mooi-clinic\/unsere-vision-von-qualitat\/","name":"\u00dcber Qualit\u00e4t und unsere Sicht auf plastische Chirurgie - Mooi Kliniek","isPartOf":{"@id":"https:\/\/mooi-kliniek.nl\/de\/#website"},"primaryImageOfPage":{"@id":"https:\/\/mooi-kliniek.nl\/de\/uber-mooi-clinic\/unsere-vision-von-qualitat\/#primaryimage"},"image":{"@id":"https:\/\/mooi-kliniek.nl\/de\/uber-mooi-clinic\/unsere-vision-von-qualitat\/#primaryimage"},"thumbnailUrl":"https:\/\/mooi-kliniek.nl\/wp-content\/uploads\/2021\/06\/Mooi-Plastisch-Chirurgen-Team.jpg","datePublished":"2021-11-02T13:58:03+00:00","dateModified":"2024-08-29T14:22:37+00:00","description":"Bei MOOI ist Qualit\u00e4t kein leeres Schlagwort. Wir legen besonderen Wert auf Qualit\u00e4t, denn Ihr Aussehen ist wichtig und Sie tragen es ein Leben lang mit sich.","breadcrumb":{"@id":"https:\/\/mooi-kliniek.nl\/de\/uber-mooi-clinic\/unsere-vision-von-qualitat\/#breadcrumb"},"inLanguage":"de","potentialAction":[{"@type":"ReadAction","target":["https:\/\/mooi-kliniek.nl\/de\/uber-mooi-clinic\/unsere-vision-von-qualitat\/"]}]},{"@type":"ImageObject","inLanguage":"de","@id":"https:\/\/mooi-kliniek.nl\/de\/uber-mooi-clinic\/unsere-vision-von-qualitat\/#primaryimage","url":"https:\/\/mooi-kliniek.nl\/wp-content\/uploads\/2021\/06\/Mooi-Plastisch-Chirurgen-Team.jpg","contentUrl":"https:\/\/mooi-kliniek.nl\/wp-content\/uploads\/2021\/06\/Mooi-Plastisch-Chirurgen-Team.jpg","width":1950,"height":564},{"@type":"BreadcrumbList","@id":"https:\/\/mooi-kliniek.nl\/de\/uber-mooi-clinic\/unsere-vision-von-qualitat\/#breadcrumb","itemListElement":[{"@type":"ListItem","position":1,"name":"Home","item":"https:\/\/mooi-kliniek.nl\/de\/"},{"@type":"ListItem","position":2,"name":"\u00dcber MOOI Clinic","item":"https:\/\/mooi-kliniek.nl\/de\/uber-mooi-clinic\/"},{"@type":"ListItem","position":3,"name":"Unsere Vision von Qualit\u00e4t"}]},{"@type":"WebSite","@id":"https:\/\/mooi-kliniek.nl\/de\/#website","url":"https:\/\/mooi-kliniek.nl\/de\/","name":"Mooi Kliniek","description":"","publisher":{"@id":"https:\/\/mooi-kliniek.nl\/de\/#organization"},"potentialAction":[{"@type":"SearchAction","target":{"@type":"EntryPoint","urlTemplate":"https:\/\/mooi-kliniek.nl\/de\/?s={search_term_string}"},"query-input":{"@type":"PropertyValueSpecification","valueRequired":true,"valueName":"search_term_string"}}],"inLanguage":"de"},{"@type":"Organization","@id":"https:\/\/mooi-kliniek.nl\/de\/#organization","name":"MOOI kliniek","url":"https:\/\/mooi-kliniek.nl\/de\/","logo":{"@type":"ImageObject","inLanguage":"de","@id":"https:\/\/mooi-kliniek.nl\/de\/#\/schema\/logo\/image\/","url":"https:\/\/mooi-kliniek.nl\/wp-content\/uploads\/2021\/12\/Mooi-kliniek-maastricht-logo.png","contentUrl":"https:\/\/mooi-kliniek.nl\/wp-content\/uploads\/2021\/12\/Mooi-kliniek-maastricht-logo.png","width":250,"height":119,"caption":"MOOI kliniek"},"image":{"@id":"https:\/\/mooi-kliniek.nl\/de\/#\/schema\/logo\/image\/"},"sameAs":["https:\/\/www.facebook.com\/mooikliniek","https:\/\/www.linkedin.com\/company\/mooi-kliniek"]}]}},"_links":{"self":[{"href":"https:\/\/mooi-kliniek.nl\/de\/wp-json\/wp\/v2\/pages\/7899","targetHints":{"allow":["GET"]}}],"collection":[{"href":"https:\/\/mooi-kliniek.nl\/de\/wp-json\/wp\/v2\/pages"}],"about":[{"href":"https:\/\/mooi-kliniek.nl\/de\/wp-json\/wp\/v2\/types\/page"}],"author":[{"embeddable":true,"href":"https:\/\/mooi-kliniek.nl\/de\/wp-json\/wp\/v2\/users\/2"}],"replies":[{"embeddable":true,"href":"https:\/\/mooi-kliniek.nl\/de\/wp-json\/wp\/v2\/comments?post=7899"}],"version-history":[{"count":8,"href":"https:\/\/mooi-kliniek.nl\/de\/wp-json\/wp\/v2\/pages\/7899\/revisions"}],"predecessor-version":[{"id":12614,"href":"https:\/\/mooi-kliniek.nl\/de\/wp-json\/wp\/v2\/pages\/7899\/revisions\/12614"}],"up":[{"embeddable":true,"href":"https:\/\/mooi-kliniek.nl\/de\/wp-json\/wp\/v2\/pages\/7836"}],"wp:featuredmedia":[{"embeddable":true,"href":"https:\/\/mooi-kliniek.nl\/de\/wp-json\/wp\/v2\/media\/6996"}],"wp:attachment":[{"href":"https:\/\/mooi-kliniek.nl\/de\/wp-json\/wp\/v2\/media?parent=7899"}],"curies":[{"name":"wp","href":"https:\/\/api.w.org\/{rel}","templated":true}]}}