{"id":7907,"date":"2021-12-01T12:02:16","date_gmt":"2021-12-01T12:02:16","guid":{"rendered":"https:\/\/mooi-kliniek.nl\/postbariatrie-wird-die-entfernung-uberschussiger-haut-von-der-versicherung-ubernommen\/"},"modified":"2024-01-23T11:55:50","modified_gmt":"2024-01-23T11:55:50","slug":"postbariatrie-wird-die-entfernung-uberschussiger-haut-von-der-versicherung-ubernommen","status":"publish","type":"page","link":"https:\/\/mooi-kliniek.nl\/de\/entfernen-von-uberschussiger-haut\/postbariatrie-wird-die-entfernung-uberschussiger-haut-von-der-versicherung-ubernommen\/","title":{"rendered":"Postbariatrie: Wird die Entfernung \u00fcbersch\u00fcssiger Haut von der Versicherung \u00fcbernommen?"},"content":{"rendered":"<p><div class=\"fusion-fullwidth fullwidth-box fusion-builder-row-1 fusion-flex-container nonhundred-percent-fullwidth non-hundred-percent-height-scrolling fusion-animated\" style=\"--awb-border-radius-top-left:0px;--awb-border-radius-top-right:0px;--awb-border-radius-bottom-right:0px;--awb-border-radius-bottom-left:0px;--awb-padding-top:60px;--awb-padding-bottom:60px;--awb-padding-top-small:0px;--awb-padding-right-small:12vw;--awb-padding-bottom-small:12vw;--awb-padding-left-small:12vw;--awb-flex-wrap:wrap;\" data-animationType=\"fadeInUp\" data-animationDuration=\"1.2\" data-animationOffset=\"top-into-view\" ><div class=\"fusion-builder-row fusion-row fusion-flex-align-items-flex-start fusion-flex-content-wrap\" style=\"max-width:1207.5px;margin-left: calc(-5% \/ 2 );margin-right: calc(-5% \/ 2 );\"><div class=\"fusion-layout-column fusion_builder_column fusion-builder-column-0 fusion_builder_column_1_6 1_6 fusion-flex-column\" style=\"--awb-bg-size:cover;--awb-width-large:16.666666666667%;--awb-margin-top-large:0px;--awb-spacing-right-large:11.4%;--awb-margin-bottom-large:0px;--awb-spacing-left-large:28.5%;--awb-width-medium:16.666666666667%;--awb-order-medium:0;--awb-spacing-right-medium:11.4%;--awb-spacing-left-medium:28.5%;--awb-width-small:100%;--awb-order-small:0;--awb-spacing-right-small:2.375%;--awb-spacing-left-small:2.375%;\"><div class=\"fusion-column-wrapper fusion-column-has-shadow fusion-flex-justify-content-flex-start fusion-content-layout-column\"><\/div><\/div><div class=\"fusion-layout-column fusion_builder_column fusion-builder-column-1 fusion_builder_column_2_3 2_3 fusion-flex-column\" style=\"--awb-padding-top:10px;--awb-bg-size:cover;--awb-width-large:66.666666666667%;--awb-margin-top-large:0px;--awb-spacing-right-large:7.125%;--awb-margin-bottom-large:0px;--awb-spacing-left-large:2.85%;--awb-width-medium:66.666666666667%;--awb-order-medium:0;--awb-spacing-right-medium:7.125%;--awb-spacing-left-medium:2.85%;--awb-width-small:100%;--awb-order-small:0;--awb-spacing-right-small:2.375%;--awb-spacing-left-small:2.375%;\"><div class=\"fusion-column-wrapper fusion-column-has-shadow fusion-flex-justify-content-flex-start fusion-content-layout-column\"><div class=\"fusion-title title fusion-title-1 fusion-sep-none fusion-title-text fusion-title-size-two\"><h2 class=\"fusion-title-heading title-heading-left\" style=\"margin:0;line-height:1.3em;\">Postbariatrie: Wird die Entfernung \u00fcbersch\u00fcssiger Haut von der Versicherung \u00fcbernommen?<\/h2><\/div><div class=\"fusion-text fusion-text-1\" style=\"--awb-font-size:18px;--awb-text-color:#003438;\"><p>In der MOOI-Klinik ist eine Kombination aus versicherter und nicht versicherter Versorgung im Rahmen einer Behandlung m\u00f6glich. Wir von der MOOI-Klinik werden oft gefragt, ob die Entfernung \u00fcbersch\u00fcssiger Haut von den Krankenkassen \u00fcbernommen wird. In einigen F\u00e4llen wird dieses Verfahren (teilweise) erstattet. Lesen Sie hier mehr dar\u00fcber.<\/p>\n<\/div><\/div><\/div><div class=\"fusion-layout-column fusion_builder_column fusion-builder-column-2 fusion_builder_column_1_6 1_6 fusion-flex-column fusion-no-small-visibility\" style=\"--awb-bg-size:cover;--awb-width-large:16.666666666667%;--awb-margin-top-large:0px;--awb-spacing-right-large:11.4%;--awb-margin-bottom-large:0px;--awb-spacing-left-large:28.5%;--awb-width-medium:16.666666666667%;--awb-order-medium:0;--awb-spacing-right-medium:11.4%;--awb-spacing-left-medium:28.5%;--awb-width-small:100%;--awb-order-small:0;--awb-spacing-right-small:2.375%;--awb-spacing-left-small:2.375%;\"><div class=\"fusion-column-wrapper fusion-column-has-shadow fusion-flex-justify-content-flex-start fusion-content-layout-column\"><\/div><\/div><div class=\"fusion-layout-column fusion_builder_column fusion-builder-column-3 fusion_builder_column_1_6 1_6 fusion-flex-column fusion-no-small-visibility\" style=\"--awb-bg-size:cover;--awb-width-large:16.666666666667%;--awb-margin-top-large:0px;--awb-spacing-right-large:28.5%;--awb-margin-bottom-large:0px;--awb-spacing-left-large:11.4%;--awb-width-medium:16.666666666667%;--awb-order-medium:0;--awb-spacing-right-medium:28.5%;--awb-spacing-left-medium:11.4%;--awb-width-small:100%;--awb-order-small:0;--awb-spacing-right-small:2.375%;--awb-spacing-left-small:2.375%;\"><div class=\"fusion-column-wrapper fusion-column-has-shadow fusion-flex-justify-content-flex-start fusion-content-layout-column\"><\/div><\/div><div class=\"fusion-layout-column fusion_builder_column fusion-builder-column-4 fusion_builder_column_2_3 2_3 fusion-flex-column\" style=\"--awb-bg-size:cover;--awb-width-large:66.666666666667%;--awb-margin-top-large:0px;--awb-spacing-right-large:7.125%;--awb-margin-bottom-large:0px;--awb-spacing-left-large:2.85%;--awb-width-medium:66.666666666667%;--awb-order-medium:0;--awb-spacing-right-medium:7.125%;--awb-spacing-left-medium:2.85%;--awb-width-small:100%;--awb-order-small:0;--awb-spacing-right-small:2.375%;--awb-spacing-left-small:2.375%;\"><div class=\"fusion-column-wrapper fusion-column-has-shadow fusion-flex-justify-content-flex-start fusion-content-layout-column\"><div class=\"fusion-text fusion-text-2\"><p>Haben Sie extrem viel Gewicht verloren? Zum Beispiel nach einer Schwangerschaft, einer strengen Di\u00e4t oder aufgrund eines Magenbandes oder einer Magenverkleinerung? Wenn ja, haben Sie vielleicht viel \u00fcbersch\u00fcssige Haut in der N\u00e4he Ihres Bauches, Ihrer Br\u00fcste, Arme und\/oder Beine. Diese \u00fcbersch\u00fcssige Haut verursacht nicht nur k\u00f6rperliche Probleme wie Hautunreinheiten und R\u00fcckenschmerzen, sondern kann auch das Gef\u00fchl vermitteln, sich selbst nicht zu m\u00f6gen. Eine konturierende Operation kann daher w\u00fcnschenswert sein, um \u00fcbersch\u00fcssige Haut zu entfernen.<\/p>\n<p>In den meisten F\u00e4llen wird die Operation nicht von Ihrer Krankenkasse \u00fcbernommen. Es gibt jedoch einige Ausnahmen, in denen die Hautentfernung von der Krankenkasse erstattet wird.<\/p>\n<h2>Entsch\u00e4digung f\u00fcr \u00fcbersch\u00fcssige Haut nach extremer Gewichtsabnahme<\/h2>\n<p>Ob Sie die Kosten f\u00fcr den Eingriff zur Entfernung \u00fcbersch\u00fcssiger Haut erstattet bekommen, h\u00e4ngt von Ihrer Krankenkasse und deren Bedingungen ab. Ihre Krankenkasse verwendet zu diesem Zweck die Pittsburgh-Skala (PRS). Anhand von Standardfotos wird der Grad des Haut\u00fcberschusses in 4 Stufen gemessen. Nur in der schlechtesten Besoldungsgruppe werden Sch\u00f6nheitsoperationen erstattet. Sie ben\u00f6tigen zun\u00e4chst eine \u00dcberweisung von einem Haus- oder Facharzt.<\/p>\n<h3>Was sollten Sie tun?<\/h3>\n<ul>\n<li>Konsultieren Sie Ihre Krankenversicherung.<\/li>\n<li>Sie glauben, dass Sie Anspruch auf versicherte Pflege haben? Bitten Sie dann Ihren Hausarzt um eine \u00dcberweisung an den plastischen Chirurgen im Krankenhaus.<\/li>\n<li>Vom Hausarzt \u00fcberwiesen? Kontaktieren Sie das Krankenhaus. Die Behandlung durch einen unserer plastischen Chirurgen findet in folgenden Krankenh\u00e4usern statt: Zuyderland in Sittard oder Heerlen, MUMC+ in Maastricht oder VieCuri in Venlo.<\/li>\n<li>Keine \u00dcberweisung oder Genehmigung? Sie haben dann keinen Anspruch auf eine (teilweise) erstattete Versorgung. In diesem Fall k\u00f6nnen wir die gesamte Behandlung in der MOOI-Klinik durchf\u00fchren. Wenden Sie sich in diesem Fall an die MOOI-Klinik.<\/li>\n<\/ul>\n<p><em>* Konsultieren Sie Ihre Krankenversicherungspolice. Um f\u00fcr eine Erstattung in Frage zu kommen, muss Ihre Situation bestimmte Kriterien erf\u00fcllen. Au\u00dferdem kann ein H\u00f6chstbetrag f\u00fcr die Erstattung und die Zahlung der obligatorischen Selbstbeteiligung festgelegt werden.<\/em><\/p>\n<\/div><\/div><\/div><\/div><\/div><div class=\"fusion-fullwidth fullwidth-box fusion-builder-row-2 fusion-flex-container nonhundred-percent-fullwidth non-hundred-percent-height-scrolling fusion-animated\" style=\"--awb-border-color:#e8efef;--awb-border-radius-top-left:0px;--awb-border-radius-top-right:0px;--awb-border-radius-bottom-right:0px;--awb-border-radius-bottom-left:0px;--awb-padding-top:0px;--awb-padding-bottom:7vw;--awb-margin-bottom:0px;--awb-flex-wrap:wrap;\" data-animationType=\"fadeInUp\" data-animationDuration=\"1.0\" data-animationOffset=\"top-into-view\" ><div class=\"fusion-builder-row fusion-row fusion-flex-align-items-stretch fusion-flex-content-wrap\" style=\"max-width:1207.5px;margin-left: calc(-5% \/ 2 );margin-right: calc(-5% \/ 2 );\"><div class=\"fusion-layout-column fusion_builder_column fusion-builder-column-5 fusion_builder_column_2_5 2_5 fusion-flex-column\" style=\"--awb-overflow:hidden;--awb-bg-position:center center;--awb-bg-size:cover;--awb-border-radius:6px 0px 0px 6px;--awb-width-large:40%;--awb-margin-top-large:0px;--awb-spacing-right-large:0px;--awb-margin-bottom-large:0px;--awb-spacing-left-large:5.9375%;--awb-width-medium:40%;--awb-order-medium:0;--awb-spacing-right-medium:0px;--awb-spacing-left-medium:5.9375%;--awb-width-small:16.666666666667%;--awb-order-small:0;--awb-spacing-right-small:0px;--awb-margin-bottom-small:6vw;--awb-spacing-left-small:14.25%;\"><div class=\"fusion-column-wrapper lazyload fusion-column-has-shadow fusion-flex-justify-content-flex-start fusion-content-layout-column fusion-empty-column-bg-image fusion-column-has-bg-image\" data-bg-url=\"https:\/\/mooi-kliniek.nl\/wp-content\/uploads\/2021\/07\/buikwandcorrectie-limburg.jpeg\" data-bg=\"https:\/\/mooi-kliniek.nl\/wp-content\/uploads\/2021\/07\/buikwandcorrectie-limburg.jpeg\"><img decoding=\"async\" class=\"fusion-empty-dims-img-placeholder fusion-no-large-visibility fusion-no-medium-visibility\" aria-label=\"buikwandcorrectie limburg\" src=\"data:image\/svg+xml,%3Csvg%20xmlns%3D%27http%3A%2F%2Fwww.w3.org%2F2000%2Fsvg%27%20width%3D%271500%27%20height%3D%271572%27%20viewBox%3D%270%200%201500%201572%27%3E%3Crect%20width%3D%271500%27%20height%3D%271572%27%20fill-opacity%3D%220%22%2F%3E%3C%2Fsvg%3E\"><\/div><\/div><div class=\"fusion-layout-column fusion_builder_column fusion-builder-column-6 fusion_builder_column_3_5 3_5 fusion-flex-column\" style=\"--awb-padding-top:10vh;--awb-padding-right:6vw;--awb-padding-bottom:10vh;--awb-padding-left:6vw;--awb-padding-top-medium:8vw;--awb-padding-bottom-medium:8vw;--awb-padding-top-small:7vh;--awb-padding-right-small:7vw;--awb-padding-bottom-small:7vh;--awb-padding-left-small:7vw;--awb-overflow:hidden;--awb-bg-color:#718472;--awb-bg-color-hover:#718472;--awb-bg-size:cover;--awb-border-radius:0px 6px 6px 0px;--awb-width-large:60%;--awb-margin-top-large:0px;--awb-spacing-right-large:3.9583333333333%;--awb-margin-bottom-large:0px;--awb-spacing-left-large:0px;--awb-width-medium:60%;--awb-order-medium:0;--awb-spacing-right-medium:3.9583333333333%;--awb-spacing-left-medium:0px;--awb-width-small:83.333333333333%;--awb-order-small:0;--awb-spacing-right-small:2.85%;--awb-margin-bottom-small:6vw;--awb-spacing-left-small:0px;\"><div class=\"fusion-column-wrapper fusion-column-has-shadow fusion-flex-justify-content-flex-start fusion-content-layout-column\"><div class=\"fusion-title title fusion-title-2 fusion-sep-none fusion-title-text fusion-title-size-two\" style=\"--awb-text-color:#ffffff;--awb-margin-bottom:20px;\"><h2 class=\"fusion-title-heading title-heading-left\" style=\"margin:0;\">Lassen Sie sich von unseren Spezialisten beraten<\/h2><\/div><div class=\"fusion-text fusion-text-3\" style=\"--awb-content-alignment:left;--awb-font-size:17px;--awb-line-height:1.9;--awb-text-color:#ffffff;\"><p>W\u00e4hrend der Konsultation werden Sie mit einem unserer erfahrenen plastischen Chirurgen sprechen und Ihre M\u00f6glichkeiten besprechen.<\/p>\n<\/div><div style=\"text-align:left;\"><a class=\"fusion-button button-flat fusion-button-default-size button-custom fusion-button-default button-1 fusion-button-default-span fusion-button-default-type\" style=\"--button_accent_color:#21362b;--button_accent_hover_color:#718472;--button_border_hover_color:#ffffff;--button_border_width-top:0px;--button_border_width-right:0px;--button_border_width-bottom:0px;--button_border_width-left:0px;--button_gradient_top_color:#ffffff;--button_gradient_bottom_color:#ffffff;--button_gradient_top_color_hover:rgba(255,255,255,0.95);--button_gradient_bottom_color_hover:rgba(255,255,255,0.95);--button_margin-top:20px;\" target=\"_self\" href=\"\/de\/kontakt\/einen-termin-vereinbaren\/\"><span class=\"fusion-button-text awb-button__text awb-button__text--default\">Weitere Informationen<\/span><\/a><\/div><\/div><\/div><\/div><\/div><\/p>\n","protected":false},"excerpt":{"rendered":"","protected":false},"author":2,"featured_media":7068,"parent":7932,"menu_order":0,"comment_status":"closed","ping_status":"closed","template":"100-width.php","meta":{"_glsr_average":0,"_glsr_ranking":0,"_glsr_reviews":0,"footnotes":""},"class_list":["post-7907","page","type-page","status-publish","has-post-thumbnail","hentry"],"yoast_head":"<!-- This site is optimized with the Yoast SEO plugin v26.8 - https:\/\/yoast.com\/product\/yoast-seo-wordpress\/ -->\n<title>Postbariatrie: Wird die Entfernung \u00fcbersch\u00fcssiger Haut von der Versicherung \u00fcbernommen? - Mooi Kliniek<\/title>\n<meta name=\"description\" content=\"Ob Sie die Kosten f\u00fcr den Eingriff zur Entfernung \u00fcbersch\u00fcssiger Haut erstattet bekommen, h\u00e4ngt von Ihrer Krankenkasse und deren Bedingungen ab.\" \/>\n<meta name=\"robots\" content=\"index, follow, max-snippet:-1, max-image-preview:large, max-video-preview:-1\" \/>\n<link rel=\"canonical\" href=\"https:\/\/mooi-kliniek.nl\/de\/entfernen-von-uberschussiger-haut\/postbariatrie-wird-die-entfernung-uberschussiger-haut-von-der-versicherung-ubernommen\/\" \/>\n<meta property=\"og:locale\" content=\"de_DE\" \/>\n<meta property=\"og:type\" content=\"article\" \/>\n<meta property=\"og:title\" content=\"Postbariatrie: Wird die Entfernung \u00fcbersch\u00fcssiger Haut von der Versicherung \u00fcbernommen? - Mooi Kliniek\" \/>\n<meta property=\"og:description\" content=\"Ob Sie die Kosten f\u00fcr den Eingriff zur Entfernung \u00fcbersch\u00fcssiger Haut erstattet bekommen, h\u00e4ngt von Ihrer Krankenkasse und deren Bedingungen ab.\" \/>\n<meta property=\"og:url\" content=\"https:\/\/mooi-kliniek.nl\/de\/entfernen-von-uberschussiger-haut\/postbariatrie-wird-die-entfernung-uberschussiger-haut-von-der-versicherung-ubernommen\/\" \/>\n<meta property=\"og:site_name\" content=\"Mooi Kliniek\" \/>\n<meta property=\"article:publisher\" content=\"https:\/\/www.facebook.com\/mooikliniek\" \/>\n<meta property=\"article:modified_time\" content=\"2024-01-23T11:55:50+00:00\" \/>\n<meta property=\"og:image\" content=\"https:\/\/mooi-kliniek.nl\/wp-content\/uploads\/2021\/10\/zorgverzekering-vergoeding-ooglidcorrectie.jpeg\" \/>\n\t<meta property=\"og:image:width\" content=\"1500\" \/>\n\t<meta property=\"og:image:height\" content=\"700\" \/>\n\t<meta property=\"og:image:type\" content=\"image\/jpeg\" \/>\n<meta name=\"twitter:card\" content=\"summary_large_image\" \/>\n<meta name=\"twitter:label1\" content=\"Gesch\u00e4tzte Lesezeit\" \/>\n\t<meta name=\"twitter:data1\" content=\"18\u00a0Minuten\" \/>\n<script type=\"application\/ld+json\" class=\"yoast-schema-graph\">{\"@context\":\"https:\/\/schema.org\",\"@graph\":[{\"@type\":\"WebPage\",\"@id\":\"https:\/\/mooi-kliniek.nl\/de\/entfernen-von-uberschussiger-haut\/postbariatrie-wird-die-entfernung-uberschussiger-haut-von-der-versicherung-ubernommen\/\",\"url\":\"https:\/\/mooi-kliniek.nl\/de\/entfernen-von-uberschussiger-haut\/postbariatrie-wird-die-entfernung-uberschussiger-haut-von-der-versicherung-ubernommen\/\",\"name\":\"Postbariatrie: Wird die Entfernung \u00fcbersch\u00fcssiger Haut von der Versicherung \u00fcbernommen? - Mooi Kliniek\",\"isPartOf\":{\"@id\":\"https:\/\/mooi-kliniek.nl\/de\/#website\"},\"primaryImageOfPage\":{\"@id\":\"https:\/\/mooi-kliniek.nl\/de\/entfernen-von-uberschussiger-haut\/postbariatrie-wird-die-entfernung-uberschussiger-haut-von-der-versicherung-ubernommen\/#primaryimage\"},\"image\":{\"@id\":\"https:\/\/mooi-kliniek.nl\/de\/entfernen-von-uberschussiger-haut\/postbariatrie-wird-die-entfernung-uberschussiger-haut-von-der-versicherung-ubernommen\/#primaryimage\"},\"thumbnailUrl\":\"https:\/\/mooi-kliniek.nl\/wp-content\/uploads\/2021\/10\/zorgverzekering-vergoeding-ooglidcorrectie.jpeg\",\"datePublished\":\"2021-12-01T12:02:16+00:00\",\"dateModified\":\"2024-01-23T11:55:50+00:00\",\"description\":\"Ob Sie die Kosten f\u00fcr den Eingriff zur Entfernung \u00fcbersch\u00fcssiger Haut erstattet bekommen, h\u00e4ngt von Ihrer Krankenkasse und deren Bedingungen ab.\",\"breadcrumb\":{\"@id\":\"https:\/\/mooi-kliniek.nl\/de\/entfernen-von-uberschussiger-haut\/postbariatrie-wird-die-entfernung-uberschussiger-haut-von-der-versicherung-ubernommen\/#breadcrumb\"},\"inLanguage\":\"de\",\"potentialAction\":[{\"@type\":\"ReadAction\",\"target\":[\"https:\/\/mooi-kliniek.nl\/de\/entfernen-von-uberschussiger-haut\/postbariatrie-wird-die-entfernung-uberschussiger-haut-von-der-versicherung-ubernommen\/\"]}]},{\"@type\":\"ImageObject\",\"inLanguage\":\"de\",\"@id\":\"https:\/\/mooi-kliniek.nl\/de\/entfernen-von-uberschussiger-haut\/postbariatrie-wird-die-entfernung-uberschussiger-haut-von-der-versicherung-ubernommen\/#primaryimage\",\"url\":\"https:\/\/mooi-kliniek.nl\/wp-content\/uploads\/2021\/10\/zorgverzekering-vergoeding-ooglidcorrectie.jpeg\",\"contentUrl\":\"https:\/\/mooi-kliniek.nl\/wp-content\/uploads\/2021\/10\/zorgverzekering-vergoeding-ooglidcorrectie.jpeg\",\"width\":1500,\"height\":700},{\"@type\":\"BreadcrumbList\",\"@id\":\"https:\/\/mooi-kliniek.nl\/de\/entfernen-von-uberschussiger-haut\/postbariatrie-wird-die-entfernung-uberschussiger-haut-von-der-versicherung-ubernommen\/#breadcrumb\",\"itemListElement\":[{\"@type\":\"ListItem\",\"position\":1,\"name\":\"Home\",\"item\":\"https:\/\/mooi-kliniek.nl\/de\/\"},{\"@type\":\"ListItem\",\"position\":2,\"name\":\"Entfernen von \u00fcbersch\u00fcssiger Haut\",\"item\":\"https:\/\/mooi-kliniek.nl\/de\/entfernen-von-uberschussiger-haut\/\"},{\"@type\":\"ListItem\",\"position\":3,\"name\":\"Postbariatrie: Wird die Entfernung \u00fcbersch\u00fcssiger Haut von der Versicherung \u00fcbernommen?\"}]},{\"@type\":\"WebSite\",\"@id\":\"https:\/\/mooi-kliniek.nl\/de\/#website\",\"url\":\"https:\/\/mooi-kliniek.nl\/de\/\",\"name\":\"Mooi Kliniek\",\"description\":\"\",\"publisher\":{\"@id\":\"https:\/\/mooi-kliniek.nl\/de\/#organization\"},\"potentialAction\":[{\"@type\":\"SearchAction\",\"target\":{\"@type\":\"EntryPoint\",\"urlTemplate\":\"https:\/\/mooi-kliniek.nl\/de\/?s={search_term_string}\"},\"query-input\":{\"@type\":\"PropertyValueSpecification\",\"valueRequired\":true,\"valueName\":\"search_term_string\"}}],\"inLanguage\":\"de\"},{\"@type\":\"Organization\",\"@id\":\"https:\/\/mooi-kliniek.nl\/de\/#organization\",\"name\":\"MOOI kliniek\",\"url\":\"https:\/\/mooi-kliniek.nl\/de\/\",\"logo\":{\"@type\":\"ImageObject\",\"inLanguage\":\"de\",\"@id\":\"https:\/\/mooi-kliniek.nl\/de\/#\/schema\/logo\/image\/\",\"url\":\"https:\/\/mooi-kliniek.nl\/wp-content\/uploads\/2021\/12\/Mooi-kliniek-maastricht-logo.png\",\"contentUrl\":\"https:\/\/mooi-kliniek.nl\/wp-content\/uploads\/2021\/12\/Mooi-kliniek-maastricht-logo.png\",\"width\":250,\"height\":119,\"caption\":\"MOOI kliniek\"},\"image\":{\"@id\":\"https:\/\/mooi-kliniek.nl\/de\/#\/schema\/logo\/image\/\"},\"sameAs\":[\"https:\/\/www.facebook.com\/mooikliniek\",\"https:\/\/www.linkedin.com\/company\/mooi-kliniek\"]}]}<\/script>\n<!-- \/ Yoast SEO plugin. -->","yoast_head_json":{"title":"Postbariatrie: Wird die Entfernung \u00fcbersch\u00fcssiger Haut von der Versicherung \u00fcbernommen? - Mooi Kliniek","description":"Ob Sie die Kosten f\u00fcr den Eingriff zur Entfernung \u00fcbersch\u00fcssiger Haut erstattet bekommen, h\u00e4ngt von Ihrer Krankenkasse und deren Bedingungen ab.","robots":{"index":"index","follow":"follow","max-snippet":"max-snippet:-1","max-image-preview":"max-image-preview:large","max-video-preview":"max-video-preview:-1"},"canonical":"https:\/\/mooi-kliniek.nl\/de\/entfernen-von-uberschussiger-haut\/postbariatrie-wird-die-entfernung-uberschussiger-haut-von-der-versicherung-ubernommen\/","og_locale":"de_DE","og_type":"article","og_title":"Postbariatrie: Wird die Entfernung \u00fcbersch\u00fcssiger Haut von der Versicherung \u00fcbernommen? - Mooi Kliniek","og_description":"Ob Sie die Kosten f\u00fcr den Eingriff zur Entfernung \u00fcbersch\u00fcssiger Haut erstattet bekommen, h\u00e4ngt von Ihrer Krankenkasse und deren Bedingungen ab.","og_url":"https:\/\/mooi-kliniek.nl\/de\/entfernen-von-uberschussiger-haut\/postbariatrie-wird-die-entfernung-uberschussiger-haut-von-der-versicherung-ubernommen\/","og_site_name":"Mooi Kliniek","article_publisher":"https:\/\/www.facebook.com\/mooikliniek","article_modified_time":"2024-01-23T11:55:50+00:00","og_image":[{"width":1500,"height":700,"url":"https:\/\/mooi-kliniek.nl\/wp-content\/uploads\/2021\/10\/zorgverzekering-vergoeding-ooglidcorrectie.jpeg","type":"image\/jpeg"}],"twitter_card":"summary_large_image","twitter_misc":{"Gesch\u00e4tzte Lesezeit":"18\u00a0Minuten"},"schema":{"@context":"https:\/\/schema.org","@graph":[{"@type":"WebPage","@id":"https:\/\/mooi-kliniek.nl\/de\/entfernen-von-uberschussiger-haut\/postbariatrie-wird-die-entfernung-uberschussiger-haut-von-der-versicherung-ubernommen\/","url":"https:\/\/mooi-kliniek.nl\/de\/entfernen-von-uberschussiger-haut\/postbariatrie-wird-die-entfernung-uberschussiger-haut-von-der-versicherung-ubernommen\/","name":"Postbariatrie: Wird die Entfernung \u00fcbersch\u00fcssiger Haut von der Versicherung \u00fcbernommen? - Mooi Kliniek","isPartOf":{"@id":"https:\/\/mooi-kliniek.nl\/de\/#website"},"primaryImageOfPage":{"@id":"https:\/\/mooi-kliniek.nl\/de\/entfernen-von-uberschussiger-haut\/postbariatrie-wird-die-entfernung-uberschussiger-haut-von-der-versicherung-ubernommen\/#primaryimage"},"image":{"@id":"https:\/\/mooi-kliniek.nl\/de\/entfernen-von-uberschussiger-haut\/postbariatrie-wird-die-entfernung-uberschussiger-haut-von-der-versicherung-ubernommen\/#primaryimage"},"thumbnailUrl":"https:\/\/mooi-kliniek.nl\/wp-content\/uploads\/2021\/10\/zorgverzekering-vergoeding-ooglidcorrectie.jpeg","datePublished":"2021-12-01T12:02:16+00:00","dateModified":"2024-01-23T11:55:50+00:00","description":"Ob Sie die Kosten f\u00fcr den Eingriff zur Entfernung \u00fcbersch\u00fcssiger Haut erstattet bekommen, h\u00e4ngt von Ihrer Krankenkasse und deren Bedingungen ab.","breadcrumb":{"@id":"https:\/\/mooi-kliniek.nl\/de\/entfernen-von-uberschussiger-haut\/postbariatrie-wird-die-entfernung-uberschussiger-haut-von-der-versicherung-ubernommen\/#breadcrumb"},"inLanguage":"de","potentialAction":[{"@type":"ReadAction","target":["https:\/\/mooi-kliniek.nl\/de\/entfernen-von-uberschussiger-haut\/postbariatrie-wird-die-entfernung-uberschussiger-haut-von-der-versicherung-ubernommen\/"]}]},{"@type":"ImageObject","inLanguage":"de","@id":"https:\/\/mooi-kliniek.nl\/de\/entfernen-von-uberschussiger-haut\/postbariatrie-wird-die-entfernung-uberschussiger-haut-von-der-versicherung-ubernommen\/#primaryimage","url":"https:\/\/mooi-kliniek.nl\/wp-content\/uploads\/2021\/10\/zorgverzekering-vergoeding-ooglidcorrectie.jpeg","contentUrl":"https:\/\/mooi-kliniek.nl\/wp-content\/uploads\/2021\/10\/zorgverzekering-vergoeding-ooglidcorrectie.jpeg","width":1500,"height":700},{"@type":"BreadcrumbList","@id":"https:\/\/mooi-kliniek.nl\/de\/entfernen-von-uberschussiger-haut\/postbariatrie-wird-die-entfernung-uberschussiger-haut-von-der-versicherung-ubernommen\/#breadcrumb","itemListElement":[{"@type":"ListItem","position":1,"name":"Home","item":"https:\/\/mooi-kliniek.nl\/de\/"},{"@type":"ListItem","position":2,"name":"Entfernen von \u00fcbersch\u00fcssiger Haut","item":"https:\/\/mooi-kliniek.nl\/de\/entfernen-von-uberschussiger-haut\/"},{"@type":"ListItem","position":3,"name":"Postbariatrie: Wird die Entfernung \u00fcbersch\u00fcssiger Haut von der Versicherung \u00fcbernommen?"}]},{"@type":"WebSite","@id":"https:\/\/mooi-kliniek.nl\/de\/#website","url":"https:\/\/mooi-kliniek.nl\/de\/","name":"Mooi Kliniek","description":"","publisher":{"@id":"https:\/\/mooi-kliniek.nl\/de\/#organization"},"potentialAction":[{"@type":"SearchAction","target":{"@type":"EntryPoint","urlTemplate":"https:\/\/mooi-kliniek.nl\/de\/?s={search_term_string}"},"query-input":{"@type":"PropertyValueSpecification","valueRequired":true,"valueName":"search_term_string"}}],"inLanguage":"de"},{"@type":"Organization","@id":"https:\/\/mooi-kliniek.nl\/de\/#organization","name":"MOOI kliniek","url":"https:\/\/mooi-kliniek.nl\/de\/","logo":{"@type":"ImageObject","inLanguage":"de","@id":"https:\/\/mooi-kliniek.nl\/de\/#\/schema\/logo\/image\/","url":"https:\/\/mooi-kliniek.nl\/wp-content\/uploads\/2021\/12\/Mooi-kliniek-maastricht-logo.png","contentUrl":"https:\/\/mooi-kliniek.nl\/wp-content\/uploads\/2021\/12\/Mooi-kliniek-maastricht-logo.png","width":250,"height":119,"caption":"MOOI kliniek"},"image":{"@id":"https:\/\/mooi-kliniek.nl\/de\/#\/schema\/logo\/image\/"},"sameAs":["https:\/\/www.facebook.com\/mooikliniek","https:\/\/www.linkedin.com\/company\/mooi-kliniek"]}]}},"_links":{"self":[{"href":"https:\/\/mooi-kliniek.nl\/de\/wp-json\/wp\/v2\/pages\/7907","targetHints":{"allow":["GET"]}}],"collection":[{"href":"https:\/\/mooi-kliniek.nl\/de\/wp-json\/wp\/v2\/pages"}],"about":[{"href":"https:\/\/mooi-kliniek.nl\/de\/wp-json\/wp\/v2\/types\/page"}],"author":[{"embeddable":true,"href":"https:\/\/mooi-kliniek.nl\/de\/wp-json\/wp\/v2\/users\/2"}],"replies":[{"embeddable":true,"href":"https:\/\/mooi-kliniek.nl\/de\/wp-json\/wp\/v2\/comments?post=7907"}],"version-history":[{"count":7,"href":"https:\/\/mooi-kliniek.nl\/de\/wp-json\/wp\/v2\/pages\/7907\/revisions"}],"predecessor-version":[{"id":10789,"href":"https:\/\/mooi-kliniek.nl\/de\/wp-json\/wp\/v2\/pages\/7907\/revisions\/10789"}],"up":[{"embeddable":true,"href":"https:\/\/mooi-kliniek.nl\/de\/wp-json\/wp\/v2\/pages\/7932"}],"wp:featuredmedia":[{"embeddable":true,"href":"https:\/\/mooi-kliniek.nl\/de\/wp-json\/wp\/v2\/media\/7068"}],"wp:attachment":[{"href":"https:\/\/mooi-kliniek.nl\/de\/wp-json\/wp\/v2\/media?parent=7907"}],"curies":[{"name":"wp","href":"https:\/\/api.w.org\/{rel}","templated":true}]}}